{"id":6,"date":"2021-09-06T17:59:20","date_gmt":"2021-09-06T17:59:20","guid":{"rendered":"https:\/\/cheapy-shop.eu\/sk\/?page_id=6"},"modified":"2022-07-01T14:34:10","modified_gmt":"2022-07-01T13:34:10","slug":"zasady-ochrany-osobnych-udajov","status":"publish","type":"page","link":"https:\/\/www.cheapy-shop.eu\/sk\/zasady-ochrany-osobnych-udajov\/","title":{"rendered":"Z\u00e1sady ochrany osobn\u00fdch \u00fadajov"},"content":{"rendered":"\t\t<div data-elementor-type=\"wp-page\" data-elementor-id=\"6\" class=\"elementor elementor-6\">\n\t\t\t\t\t\t\t\t\t<section class=\"elementor-section elementor-top-section elementor-element elementor-element-a2ffd3d elementor-section-boxed elementor-section-height-default elementor-section-height-default\" data-id=\"a2ffd3d\" data-element_type=\"section\" data-settings=\"{&quot;background_background&quot;:&quot;classic&quot;}\">\n\t\t\t\t\t\t\t<div class=\"elementor-background-overlay\"><\/div>\n\t\t\t\t\t\t\t<div class=\"elementor-container elementor-column-gap-default\">\n\t\t\t\t\t<div class=\"elementor-column elementor-col-100 elementor-top-column elementor-element elementor-element-0a1f51f\" data-id=\"0a1f51f\" data-element_type=\"column\">\n\t\t\t<div class=\"elementor-widget-wrap elementor-element-populated\">\n\t\t\t\t\t\t\t\t<div class=\"elementor-element elementor-element-7448d3b elementor-widget elementor-widget-heading\" data-id=\"7448d3b\" data-element_type=\"widget\" data-widget_type=\"heading.default\">\n\t\t\t\t<div class=\"elementor-widget-container\">\n\t\t\t<style>\/*! elementor - v3.7.1 - 14-08-2022 *\/\n.elementor-heading-title{padding:0;margin:0;line-height:1}.elementor-widget-heading .elementor-heading-title[class*=elementor-size-]>a{color:inherit;font-size:inherit;line-height:inherit}.elementor-widget-heading .elementor-heading-title.elementor-size-small{font-size:15px}.elementor-widget-heading .elementor-heading-title.elementor-size-medium{font-size:19px}.elementor-widget-heading .elementor-heading-title.elementor-size-large{font-size:29px}.elementor-widget-heading .elementor-heading-title.elementor-size-xl{font-size:39px}.elementor-widget-heading .elementor-heading-title.elementor-size-xxl{font-size:59px}<\/style><h2 class=\"elementor-heading-title elementor-size-default\">Z\u00e1sady ochrany osobn\u00fdch \u00fadajov<\/h2>\t\t<\/div>\n\t\t\t\t<\/div>\n\t\t\t\t\t<\/div>\n\t\t<\/div>\n\t\t\t\t\t\t\t<\/div>\n\t\t<\/section>\n\t\t\t\t<section class=\"elementor-section elementor-top-section elementor-element elementor-element-a25a2ea elementor-section-boxed elementor-section-height-default elementor-section-height-default\" data-id=\"a25a2ea\" data-element_type=\"section\">\n\t\t\t\t\t\t<div class=\"elementor-container elementor-column-gap-default\">\n\t\t\t\t\t<div class=\"elementor-column elementor-col-100 elementor-top-column elementor-element elementor-element-d40b93e\" data-id=\"d40b93e\" data-element_type=\"column\">\n\t\t\t<div class=\"elementor-widget-wrap elementor-element-populated\">\n\t\t\t\t\t\t\t\t<div class=\"elementor-element elementor-element-65c6c82 elementor-widget elementor-widget-text-editor\" data-id=\"65c6c82\" data-element_type=\"widget\" data-widget_type=\"text-editor.default\">\n\t\t\t\t<div class=\"elementor-widget-container\">\n\t\t\t<style>\/*! elementor - v3.7.1 - 14-08-2022 *\/\n.elementor-widget-text-editor.elementor-drop-cap-view-stacked .elementor-drop-cap{background-color:#818a91;color:#fff}.elementor-widget-text-editor.elementor-drop-cap-view-framed .elementor-drop-cap{color:#818a91;border:3px solid;background-color:transparent}.elementor-widget-text-editor:not(.elementor-drop-cap-view-default) .elementor-drop-cap{margin-top:8px}.elementor-widget-text-editor:not(.elementor-drop-cap-view-default) .elementor-drop-cap-letter{width:1em;height:1em}.elementor-widget-text-editor .elementor-drop-cap{float:left;text-align:center;line-height:1;font-size:50px}.elementor-widget-text-editor .elementor-drop-cap-letter{display:inline-block}<\/style>\t\t\t\t<div id=\"Content\"><div id=\"Translation\"><h3>PREH\u013dAD<\/h3><p><span style=\"font-weight: 400\">Tieto Z\u00e1sady ochrany osobn\u00fdch \u00fadajov popisuj\u00fa, ako sa zhroma\u017e\u010fuj\u00fa, pou\u017e\u00edvaj\u00fa a zdie\u013eaj\u00fa va\u0161e osobn\u00e9 \u00fadaje, ke\u010f nav\u0161t\u00edvite str\u00e1nku cheapy-shop.eu (\u010falej len \u201estr\u00e1nka\u201c) alebo uskuto\u010dn\u00edte n\u00e1kup.<\/span><\/p><h3>OSOBN\u00c9 \u00daDAJE, KTOR\u00c9 ZHROMA\u017dDUJEME<\/h3><p><span style=\"font-weight: 400\">Ke\u010f nav\u0161t\u00edvite str\u00e1nku, automaticky zhroma\u017e\u010fujeme ur\u010dit\u00e9 inform\u00e1cie o va\u0161om zariaden\u00ed, vr\u00e1tane inform\u00e1ci\u00ed o va\u0161om webovom prehliada\u010di, IP adrese, \u010dasovom p\u00e1sme a niektor\u00fdch cookies, ktor\u00e9 s\u00fa nain\u0161talovan\u00e9 na va\u0161om zariaden\u00ed. Okrem toho, ke\u010f si prehliadate str\u00e1nku, zhroma\u017e\u010fujeme inform\u00e1cie o jednotliv\u00fdch webov\u00fdch str\u00e1nkach alebo produktoch, ktor\u00e9 si prezer\u00e1te, ak\u00e9 webov\u00e9 str\u00e1nky alebo h\u013eadan\u00e9 v\u00fdrazy v\u00e1s priviedli na str\u00e1nku a inform\u00e1cie o tom, ako s touto str\u00e1nkou interagujete. Tieto automaticky zhroma\u017e\u010fovan\u00e9 inform\u00e1cie ozna\u010dujeme ako \u201eInform\u00e1cie o zariaden\u00ed\u201c.<\/span><\/p><p><span style=\"font-weight: 400\">Inform\u00e1cie o zariaden\u00ed zhroma\u017e\u010fujeme pomocou nasleduj\u00facich technol\u00f3gi\u00ed:<\/span><\/p><p><span style=\"font-weight: 400\">&#8211; \u201eCookies\u201c s\u00fa d\u00e1tov\u00e9 s\u00fabory, ktor\u00e9 s\u00fa umiestnen\u00e9 na va\u0161om zariaden\u00ed alebo po\u010d\u00edta\u010di a \u010dasto obsahuj\u00fa anonymn\u00fd jedine\u010dn\u00fd identifik\u00e1tor. Viac inform\u00e1ci\u00ed o s\u00faboroch cookie a o tom, ako zak\u00e1za\u0165 s\u00fabory cookie, n\u00e1jdete na str\u00e1nke https:\/\/www.allaboutcookies.org.<\/span><\/p><p><span style=\"font-weight: 400\">&#8211; \u201eS\u00fabory denn\u00edka\u201c sleduj\u00fa akcie vyskytuj\u00face sa na str\u00e1nke a zhroma\u017e\u010fuj\u00fa \u00fadaje vr\u00e1tane va\u0161ej IP adresy, typu prehliada\u010da, poskytovate\u013ea internetov\u00fdch slu\u017eieb, odkazuj\u00facich\/v\u00fdstupn\u00fdch str\u00e1nok a d\u00e1tumov\u00fdch\/\u010dasov\u00fdch pe\u010diatok.<\/span><\/p><p><span style=\"font-weight: 400\">&#8211; \u201eWeb beacons\u201c, \u201etagy\u201c a \u201epixely\u201c s\u00fa elektronick\u00e9 s\u00fabory pou\u017e\u00edvan\u00e9 na zaznamen\u00e1vanie inform\u00e1ci\u00ed o tom, ako si prehliadate str\u00e1nku.<\/span><\/p><p><span style=\"font-weight: 400\">Okrem toho, ke\u010f uskuto\u010dn\u00edte n\u00e1kup alebo sa pok\u00fasite o n\u00e1kup prostredn\u00edctvom str\u00e1nky, zhroma\u017e\u010fujeme od v\u00e1s ur\u010dit\u00e9 inform\u00e1cie vr\u00e1tane v\u00e1\u0161ho mena, faktura\u010dnej adresy, dodacej adresy, platobn\u00fdch \u00fadajov (vr\u00e1tane \u010d\u00edsel kreditn\u00fdch kariet), e-mailovej adresy a telef\u00f3nneho \u010d\u00edsla. Tieto inform\u00e1cie ozna\u010dujeme ako \u201eInform\u00e1cie o objedn\u00e1vke\u201c.<\/span><\/p><p><span style=\"font-weight: 400\">Ke\u010f v t\u00fdchto z\u00e1sad\u00e1ch ochrany osobn\u00fdch \u00fadajov hovor\u00edme o \u201eosobn\u00fdch \u00fadajoch\u201c, hovor\u00edme o inform\u00e1ci\u00e1ch o zariaden\u00ed aj o inform\u00e1ci\u00e1ch o objedn\u00e1vke.<\/span><\/p><h3>AKO POU\u017d\u00cdVAME VA\u0160E OSOBN\u00c9 \u00daDAJE?<\/h3><p><span style=\"font-weight: 400\">Inform\u00e1cie o objedn\u00e1vke, ktor\u00e9 vo v\u0161eobecnosti zhroma\u017e\u010fujeme, pou\u017e\u00edvame na splnenie ak\u00fdchko\u013evek objedn\u00e1vok zadan\u00fdch prostredn\u00edctvom str\u00e1nky (vr\u00e1tane spracovania va\u0161ich platobn\u00fdch \u00fadajov, zabezpe\u010denia dopravy a poskytovania fakt\u00far a\/alebo potvrden\u00ed objedn\u00e1vok). Okrem toho pou\u017e\u00edvame tieto inform\u00e1cie o objedn\u00e1vke na:<\/span><\/p><p><span style=\"font-weight: 400\">komunik\u00e1ciu s vami;<\/span><\/p><p><span style=\"font-weight: 400\">Preverte na\u0161e objedn\u00e1vky na potenci\u00e1lne riziko alebo podvod; a<\/span><\/p><p><span style=\"font-weight: 400\">Ak je to v s\u00falade s preferenciami, ktor\u00e9 ste s nami zdie\u013eali, poskytnite v\u00e1m inform\u00e1cie alebo reklamu t\u00fdkaj\u00face sa na\u0161ich produktov alebo slu\u017eieb.<\/span><\/p><p><span style=\"font-weight: 400\">Inform\u00e1cie o zariaden\u00ed, ktor\u00e9 zhroma\u017e\u010fujeme, pou\u017e\u00edvame na to, aby n\u00e1m pomohli zisti\u0165 potenci\u00e1lne riziko a podvod (najm\u00e4 va\u0161u IP adresu) a vo v\u0161eobecnosti na zlep\u0161enie a optimaliz\u00e1ciu na\u0161ej lokality (napr\u00edklad generovan\u00edm anal\u00fdzy o tom, ako na\u0161i z\u00e1kazn\u00edci prehliadaj\u00fa a interaguj\u00fa s str\u00e1nky a na pos\u00fadenie \u00faspe\u0161nosti na\u0161ich marketingov\u00fdch a reklamn\u00fdch kampan\u00ed).<\/span><\/p><h3>ZDIE\u013dANIE VA\u0160ICH OSOBN\u00ddCH \u00daDAJOV<\/h3><p><span style=\"font-weight: 400\">Va\u0161e osobn\u00e9 \u00fadaje zdie\u013eame s tret\u00edmi stranami, aby n\u00e1m pomohli pou\u017ei\u0165 va\u0161e osobn\u00e9 \u00fadaje, ako je pop\u00edsan\u00e9 vy\u0161\u0161ie. Slu\u017ebu Google Analytics pou\u017e\u00edvame aj na to, aby n\u00e1m pomohla pochopi\u0165, ako na\u0161i z\u00e1kazn\u00edci pou\u017e\u00edvaj\u00fa t\u00fato str\u00e1nku \u2013 viac o tom, ako spolo\u010dnos\u0165 Google pou\u017e\u00edva va\u0161e osobn\u00e9 \u00fadaje, si m\u00f4\u017eete pre\u010d\u00edta\u0165 tu: https:\/\/www.google.com\/intl\/sk\/policies\/privacy\/. M\u00f4\u017eete sa tie\u017e odhl\u00e1si\u0165 zo slu\u017eby Google Analytics tu: https:\/\/tools.google.com\/dlpage\/gaoptout.<\/span><\/p><p><span style=\"font-weight: 400\">Nakoniec m\u00f4\u017eeme tie\u017e zdie\u013ea\u0165 va\u0161e osobn\u00e9 \u00fadaje, aby sme dodr\u017eali platn\u00e9 z\u00e1kony a predpisy, aby sme odpovedali na predvolanie, pr\u00edkaz na prehliadku alebo in\u00fa z\u00e1konn\u00fa \u017eiados\u0165 o inform\u00e1cie, ktor\u00e9 dostaneme, alebo aby sme inak chr\u00e1nili na\u0161e pr\u00e1va.<\/span><\/p><h3>BEHAVIOR\u00c1LNA REKLAMA<\/h3><p><span style=\"font-weight: 400\">Ako je uveden\u00e9 vy\u0161\u0161ie, pou\u017e\u00edvame va\u0161e osobn\u00e9 \u00fadaje, aby sme v\u00e1m mohli poskytova\u0165 cielen\u00e9 reklamy alebo marketingov\u00fa komunik\u00e1ciu, o ktorej sa domnievame, \u017ee by v\u00e1s mohla zauj\u00edma\u0165. Viac inform\u00e1ci\u00ed o tom, ako funguje cielen\u00e1 reklama, n\u00e1jdete na vzdel\u00e1vacej str\u00e1nke Network Advertising Initiative (\u201cNAI\u201d) na adrese https:\/\/www.networkadvertising.org\/understanding-online-advertising\/how-does-it-work.<\/span><\/p><p><span style=\"font-weight: 400\">Z cielenej reklamy sa m\u00f4\u017eete odhl\u00e1si\u0165 na:<\/span><\/p><p><span style=\"font-weight: 400\">FACEBOOK \u2013 https:\/\/www.facebook.com\/settings\/?tab=ads<\/span><\/p><p><span style=\"font-weight: 400\">GOOGLE \u2013 https:\/\/www.google.com\/settings\/ads\/anonymous<\/span><\/p><p><span style=\"font-weight: 400\">BING \u2013 https:\/\/ advertise.bingads.microsoft.com\/en-us\/resources\/policies\/personalized-ads<\/span><\/p><p><span style=\"font-weight: 400\">Okrem toho sa m\u00f4\u017eete odhl\u00e1si\u0165 z niektor\u00fdch z t\u00fdchto slu\u017eieb n\u00e1v\u0161tevou port\u00e1lu na odhl\u00e1senie Digital Advertising Alliance na adrese: https:\/\/optout.aboutads. Info\/.<\/span><\/p><h3>NESLEDOVA\u0164<\/h3><p><span style=\"font-weight: 400\">Upozor\u0148ujeme, \u017ee nemen\u00edme postupy zhroma\u017e\u010fovania a pou\u017e\u00edvania \u00fadajov na na\u0161ej str\u00e1nke, ke\u010f z v\u00e1\u0161ho prehliada\u010da vid\u00edme sign\u00e1l Nesledova\u0165.<\/span><\/p><h3>VA\u0160E PR\u00c1VA<\/h3><p><span style=\"font-weight: 400\">Ak ste obyvate\u013eom Eur\u00f3py, m\u00e1te pr\u00e1vo na pr\u00edstup k osobn\u00fdm \u00fadajom, ktor\u00e9 o v\u00e1s uchov\u00e1vame, a pr\u00e1vo po\u017eiada\u0165 o opravu, aktualiz\u00e1ciu alebo vymazanie va\u0161ich osobn\u00fdch \u00fadajov. Ak chcete toto pr\u00e1vo uplatni\u0165, kontaktujte n\u00e1s prostredn\u00edctvom ni\u017e\u0161ie uveden\u00fdch kontaktn\u00fdch \u00fadajov.<\/span><\/p><p><span style=\"font-weight: 400\">Okrem toho, ak ste eur\u00f3pskym rezidentom, berieme na vedomie, \u017ee spracov\u00e1vame va\u0161e inform\u00e1cie, aby sme splnili zmluvy, ktor\u00e9 s vami m\u00f4\u017eeme ma\u0165 (napr\u00edklad, ak urob\u00edte objedn\u00e1vku prostredn\u00edctvom str\u00e1nky), alebo inak, aby sme presadzovali na\u0161e legit\u00edmne obchodn\u00e9 z\u00e1ujmy uveden\u00e9 vy\u0161\u0161ie.<\/span><\/p><h3>UCHOV\u00c1VANIE \u00daDAJOV<\/h3><p><span style=\"font-weight: 400\">Ke\u010f zad\u00e1te objedn\u00e1vku prostredn\u00edctvom str\u00e1nky, budeme uchov\u00e1va\u0165 inform\u00e1cie o va\u0161ej objedn\u00e1vke pre na\u0161e z\u00e1znamy, pokia\u013e a k\u00fdm n\u00e1s nepo\u017eiadate o vymazanie t\u00fdchto inform\u00e1ci\u00ed.<\/span><\/p><h3>NEPLAT\u00cd<\/h3><p><span style=\"font-weight: 400\">T\u00e1to str\u00e1nka nie je ur\u010den\u00e1 pre osoby mlad\u0161ie ako 18 rokov.<\/span><\/p><h3>ZMENY<\/h3><p><span style=\"font-weight: 400\">Tieto z\u00e1sady ochrany osobn\u00fdch \u00fadajov m\u00f4\u017eeme z \u010dasu na \u010das aktualizova\u0165, aby odr\u00e1\u017eali napr\u00edklad zmeny v na\u0161ich postupoch alebo z in\u00fdch prev\u00e1dzkov\u00fdch, pr\u00e1vnych alebo regula\u010dn\u00fdch d\u00f4vodov.<\/span><\/p><h3>KONTAKTUJTE N\u00c1S<\/h3><p><span style=\"font-weight: 400\">Pre viac inform\u00e1ci\u00ed o na\u0161ich postupoch ochrany osobn\u00fdch \u00fadajov, ak m\u00e1te ot\u00e1zky alebo by ste chceli poda\u0165 s\u0165a\u017enos\u0165, kontaktujte n\u00e1s e-mailom na adrese admin@cheapy-shop.eu<\/span><\/p><\/div><\/div>\t\t\t\t\t\t<\/div>\n\t\t\t\t<\/div>\n\t\t\t\t\t<\/div>\n\t\t<\/div>\n\t\t\t\t\t\t\t<\/div>\n\t\t<\/section>\n\t\t\t\t<section class=\"elementor-section elementor-top-section elementor-element elementor-element-3074758 elementor-section-boxed elementor-section-height-default elementor-section-height-default\" data-id=\"3074758\" data-element_type=\"section\" data-settings=\"{&quot;background_background&quot;:&quot;classic&quot;}\">\n\t\t\t\t\t\t<div class=\"elementor-container elementor-column-gap-default\">\n\t\t\t\t\t<div class=\"elementor-column elementor-col-25 elementor-top-column elementor-element elementor-element-da59085\" data-id=\"da59085\" data-element_type=\"column\">\n\t\t\t<div class=\"elementor-widget-wrap elementor-element-populated\">\n\t\t\t\t\t\t\t\t<div class=\"elementor-element elementor-element-e527381 elementor-view-framed elementor-position-left elementor-shape-circle elementor-mobile-position-top elementor-vertical-align-top elementor-widget elementor-widget-icon-box\" data-id=\"e527381\" data-element_type=\"widget\" data-widget_type=\"icon-box.default\">\n\t\t\t\t<div class=\"elementor-widget-container\">\n\t\t\t<link rel=\"stylesheet\" href=\"https:\/\/www.cheapy-shop.eu\/sk\/wp-content\/plugins\/elementor\/assets\/css\/widget-icon-box.min.css\">\t\t<div class=\"elementor-icon-box-wrapper\">\n\t\t\t\t\t\t<div class=\"elementor-icon-box-icon\">\n\t\t\t\t<span class=\"elementor-icon elementor-animation-\" >\n\t\t\t\t<i aria-hidden=\"true\" class=\"fas fa-user-check\"><\/i>\t\t\t\t<\/span>\n\t\t\t<\/div>\n\t\t\t\t\t\t<div class=\"elementor-icon-box-content\">\n\t\t\t\t<h3 class=\"elementor-icon-box-title\">\n\t\t\t\t\t<span  >\n\t\t\t\t\t\t100% bezpe\u010dn\u00e9\t\t\t\t\t<\/span>\n\t\t\t\t<\/h3>\n\t\t\t\t\t\t\t<\/div>\n\t\t<\/div>\n\t\t\t\t<\/div>\n\t\t\t\t<\/div>\n\t\t\t\t\t<\/div>\n\t\t<\/div>\n\t\t\t\t<div class=\"elementor-column elementor-col-25 elementor-top-column elementor-element elementor-element-4fdda0e\" data-id=\"4fdda0e\" data-element_type=\"column\">\n\t\t\t<div class=\"elementor-widget-wrap elementor-element-populated\">\n\t\t\t\t\t\t\t\t<div class=\"elementor-element elementor-element-b405e23 elementor-view-framed elementor-position-left elementor-shape-circle elementor-mobile-position-top elementor-vertical-align-top elementor-widget elementor-widget-icon-box\" data-id=\"b405e23\" data-element_type=\"widget\" data-widget_type=\"icon-box.default\">\n\t\t\t\t<div class=\"elementor-widget-container\">\n\t\t\t\t\t<div class=\"elementor-icon-box-wrapper\">\n\t\t\t\t\t\t<div class=\"elementor-icon-box-icon\">\n\t\t\t\t<span class=\"elementor-icon elementor-animation-\" >\n\t\t\t\t<i aria-hidden=\"true\" class=\"fas fa-truck\"><\/i>\t\t\t\t<\/span>\n\t\t\t<\/div>\n\t\t\t\t\t\t<div class=\"elementor-icon-box-content\">\n\t\t\t\t<h3 class=\"elementor-icon-box-title\">\n\t\t\t\t\t<span  >\n\t\t\t\t\t\tR\u00fdchle dodanie\t\t\t\t\t<\/span>\n\t\t\t\t<\/h3>\n\t\t\t\t\t\t\t<\/div>\n\t\t<\/div>\n\t\t\t\t<\/div>\n\t\t\t\t<\/div>\n\t\t\t\t\t<\/div>\n\t\t<\/div>\n\t\t\t\t<div class=\"elementor-column elementor-col-25 elementor-top-column elementor-element elementor-element-a4d664b\" data-id=\"a4d664b\" data-element_type=\"column\">\n\t\t\t<div class=\"elementor-widget-wrap elementor-element-populated\">\n\t\t\t\t\t\t\t\t<div class=\"elementor-element elementor-element-5f7b869 elementor-view-framed elementor-position-left elementor-shape-circle elementor-mobile-position-top elementor-vertical-align-top elementor-widget elementor-widget-icon-box\" data-id=\"5f7b869\" data-element_type=\"widget\" data-widget_type=\"icon-box.default\">\n\t\t\t\t<div class=\"elementor-widget-container\">\n\t\t\t\t\t<div class=\"elementor-icon-box-wrapper\">\n\t\t\t\t\t\t<div class=\"elementor-icon-box-icon\">\n\t\t\t\t<span class=\"elementor-icon elementor-animation-\" >\n\t\t\t\t<i aria-hidden=\"true\" class=\"fas fa-star\"><\/i>\t\t\t\t<\/span>\n\t\t\t<\/div>\n\t\t\t\t\t\t<div class=\"elementor-icon-box-content\">\n\t\t\t\t<h3 class=\"elementor-icon-box-title\">\n\t\t\t\t\t<span  >\n\t\t\t\t\t\tNajlep\u0161ia kvalita\t\t\t\t\t<\/span>\n\t\t\t\t<\/h3>\n\t\t\t\t\t\t\t<\/div>\n\t\t<\/div>\n\t\t\t\t<\/div>\n\t\t\t\t<\/div>\n\t\t\t\t\t<\/div>\n\t\t<\/div>\n\t\t\t\t<div class=\"elementor-column elementor-col-25 elementor-top-column elementor-element elementor-element-963d04d\" data-id=\"963d04d\" data-element_type=\"column\">\n\t\t\t<div class=\"elementor-widget-wrap elementor-element-populated\">\n\t\t\t\t\t\t\t\t<div class=\"elementor-element elementor-element-078ce59 elementor-view-framed elementor-position-left elementor-shape-circle elementor-mobile-position-top elementor-vertical-align-top elementor-widget elementor-widget-icon-box\" data-id=\"078ce59\" data-element_type=\"widget\" data-widget_type=\"icon-box.default\">\n\t\t\t\t<div class=\"elementor-widget-container\">\n\t\t\t\t\t<div class=\"elementor-icon-box-wrapper\">\n\t\t\t\t\t\t<div class=\"elementor-icon-box-icon\">\n\t\t\t\t<span class=\"elementor-icon elementor-animation-\" >\n\t\t\t\t<i aria-hidden=\"true\" class=\"fas fa-thumbs-up\"><\/i>\t\t\t\t<\/span>\n\t\t\t<\/div>\n\t\t\t\t\t\t<div class=\"elementor-icon-box-content\">\n\t\t\t\t<h3 class=\"elementor-icon-box-title\">\n\t\t\t\t\t<span  >\n\t\t\t\t\t\t100% spokojnos\u0165\t\t\t\t\t<\/span>\n\t\t\t\t<\/h3>\n\t\t\t\t\t\t\t<\/div>\n\t\t<\/div>\n\t\t\t\t<\/div>\n\t\t\t\t<\/div>\n\t\t\t\t\t<\/div>\n\t\t<\/div>\n\t\t\t\t\t\t\t<\/div>\n\t\t<\/section>\n\t\t\t\t\t\t\t<\/div>\n\t\t","protected":false},"excerpt":{"rendered":"<p>Z\u00e1sady ochrany osobn\u00fdch \u00fadajov PREH\u013dAD Tieto Z\u00e1sady ochrany osobn\u00fdch \u00fadajov popisuj\u00fa, ako sa zhroma\u017e\u010fuj\u00fa, pou\u017e\u00edvaj\u00fa a zdie\u013eaj\u00fa va\u0161e osobn\u00e9 \u00fadaje, ke\u010f nav\u0161t\u00edvite str\u00e1nku cheapy-shop.eu (\u010falej len \u201estr\u00e1nka\u201c) alebo uskuto\u010dn\u00edte n\u00e1kup. OSOBN\u00c9 \u00daDAJE, KTOR\u00c9 ZHROMA\u017dDUJEME Ke\u010f nav\u0161t\u00edvite str\u00e1nku, automaticky zhroma\u017e\u010fujeme ur\u010dit\u00e9 inform\u00e1cie o va\u0161om zariaden\u00ed, vr\u00e1tane inform\u00e1ci\u00ed o va\u0161om webovom prehliada\u010di, IP adrese, \u010dasovom p\u00e1sme a [&hellip;]<\/p>\n","protected":false},"author":1,"featured_media":0,"parent":0,"menu_order":0,"comment_status":"closed","ping_status":"closed","template":"elementor_header_footer","meta":{"footnotes":""},"acf":[],"_links":{"self":[{"href":"https:\/\/www.cheapy-shop.eu\/sk\/wp-json\/wp\/v2\/pages\/6"}],"collection":[{"href":"https:\/\/www.cheapy-shop.eu\/sk\/wp-json\/wp\/v2\/pages"}],"about":[{"href":"https:\/\/www.cheapy-shop.eu\/sk\/wp-json\/wp\/v2\/types\/page"}],"author":[{"embeddable":true,"href":"https:\/\/www.cheapy-shop.eu\/sk\/wp-json\/wp\/v2\/users\/1"}],"replies":[{"embeddable":true,"href":"https:\/\/www.cheapy-shop.eu\/sk\/wp-json\/wp\/v2\/comments?post=6"}],"version-history":[{"count":3,"href":"https:\/\/www.cheapy-shop.eu\/sk\/wp-json\/wp\/v2\/pages\/6\/revisions"}],"predecessor-version":[{"id":3100,"href":"https:\/\/www.cheapy-shop.eu\/sk\/wp-json\/wp\/v2\/pages\/6\/revisions\/3100"}],"wp:attachment":[{"href":"https:\/\/www.cheapy-shop.eu\/sk\/wp-json\/wp\/v2\/media?parent=6"}],"curies":[{"name":"wp","href":"https:\/\/api.w.org\/{rel}","templated":true}]}}