{"id":24,"date":"2021-09-06T18:03:25","date_gmt":"2021-09-06T18:03:25","guid":{"rendered":"https:\/\/cheapy-shop.eu\/sk\/?page_id=24"},"modified":"2022-07-01T14:34:22","modified_gmt":"2022-07-01T13:34:22","slug":"zasady-vratenia","status":"publish","type":"page","link":"https:\/\/www.cheapy-shop.eu\/sk\/zasady-vratenia\/","title":{"rendered":"Z\u00e1sady vr\u00e1tenia"},"content":{"rendered":"\t\t<div data-elementor-type=\"wp-page\" data-elementor-id=\"24\" class=\"elementor elementor-24\">\n\t\t\t\t\t\t\t\t\t<section class=\"elementor-section elementor-top-section elementor-element elementor-element-faa88a7 elementor-section-boxed elementor-section-height-default elementor-section-height-default\" data-id=\"faa88a7\" data-element_type=\"section\" data-settings=\"{&quot;background_background&quot;:&quot;classic&quot;}\">\n\t\t\t\t\t\t\t<div class=\"elementor-background-overlay\"><\/div>\n\t\t\t\t\t\t\t<div class=\"elementor-container elementor-column-gap-default\">\n\t\t\t\t\t<div class=\"elementor-column elementor-col-100 elementor-top-column elementor-element elementor-element-cd7eec8\" data-id=\"cd7eec8\" data-element_type=\"column\">\n\t\t\t<div class=\"elementor-widget-wrap elementor-element-populated\">\n\t\t\t\t\t\t\t\t<div class=\"elementor-element elementor-element-feaaaf9 elementor-widget elementor-widget-heading\" data-id=\"feaaaf9\" data-element_type=\"widget\" data-widget_type=\"heading.default\">\n\t\t\t\t<div class=\"elementor-widget-container\">\n\t\t\t<style>\/*! elementor - v3.7.1 - 14-08-2022 *\/\n.elementor-heading-title{padding:0;margin:0;line-height:1}.elementor-widget-heading .elementor-heading-title[class*=elementor-size-]>a{color:inherit;font-size:inherit;line-height:inherit}.elementor-widget-heading .elementor-heading-title.elementor-size-small{font-size:15px}.elementor-widget-heading .elementor-heading-title.elementor-size-medium{font-size:19px}.elementor-widget-heading .elementor-heading-title.elementor-size-large{font-size:29px}.elementor-widget-heading .elementor-heading-title.elementor-size-xl{font-size:39px}.elementor-widget-heading .elementor-heading-title.elementor-size-xxl{font-size:59px}<\/style><h2 class=\"elementor-heading-title elementor-size-default\">Z\u00e1sady vr\u00e1tenia<\/h2>\t\t<\/div>\n\t\t\t\t<\/div>\n\t\t\t\t\t<\/div>\n\t\t<\/div>\n\t\t\t\t\t\t\t<\/div>\n\t\t<\/section>\n\t\t\t\t<section class=\"elementor-section elementor-top-section elementor-element elementor-element-5acd156 elementor-section-boxed elementor-section-height-default elementor-section-height-default\" data-id=\"5acd156\" data-element_type=\"section\">\n\t\t\t\t\t\t<div class=\"elementor-container elementor-column-gap-default\">\n\t\t\t\t\t<div class=\"elementor-column elementor-col-100 elementor-top-column elementor-element elementor-element-4a44ba0\" data-id=\"4a44ba0\" data-element_type=\"column\">\n\t\t\t<div class=\"elementor-widget-wrap elementor-element-populated\">\n\t\t\t\t\t\t\t\t<div class=\"elementor-element elementor-element-04a4f82 elementor-widget elementor-widget-text-editor\" data-id=\"04a4f82\" data-element_type=\"widget\" data-widget_type=\"text-editor.default\">\n\t\t\t\t<div class=\"elementor-widget-container\">\n\t\t\t<style>\/*! elementor - v3.7.1 - 14-08-2022 *\/\n.elementor-widget-text-editor.elementor-drop-cap-view-stacked .elementor-drop-cap{background-color:#818a91;color:#fff}.elementor-widget-text-editor.elementor-drop-cap-view-framed .elementor-drop-cap{color:#818a91;border:3px solid;background-color:transparent}.elementor-widget-text-editor:not(.elementor-drop-cap-view-default) .elementor-drop-cap{margin-top:8px}.elementor-widget-text-editor:not(.elementor-drop-cap-view-default) .elementor-drop-cap-letter{width:1em;height:1em}.elementor-widget-text-editor .elementor-drop-cap{float:left;text-align:center;line-height:1;font-size:50px}.elementor-widget-text-editor .elementor-drop-cap-letter{display:inline-block}<\/style>\t\t\t\t<div id=\"Content\"><div id=\"Translation\"><h3><span style=\"font-weight: 400\">PREH\u013dAD<\/span><\/h3><p><span style=\"font-weight: 400\">Na\u0161a politika trv\u00e1 14 dn\u00ed. Ak od n\u00e1kupu uplynulo 14 dn\u00ed, bohu\u017eia\u013e v\u00e1m nem\u00f4\u017eeme pon\u00faknu\u0165 vr\u00e1tenie pe\u0148az\u00ed ani v\u00fdmenu.<\/span><\/p><p><span style=\"font-weight: 400\">Ak chcete ma\u0165 n\u00e1rok na vr\u00e1tenie, va\u0161a polo\u017eka mus\u00ed by\u0165 nepou\u017eit\u00e1 a v rovnakom stave, v akom ste ju dostali. Mus\u00ed by\u0165 tie\u017e v origin\u00e1lnom balen\u00ed.<\/span><\/p><p><span style=\"font-weight: 400\">Nieko\u013eko druhov tovaru je osloboden\u00fdch od vr\u00e1tenia. Tovar podliehaj\u00faci skaze, ako s\u00fa potraviny, kvety, noviny alebo \u010dasopisy, nie je mo\u017en\u00e9 vr\u00e1ti\u0165. Neakceptujeme ani produkty, ktor\u00e9 s\u00fa int\u00edmnym alebo hygienick\u00fdm tovarom, nebezpe\u010dn\u00fdmi materi\u00e1lmi alebo hor\u013eav\u00fdmi kvapalinami alebo plynmi.<\/span><\/p><p><span style=\"font-weight: 400\">\u010eal\u0161ie nevratn\u00e9 polo\u017eky:<\/span><\/p><p><span style=\"font-weight: 400\">* Dar\u010dekov\u00e9 karty<\/span><\/p><p><span style=\"font-weight: 400\">* Softv\u00e9rov\u00e9 \u200b\u200bprodukty na stiahnutie<\/span><\/p><p><span style=\"font-weight: 400\">* Niektor\u00e9 polo\u017eky t\u00fdkaj\u00face sa zdravia a osobnej starostlivosti<\/span><\/p><p><span style=\"font-weight: 400\">Na dokon\u010denie vr\u00e1tenia vy\u017eadujeme potvrdenie alebo doklad o k\u00fape.<\/span><\/p><p><span style=\"font-weight: 400\">V\u00e1\u0161 n\u00e1kup neposielajte sp\u00e4\u0165 v\u00fdrobcovi.<\/span><\/p><p><span style=\"font-weight: 400\">Existuj\u00fa ur\u010dit\u00e9 situ\u00e1cie, kedy sa vracaj\u00fa iba \u010diasto\u010dn\u00e9 n\u00e1hrady: (ak je to mo\u017en\u00e9)<\/span><\/p><p><span style=\"font-weight: 400\">* Kniha so zjavn\u00fdmi zn\u00e1mkami pou\u017e\u00edvania<\/span><\/p><p><span style=\"font-weight: 400\">* CD, DVD, kazeta VHS, softv\u00e9r, videohra, kazeta alebo vinylov\u00e1 plat\u0148a, ktor\u00e1 bola otvoren\u00e1.<\/span><\/p><p><span style=\"font-weight: 400\">* Ka\u017ed\u00e1 polo\u017eka, ktor\u00e1 nie je v p\u00f4vodnom stave, je po\u0161koden\u00e1 alebo jej ch\u00fdbaj\u00fa \u010dasti z d\u00f4vodov, ktor\u00e9 nie s\u00fa sp\u00f4soben\u00e9 na\u0161ou chybou.<\/span><\/p><p><span style=\"font-weight: 400\">* Ak\u00e1ko\u013evek polo\u017eka, ktor\u00e1 je vr\u00e1ten\u00e1 po viac ako 14 d\u0148och od doru\u010denia,<\/span><\/p><h3><span style=\"font-weight: 400\">VR\u00c1TIME N\u00c1HRADY<\/span><\/h3><p><span style=\"font-weight: 400\">Po prijat\u00ed a kontrole v\u00e1\u0161ho vr\u00e1ten\u00e9ho tovaru v\u00e1m po\u0161leme e-mail s upozornen\u00edm, \u017ee sme dostali va\u0161u vr\u00e1ten\u00fa polo\u017eku. Upozorn\u00edme v\u00e1s tie\u017e na schv\u00e1lenie alebo zamietnutie va\u0161ej refund\u00e1cie.<\/span><\/p><p><span style=\"font-weight: 400\">Ak v\u00e1s schv\u00e1lime, va\u0161a refund\u00e1cia bude spracovan\u00e1 a kredit sa automaticky prip\u00ed\u0161e na va\u0161u kreditn\u00fa kartu alebo p\u00f4vodn\u00fd sp\u00f4sob platby do ur\u010dit\u00e9ho po\u010dtu dn\u00ed.<\/span><\/p><h3><span style=\"font-weight: 400\">ONESKORENIE ALEBO CHYB\u00daCE VR\u00c1TENIE PE\u0147AZ\u00cd<\/span><\/h3><p><span style=\"font-weight: 400\">Ak ste e\u0161te nedostali refund\u00e1ciu, najsk\u00f4r znova skontrolujte svoj bankov\u00fd \u00fa\u010det.<\/span><\/p><p><span style=\"font-weight: 400\">Potom kontaktujte spolo\u010dnos\u0165, ktor\u00e1 vydala va\u0161u kreditn\u00fa kartu, m\u00f4\u017ee chv\u00ed\u013eu trva\u0165, k\u00fdm bude va\u0161a refund\u00e1cia ofici\u00e1lne odoslan\u00e1.<\/span><\/p><p><span style=\"font-weight: 400\">Potom kontaktujte svoju banku. Pred odoslan\u00edm vr\u00e1tenia pe\u0148az\u00ed \u010dasto trv\u00e1 ur\u010dit\u00fd \u010das na spracovanie.<\/span><\/p><p><span style=\"font-weight: 400\">Ak ste toto v\u0161etko urobili a st\u00e1le ste nedostali vr\u00e1ten\u00e9 peniaze, kontaktujte n\u00e1s na adrese admin@cheapy-shop.eu.<\/span><\/p><h3><span style=\"font-weight: 400\">V\u00ddPREDAJOV\u00c9 POLO\u017dKY<\/span><\/h3><p><span style=\"font-weight: 400\">Vr\u00e1ten\u00e9 m\u00f4\u017eu by\u0165 len polo\u017eky za be\u017en\u00e9 ceny, \u017eia\u013e, v\u00fdpredajov\u00e9 polo\u017eky sa nedaj\u00fa vr\u00e1ti\u0165.<\/span><\/p><h3><span style=\"font-weight: 400\">V\u00ddMENY<\/span><\/h3><p><span style=\"font-weight: 400\">Polo\u017eky vymie\u0148ame iba vtedy, ak s\u00fa chybn\u00e9 alebo po\u0161koden\u00e9. Ak ho potrebujete vymeni\u0165 za rovnak\u00fd tovar, po\u0161lite n\u00e1m e-mail na adresu admin@cheapy-shop.eu.<\/span><\/p><h3><span style=\"font-weight: 400\">DARY<\/span><\/h3><p><span style=\"font-weight: 400\">Ak bola polo\u017eka pri k\u00fape ozna\u010den\u00e1 ako dar\u010dek a odoslan\u00e1 priamo v\u00e1m, dostanete dar\u010dekov\u00fd kredit v hodnote vr\u00e1ten\u00e9ho tovaru. Po prijat\u00ed vr\u00e1ten\u00e9ho tovaru v\u00e1m bude zaslan\u00fd dar\u010dekov\u00fd poukaz.<\/span><\/p><p><span style=\"font-weight: 400\">Ak polo\u017eka nebola pri n\u00e1kupe ozna\u010den\u00e1 ako dar\u010dek, alebo si darca dar\u010deka nechal odosla\u0165 objedn\u00e1vku, aby v\u00e1m ju dal nesk\u00f4r, darcovi dar\u010deka vr\u00e1time peniaze a on sa dozvie o va\u0161om vr\u00e1ten\u00ed.<\/span><\/p><h3><span style=\"font-weight: 400\">DOPRAVA<\/span><\/h3><p><span style=\"font-weight: 400\">Ak chcete produkt vr\u00e1ti\u0165, po\u0161lite n\u00e1m e-mail na adresu admin@cheapy-shop.eu na po\u0161tov\u00fa adresu.<\/span><\/p><p><span style=\"font-weight: 400\">Budete zodpovedn\u00ed za zaplatenie vlastn\u00fdch n\u00e1kladov na dopravu pri vr\u00e1ten\u00ed polo\u017eky. N\u00e1klady na dopravu s\u00fa nevratn\u00e9. Ak dostanete n\u00e1hradu, n\u00e1klady na spiato\u010dn\u00fa dopravu bud\u00fa odpo\u010d\u00edtan\u00e9 z va\u0161ej refund\u00e1cie.<\/span><\/p><p><span style=\"font-weight: 400\">V z\u00e1vislosti od toho, kde \u017eijete, sa m\u00f4\u017ee \u010das, k\u00fdm sa k v\u00e1m vymenen\u00fd produkt dostane, l\u00ed\u0161i\u0165.<\/span><\/p><p><span style=\"font-weight: 400\">Mali by ste zv\u00e1\u017ei\u0165 pou\u017eitie sledovacej prepravnej slu\u017eby alebo zak\u00fapenie poistenia prepravy. Nezaru\u010dujeme, \u017ee dostaneme va\u0161u vr\u00e1ten\u00fa polo\u017eku.<\/span><\/p><\/div><\/div>\t\t\t\t\t\t<\/div>\n\t\t\t\t<\/div>\n\t\t\t\t\t<\/div>\n\t\t<\/div>\n\t\t\t\t\t\t\t<\/div>\n\t\t<\/section>\n\t\t\t\t<section class=\"elementor-section elementor-top-section elementor-element elementor-element-05bac09 elementor-section-boxed elementor-section-height-default elementor-section-height-default\" data-id=\"05bac09\" data-element_type=\"section\" data-settings=\"{&quot;background_background&quot;:&quot;classic&quot;}\">\n\t\t\t\t\t\t<div class=\"elementor-container elementor-column-gap-default\">\n\t\t\t\t\t<div class=\"elementor-column elementor-col-25 elementor-top-column elementor-element elementor-element-fe0b7dd\" data-id=\"fe0b7dd\" data-element_type=\"column\">\n\t\t\t<div class=\"elementor-widget-wrap elementor-element-populated\">\n\t\t\t\t\t\t\t\t<div class=\"elementor-element elementor-element-bc2ee88 elementor-view-framed elementor-position-left elementor-shape-circle elementor-mobile-position-top elementor-vertical-align-top elementor-widget elementor-widget-icon-box\" data-id=\"bc2ee88\" data-element_type=\"widget\" data-widget_type=\"icon-box.default\">\n\t\t\t\t<div class=\"elementor-widget-container\">\n\t\t\t<link rel=\"stylesheet\" href=\"https:\/\/www.cheapy-shop.eu\/sk\/wp-content\/plugins\/elementor\/assets\/css\/widget-icon-box.min.css\">\t\t<div class=\"elementor-icon-box-wrapper\">\n\t\t\t\t\t\t<div class=\"elementor-icon-box-icon\">\n\t\t\t\t<span class=\"elementor-icon elementor-animation-\" >\n\t\t\t\t<i aria-hidden=\"true\" class=\"fas fa-user-check\"><\/i>\t\t\t\t<\/span>\n\t\t\t<\/div>\n\t\t\t\t\t\t<div class=\"elementor-icon-box-content\">\n\t\t\t\t<h3 class=\"elementor-icon-box-title\">\n\t\t\t\t\t<span  >\n\t\t\t\t\t\t100% bezpe\u010dn\u00e9\t\t\t\t\t<\/span>\n\t\t\t\t<\/h3>\n\t\t\t\t\t\t\t<\/div>\n\t\t<\/div>\n\t\t\t\t<\/div>\n\t\t\t\t<\/div>\n\t\t\t\t\t<\/div>\n\t\t<\/div>\n\t\t\t\t<div class=\"elementor-column elementor-col-25 elementor-top-column elementor-element elementor-element-98987db\" data-id=\"98987db\" data-element_type=\"column\">\n\t\t\t<div class=\"elementor-widget-wrap elementor-element-populated\">\n\t\t\t\t\t\t\t\t<div class=\"elementor-element elementor-element-465d78c elementor-view-framed elementor-position-left elementor-shape-circle elementor-mobile-position-top elementor-vertical-align-top elementor-widget elementor-widget-icon-box\" data-id=\"465d78c\" data-element_type=\"widget\" data-widget_type=\"icon-box.default\">\n\t\t\t\t<div class=\"elementor-widget-container\">\n\t\t\t\t\t<div class=\"elementor-icon-box-wrapper\">\n\t\t\t\t\t\t<div class=\"elementor-icon-box-icon\">\n\t\t\t\t<span class=\"elementor-icon elementor-animation-\" >\n\t\t\t\t<i aria-hidden=\"true\" class=\"fas fa-truck\"><\/i>\t\t\t\t<\/span>\n\t\t\t<\/div>\n\t\t\t\t\t\t<div class=\"elementor-icon-box-content\">\n\t\t\t\t<h3 class=\"elementor-icon-box-title\">\n\t\t\t\t\t<span  >\n\t\t\t\t\t\tR\u00fdchle dodanie\t\t\t\t\t<\/span>\n\t\t\t\t<\/h3>\n\t\t\t\t\t\t\t<\/div>\n\t\t<\/div>\n\t\t\t\t<\/div>\n\t\t\t\t<\/div>\n\t\t\t\t\t<\/div>\n\t\t<\/div>\n\t\t\t\t<div class=\"elementor-column elementor-col-25 elementor-top-column elementor-element elementor-element-0b33f3a\" data-id=\"0b33f3a\" data-element_type=\"column\">\n\t\t\t<div class=\"elementor-widget-wrap elementor-element-populated\">\n\t\t\t\t\t\t\t\t<div class=\"elementor-element elementor-element-fb51c36 elementor-view-framed elementor-position-left elementor-shape-circle elementor-mobile-position-top elementor-vertical-align-top elementor-widget elementor-widget-icon-box\" data-id=\"fb51c36\" data-element_type=\"widget\" data-widget_type=\"icon-box.default\">\n\t\t\t\t<div class=\"elementor-widget-container\">\n\t\t\t\t\t<div class=\"elementor-icon-box-wrapper\">\n\t\t\t\t\t\t<div class=\"elementor-icon-box-icon\">\n\t\t\t\t<span class=\"elementor-icon elementor-animation-\" >\n\t\t\t\t<i aria-hidden=\"true\" class=\"fas fa-star\"><\/i>\t\t\t\t<\/span>\n\t\t\t<\/div>\n\t\t\t\t\t\t<div class=\"elementor-icon-box-content\">\n\t\t\t\t<h3 class=\"elementor-icon-box-title\">\n\t\t\t\t\t<span  >\n\t\t\t\t\t\tNajlep\u0161ia kvalita\t\t\t\t\t<\/span>\n\t\t\t\t<\/h3>\n\t\t\t\t\t\t\t<\/div>\n\t\t<\/div>\n\t\t\t\t<\/div>\n\t\t\t\t<\/div>\n\t\t\t\t\t<\/div>\n\t\t<\/div>\n\t\t\t\t<div class=\"elementor-column elementor-col-25 elementor-top-column elementor-element elementor-element-2135b5a\" data-id=\"2135b5a\" data-element_type=\"column\">\n\t\t\t<div class=\"elementor-widget-wrap elementor-element-populated\">\n\t\t\t\t\t\t\t\t<div class=\"elementor-element elementor-element-06b903b elementor-view-framed elementor-position-left elementor-shape-circle elementor-mobile-position-top elementor-vertical-align-top elementor-widget elementor-widget-icon-box\" data-id=\"06b903b\" data-element_type=\"widget\" data-widget_type=\"icon-box.default\">\n\t\t\t\t<div class=\"elementor-widget-container\">\n\t\t\t\t\t<div class=\"elementor-icon-box-wrapper\">\n\t\t\t\t\t\t<div class=\"elementor-icon-box-icon\">\n\t\t\t\t<span class=\"elementor-icon elementor-animation-\" >\n\t\t\t\t<i aria-hidden=\"true\" class=\"fas fa-thumbs-up\"><\/i>\t\t\t\t<\/span>\n\t\t\t<\/div>\n\t\t\t\t\t\t<div class=\"elementor-icon-box-content\">\n\t\t\t\t<h3 class=\"elementor-icon-box-title\">\n\t\t\t\t\t<span  >\n\t\t\t\t\t\t100% spokojnos\u0165\t\t\t\t\t<\/span>\n\t\t\t\t<\/h3>\n\t\t\t\t\t\t\t<\/div>\n\t\t<\/div>\n\t\t\t\t<\/div>\n\t\t\t\t<\/div>\n\t\t\t\t\t<\/div>\n\t\t<\/div>\n\t\t\t\t\t\t\t<\/div>\n\t\t<\/section>\n\t\t\t\t\t\t\t<\/div>\n\t\t","protected":false},"excerpt":{"rendered":"<p>Z\u00e1sady vr\u00e1tenia PREH\u013dAD Na\u0161a politika trv\u00e1 14 dn\u00ed. Ak od n\u00e1kupu uplynulo 14 dn\u00ed, bohu\u017eia\u013e v\u00e1m nem\u00f4\u017eeme pon\u00faknu\u0165 vr\u00e1tenie pe\u0148az\u00ed ani v\u00fdmenu. Ak chcete ma\u0165 n\u00e1rok na vr\u00e1tenie, va\u0161a polo\u017eka mus\u00ed by\u0165 nepou\u017eit\u00e1 a v rovnakom stave, v akom ste ju dostali. Mus\u00ed by\u0165 tie\u017e v origin\u00e1lnom balen\u00ed. Nieko\u013eko druhov tovaru je osloboden\u00fdch od vr\u00e1tenia. [&hellip;]<\/p>\n","protected":false},"author":1,"featured_media":0,"parent":0,"menu_order":0,"comment_status":"closed","ping_status":"closed","template":"","meta":{"footnotes":""},"acf":[],"_links":{"self":[{"href":"https:\/\/www.cheapy-shop.eu\/sk\/wp-json\/wp\/v2\/pages\/24"}],"collection":[{"href":"https:\/\/www.cheapy-shop.eu\/sk\/wp-json\/wp\/v2\/pages"}],"about":[{"href":"https:\/\/www.cheapy-shop.eu\/sk\/wp-json\/wp\/v2\/types\/page"}],"author":[{"embeddable":true,"href":"https:\/\/www.cheapy-shop.eu\/sk\/wp-json\/wp\/v2\/users\/1"}],"replies":[{"embeddable":true,"href":"https:\/\/www.cheapy-shop.eu\/sk\/wp-json\/wp\/v2\/comments?post=24"}],"version-history":[{"count":3,"href":"https:\/\/www.cheapy-shop.eu\/sk\/wp-json\/wp\/v2\/pages\/24\/revisions"}],"predecessor-version":[{"id":3104,"href":"https:\/\/www.cheapy-shop.eu\/sk\/wp-json\/wp\/v2\/pages\/24\/revisions\/3104"}],"wp:attachment":[{"href":"https:\/\/www.cheapy-shop.eu\/sk\/wp-json\/wp\/v2\/media?parent=24"}],"curies":[{"name":"wp","href":"https:\/\/api.w.org\/{rel}","templated":true}]}}