{"id":6,"date":"2021-09-06T17:59:20","date_gmt":"2021-09-06T17:59:20","guid":{"rendered":"https:\/\/cheapy-shop.eu\/si\/?page_id=6"},"modified":"2022-07-01T14:35:50","modified_gmt":"2022-07-01T13:35:50","slug":"politika-zasebnosti","status":"publish","type":"page","link":"https:\/\/www.cheapy-shop.eu\/si\/politika-zasebnosti\/","title":{"rendered":"Politika zasebnosti"},"content":{"rendered":"\t\t<div data-elementor-type=\"wp-page\" data-elementor-id=\"6\" class=\"elementor elementor-6\">\n\t\t\t\t\t\t\t\t\t<section class=\"elementor-section elementor-top-section elementor-element elementor-element-a2ffd3d elementor-section-boxed elementor-section-height-default elementor-section-height-default\" data-id=\"a2ffd3d\" data-element_type=\"section\" data-settings=\"{&quot;background_background&quot;:&quot;classic&quot;}\">\n\t\t\t\t\t\t\t<div class=\"elementor-background-overlay\"><\/div>\n\t\t\t\t\t\t\t<div class=\"elementor-container elementor-column-gap-default\">\n\t\t\t\t\t<div class=\"elementor-column elementor-col-100 elementor-top-column elementor-element elementor-element-0a1f51f\" data-id=\"0a1f51f\" data-element_type=\"column\">\n\t\t\t<div class=\"elementor-widget-wrap elementor-element-populated\">\n\t\t\t\t\t\t\t\t<div class=\"elementor-element elementor-element-7448d3b elementor-widget elementor-widget-heading\" data-id=\"7448d3b\" data-element_type=\"widget\" data-widget_type=\"heading.default\">\n\t\t\t\t<div class=\"elementor-widget-container\">\n\t\t\t<style>\/*! elementor - v3.7.1 - 14-08-2022 *\/\n.elementor-heading-title{padding:0;margin:0;line-height:1}.elementor-widget-heading .elementor-heading-title[class*=elementor-size-]>a{color:inherit;font-size:inherit;line-height:inherit}.elementor-widget-heading .elementor-heading-title.elementor-size-small{font-size:15px}.elementor-widget-heading .elementor-heading-title.elementor-size-medium{font-size:19px}.elementor-widget-heading .elementor-heading-title.elementor-size-large{font-size:29px}.elementor-widget-heading .elementor-heading-title.elementor-size-xl{font-size:39px}.elementor-widget-heading .elementor-heading-title.elementor-size-xxl{font-size:59px}<\/style><h2 class=\"elementor-heading-title elementor-size-default\">Politika zasebnosti<\/h2>\t\t<\/div>\n\t\t\t\t<\/div>\n\t\t\t\t\t<\/div>\n\t\t<\/div>\n\t\t\t\t\t\t\t<\/div>\n\t\t<\/section>\n\t\t\t\t<section class=\"elementor-section elementor-top-section elementor-element elementor-element-a25a2ea elementor-section-boxed elementor-section-height-default elementor-section-height-default\" data-id=\"a25a2ea\" data-element_type=\"section\">\n\t\t\t\t\t\t<div class=\"elementor-container elementor-column-gap-default\">\n\t\t\t\t\t<div class=\"elementor-column elementor-col-100 elementor-top-column elementor-element elementor-element-d40b93e\" data-id=\"d40b93e\" data-element_type=\"column\">\n\t\t\t<div class=\"elementor-widget-wrap elementor-element-populated\">\n\t\t\t\t\t\t\t\t<div class=\"elementor-element elementor-element-65c6c82 elementor-widget elementor-widget-text-editor\" data-id=\"65c6c82\" data-element_type=\"widget\" data-widget_type=\"text-editor.default\">\n\t\t\t\t<div class=\"elementor-widget-container\">\n\t\t\t<style>\/*! elementor - v3.7.1 - 14-08-2022 *\/\n.elementor-widget-text-editor.elementor-drop-cap-view-stacked .elementor-drop-cap{background-color:#818a91;color:#fff}.elementor-widget-text-editor.elementor-drop-cap-view-framed .elementor-drop-cap{color:#818a91;border:3px solid;background-color:transparent}.elementor-widget-text-editor:not(.elementor-drop-cap-view-default) .elementor-drop-cap{margin-top:8px}.elementor-widget-text-editor:not(.elementor-drop-cap-view-default) .elementor-drop-cap-letter{width:1em;height:1em}.elementor-widget-text-editor .elementor-drop-cap{float:left;text-align:center;line-height:1;font-size:50px}.elementor-widget-text-editor .elementor-drop-cap-letter{display:inline-block}<\/style>\t\t\t\t<div id=\"Content\"><div id=\"Translation\"><h3>PREGLED<\/h3><p><span style=\"font-weight: 400\">Ta pravilnik o zasebnosti opisuje, kako se zbirajo, uporabljajo in delijo va\u0161i osebni podatki, ko obi\u0161\u010dete ali opravite nakup na cheapy-shop.eu (\u00bbspletno mesto\u00ab).<\/span><\/p><h3>OSEBNI PODATKI, KI GA ZBIRAMO<\/h3><p><span style=\"font-weight: 400\">Ko obi\u0161\u010dete spletno mesto, samodejno zberemo dolo\u010dene podatke o va\u0161i napravi, vklju\u010dno s podatki o va\u0161em spletnem brskalniku, naslovu IP, \u010dasovnem pasu in nekaterih pi\u0161kotkih, ki so name\u0161\u010deni na va\u0161i napravi. Poleg tega, ko brskate po spletnem mestu, zbiramo informacije o posameznih spletnih straneh ali izdelkih, ki si jih ogledujete, katera spletna mesta ali iskalni izrazi so vas napotili na spletno mesto in informacije o va\u0161i interakciji s spletnim mestom. Te samodejno zbrane podatke imenujemo \u00bbInformacije o napravi\u00ab.<\/span><\/p><p><span style=\"font-weight: 400\">Podatke o napravi zbiramo z uporabo naslednjih tehnologij:<\/span><\/p><p><span style=\"font-weight: 400\">&#8211; \u00bbPi\u0161kotki\u00ab so podatkovne datoteke, ki so name\u0161\u010dene na va\u0161i napravi ali ra\u010dunalniku in pogosto vklju\u010dujejo anonimni edinstveni identifikator. Za ve\u010d informacij o pi\u0161kotkih in o tem, kako onemogo\u010diti pi\u0161kotke, obi\u0161\u010dite https:\/\/www.allaboutcookies.org.<\/span><\/p><p><span style=\"font-weight: 400\">&#8211; \u00bbDatoteke dnevnika\u00ab spremljajo dejanja, ki se dogajajo na spletnem mestu, in zbirajo podatke, vklju\u010dno z va\u0161im naslovom IP, vrsto brskalnika, ponudnikom internetnih storitev, napotitvenimi\/izhodnimi stranmi in datumskimi\/\u010dasovnimi \u017eigi.<\/span><\/p><p><span style=\"font-weight: 400\">\u2013 \u00bbSpletni svetilniki\u00ab, \u00bboznake\u00ab in \u00bbpiksli\u00ab so elektronske datoteke, ki se uporabljajo za bele\u017eenje informacij o tem, kako brskate po spletnem mestu.<\/span><\/p><p><span style=\"font-weight: 400\">Poleg tega, ko opravite nakup ali poskusite opraviti nakup prek spletnega mesta, od vas zbiramo dolo\u010dene podatke, vklju\u010dno z va\u0161im imenom, naslovom za izstavitev ra\u010duna, naslovom za dostavo, podatki o pla\u010dilu (vklju\u010dno s \u0161tevilkami kreditnih kartic), e-po\u0161tnim naslovom in telefonsko \u0161tevilko. Te informacije imenujemo \u00bbInformacije o naro\u010dilu\u00ab.<\/span><\/p><p><span style=\"font-weight: 400\">Ko govorimo o \u00bbosebnih podatkih\u00ab v tem pravilniku o zasebnosti, govorimo tako o podatkih o napravi kot o informacijah o naro\u010dilu.<\/span><\/p><h3>KAKO UPORABLJAMO VA\u0160E OSEBNE PODATKE?<\/h3><p><span style=\"font-weight: 400\">Podatke o naro\u010dilu, ki jih zbiramo na splo\u0161no, uporabljamo za izpolnjevanje vseh naro\u010dil, oddanih prek spletnega mesta (vklju\u010dno z obdelavo va\u0161ih podatkov o pla\u010dilu, urejanjem po\u0161iljanja in zagotavljanjem ra\u010dunov in\/ali potrdil naro\u010dil). Poleg tega te informacije o naro\u010dilu uporabljamo za:<\/span><\/p><p><span style=\"font-weight: 400\">komunikacijo z vami;<\/span><\/p><p><span style=\"font-weight: 400\">Preverite na\u0161a naro\u010dila glede morebitnega tveganja ali goljufije; in<\/span><\/p><p><span style=\"font-weight: 400\">\u010ce je v skladu s preferencami, ki ste jih delili z nami, vam zagotovimo informacije ali ogla\u0161evanje v zvezi z na\u0161imi izdelki ali storitvami.<\/span><\/p><p><span style=\"font-weight: 400\">Podatke o napravi, ki jih zberemo, uporabljamo za pomo\u010d pri preverjanju morebitnega tveganja in goljufij (zlasti va\u0161ega naslova IP) in na splo\u0161no za izbolj\u0161anje in optimizacijo na\u0161ega spletnega mesta (na primer z ustvarjanjem analitike o tem, kako na\u0161e stranke brskajo in komunicirajo z spletnem mestu in oceniti uspe\u0161nost na\u0161ih marketin\u0161kih in ogla\u0161evalskih kampanj).<\/span><\/p><h3>OBDELAVA VA\u0160IH OSEBNIH PODATKOV<\/h3><p><span style=\"font-weight: 400\">Va\u0161e osebne podatke delimo s tretjimi osebami, da nam pomagajo pri uporabi va\u0161ih osebnih podatkov, kot je opisano zgoraj. Uporabljamo tudi Google Analytics, da nam pomaga razumeti, kako na\u0161e stranke uporabljajo spletno mesto \u2013 ve\u010d o tem, kako Google uporablja va\u0161e osebne podatke, si lahko preberete tukaj: https:\/\/www.google.com\/intl\/en\/policies\/privacy\/. Google Analytics lahko tudi onemogo\u010dite tukaj: https:\/\/tools.google.com\/dlpage\/gaoptout.<\/span><\/p><p><span style=\"font-weight: 400\">Nenazadnje lahko va\u0161e osebne podatke delimo tudi zaradi skladnosti z veljavnimi zakoni in predpisi, za odgovor na sodni poziv, nalog za preiskavo ali drugo zakonito zahtevo po informacijah, ki jih prejmemo, ali za kako druga\u010de za\u0161\u010dito na\u0161ih pravic.<\/span><\/p><h3>VEDENJSKO OGLA\u0160EVANJE<\/h3><p><span style=\"font-weight: 400\">Kot je opisano zgoraj, uporabljamo va\u0161e osebne podatke, da vam zagotovimo ciljno usmerjene oglase ali tr\u017eenjske komunikacije, za katere menimo, da bi vas lahko zanimali. Za ve\u010d informacij o delovanju ciljanega ogla\u0161evanja lahko obi\u0161\u010dete izobra\u017eevalno stran Network Advertising Initiative (\u00bbNAI\u00ab) na naslovu https:\/\/www.networkadvertising.org\/understanding-online-advertising\/how-does-it-work.<\/span><\/p><p><span style=\"font-weight: 400\">Ciljno ogla\u0161evanje se lahko odjavite na:<\/span><\/p><p><span style=\"font-weight: 400\">FACEBOOK &#8211; https:\/\/www.facebook.com\/settings\/?tab=ads<\/span><\/p><p><span style=\"font-weight: 400\">GOOGLE &#8211; https:\/\/www.google.com\/settings\/ads\/anonymous<\/span><\/p><p><span style=\"font-weight: 400\">BING &#8211; https:\/\/ advertise.bingads.microsoft.com\/en-us\/resources\/policies\/personalized-ads<\/span><\/p><p><span style=\"font-weight: 400\">Poleg tega se lahko odjavite od nekaterih od teh storitev tako, da obi\u0161\u010dete portal za izklju\u010ditev Digital Advertising Alliance na: https:\/\/optout.aboutads. info\/.<\/span><\/p><h3>NE SLEDI<\/h3><p><span style=\"font-weight: 400\">Prosimo, upo\u0161tevajte, da ne spreminjamo postopkov zbiranja in uporabe podatkov na\u0161ega spletnega mesta, ko v va\u0161em brskalniku vidimo signal Ne sledi.<\/span><\/p><h3>VA\u0160E PRAVICE<\/h3><p><span style=\"font-weight: 400\">\u010ce ste rezident Evrope, imate pravico do dostopa do osebnih podatkov, ki jih hranimo o vas, in zahtevati, da se va\u0161i osebni podatki popravijo, posodobijo ali izbri\u0161ejo. \u010ce \u017eelite uveljaviti to pravico, nas kontaktirajte preko spodnjih kontaktnih podatkov.<\/span><\/p><p><span style=\"font-weight: 400\">Poleg tega, \u010de ste rezident Evrope, ugotavljamo, da va\u0161e podatke obdelujemo, da bi izpolnili pogodbe, ki jih imamo z vami (na primer, \u010de oddate naro\u010dilo prek spletnega mesta), ali kako druga\u010de zasledujemo na\u0161e zakonite poslovne interese, navedene zgoraj.<\/span><\/p><h3>HRANJENJE PODATKOV<\/h3><p><span style=\"font-weight: 400\">Ko oddate naro\u010dilo prek spletnega mesta, bomo podatke o va\u0161em naro\u010dilu hranili za na\u0161o evidenco, razen \u010de in dokler nas ne zaprosite za izbris teh podatkov.<\/span><\/p><h3>MOLETNI<\/h3><p><span style=\"font-weight: 400\">Stran ni namenjena posameznikom, mlaj\u0161im od 18 let.<\/span><\/p><h3>SPREMEMBE<\/h3><p><span style=\"font-weight: 400\">To politiko zasebnosti lahko ob\u010dasno posodobimo, da bi na primer odra\u017eali spremembe na\u0161ih praks ali iz drugih operativnih, pravnih ali regulativnih razlogov.<\/span><\/p><h3>KONTAKTIRAJTE NAS<\/h3><p><span style=\"font-weight: 400\">Za ve\u010d informacij o na\u0161ih praksah varovanja zasebnosti, \u010de imate vpra\u0161anja ali \u010de \u017eelite vlo\u017eiti prito\u017ebo, nas kontaktirajte po e-po\u0161ti na admin@cheapy-shop.eu<\/span><\/p><\/div><\/div>\t\t\t\t\t\t<\/div>\n\t\t\t\t<\/div>\n\t\t\t\t\t<\/div>\n\t\t<\/div>\n\t\t\t\t\t\t\t<\/div>\n\t\t<\/section>\n\t\t\t\t<section class=\"elementor-section elementor-top-section elementor-element elementor-element-4e08162 elementor-section-boxed elementor-section-height-default elementor-section-height-default\" data-id=\"4e08162\" data-element_type=\"section\" data-settings=\"{&quot;background_background&quot;:&quot;classic&quot;}\">\n\t\t\t\t\t\t<div class=\"elementor-container elementor-column-gap-default\">\n\t\t\t\t\t<div class=\"elementor-column elementor-col-25 elementor-top-column elementor-element elementor-element-4ccf4e3\" data-id=\"4ccf4e3\" data-element_type=\"column\">\n\t\t\t<div class=\"elementor-widget-wrap elementor-element-populated\">\n\t\t\t\t\t\t\t\t<div class=\"elementor-element elementor-element-63ecdcc elementor-view-framed elementor-position-left elementor-shape-circle elementor-mobile-position-top elementor-vertical-align-top elementor-widget elementor-widget-icon-box\" data-id=\"63ecdcc\" data-element_type=\"widget\" data-widget_type=\"icon-box.default\">\n\t\t\t\t<div class=\"elementor-widget-container\">\n\t\t\t<link rel=\"stylesheet\" href=\"https:\/\/www.cheapy-shop.eu\/si\/wp-content\/plugins\/elementor\/assets\/css\/widget-icon-box.min.css\">\t\t<div class=\"elementor-icon-box-wrapper\">\n\t\t\t\t\t\t<div class=\"elementor-icon-box-icon\">\n\t\t\t\t<span class=\"elementor-icon elementor-animation-\" >\n\t\t\t\t<i aria-hidden=\"true\" class=\"fas fa-user-check\"><\/i>\t\t\t\t<\/span>\n\t\t\t<\/div>\n\t\t\t\t\t\t<div class=\"elementor-icon-box-content\">\n\t\t\t\t<h3 class=\"elementor-icon-box-title\">\n\t\t\t\t\t<span  >\n\t\t\t\t\t\t100% varno\t\t\t\t\t<\/span>\n\t\t\t\t<\/h3>\n\t\t\t\t\t\t\t<\/div>\n\t\t<\/div>\n\t\t\t\t<\/div>\n\t\t\t\t<\/div>\n\t\t\t\t\t<\/div>\n\t\t<\/div>\n\t\t\t\t<div class=\"elementor-column elementor-col-25 elementor-top-column elementor-element elementor-element-bd1bd52\" data-id=\"bd1bd52\" data-element_type=\"column\">\n\t\t\t<div class=\"elementor-widget-wrap elementor-element-populated\">\n\t\t\t\t\t\t\t\t<div class=\"elementor-element elementor-element-730a255 elementor-view-framed elementor-position-left elementor-shape-circle elementor-mobile-position-top elementor-vertical-align-top elementor-widget elementor-widget-icon-box\" data-id=\"730a255\" data-element_type=\"widget\" data-widget_type=\"icon-box.default\">\n\t\t\t\t<div class=\"elementor-widget-container\">\n\t\t\t\t\t<div class=\"elementor-icon-box-wrapper\">\n\t\t\t\t\t\t<div class=\"elementor-icon-box-icon\">\n\t\t\t\t<span class=\"elementor-icon elementor-animation-\" >\n\t\t\t\t<i aria-hidden=\"true\" class=\"fas fa-truck\"><\/i>\t\t\t\t<\/span>\n\t\t\t<\/div>\n\t\t\t\t\t\t<div class=\"elementor-icon-box-content\">\n\t\t\t\t<h3 class=\"elementor-icon-box-title\">\n\t\t\t\t\t<span  >\n\t\t\t\t\t\tHitro po\u0161iljanje\t\t\t\t\t<\/span>\n\t\t\t\t<\/h3>\n\t\t\t\t\t\t\t<\/div>\n\t\t<\/div>\n\t\t\t\t<\/div>\n\t\t\t\t<\/div>\n\t\t\t\t\t<\/div>\n\t\t<\/div>\n\t\t\t\t<div class=\"elementor-column elementor-col-25 elementor-top-column elementor-element elementor-element-80465a9\" data-id=\"80465a9\" data-element_type=\"column\">\n\t\t\t<div class=\"elementor-widget-wrap elementor-element-populated\">\n\t\t\t\t\t\t\t\t<div class=\"elementor-element elementor-element-5dd2535 elementor-view-framed elementor-position-left elementor-shape-circle elementor-mobile-position-top elementor-vertical-align-top elementor-widget elementor-widget-icon-box\" data-id=\"5dd2535\" data-element_type=\"widget\" data-widget_type=\"icon-box.default\">\n\t\t\t\t<div class=\"elementor-widget-container\">\n\t\t\t\t\t<div class=\"elementor-icon-box-wrapper\">\n\t\t\t\t\t\t<div class=\"elementor-icon-box-icon\">\n\t\t\t\t<span class=\"elementor-icon elementor-animation-\" >\n\t\t\t\t<i aria-hidden=\"true\" class=\"fas fa-star\"><\/i>\t\t\t\t<\/span>\n\t\t\t<\/div>\n\t\t\t\t\t\t<div class=\"elementor-icon-box-content\">\n\t\t\t\t<h3 class=\"elementor-icon-box-title\">\n\t\t\t\t\t<span  >\n\t\t\t\t\t\tNajbolj\u0161a kakovost\t\t\t\t\t<\/span>\n\t\t\t\t<\/h3>\n\t\t\t\t\t\t\t<\/div>\n\t\t<\/div>\n\t\t\t\t<\/div>\n\t\t\t\t<\/div>\n\t\t\t\t\t<\/div>\n\t\t<\/div>\n\t\t\t\t<div class=\"elementor-column elementor-col-25 elementor-top-column elementor-element elementor-element-890332a\" data-id=\"890332a\" data-element_type=\"column\">\n\t\t\t<div class=\"elementor-widget-wrap elementor-element-populated\">\n\t\t\t\t\t\t\t\t<div class=\"elementor-element elementor-element-af0ac2f elementor-view-framed elementor-position-left elementor-shape-circle elementor-mobile-position-top elementor-vertical-align-top elementor-widget elementor-widget-icon-box\" data-id=\"af0ac2f\" data-element_type=\"widget\" data-widget_type=\"icon-box.default\">\n\t\t\t\t<div class=\"elementor-widget-container\">\n\t\t\t\t\t<div class=\"elementor-icon-box-wrapper\">\n\t\t\t\t\t\t<div class=\"elementor-icon-box-icon\">\n\t\t\t\t<span class=\"elementor-icon elementor-animation-\" >\n\t\t\t\t<i aria-hidden=\"true\" class=\"fas fa-thumbs-up\"><\/i>\t\t\t\t<\/span>\n\t\t\t<\/div>\n\t\t\t\t\t\t<div class=\"elementor-icon-box-content\">\n\t\t\t\t<h3 class=\"elementor-icon-box-title\">\n\t\t\t\t\t<span  >\n\t\t\t\t\t\t100% zadovoljstvo\t\t\t\t\t<\/span>\n\t\t\t\t<\/h3>\n\t\t\t\t\t\t\t<\/div>\n\t\t<\/div>\n\t\t\t\t<\/div>\n\t\t\t\t<\/div>\n\t\t\t\t\t<\/div>\n\t\t<\/div>\n\t\t\t\t\t\t\t<\/div>\n\t\t<\/section>\n\t\t\t\t\t\t\t<\/div>\n\t\t","protected":false},"excerpt":{"rendered":"<p>Politika zasebnosti PREGLED Ta pravilnik o zasebnosti opisuje, kako se zbirajo, uporabljajo in delijo va\u0161i osebni podatki, ko obi\u0161\u010dete ali opravite nakup na cheapy-shop.eu (\u00bbspletno mesto\u00ab). OSEBNI PODATKI, KI GA ZBIRAMO Ko obi\u0161\u010dete spletno mesto, samodejno zberemo dolo\u010dene podatke o va\u0161i napravi, vklju\u010dno s podatki o va\u0161em spletnem brskalniku, naslovu IP, \u010dasovnem pasu in nekaterih [&hellip;]<\/p>\n","protected":false},"author":1,"featured_media":0,"parent":0,"menu_order":0,"comment_status":"closed","ping_status":"closed","template":"elementor_header_footer","meta":{"footnotes":""},"acf":[],"_links":{"self":[{"href":"https:\/\/www.cheapy-shop.eu\/si\/wp-json\/wp\/v2\/pages\/6"}],"collection":[{"href":"https:\/\/www.cheapy-shop.eu\/si\/wp-json\/wp\/v2\/pages"}],"about":[{"href":"https:\/\/www.cheapy-shop.eu\/si\/wp-json\/wp\/v2\/types\/page"}],"author":[{"embeddable":true,"href":"https:\/\/www.cheapy-shop.eu\/si\/wp-json\/wp\/v2\/users\/1"}],"replies":[{"embeddable":true,"href":"https:\/\/www.cheapy-shop.eu\/si\/wp-json\/wp\/v2\/comments?post=6"}],"version-history":[{"count":3,"href":"https:\/\/www.cheapy-shop.eu\/si\/wp-json\/wp\/v2\/pages\/6\/revisions"}],"predecessor-version":[{"id":3015,"href":"https:\/\/www.cheapy-shop.eu\/si\/wp-json\/wp\/v2\/pages\/6\/revisions\/3015"}],"wp:attachment":[{"href":"https:\/\/www.cheapy-shop.eu\/si\/wp-json\/wp\/v2\/media?parent=6"}],"curies":[{"name":"wp","href":"https:\/\/api.w.org\/{rel}","templated":true}]}}