{"id":24,"date":"2021-09-06T18:03:25","date_gmt":"2021-09-06T18:03:25","guid":{"rendered":"https:\/\/cheapy-shop.eu\/si\/?page_id=24"},"modified":"2022-07-01T14:35:46","modified_gmt":"2022-07-01T13:35:46","slug":"politika-vracila","status":"publish","type":"page","link":"https:\/\/www.cheapy-shop.eu\/si\/politika-vracila\/","title":{"rendered":"Politika vra\u010dila"},"content":{"rendered":"\t\t<div data-elementor-type=\"wp-page\" data-elementor-id=\"24\" class=\"elementor elementor-24\">\n\t\t\t\t\t\t\t\t\t<section class=\"elementor-section elementor-top-section elementor-element elementor-element-faa88a7 elementor-section-boxed elementor-section-height-default elementor-section-height-default\" data-id=\"faa88a7\" data-element_type=\"section\" data-settings=\"{&quot;background_background&quot;:&quot;classic&quot;}\">\n\t\t\t\t\t\t\t<div class=\"elementor-background-overlay\"><\/div>\n\t\t\t\t\t\t\t<div class=\"elementor-container elementor-column-gap-default\">\n\t\t\t\t\t<div class=\"elementor-column elementor-col-100 elementor-top-column elementor-element elementor-element-cd7eec8\" data-id=\"cd7eec8\" data-element_type=\"column\">\n\t\t\t<div class=\"elementor-widget-wrap elementor-element-populated\">\n\t\t\t\t\t\t\t\t<div class=\"elementor-element elementor-element-feaaaf9 elementor-widget elementor-widget-heading\" data-id=\"feaaaf9\" data-element_type=\"widget\" data-widget_type=\"heading.default\">\n\t\t\t\t<div class=\"elementor-widget-container\">\n\t\t\t<style>\/*! elementor - v3.7.1 - 14-08-2022 *\/\n.elementor-heading-title{padding:0;margin:0;line-height:1}.elementor-widget-heading .elementor-heading-title[class*=elementor-size-]>a{color:inherit;font-size:inherit;line-height:inherit}.elementor-widget-heading .elementor-heading-title.elementor-size-small{font-size:15px}.elementor-widget-heading .elementor-heading-title.elementor-size-medium{font-size:19px}.elementor-widget-heading .elementor-heading-title.elementor-size-large{font-size:29px}.elementor-widget-heading .elementor-heading-title.elementor-size-xl{font-size:39px}.elementor-widget-heading .elementor-heading-title.elementor-size-xxl{font-size:59px}<\/style><h2 class=\"elementor-heading-title elementor-size-default\">Politika vra\u010dila<\/h2>\t\t<\/div>\n\t\t\t\t<\/div>\n\t\t\t\t\t<\/div>\n\t\t<\/div>\n\t\t\t\t\t\t\t<\/div>\n\t\t<\/section>\n\t\t\t\t<section class=\"elementor-section elementor-top-section elementor-element elementor-element-5acd156 elementor-section-boxed elementor-section-height-default elementor-section-height-default\" data-id=\"5acd156\" data-element_type=\"section\">\n\t\t\t\t\t\t<div class=\"elementor-container elementor-column-gap-default\">\n\t\t\t\t\t<div class=\"elementor-column elementor-col-100 elementor-top-column elementor-element elementor-element-4a44ba0\" data-id=\"4a44ba0\" data-element_type=\"column\">\n\t\t\t<div class=\"elementor-widget-wrap elementor-element-populated\">\n\t\t\t\t\t\t\t\t<div class=\"elementor-element elementor-element-04a4f82 elementor-widget elementor-widget-text-editor\" data-id=\"04a4f82\" data-element_type=\"widget\" data-widget_type=\"text-editor.default\">\n\t\t\t\t<div class=\"elementor-widget-container\">\n\t\t\t<style>\/*! elementor - v3.7.1 - 14-08-2022 *\/\n.elementor-widget-text-editor.elementor-drop-cap-view-stacked .elementor-drop-cap{background-color:#818a91;color:#fff}.elementor-widget-text-editor.elementor-drop-cap-view-framed .elementor-drop-cap{color:#818a91;border:3px solid;background-color:transparent}.elementor-widget-text-editor:not(.elementor-drop-cap-view-default) .elementor-drop-cap{margin-top:8px}.elementor-widget-text-editor:not(.elementor-drop-cap-view-default) .elementor-drop-cap-letter{width:1em;height:1em}.elementor-widget-text-editor .elementor-drop-cap{float:left;text-align:center;line-height:1;font-size:50px}.elementor-widget-text-editor .elementor-drop-cap-letter{display:inline-block}<\/style>\t\t\t\t<div id=\"Content\"><div id=\"Translation\"><h3><span style=\"font-weight: 400\">PREGLED<\/span><\/h3><p><span style=\"font-weight: 400\">Na\u0161a politika velja 14 dni. \u010ce je od nakupa minilo 14 dni, vam \u017eal ne moremo ponuditi vra\u010dila ali zamenjave.<\/span><\/p><p><span style=\"font-weight: 400\">\u010ce \u017eelite biti upravi\u010den do vra\u010dila, mora biti va\u0161 artikel nerabljen in v enakem stanju, kot ste ga prejeli. Prav tako mora biti v originalni embala\u017ei.<\/span><\/p><p><span style=\"font-weight: 400\">Ve\u010d vrst blaga je izvzetih iz vra\u010dila. Pokvarljivega blaga, kot so hrana, ro\u017ee, \u010dasopisi ali revije, ni mogo\u010de vrniti. Prav tako ne sprejemamo izdelkov, ki so intimno ali sanitarno blago, nevarne snovi ali vnetljive teko\u010dine ali plini.<\/span><\/p><p><span style=\"font-weight: 400\">Dodatni nepovratni predmeti:<\/span><\/p><p><span style=\"font-weight: 400\">* Darilne kartice<\/span><\/p><p><span style=\"font-weight: 400\">* Prenosljivi programski izdelki<\/span><\/p><p><span style=\"font-weight: 400\">* Nekateri izdelki za zdravje in osebno nego<\/span><\/p><p><span style=\"font-weight: 400\">Za dokon\u010danje vra\u010dila potrebujemo ra\u010dun ali dokazilo o nakupu.<\/span><\/p><p><span style=\"font-weight: 400\">Nakupa ne po\u0161iljajte nazaj proizvajalcu.<\/span><\/p><p><span style=\"font-weight: 400\">Obstajajo nekatere situacije, ko se odobrijo le delna povra\u010dila: (\u010de je primerno)<\/span><\/p><p><span style=\"font-weight: 400\">* Knjiga z o\u010ditnimi znaki uporabe<\/span><\/p><p><span style=\"font-weight: 400\">* CD, DVD, VHS trak, programska oprema, video igra, kaseta ali vinilna plo\u0161\u010da, ki je bila odprta.<\/span><\/p><p><span style=\"font-weight: 400\">* Vsak predmet, ki ni v prvotnem stanju, je po\u0161kodovan ali manjkajo\u010di deli iz razlogov, ki niso posledica na\u0161e napake.<\/span><\/p><p><span style=\"font-weight: 400\">* Vsak izdelek, ki je vrnjen ve\u010d kot 14 dni po dostavi.<\/span><\/p><h3><span style=\"font-weight: 400\">VRA\u010cILA<\/span><\/h3><p><span style=\"font-weight: 400\">Ko bo va\u0161e vra\u010dilo prejeto in pregledano, vam bomo poslali e-po\u0161to, da vas obvestimo, da smo prejeli va\u0161 vrnjen artikel. Prav tako vas bomo obvestili o odobritvi ali zavrnitvi va\u0161ega vra\u010dila.<\/span><\/p><p><span style=\"font-weight: 400\">\u010ce ste odobreni, bo va\u0161e vra\u010dilo obdelano, dobroimetje pa bo samodejno dodeljeno va\u0161i kreditni kartici ali izvirnemu na\u010dinu pla\u010dila v dolo\u010denem \u0161tevilu dni.<\/span><\/p><h3><span style=\"font-weight: 400\">ZAPOZNA ALI MANJKAJKA VRA\u010cILA<\/span><\/h3><p><span style=\"font-weight: 400\">\u010ce \u0161e niste prejeli vra\u010dila, najprej znova preverite svoj ban\u010dni ra\u010dun.<\/span><\/p><p><span style=\"font-weight: 400\">Nato se obrnite na izdajatelja kreditne kartice. Morda bo trajalo nekaj \u010dasa, preden bo va\u0161e vra\u010dilo uradno objavljeno.<\/span><\/p><p><span style=\"font-weight: 400\">Nato se obrnite na svojo banko. Pogosto je nekaj \u010dasa obdelave, preden je vra\u010dilo objavljeno.<\/span><\/p><p><span style=\"font-weight: 400\">\u010ce ste naredili vse to in \u0161e vedno niste prejeli vra\u010dila, nas kontaktirajte na admin@cheapy-shop.eu.<\/span><\/p><h3><span style=\"font-weight: 400\">AKCIJSKI PREDMETI<\/span><\/h3><p><span style=\"font-weight: 400\">Vra\u010dilo <\/span><span style=\"font-weight: 400\">je mo\u017eno samo za artikle po rednih cenah, za artikle iz razprodaje \u017eal ni mogo\u010de vrniti denarja.<\/span><\/p><h3><span style=\"font-weight: 400\">MENJAVE<\/span><\/h3><p><span style=\"font-weight: 400\">Predmete zamenjamo le, \u010de so okvarjeni ali po\u0161kodovani. \u010ce ga \u017eelite zamenjati za isti artikel, nam po\u0161ljite e-po\u0161to na admin@cheapy-shop.eu.<\/span><\/p><h3><span style=\"font-weight: 400\">DARILA<\/span><\/h3><p><span style=\"font-weight: 400\">\u010ce je bil artikel ob nakupu ozna\u010den kot darilo in je bil poslan neposredno vam, prejmete darilni dobropis v vrednosti va\u0161ega vra\u010dila. Po prejemu vrnjenega artikla vam po po\u0161ti po\u0161ljemo darilni bon.<\/span><\/p><p><span style=\"font-weight: 400\">\u010ce artikel ob nakupu ni bil ozna\u010den kot darilo ali je obdarovalec naro\u010dil naro\u010dilo odposlal sebi, da bi ga kasneje podarili, bomo obdarovalcu vrnili kupnino in on bo izvedel za va\u0161e vra\u010dilo.<\/span><\/p><h3><span style=\"font-weight: 400\">DOSTAVA<\/span><\/h3><p><span style=\"font-weight: 400\">Za vra\u010dilo izdelka nam po\u0161ljite e-po\u0161to na admin@cheapy-shop.eu za po\u0161tni naslov.<\/span><\/p><p><span style=\"font-weight: 400\">Sami boste odgovorni za pla\u010dilo stro\u0161kov po\u0161iljanja za vra\u010dilo izdelka. Stro\u0161ki po\u0161iljanja se ne povrnejo. \u010ce prejmete vra\u010dilo, se stro\u0161ki po\u0161iljanja za vra\u010dilo od\u0161tejejo od va\u0161ega vra\u010dila.<\/span><\/p><p><span style=\"font-weight: 400\">Odvisno od tega, kje \u017eivite, se lahko \u010das, ki je potreben, da va\u0161 zamenjani izdelek prispe do vas, razlikuje.<\/span><\/p><p><span style=\"font-weight: 400\">Razmislite o uporabi sledljive storitve po\u0161iljanja ali nakupu zavarovanja za po\u0161iljanje. Ne zagotavljamo, da bomo prejeli va\u0161 vrnjen artikel.<\/span><\/p><\/div><\/div>\t\t\t\t\t\t<\/div>\n\t\t\t\t<\/div>\n\t\t\t\t\t<\/div>\n\t\t<\/div>\n\t\t\t\t\t\t\t<\/div>\n\t\t<\/section>\n\t\t\t\t<section class=\"elementor-section elementor-top-section elementor-element elementor-element-b3e8d58 elementor-section-boxed elementor-section-height-default elementor-section-height-default\" data-id=\"b3e8d58\" data-element_type=\"section\" data-settings=\"{&quot;background_background&quot;:&quot;classic&quot;}\">\n\t\t\t\t\t\t<div class=\"elementor-container elementor-column-gap-default\">\n\t\t\t\t\t<div class=\"elementor-column elementor-col-25 elementor-top-column elementor-element elementor-element-83fb815\" data-id=\"83fb815\" data-element_type=\"column\">\n\t\t\t<div class=\"elementor-widget-wrap elementor-element-populated\">\n\t\t\t\t\t\t\t\t<div class=\"elementor-element elementor-element-5c3a18d elementor-view-framed elementor-position-left elementor-shape-circle elementor-mobile-position-top elementor-vertical-align-top elementor-widget elementor-widget-icon-box\" data-id=\"5c3a18d\" data-element_type=\"widget\" data-widget_type=\"icon-box.default\">\n\t\t\t\t<div class=\"elementor-widget-container\">\n\t\t\t<link rel=\"stylesheet\" href=\"https:\/\/www.cheapy-shop.eu\/si\/wp-content\/plugins\/elementor\/assets\/css\/widget-icon-box.min.css\">\t\t<div class=\"elementor-icon-box-wrapper\">\n\t\t\t\t\t\t<div class=\"elementor-icon-box-icon\">\n\t\t\t\t<span class=\"elementor-icon elementor-animation-\" >\n\t\t\t\t<i aria-hidden=\"true\" class=\"fas fa-user-check\"><\/i>\t\t\t\t<\/span>\n\t\t\t<\/div>\n\t\t\t\t\t\t<div class=\"elementor-icon-box-content\">\n\t\t\t\t<h3 class=\"elementor-icon-box-title\">\n\t\t\t\t\t<span  >\n\t\t\t\t\t\t100% varno\t\t\t\t\t<\/span>\n\t\t\t\t<\/h3>\n\t\t\t\t\t\t\t<\/div>\n\t\t<\/div>\n\t\t\t\t<\/div>\n\t\t\t\t<\/div>\n\t\t\t\t\t<\/div>\n\t\t<\/div>\n\t\t\t\t<div class=\"elementor-column elementor-col-25 elementor-top-column elementor-element elementor-element-023463b\" data-id=\"023463b\" data-element_type=\"column\">\n\t\t\t<div class=\"elementor-widget-wrap elementor-element-populated\">\n\t\t\t\t\t\t\t\t<div class=\"elementor-element elementor-element-2292c0f elementor-view-framed elementor-position-left elementor-shape-circle elementor-mobile-position-top elementor-vertical-align-top elementor-widget elementor-widget-icon-box\" data-id=\"2292c0f\" data-element_type=\"widget\" data-widget_type=\"icon-box.default\">\n\t\t\t\t<div class=\"elementor-widget-container\">\n\t\t\t\t\t<div class=\"elementor-icon-box-wrapper\">\n\t\t\t\t\t\t<div class=\"elementor-icon-box-icon\">\n\t\t\t\t<span class=\"elementor-icon elementor-animation-\" >\n\t\t\t\t<i aria-hidden=\"true\" class=\"fas fa-truck\"><\/i>\t\t\t\t<\/span>\n\t\t\t<\/div>\n\t\t\t\t\t\t<div class=\"elementor-icon-box-content\">\n\t\t\t\t<h3 class=\"elementor-icon-box-title\">\n\t\t\t\t\t<span  >\n\t\t\t\t\t\tHitro po\u0161iljanje\t\t\t\t\t<\/span>\n\t\t\t\t<\/h3>\n\t\t\t\t\t\t\t<\/div>\n\t\t<\/div>\n\t\t\t\t<\/div>\n\t\t\t\t<\/div>\n\t\t\t\t\t<\/div>\n\t\t<\/div>\n\t\t\t\t<div class=\"elementor-column elementor-col-25 elementor-top-column elementor-element elementor-element-2c2b2c1\" data-id=\"2c2b2c1\" data-element_type=\"column\">\n\t\t\t<div class=\"elementor-widget-wrap elementor-element-populated\">\n\t\t\t\t\t\t\t\t<div class=\"elementor-element elementor-element-21efe85 elementor-view-framed elementor-position-left elementor-shape-circle elementor-mobile-position-top elementor-vertical-align-top elementor-widget elementor-widget-icon-box\" data-id=\"21efe85\" data-element_type=\"widget\" data-widget_type=\"icon-box.default\">\n\t\t\t\t<div class=\"elementor-widget-container\">\n\t\t\t\t\t<div class=\"elementor-icon-box-wrapper\">\n\t\t\t\t\t\t<div class=\"elementor-icon-box-icon\">\n\t\t\t\t<span class=\"elementor-icon elementor-animation-\" >\n\t\t\t\t<i aria-hidden=\"true\" class=\"fas fa-star\"><\/i>\t\t\t\t<\/span>\n\t\t\t<\/div>\n\t\t\t\t\t\t<div class=\"elementor-icon-box-content\">\n\t\t\t\t<h3 class=\"elementor-icon-box-title\">\n\t\t\t\t\t<span  >\n\t\t\t\t\t\tNajbolj\u0161a kakovost\t\t\t\t\t<\/span>\n\t\t\t\t<\/h3>\n\t\t\t\t\t\t\t<\/div>\n\t\t<\/div>\n\t\t\t\t<\/div>\n\t\t\t\t<\/div>\n\t\t\t\t\t<\/div>\n\t\t<\/div>\n\t\t\t\t<div class=\"elementor-column elementor-col-25 elementor-top-column elementor-element elementor-element-1fe8c82\" data-id=\"1fe8c82\" data-element_type=\"column\">\n\t\t\t<div class=\"elementor-widget-wrap elementor-element-populated\">\n\t\t\t\t\t\t\t\t<div class=\"elementor-element elementor-element-617bf0b elementor-view-framed elementor-position-left elementor-shape-circle elementor-mobile-position-top elementor-vertical-align-top elementor-widget elementor-widget-icon-box\" data-id=\"617bf0b\" data-element_type=\"widget\" data-widget_type=\"icon-box.default\">\n\t\t\t\t<div class=\"elementor-widget-container\">\n\t\t\t\t\t<div class=\"elementor-icon-box-wrapper\">\n\t\t\t\t\t\t<div class=\"elementor-icon-box-icon\">\n\t\t\t\t<span class=\"elementor-icon elementor-animation-\" >\n\t\t\t\t<i aria-hidden=\"true\" class=\"fas fa-thumbs-up\"><\/i>\t\t\t\t<\/span>\n\t\t\t<\/div>\n\t\t\t\t\t\t<div class=\"elementor-icon-box-content\">\n\t\t\t\t<h3 class=\"elementor-icon-box-title\">\n\t\t\t\t\t<span  >\n\t\t\t\t\t\t100% zadovoljstvo\t\t\t\t\t<\/span>\n\t\t\t\t<\/h3>\n\t\t\t\t\t\t\t<\/div>\n\t\t<\/div>\n\t\t\t\t<\/div>\n\t\t\t\t<\/div>\n\t\t\t\t\t<\/div>\n\t\t<\/div>\n\t\t\t\t\t\t\t<\/div>\n\t\t<\/section>\n\t\t\t\t\t\t\t<\/div>\n\t\t","protected":false},"excerpt":{"rendered":"<p>Politika vra\u010dila PREGLED Na\u0161a politika velja 14 dni. \u010ce je od nakupa minilo 14 dni, vam \u017eal ne moremo ponuditi vra\u010dila ali zamenjave. \u010ce \u017eelite biti upravi\u010den do vra\u010dila, mora biti va\u0161 artikel nerabljen in v enakem stanju, kot ste ga prejeli. Prav tako mora biti v originalni embala\u017ei. Ve\u010d vrst blaga je izvzetih iz [&hellip;]<\/p>\n","protected":false},"author":1,"featured_media":0,"parent":0,"menu_order":0,"comment_status":"closed","ping_status":"closed","template":"","meta":{"footnotes":""},"acf":[],"_links":{"self":[{"href":"https:\/\/www.cheapy-shop.eu\/si\/wp-json\/wp\/v2\/pages\/24"}],"collection":[{"href":"https:\/\/www.cheapy-shop.eu\/si\/wp-json\/wp\/v2\/pages"}],"about":[{"href":"https:\/\/www.cheapy-shop.eu\/si\/wp-json\/wp\/v2\/types\/page"}],"author":[{"embeddable":true,"href":"https:\/\/www.cheapy-shop.eu\/si\/wp-json\/wp\/v2\/users\/1"}],"replies":[{"embeddable":true,"href":"https:\/\/www.cheapy-shop.eu\/si\/wp-json\/wp\/v2\/comments?post=24"}],"version-history":[{"count":3,"href":"https:\/\/www.cheapy-shop.eu\/si\/wp-json\/wp\/v2\/pages\/24\/revisions"}],"predecessor-version":[{"id":3012,"href":"https:\/\/www.cheapy-shop.eu\/si\/wp-json\/wp\/v2\/pages\/24\/revisions\/3012"}],"wp:attachment":[{"href":"https:\/\/www.cheapy-shop.eu\/si\/wp-json\/wp\/v2\/media?parent=24"}],"curies":[{"name":"wp","href":"https:\/\/api.w.org\/{rel}","templated":true}]}}