{"id":6,"date":"2021-09-06T17:59:20","date_gmt":"2021-09-06T17:59:20","guid":{"rendered":"https:\/\/cheapy-shop.eu\/en\/?page_id=6"},"modified":"2022-07-01T16:36:59","modified_gmt":"2022-07-01T13:36:59","slug":"politica-de-returnare","status":"publish","type":"page","link":"https:\/\/www.cheapy-shop.eu\/ro\/politica-de-returnare\/","title":{"rendered":"Politica De Returnare"},"content":{"rendered":"\t\t<div data-elementor-type=\"wp-page\" data-elementor-id=\"6\" class=\"elementor elementor-6\">\n\t\t\t\t\t\t\t\t\t<section class=\"elementor-section elementor-top-section elementor-element elementor-element-a2ffd3d elementor-section-boxed elementor-section-height-default elementor-section-height-default\" data-id=\"a2ffd3d\" data-element_type=\"section\" data-settings=\"{&quot;background_background&quot;:&quot;classic&quot;}\">\n\t\t\t\t\t\t\t<div class=\"elementor-background-overlay\"><\/div>\n\t\t\t\t\t\t\t<div class=\"elementor-container elementor-column-gap-default\">\n\t\t\t\t\t<div class=\"elementor-column elementor-col-100 elementor-top-column elementor-element elementor-element-0a1f51f\" data-id=\"0a1f51f\" data-element_type=\"column\">\n\t\t\t<div class=\"elementor-widget-wrap elementor-element-populated\">\n\t\t\t\t\t\t\t\t<div class=\"elementor-element elementor-element-7448d3b elementor-widget elementor-widget-heading\" data-id=\"7448d3b\" data-element_type=\"widget\" data-widget_type=\"heading.default\">\n\t\t\t\t<div class=\"elementor-widget-container\">\n\t\t\t<style>\/*! elementor - v3.7.1 - 14-08-2022 *\/\n.elementor-heading-title{padding:0;margin:0;line-height:1}.elementor-widget-heading .elementor-heading-title[class*=elementor-size-]>a{color:inherit;font-size:inherit;line-height:inherit}.elementor-widget-heading .elementor-heading-title.elementor-size-small{font-size:15px}.elementor-widget-heading .elementor-heading-title.elementor-size-medium{font-size:19px}.elementor-widget-heading .elementor-heading-title.elementor-size-large{font-size:29px}.elementor-widget-heading .elementor-heading-title.elementor-size-xl{font-size:39px}.elementor-widget-heading .elementor-heading-title.elementor-size-xxl{font-size:59px}<\/style><h2 class=\"elementor-heading-title elementor-size-default\">Politica De Returnare<\/h2>\t\t<\/div>\n\t\t\t\t<\/div>\n\t\t\t\t\t<\/div>\n\t\t<\/div>\n\t\t\t\t\t\t\t<\/div>\n\t\t<\/section>\n\t\t\t\t<section class=\"elementor-section elementor-top-section elementor-element elementor-element-a25a2ea elementor-section-boxed elementor-section-height-default elementor-section-height-default\" data-id=\"a25a2ea\" data-element_type=\"section\">\n\t\t\t\t\t\t<div class=\"elementor-container elementor-column-gap-default\">\n\t\t\t\t\t<div class=\"elementor-column elementor-col-100 elementor-top-column elementor-element elementor-element-d40b93e\" data-id=\"d40b93e\" data-element_type=\"column\">\n\t\t\t<div class=\"elementor-widget-wrap elementor-element-populated\">\n\t\t\t\t\t\t\t\t<div class=\"elementor-element elementor-element-65c6c82 elementor-widget elementor-widget-text-editor\" data-id=\"65c6c82\" data-element_type=\"widget\" data-widget_type=\"text-editor.default\">\n\t\t\t\t<div class=\"elementor-widget-container\">\n\t\t\t<style>\/*! elementor - v3.7.1 - 14-08-2022 *\/\n.elementor-widget-text-editor.elementor-drop-cap-view-stacked .elementor-drop-cap{background-color:#818a91;color:#fff}.elementor-widget-text-editor.elementor-drop-cap-view-framed .elementor-drop-cap{color:#818a91;border:3px solid;background-color:transparent}.elementor-widget-text-editor:not(.elementor-drop-cap-view-default) .elementor-drop-cap{margin-top:8px}.elementor-widget-text-editor:not(.elementor-drop-cap-view-default) .elementor-drop-cap-letter{width:1em;height:1em}.elementor-widget-text-editor .elementor-drop-cap{float:left;text-align:center;line-height:1;font-size:50px}.elementor-widget-text-editor .elementor-drop-cap-letter{display:inline-block}<\/style>\t\t\t\t<div id=\"Content\"><div id=\"Translation\"><h3><span style=\"font-weight: 400;\">PREZENTARE GENERAL\u0102<\/span><\/h3><p><span style=\"font-weight: 400;\">Politica noastr\u0103 dureaz\u0103 14 zile. Dac\u0103 au trecut 14 zile de la achizi\u021bie, din p\u0103cate nu v\u0103 putem oferi o rambursare sau un schimb.<\/span><\/p><p><span style=\"font-weight: 400;\">Pentru a fi eligibil pentru returnare, articolul dumneavoastr\u0103 trebuie s\u0103 fie nefolosit \u0219i \u00een aceea\u0219i stare \u00een care l-a\u021bi primit. De asemenea, trebuie s\u0103 fie \u00een ambalajul original.<\/span><\/p><p><span style=\"font-weight: 400;\">Mai multe tipuri de bunuri sunt scutite de a fi returnate. Bunurile perisabile precum alimente, flori, ziare sau reviste nu pot fi returnate. De asemenea, nu accept\u0103m produse care sunt bunuri intime sau sanitare, materiale periculoase sau lichide sau gaze inflamabile.<\/span><\/p><p><span style=\"font-weight: 400;\">Articole suplimentare care nu pot fi returnate:<\/span><\/p><p><span style=\"font-weight: 400;\">* Carduri cadou<\/span><\/p><p><span style=\"font-weight: 400;\">* Produse software desc\u0103rcabile<\/span><\/p><p><span style=\"font-weight: 400;\">* Unele articole de s\u0103n\u0103tate \u0219i de \u00eengrijire personal\u0103<\/span><\/p><p><span style=\"font-weight: 400;\">Pentru a finaliza returnarea, avem nevoie de o chitan\u021b\u0103 sau o dovad\u0103 de cump\u0103rare.<\/span><\/p><p><span style=\"font-weight: 400;\">V\u0103 rug\u0103m s\u0103 nu trimite\u021bi achizi\u021bia \u00eenapoi produc\u0103torului.<\/span><\/p><p><span style=\"font-weight: 400;\">Exist\u0103 anumite situa\u021bii \u00een care se acord\u0103 doar ramburs\u0103ri par\u021biale: (dac\u0103 este cazul)<\/span><\/p><p><span style=\"font-weight: 400;\">* Carte cu semne evidente de utilizare<\/span><\/p><p><span style=\"font-weight: 400;\">* CD, DVD, caset\u0103 VHS, software, joc video, caset\u0103 sau disc de vinil care a fost deschis.<\/span><\/p><p><span style=\"font-weight: 400;\">* Orice articol care nu se afl\u0103 \u00een starea ini\u021bial\u0103, este deteriorat sau lipse\u0219te piese din motive care nu se datoreaz\u0103 erorii noastre.<\/span><\/p><p><span style=\"font-weight: 400;\">* Orice articol care este returnat la mai mult de 14 zile de la livrare<\/span><\/p><h3><span style=\"font-weight: 400;\">REMBUR\u0102RI<\/span><\/h3><p><span style=\"font-weight: 400;\">Odat\u0103 ce returnarea dvs. este primit\u0103 \u0219i inspectat\u0103, v\u0103 vom trimite un e-mail pentru a v\u0103 anun\u021ba c\u0103 am primit articolul returnat. De asemenea, v\u0103 vom anun\u021ba cu privire la aprobarea sau respingerea ramburs\u0103rii.<\/span><\/p><p><span style=\"font-weight: 400;\">Dac\u0103 sunte\u021bi aprobat, rambursarea dvs. va fi procesat\u0103 \u0219i un credit va fi aplicat automat cardului dvs. de credit sau metodei ini\u021biale de plat\u0103, \u00eentr-un anumit num\u0103r de zile.<\/span><\/p><h3><span style=\"font-weight: 400;\">RAMBUR\u0102RI \u00ceNT\u00c2RZII SAU LIPS\u0102<\/span><\/h3><p><span style=\"font-weight: 400;\">Dac\u0103 nu a\u021bi primit \u00eenc\u0103 o rambursare, mai \u00eent\u00e2i verifica\u021bi din nou contul dvs. bancar.<\/span><\/p><p><span style=\"font-weight: 400;\">Apoi contacta\u021bi compania dvs. de card de credit, poate dura ceva timp p\u00e2n\u0103 c\u00e2nd rambursarea dvs. este publicat\u0103 oficial.<\/span><\/p><p><span style=\"font-weight: 400;\">Apoi contacta\u021bi banca dvs. Exist\u0103 adesea un timp de procesare \u00eenainte ca o rambursare s\u0103 fie postat\u0103.<\/span><\/p><p><span style=\"font-weight: 400;\">Dac\u0103 a\u021bi f\u0103cut toate acestea \u0219i \u00eenc\u0103 nu a\u021bi primit rambursarea, v\u0103 rug\u0103m s\u0103 ne contacta\u021bi la admin@cheapy-shop.eu.<\/span><\/p><h3><span style=\"font-weight: 400;\">ARTICOLE DE V\u00c2NZARE<\/span><\/h3><p><span style=\"font-weight: 400;\">Doar articolele cu pre\u021b obi\u0219nuit pot fi rambursate, din p\u0103cate articolele de v\u00e2nzare nu pot fi rambursate.<\/span><\/p><h3><span style=\"font-weight: 400;\">SCHIMBURI<\/span><\/h3><p><span style=\"font-weight: 400;\">\u00cenlocuim articolele numai dac\u0103 sunt defecte sau deteriorate. Dac\u0103 trebuie s\u0103 \u00eel schimba\u021bi cu acela\u0219i articol, trimite\u021bi-ne un e-mail la admin@cheapy-shop.eu.<\/span><\/p><h3><span style=\"font-weight: 400;\">CADOURI<\/span><\/h3><p><span style=\"font-weight: 400;\">Dac\u0103 articolul a fost marcat ca cadou la cump\u0103rare \u0219i expediat direct c\u0103tre dvs., ve\u021bi primi un credit cadou pentru valoarea return\u0103rii dvs. Odat\u0103 ce articolul returnat este primit, vi se va trimite un certificat cadou.<\/span><\/p><p><span style=\"font-weight: 400;\">\u00cen cazul \u00een care articolul nu a fost marcat ca cadou la cump\u0103rare, sau persoana care a primit cadoul a primit comanda pentru a vi-o oferi mai t\u00e2rziu, vom trimite o rambursare celui care a oferit cadoul \u0219i el va afla despre returnarea dvs.<\/span><\/p><h3><span style=\"font-weight: 400;\">LIVRARE<\/span><\/h3><p><span style=\"font-weight: 400;\">Pentru a v\u0103 returna produsul, trimite\u021bi-ne un e-mail la admin@cheapy-shop.eu\u00a0 pentru adresa po\u0219tal\u0103.<\/span><\/p><p><span style=\"font-weight: 400;\">Ve\u021bi fi responsabil pentru plata propriilor costuri de transport pentru returnarea articolului. Costurile de transport sunt nerambursabile. Dac\u0103 primi\u021bi o rambursare, costul transportului de retur va fi dedus din rambursare.<\/span><\/p><p><span style=\"font-weight: 400;\">\u00cen func\u021bie de locul \u00een care locui\u021bi, timpul necesar pentru ca produsul dvs. schimbat s\u0103 ajung\u0103 la dvs. poate varia.<\/span><\/p><p><span style=\"font-weight: 400;\">Ar trebui s\u0103 lua\u021bi \u00een considerare utilizarea unui serviciu de expediere urm\u0103ribil sau achizi\u021bionarea unei asigur\u0103ri de transport. Nu v\u0103 garant\u0103m c\u0103 vom primi articolul returnat.<\/span><\/p><\/div><\/div>\t\t\t\t\t\t<\/div>\n\t\t\t\t<\/div>\n\t\t\t\t\t<\/div>\n\t\t<\/div>\n\t\t\t\t\t\t\t<\/div>\n\t\t<\/section>\n\t\t\t\t<section class=\"elementor-section elementor-top-section elementor-element elementor-element-aaad8c2 elementor-section-boxed elementor-section-height-default elementor-section-height-default\" data-id=\"aaad8c2\" data-element_type=\"section\" data-settings=\"{&quot;background_background&quot;:&quot;classic&quot;}\">\n\t\t\t\t\t\t<div class=\"elementor-container elementor-column-gap-default\">\n\t\t\t\t\t<div class=\"elementor-column elementor-col-25 elementor-top-column elementor-element elementor-element-4fa8cb0\" data-id=\"4fa8cb0\" data-element_type=\"column\">\n\t\t\t<div class=\"elementor-widget-wrap elementor-element-populated\">\n\t\t\t\t\t\t\t\t<div class=\"elementor-element elementor-element-7b97c73 elementor-view-framed elementor-position-left elementor-shape-circle elementor-mobile-position-top elementor-vertical-align-top elementor-widget elementor-widget-icon-box\" data-id=\"7b97c73\" data-element_type=\"widget\" data-widget_type=\"icon-box.default\">\n\t\t\t\t<div class=\"elementor-widget-container\">\n\t\t\t<link rel=\"stylesheet\" href=\"https:\/\/www.cheapy-shop.eu\/ro\/wp-content\/plugins\/elementor\/assets\/css\/widget-icon-box.min.css\">\t\t<div class=\"elementor-icon-box-wrapper\">\n\t\t\t\t\t\t<div class=\"elementor-icon-box-icon\">\n\t\t\t\t<span class=\"elementor-icon elementor-animation-\" >\n\t\t\t\t<i aria-hidden=\"true\" class=\"fas fa-user-check\"><\/i>\t\t\t\t<\/span>\n\t\t\t<\/div>\n\t\t\t\t\t\t<div class=\"elementor-icon-box-content\">\n\t\t\t\t<h3 class=\"elementor-icon-box-title\">\n\t\t\t\t\t<span  >\n\t\t\t\t\t\t100% Secure\t\t\t\t\t<\/span>\n\t\t\t\t<\/h3>\n\t\t\t\t\t\t\t<\/div>\n\t\t<\/div>\n\t\t\t\t<\/div>\n\t\t\t\t<\/div>\n\t\t\t\t\t<\/div>\n\t\t<\/div>\n\t\t\t\t<div class=\"elementor-column elementor-col-25 elementor-top-column elementor-element elementor-element-62e4f4a\" data-id=\"62e4f4a\" data-element_type=\"column\">\n\t\t\t<div class=\"elementor-widget-wrap elementor-element-populated\">\n\t\t\t\t\t\t\t\t<div class=\"elementor-element elementor-element-f5e9bdd elementor-view-framed elementor-position-left elementor-shape-circle elementor-mobile-position-top elementor-vertical-align-top elementor-widget elementor-widget-icon-box\" data-id=\"f5e9bdd\" data-element_type=\"widget\" data-widget_type=\"icon-box.default\">\n\t\t\t\t<div class=\"elementor-widget-container\">\n\t\t\t\t\t<div class=\"elementor-icon-box-wrapper\">\n\t\t\t\t\t\t<div class=\"elementor-icon-box-icon\">\n\t\t\t\t<span class=\"elementor-icon elementor-animation-\" >\n\t\t\t\t<i aria-hidden=\"true\" class=\"fas fa-truck\"><\/i>\t\t\t\t<\/span>\n\t\t\t<\/div>\n\t\t\t\t\t\t<div class=\"elementor-icon-box-content\">\n\t\t\t\t<h3 class=\"elementor-icon-box-title\">\n\t\t\t\t\t<span  >\n\t\t\t\t\t\tFast Shipping\t\t\t\t\t<\/span>\n\t\t\t\t<\/h3>\n\t\t\t\t\t\t\t<\/div>\n\t\t<\/div>\n\t\t\t\t<\/div>\n\t\t\t\t<\/div>\n\t\t\t\t\t<\/div>\n\t\t<\/div>\n\t\t\t\t<div class=\"elementor-column elementor-col-25 elementor-top-column elementor-element elementor-element-fb1a66d\" data-id=\"fb1a66d\" data-element_type=\"column\">\n\t\t\t<div class=\"elementor-widget-wrap elementor-element-populated\">\n\t\t\t\t\t\t\t\t<div class=\"elementor-element elementor-element-f9ed27e elementor-view-framed elementor-position-left elementor-shape-circle elementor-mobile-position-top elementor-vertical-align-top elementor-widget elementor-widget-icon-box\" data-id=\"f9ed27e\" data-element_type=\"widget\" data-widget_type=\"icon-box.default\">\n\t\t\t\t<div class=\"elementor-widget-container\">\n\t\t\t\t\t<div class=\"elementor-icon-box-wrapper\">\n\t\t\t\t\t\t<div class=\"elementor-icon-box-icon\">\n\t\t\t\t<span class=\"elementor-icon elementor-animation-\" >\n\t\t\t\t<i aria-hidden=\"true\" class=\"fas fa-star\"><\/i>\t\t\t\t<\/span>\n\t\t\t<\/div>\n\t\t\t\t\t\t<div class=\"elementor-icon-box-content\">\n\t\t\t\t<h3 class=\"elementor-icon-box-title\">\n\t\t\t\t\t<span  >\n\t\t\t\t\t\tBest Quality\t\t\t\t\t<\/span>\n\t\t\t\t<\/h3>\n\t\t\t\t\t\t\t<\/div>\n\t\t<\/div>\n\t\t\t\t<\/div>\n\t\t\t\t<\/div>\n\t\t\t\t\t<\/div>\n\t\t<\/div>\n\t\t\t\t<div class=\"elementor-column elementor-col-25 elementor-top-column elementor-element elementor-element-e355a7c\" data-id=\"e355a7c\" data-element_type=\"column\">\n\t\t\t<div class=\"elementor-widget-wrap elementor-element-populated\">\n\t\t\t\t\t\t\t\t<div class=\"elementor-element elementor-element-f34637d elementor-view-framed elementor-position-left elementor-shape-circle elementor-mobile-position-top elementor-vertical-align-top elementor-widget elementor-widget-icon-box\" data-id=\"f34637d\" data-element_type=\"widget\" data-widget_type=\"icon-box.default\">\n\t\t\t\t<div class=\"elementor-widget-container\">\n\t\t\t\t\t<div class=\"elementor-icon-box-wrapper\">\n\t\t\t\t\t\t<div class=\"elementor-icon-box-icon\">\n\t\t\t\t<span class=\"elementor-icon elementor-animation-\" >\n\t\t\t\t<i aria-hidden=\"true\" class=\"fas fa-thumbs-up\"><\/i>\t\t\t\t<\/span>\n\t\t\t<\/div>\n\t\t\t\t\t\t<div class=\"elementor-icon-box-content\">\n\t\t\t\t<h3 class=\"elementor-icon-box-title\">\n\t\t\t\t\t<span  >\n\t\t\t\t\t\t100% Satisfaction\t\t\t\t\t<\/span>\n\t\t\t\t<\/h3>\n\t\t\t\t\t\t\t<\/div>\n\t\t<\/div>\n\t\t\t\t<\/div>\n\t\t\t\t<\/div>\n\t\t\t\t\t<\/div>\n\t\t<\/div>\n\t\t\t\t\t\t\t<\/div>\n\t\t<\/section>\n\t\t\t\t\t\t\t<\/div>\n\t\t","protected":false},"excerpt":{"rendered":"<p>Politica De Returnare PREZENTARE GENERAL\u0102 Politica noastr\u0103 dureaz\u0103 14 zile. Dac\u0103 au trecut 14 zile de la achizi\u021bie, din p\u0103cate nu v\u0103 putem oferi o rambursare sau un schimb. Pentru a fi eligibil pentru returnare, articolul dumneavoastr\u0103 trebuie s\u0103 fie nefolosit \u0219i \u00een aceea\u0219i stare \u00een care l-a\u021bi primit. De asemenea, trebuie s\u0103 fie \u00een [&hellip;]<\/p>\n","protected":false},"author":1,"featured_media":0,"parent":0,"menu_order":0,"comment_status":"closed","ping_status":"closed","template":"elementor_header_footer","meta":{"footnotes":""},"acf":[],"_links":{"self":[{"href":"https:\/\/www.cheapy-shop.eu\/ro\/wp-json\/wp\/v2\/pages\/6"}],"collection":[{"href":"https:\/\/www.cheapy-shop.eu\/ro\/wp-json\/wp\/v2\/pages"}],"about":[{"href":"https:\/\/www.cheapy-shop.eu\/ro\/wp-json\/wp\/v2\/types\/page"}],"author":[{"embeddable":true,"href":"https:\/\/www.cheapy-shop.eu\/ro\/wp-json\/wp\/v2\/users\/1"}],"replies":[{"embeddable":true,"href":"https:\/\/www.cheapy-shop.eu\/ro\/wp-json\/wp\/v2\/comments?post=6"}],"version-history":[{"count":3,"href":"https:\/\/www.cheapy-shop.eu\/ro\/wp-json\/wp\/v2\/pages\/6\/revisions"}],"predecessor-version":[{"id":3065,"href":"https:\/\/www.cheapy-shop.eu\/ro\/wp-json\/wp\/v2\/pages\/6\/revisions\/3065"}],"wp:attachment":[{"href":"https:\/\/www.cheapy-shop.eu\/ro\/wp-json\/wp\/v2\/media?parent=6"}],"curies":[{"name":"wp","href":"https:\/\/api.w.org\/{rel}","templated":true}]}}