{"id":42,"date":"2021-09-06T19:26:02","date_gmt":"2021-09-06T19:26:02","guid":{"rendered":"https:\/\/cheapy-shop.eu\/en\/?page_id=42"},"modified":"2022-07-01T16:36:53","modified_gmt":"2022-07-01T13:36:53","slug":"home","status":"publish","type":"page","link":"https:\/\/www.cheapy-shop.eu\/ro\/","title":{"rendered":"Home"},"content":{"rendered":"\t\t<div data-elementor-type=\"wp-page\" data-elementor-id=\"42\" class=\"elementor elementor-42\">\n\t\t\t\t\t\t\t\t\t<section class=\"elementor-section elementor-top-section elementor-element elementor-element-aa5090d elementor-section-boxed elementor-section-height-default elementor-section-height-default\" data-id=\"aa5090d\" data-element_type=\"section\" data-settings=\"{&quot;background_background&quot;:&quot;classic&quot;}\">\n\t\t\t\t\t\t\t<div class=\"elementor-background-overlay\"><\/div>\n\t\t\t\t\t\t\t<div class=\"elementor-container elementor-column-gap-default\">\n\t\t\t\t\t<div class=\"elementor-column elementor-col-100 elementor-top-column elementor-element elementor-element-555b3c4\" data-id=\"555b3c4\" data-element_type=\"column\">\n\t\t\t<div class=\"elementor-widget-wrap elementor-element-populated\">\n\t\t\t\t\t\t\t\t<div class=\"elementor-element elementor-element-a3b6d8b elementor-widget elementor-widget-heading\" data-id=\"a3b6d8b\" data-element_type=\"widget\" data-widget_type=\"heading.default\">\n\t\t\t\t<div class=\"elementor-widget-container\">\n\t\t\t<style>\/*! elementor - v3.7.1 - 14-08-2022 *\/\n.elementor-heading-title{padding:0;margin:0;line-height:1}.elementor-widget-heading .elementor-heading-title[class*=elementor-size-]>a{color:inherit;font-size:inherit;line-height:inherit}.elementor-widget-heading .elementor-heading-title.elementor-size-small{font-size:15px}.elementor-widget-heading .elementor-heading-title.elementor-size-medium{font-size:19px}.elementor-widget-heading .elementor-heading-title.elementor-size-large{font-size:29px}.elementor-widget-heading .elementor-heading-title.elementor-size-xl{font-size:39px}.elementor-widget-heading .elementor-heading-title.elementor-size-xxl{font-size:59px}<\/style><h2 class=\"elementor-heading-title elementor-size-default\">Experien\u021b\u0103 de cump\u0103r\u0103turi uimitoare\n<\/h2>\t\t<\/div>\n\t\t\t\t<\/div>\n\t\t\t\t<div class=\"elementor-element elementor-element-c67f666 elementor-widget elementor-widget-heading\" data-id=\"c67f666\" data-element_type=\"widget\" data-widget_type=\"heading.default\">\n\t\t\t\t<div class=\"elementor-widget-container\">\n\t\t\t<h2 class=\"elementor-heading-title elementor-size-default\">Cel mai bun v\u00e2nz\u0103tor european<\/h2>\t\t<\/div>\n\t\t\t\t<\/div>\n\t\t\t\t\t<\/div>\n\t\t<\/div>\n\t\t\t\t\t\t\t<\/div>\n\t\t<\/section>\n\t\t\t\t<section class=\"elementor-section elementor-top-section elementor-element elementor-element-4422403 elementor-section-boxed elementor-section-height-default elementor-section-height-default\" data-id=\"4422403\" data-element_type=\"section\" data-settings=\"{&quot;background_background&quot;:&quot;classic&quot;}\">\n\t\t\t\t\t\t<div class=\"elementor-container elementor-column-gap-default\">\n\t\t\t\t\t<div class=\"elementor-column elementor-col-25 elementor-top-column elementor-element elementor-element-6f8cff6\" data-id=\"6f8cff6\" data-element_type=\"column\">\n\t\t\t<div class=\"elementor-widget-wrap elementor-element-populated\">\n\t\t\t\t\t\t\t\t<div class=\"elementor-element elementor-element-725b0ab elementor-view-framed elementor-shape-circle elementor-mobile-position-top elementor-vertical-align-top elementor-widget elementor-widget-icon-box\" data-id=\"725b0ab\" data-element_type=\"widget\" data-widget_type=\"icon-box.default\">\n\t\t\t\t<div class=\"elementor-widget-container\">\n\t\t\t<link rel=\"stylesheet\" href=\"https:\/\/www.cheapy-shop.eu\/ro\/wp-content\/plugins\/elementor\/assets\/css\/widget-icon-box.min.css\">\t\t<div class=\"elementor-icon-box-wrapper\">\n\t\t\t\t\t\t<div class=\"elementor-icon-box-icon\">\n\t\t\t\t<span class=\"elementor-icon elementor-animation-\" >\n\t\t\t\t<i aria-hidden=\"true\" class=\"fas fa-user-check\"><\/i>\t\t\t\t<\/span>\n\t\t\t<\/div>\n\t\t\t\t\t\t<div class=\"elementor-icon-box-content\">\n\t\t\t\t<h3 class=\"elementor-icon-box-title\">\n\t\t\t\t\t<span  >\n\t\t\t\t\t\t100% Sigur\t\t\t\t\t<\/span>\n\t\t\t\t<\/h3>\n\t\t\t\t\t\t\t<\/div>\n\t\t<\/div>\n\t\t\t\t<\/div>\n\t\t\t\t<\/div>\n\t\t\t\t\t<\/div>\n\t\t<\/div>\n\t\t\t\t<div class=\"elementor-column elementor-col-25 elementor-top-column elementor-element elementor-element-1ed9f20\" data-id=\"1ed9f20\" data-element_type=\"column\">\n\t\t\t<div class=\"elementor-widget-wrap elementor-element-populated\">\n\t\t\t\t\t\t\t\t<div class=\"elementor-element elementor-element-d0f6657 elementor-view-framed elementor-shape-circle elementor-mobile-position-top elementor-vertical-align-top elementor-widget elementor-widget-icon-box\" data-id=\"d0f6657\" data-element_type=\"widget\" data-widget_type=\"icon-box.default\">\n\t\t\t\t<div class=\"elementor-widget-container\">\n\t\t\t\t\t<div class=\"elementor-icon-box-wrapper\">\n\t\t\t\t\t\t<div class=\"elementor-icon-box-icon\">\n\t\t\t\t<span class=\"elementor-icon elementor-animation-\" >\n\t\t\t\t<i aria-hidden=\"true\" class=\"fas fa-truck\"><\/i>\t\t\t\t<\/span>\n\t\t\t<\/div>\n\t\t\t\t\t\t<div class=\"elementor-icon-box-content\">\n\t\t\t\t<h3 class=\"elementor-icon-box-title\">\n\t\t\t\t\t<span  >\n\t\t\t\t\t\tLivrare Rapid\u0103\t\t\t\t\t<\/span>\n\t\t\t\t<\/h3>\n\t\t\t\t\t\t\t<\/div>\n\t\t<\/div>\n\t\t\t\t<\/div>\n\t\t\t\t<\/div>\n\t\t\t\t\t<\/div>\n\t\t<\/div>\n\t\t\t\t<div class=\"elementor-column elementor-col-25 elementor-top-column elementor-element elementor-element-43d1091\" data-id=\"43d1091\" data-element_type=\"column\">\n\t\t\t<div class=\"elementor-widget-wrap elementor-element-populated\">\n\t\t\t\t\t\t\t\t<div class=\"elementor-element elementor-element-9a622e1 elementor-view-framed elementor-shape-circle elementor-mobile-position-top elementor-vertical-align-top elementor-widget elementor-widget-icon-box\" data-id=\"9a622e1\" data-element_type=\"widget\" data-widget_type=\"icon-box.default\">\n\t\t\t\t<div class=\"elementor-widget-container\">\n\t\t\t\t\t<div class=\"elementor-icon-box-wrapper\">\n\t\t\t\t\t\t<div class=\"elementor-icon-box-icon\">\n\t\t\t\t<span class=\"elementor-icon elementor-animation-\" >\n\t\t\t\t<i aria-hidden=\"true\" class=\"fas fa-star\"><\/i>\t\t\t\t<\/span>\n\t\t\t<\/div>\n\t\t\t\t\t\t<div class=\"elementor-icon-box-content\">\n\t\t\t\t<h3 class=\"elementor-icon-box-title\">\n\t\t\t\t\t<span  >\n\t\t\t\t\t\tCea Mai Buna Calitate\t\t\t\t\t<\/span>\n\t\t\t\t<\/h3>\n\t\t\t\t\t\t\t<\/div>\n\t\t<\/div>\n\t\t\t\t<\/div>\n\t\t\t\t<\/div>\n\t\t\t\t\t<\/div>\n\t\t<\/div>\n\t\t\t\t<div class=\"elementor-column elementor-col-25 elementor-top-column elementor-element elementor-element-50f6811\" data-id=\"50f6811\" data-element_type=\"column\">\n\t\t\t<div class=\"elementor-widget-wrap elementor-element-populated\">\n\t\t\t\t\t\t\t\t<div class=\"elementor-element elementor-element-b4adccf elementor-view-framed elementor-shape-circle elementor-mobile-position-top elementor-vertical-align-top elementor-widget elementor-widget-icon-box\" data-id=\"b4adccf\" data-element_type=\"widget\" data-widget_type=\"icon-box.default\">\n\t\t\t\t<div class=\"elementor-widget-container\">\n\t\t\t\t\t<div class=\"elementor-icon-box-wrapper\">\n\t\t\t\t\t\t<div class=\"elementor-icon-box-icon\">\n\t\t\t\t<span class=\"elementor-icon elementor-animation-\" >\n\t\t\t\t<i aria-hidden=\"true\" class=\"fas fa-thumbs-up\"><\/i>\t\t\t\t<\/span>\n\t\t\t<\/div>\n\t\t\t\t\t\t<div class=\"elementor-icon-box-content\">\n\t\t\t\t<h3 class=\"elementor-icon-box-title\">\n\t\t\t\t\t<span  >\n\t\t\t\t\t\t100% Satisfac\u021bie\t\t\t\t\t<\/span>\n\t\t\t\t<\/h3>\n\t\t\t\t\t\t\t<\/div>\n\t\t<\/div>\n\t\t\t\t<\/div>\n\t\t\t\t<\/div>\n\t\t\t\t\t<\/div>\n\t\t<\/div>\n\t\t\t\t\t\t\t<\/div>\n\t\t<\/section>\n\t\t\t\t<section class=\"elementor-section elementor-top-section elementor-element elementor-element-7e81cc9 elementor-reverse-mobile elementor-section-boxed elementor-section-height-default elementor-section-height-default\" data-id=\"7e81cc9\" data-element_type=\"section\" data-settings=\"{&quot;background_background&quot;:&quot;gradient&quot;}\">\n\t\t\t\t\t\t<div class=\"elementor-container elementor-column-gap-default\">\n\t\t\t\t\t<div class=\"elementor-column elementor-col-100 elementor-top-column elementor-element elementor-element-8ed5d09\" data-id=\"8ed5d09\" data-element_type=\"column\">\n\t\t\t<div class=\"elementor-widget-wrap elementor-element-populated\">\n\t\t\t\t\t\t\t\t<div class=\"elementor-element elementor-element-c704bf8 elementor-product-loop-item--align-center elementor-grid-4 elementor-grid-tablet-3 elementor-grid-mobile-2 elementor-products-grid elementor-wc-products elementor-show-pagination-border-yes elementor-widget elementor-widget-woocommerce-products\" data-id=\"c704bf8\" data-element_type=\"widget\" id=\"custom_shop\" data-widget_type=\"woocommerce-products.default\">\n\t\t\t\t<div class=\"elementor-widget-container\">\n\t\t\t<link rel=\"stylesheet\" href=\"https:\/\/www.cheapy-shop.eu\/ro\/wp-content\/plugins\/elementor-pro\/assets\/css\/widget-woocommerce.min.css\"><div class=\"woocommerce columns-4 \"><div class=\"woocommerce-notices-wrapper\"><\/div><ul class=\"products elementor-grid columns-4\">\n<li class=\"product type-product post-1599 status-publish first instock product_cat-other has-post-thumbnail shipping-taxable purchasable product-type-simple\">\n\t<a href=\"\" class=\"woocommerce-LoopProduct-link woocommerce-loop-product__link\"><img width=\"300\" height=\"300\" src=\"https:\/\/www.cheapy-shop.eu\/ro\/wp-content\/uploads\/sites\/51\/2021\/09\/placeholder-dark-1-1.png\" class=\"attachment-woocommerce_thumbnail size-woocommerce_thumbnail\" alt=\"\" decoding=\"async\" \/><div class=\"star-rating\"><span style=\"width:100%\">Evaluat la <strong class=\"rating\">5<\/strong> din 5 pe baza a <span class=\"rating\">12<\/span> evalu\u0103ri de la clien\u021bi<\/span><\/div>\t\t<span class=\"onsale\">-10%<\/span>\n\t\t<div class=\"product-loop-price\">\n\t\t\t<del aria-hidden=\"true\">\n\t\t\t\t<span class=\"woocommerce-Price-amount amount\">\n\t\t\t\t\t<span class=\"woocommerce-Price-amount amount\"><bdi>1,494&nbsp;<span class=\"woocommerce-Price-currencySymbol\">lei<\/span><\/bdi><\/span>\t\t\t\t<\/span>\n\t\t\t<\/del>\n\t\t\t&nbsp;\n\t\t\t<ins>\n\t\t\t\t<span class=\"woocommerce-Price-amount amount\">\n\t\t\t\t\t<span class=\"woocommerce-Price-amount amount\"><bdi>1,345&nbsp;<span class=\"woocommerce-Price-currencySymbol\">lei<\/span><\/bdi><\/span>\t\t\t\t<\/span>\n\t\t\t<\/ins>\n\t\t<\/div>\n    <\/a>\t<span id=\"woocommerce_loop_add_to_cart_link_describedby_1599\" class=\"screen-reader-text\">\n\t\t\t<\/span>\n<\/li>\n<li class=\"product type-product post-68 status-publish instock product_cat-other has-post-thumbnail shipping-taxable purchasable product-type-simple\">\n\t<a href=\"\" class=\"woocommerce-LoopProduct-link woocommerce-loop-product__link\"><img width=\"300\" height=\"300\" src=\"https:\/\/www.cheapy-shop.eu\/ro\/wp-content\/uploads\/sites\/51\/2021\/09\/placeholder-dark-1-1.png\" class=\"attachment-woocommerce_thumbnail size-woocommerce_thumbnail\" alt=\"\" decoding=\"async\" \/><div class=\"star-rating\"><span style=\"width:60%\">Evaluat la <strong class=\"rating\">3<\/strong> din 5 pe baza a <span class=\"rating\">17<\/span> evalu\u0103ri de la clien\u021bi<\/span><\/div>\t\t<span class=\"onsale\">-10%<\/span>\n\t\t<div class=\"product-loop-price\">\n\t\t\t<del aria-hidden=\"true\">\n\t\t\t\t<span class=\"woocommerce-Price-amount amount\">\n\t\t\t\t\t<span class=\"woocommerce-Price-amount amount\"><bdi>1,500&nbsp;<span class=\"woocommerce-Price-currencySymbol\">lei<\/span><\/bdi><\/span>\t\t\t\t<\/span>\n\t\t\t<\/del>\n\t\t\t&nbsp;\n\t\t\t<ins>\n\t\t\t\t<span class=\"woocommerce-Price-amount amount\">\n\t\t\t\t\t<span class=\"woocommerce-Price-amount amount\"><bdi>1,350&nbsp;<span class=\"woocommerce-Price-currencySymbol\">lei<\/span><\/bdi><\/span>\t\t\t\t<\/span>\n\t\t\t<\/ins>\n\t\t<\/div>\n    <\/a>\t<span id=\"woocommerce_loop_add_to_cart_link_describedby_68\" class=\"screen-reader-text\">\n\t\t\t<\/span>\n<\/li>\n<\/ul>\n<\/div>\t\t<\/div>\n\t\t\t\t<\/div>\n\t\t\t\t\t<\/div>\n\t\t<\/div>\n\t\t\t\t\t\t\t<\/div>\n\t\t<\/section>\n\t\t\t\t<section class=\"elementor-section elementor-top-section elementor-element elementor-element-4c8eb77 elementor-section-boxed elementor-section-height-default elementor-section-height-default\" data-id=\"4c8eb77\" data-element_type=\"section\" data-settings=\"{&quot;background_background&quot;:&quot;classic&quot;}\">\n\t\t\t\t\t\t<div class=\"elementor-container elementor-column-gap-default\">\n\t\t\t\t\t<div class=\"elementor-column elementor-col-100 elementor-top-column elementor-element elementor-element-f460a85\" data-id=\"f460a85\" data-element_type=\"column\">\n\t\t\t<div class=\"elementor-widget-wrap elementor-element-populated\">\n\t\t\t\t\t\t\t\t<div class=\"elementor-element elementor-element-be7a300 elementor--star-style-star_unicode elementor-arrows-yes elementor-review--has-separator elementor-widget elementor-widget-reviews\" data-id=\"be7a300\" data-element_type=\"widget\" data-settings=\"{&quot;space_between_mobile&quot;:{&quot;unit&quot;:&quot;px&quot;,&quot;size&quot;:0,&quot;sizes&quot;:[]},&quot;show_arrows&quot;:&quot;yes&quot;,&quot;speed&quot;:500,&quot;autoplay&quot;:&quot;yes&quot;,&quot;autoplay_speed&quot;:5000,&quot;loop&quot;:&quot;yes&quot;,&quot;pause_on_hover&quot;:&quot;yes&quot;,&quot;pause_on_interaction&quot;:&quot;yes&quot;,&quot;space_between&quot;:{&quot;unit&quot;:&quot;px&quot;,&quot;size&quot;:10,&quot;sizes&quot;:[]},&quot;space_between_tablet&quot;:{&quot;unit&quot;:&quot;px&quot;,&quot;size&quot;:10,&quot;sizes&quot;:[]}}\" data-widget_type=\"reviews.default\">\n\t\t\t\t<div class=\"elementor-widget-container\">\n\t\t\t<style>\/*! elementor - v3.7.1 - 14-08-2022 *\/\n@charset \"UTF-8\";.elementor-star-rating{color:#ccd6df;font-family:eicons;display:inline-block}.elementor-star-rating i{display:inline-block;position:relative;font-style:normal;cursor:default}.elementor-star-rating i:before{content:\"\\e934\";display:block;font-size:inherit;font-family:inherit;position:absolute;overflow:hidden;color:#f0ad4e;top:0;left:0}.elementor-star-rating .elementor-star-empty:before{content:none}.elementor-star-rating .elementor-star-1:before{width:10%}.elementor-star-rating .elementor-star-2:before{width:20%}.elementor-star-rating .elementor-star-3:before{width:30%}.elementor-star-rating .elementor-star-4:before{width:40%}.elementor-star-rating .elementor-star-5:before{width:50%}.elementor-star-rating .elementor-star-6:before{width:60%}.elementor-star-rating .elementor-star-7:before{width:70%}.elementor-star-rating .elementor-star-8:before{width:80%}.elementor-star-rating .elementor-star-9:before{width:90%}.elementor-star-rating__wrapper{display:-webkit-box;display:-ms-flexbox;display:flex;-webkit-box-align:center;-ms-flex-align:center;align-items:center}.elementor-star-rating__title{margin-right:10px}.elementor-star-rating--align-right .elementor-star-rating__wrapper{text-align:right;-webkit-box-pack:end;-ms-flex-pack:end;justify-content:flex-end}.elementor-star-rating--align-left .elementor-star-rating__wrapper{text-align:left;-webkit-box-pack:start;-ms-flex-pack:start;justify-content:flex-start}.elementor-star-rating--align-center .elementor-star-rating__wrapper{text-align:center;-webkit-box-pack:center;-ms-flex-pack:center;justify-content:center}.elementor-star-rating--align-justify .elementor-star-rating__title{margin-right:auto}@media (max-width:1024px){.elementor-star-rating-tablet--align-right .elementor-star-rating__wrapper{text-align:right;-webkit-box-pack:end;-ms-flex-pack:end;justify-content:flex-end}.elementor-star-rating-tablet--align-left .elementor-star-rating__wrapper{text-align:left;-webkit-box-pack:start;-ms-flex-pack:start;justify-content:flex-start}.elementor-star-rating-tablet--align-center .elementor-star-rating__wrapper{text-align:center;-webkit-box-pack:center;-ms-flex-pack:center;justify-content:center}.elementor-star-rating-tablet--align-justify .elementor-star-rating__title{margin-right:auto}}@media (max-width:767px){.elementor-star-rating-mobile--align-right .elementor-star-rating__wrapper{text-align:right;-webkit-box-pack:end;-ms-flex-pack:end;justify-content:flex-end}.elementor-star-rating-mobile--align-left .elementor-star-rating__wrapper{text-align:left;-webkit-box-pack:start;-ms-flex-pack:start;justify-content:flex-start}.elementor-star-rating-mobile--align-center .elementor-star-rating__wrapper{text-align:center;-webkit-box-pack:center;-ms-flex-pack:center;justify-content:center}.elementor-star-rating-mobile--align-justify .elementor-star-rating__title{margin-right:auto}}.last-star{letter-spacing:0}.elementor--star-style-star_unicode .elementor-star-rating{font-family:Arial,Helvetica,sans-serif}.elementor--star-style-star_unicode .elementor-star-rating i:not(.elementor-star-empty):before{content:\"\u2605\"}<\/style><link rel=\"stylesheet\" href=\"https:\/\/www.cheapy-shop.eu\/ro\/wp-content\/plugins\/elementor-pro\/assets\/css\/widget-carousel.min.css\">\t\t<div class=\"elementor-swiper\">\n\t\t\t<div class=\"elementor-main-swiper swiper-container\">\n\t\t\t\t<div class=\"swiper-wrapper\">\n\t\t\t\t\t\t\t\t\t\t\t<div class=\"swiper-slide\">\n\t\t\t\t\t\t\t\t\t<div class=\"elementor-testimonial elementor-repeater-item-623136a\">\n\t\t\t\t\t\t\t<div class=\"elementor-testimonial__header\">\n\t\t\t\t\t\t\t\t\t\t\t<div class=\"elementor-testimonial__image\">\n\t\t\t\t\t\t\t<img decoding=\"async\" src=\"https:\/\/www.cheapy-shop.eu\/ro\/wp-content\/uploads\/sites\/51\/2021\/09\/person1-1.png\" alt=\"Teadora Alexandrescu\">\n\t\t\t\t\t\t\t\t\t\t\t\t\t<\/div>\n\t\t\t\t\t\t\t\t\t\t<cite class=\"elementor-testimonial__cite\"><span class=\"elementor-testimonial__name\">Teadora Alexandrescu<\/span><div class=\"elementor-star-rating\"><i class=\"elementor-star-full\">&#9733;<\/i><i class=\"elementor-star-full\">&#9733;<\/i><i class=\"elementor-star-full\">&#9733;<\/i><i class=\"elementor-star-full\">&#9733;<\/i><i class=\"elementor-star-full\">&#9733;<\/i><\/div><\/cite>\t\t\t\t\t<div class=\"elementor-testimonial__icon elementor-icon elementor-icon-facebook\"><i aria-hidden=\"true\" class=\"fab fa-facebook\"><\/i><span class=\"elementor-screen-only\">Read More<\/span><\/div>\t\t\t\t<\/div>\n\t\t\t\t\t\t\t\t\t\t<div class=\"elementor-testimonial__content\">\n\t\t\t\t\t<div class=\"elementor-testimonial__text\">\n\t\t\t\t\t\tU\u0219or de comandat, a sosit rapid \u0219i articolele au fost bine ambalate. Toate articolele au fost a\u0219a cum se arat\u0103 pe site \u0219i dac\u0103 sunt de bun\u0103 calitate. Foarte multumit de comanda mea!\t\t\t\t\t<\/div>\n\t\t\t\t<\/div>\n\t\t\t\t\t<\/div>\n\t\t\t\t\t\t\t\t<\/div>\n\t\t\t\t\t\t\t\t\t\t\t<div class=\"swiper-slide\">\n\t\t\t\t\t\t\t\t\t<div class=\"elementor-testimonial elementor-repeater-item-95e1b51\">\n\t\t\t\t\t\t\t<div class=\"elementor-testimonial__header\">\n\t\t\t\t\t\t\t\t\t\t\t<div class=\"elementor-testimonial__image\">\n\t\t\t\t\t\t\t<img decoding=\"async\" src=\"https:\/\/www.cheapy-shop.eu\/ro\/wp-content\/uploads\/sites\/51\/2021\/09\/person2-1.png\" alt=\"Artur Niculaie\">\n\t\t\t\t\t\t\t\t\t\t\t\t\t<\/div>\n\t\t\t\t\t\t\t\t\t\t<cite class=\"elementor-testimonial__cite\"><span class=\"elementor-testimonial__name\">Artur Niculaie<\/span><div class=\"elementor-star-rating\"><i class=\"elementor-star-full\">&#9733;<\/i><i class=\"elementor-star-full\">&#9733;<\/i><i class=\"elementor-star-full\">&#9733;<\/i><i class=\"elementor-star-full\">&#9733;<\/i><i class=\"elementor-star-full\">&#9733;<\/i><\/div><\/cite>\t\t\t\t\t<div class=\"elementor-testimonial__icon elementor-icon elementor-icon-facebook\"><i aria-hidden=\"true\" class=\"fab fa-facebook\"><\/i><span class=\"elementor-screen-only\">Read More<\/span><\/div>\t\t\t\t<\/div>\n\t\t\t\t\t\t\t\t\t\t<div class=\"elementor-testimonial__content\">\n\t\t\t\t\t<div class=\"elementor-testimonial__text\">\n\t\t\t\t\t\tAm primit exact ceea ce mi-am dorit, articolul a venit \u00eentr-un timp foarte scurt, av\u00e2nd \u00een vedere problemele prin care se confrunt\u0103 firmele \u00een acest moment. L-am cumparat la un pret foarte bun.\t\t\t\t\t<\/div>\n\t\t\t\t<\/div>\n\t\t\t\t\t<\/div>\n\t\t\t\t\t\t\t\t<\/div>\n\t\t\t\t\t\t\t\t\t\t\t<div class=\"swiper-slide\">\n\t\t\t\t\t\t\t\t\t<div class=\"elementor-testimonial elementor-repeater-item-728446f\">\n\t\t\t\t\t\t\t<div class=\"elementor-testimonial__header\">\n\t\t\t\t\t\t\t\t\t\t\t<div class=\"elementor-testimonial__image\">\n\t\t\t\t\t\t\t<img decoding=\"async\" src=\"https:\/\/www.cheapy-shop.eu\/ro\/wp-content\/uploads\/sites\/51\/2021\/09\/person3-1.png\" alt=\"Valentina Mihai\">\n\t\t\t\t\t\t\t\t\t\t\t\t\t<\/div>\n\t\t\t\t\t\t\t\t\t\t<cite class=\"elementor-testimonial__cite\"><span class=\"elementor-testimonial__name\">Valentina Mihai<\/span><div class=\"elementor-star-rating\"><i class=\"elementor-star-full\">&#9733;<\/i><i class=\"elementor-star-full\">&#9733;<\/i><i class=\"elementor-star-full\">&#9733;<\/i><i class=\"elementor-star-full\">&#9733;<\/i><i class=\"elementor-star-full\">&#9733;<\/i><\/div><\/cite>\t\t\t\t\t<div class=\"elementor-testimonial__icon elementor-icon elementor-icon-facebook\"><i aria-hidden=\"true\" class=\"fab fa-facebook\"><\/i><span class=\"elementor-screen-only\">Read More<\/span><\/div>\t\t\t\t<\/div>\n\t\t\t\t\t\t\t\t\t\t<div class=\"elementor-testimonial__content\">\n\t\t\t\t\t<div class=\"elementor-testimonial__text\">\n\t\t\t\t\t\tService rapid si rapid. Articolele au fost, de asemenea, livrate cu mult \u00eenainte de termenul de livrare estimat. Articolele pe care le-am cump\u0103rat fac cadouri frumoase de nunt\u0103 sau de Revelion.\t\t\t\t\t<\/div>\n\t\t\t\t<\/div>\n\t\t\t\t\t<\/div>\n\t\t\t\t\t\t\t\t<\/div>\n\t\t\t\t\t\t\t\t\t<\/div>\n\t\t\t\t\t\t\t\t\t\t\t\t\t\t\t\t\t\t\t\t<div class=\"elementor-swiper-button elementor-swiper-button-prev\">\n\t\t\t\t\t\t\t<i aria-hidden=\"true\" class=\"eicon-chevron-left\"><\/i>\t\t\t\t\t\t\t<span class=\"elementor-screen-only\">Previous<\/span>\n\t\t\t\t\t\t<\/div>\n\t\t\t\t\t\t<div class=\"elementor-swiper-button elementor-swiper-button-next\">\n\t\t\t\t\t\t\t<i aria-hidden=\"true\" class=\"eicon-chevron-right\"><\/i>\t\t\t\t\t\t\t<span class=\"elementor-screen-only\">Next<\/span>\n\t\t\t\t\t\t<\/div>\n\t\t\t\t\t\t\t\t\t\t\t\t<\/div>\n\t\t<\/div>\n\t\t\t\t<\/div>\n\t\t\t\t<\/div>\n\t\t\t\t\t<\/div>\n\t\t<\/div>\n\t\t\t\t\t\t\t<\/div>\n\t\t<\/section>\n\t\t\t\t\t\t\t<\/div>\n\t\t","protected":false},"excerpt":{"rendered":"<p>Experien\u021b\u0103 de cump\u0103r\u0103turi uimitoare Cel mai bun v\u00e2nz\u0103tor european 100% Sigur Livrare Rapid\u0103 Cea Mai Buna Calitate 100% Satisfac\u021bie Teadora Alexandrescu&#9733;&#9733;&#9733;&#9733;&#9733; Read More U\u0219or de comandat, a sosit rapid \u0219i articolele au fost bine ambalate. Toate articolele au fost a\u0219a cum se arat\u0103 pe site \u0219i dac\u0103 sunt de bun\u0103 calitate. Foarte multumit de comanda [&hellip;]<\/p>\n","protected":false},"author":1,"featured_media":0,"parent":0,"menu_order":0,"comment_status":"closed","ping_status":"closed","template":"elementor_header_footer","meta":{"footnotes":""},"acf":[],"_links":{"self":[{"href":"https:\/\/www.cheapy-shop.eu\/ro\/wp-json\/wp\/v2\/pages\/42"}],"collection":[{"href":"https:\/\/www.cheapy-shop.eu\/ro\/wp-json\/wp\/v2\/pages"}],"about":[{"href":"https:\/\/www.cheapy-shop.eu\/ro\/wp-json\/wp\/v2\/types\/page"}],"author":[{"embeddable":true,"href":"https:\/\/www.cheapy-shop.eu\/ro\/wp-json\/wp\/v2\/users\/1"}],"replies":[{"embeddable":true,"href":"https:\/\/www.cheapy-shop.eu\/ro\/wp-json\/wp\/v2\/comments?post=42"}],"version-history":[{"count":3,"href":"https:\/\/www.cheapy-shop.eu\/ro\/wp-json\/wp\/v2\/pages\/42\/revisions"}],"predecessor-version":[{"id":3059,"href":"https:\/\/www.cheapy-shop.eu\/ro\/wp-json\/wp\/v2\/pages\/42\/revisions\/3059"}],"wp:attachment":[{"href":"https:\/\/www.cheapy-shop.eu\/ro\/wp-json\/wp\/v2\/media?parent=42"}],"curies":[{"name":"wp","href":"https:\/\/api.w.org\/{rel}","templated":true}]}}