{"id":24,"date":"2021-09-06T18:03:25","date_gmt":"2021-09-06T18:03:25","guid":{"rendered":"https:\/\/cheapy-shop.eu\/en\/?page_id=24"},"modified":"2022-07-01T16:36:56","modified_gmt":"2022-07-01T13:36:56","slug":"politica-de-confidentialitate","status":"publish","type":"page","link":"https:\/\/www.cheapy-shop.eu\/ro\/politica-de-confidentialitate\/","title":{"rendered":"Politica De Confiden\u021bialitate"},"content":{"rendered":"\t\t<div data-elementor-type=\"wp-page\" data-elementor-id=\"24\" class=\"elementor elementor-24\">\n\t\t\t\t\t\t\t\t\t<section class=\"elementor-section elementor-top-section elementor-element elementor-element-faa88a7 elementor-section-boxed elementor-section-height-default elementor-section-height-default\" data-id=\"faa88a7\" data-element_type=\"section\" data-settings=\"{&quot;background_background&quot;:&quot;classic&quot;}\">\n\t\t\t\t\t\t\t<div class=\"elementor-background-overlay\"><\/div>\n\t\t\t\t\t\t\t<div class=\"elementor-container elementor-column-gap-default\">\n\t\t\t\t\t<div class=\"elementor-column elementor-col-100 elementor-top-column elementor-element elementor-element-cd7eec8\" data-id=\"cd7eec8\" data-element_type=\"column\">\n\t\t\t<div class=\"elementor-widget-wrap elementor-element-populated\">\n\t\t\t\t\t\t\t\t<div class=\"elementor-element elementor-element-feaaaf9 elementor-widget elementor-widget-heading\" data-id=\"feaaaf9\" data-element_type=\"widget\" data-widget_type=\"heading.default\">\n\t\t\t\t<div class=\"elementor-widget-container\">\n\t\t\t<style>\/*! elementor - v3.7.1 - 14-08-2022 *\/\n.elementor-heading-title{padding:0;margin:0;line-height:1}.elementor-widget-heading .elementor-heading-title[class*=elementor-size-]>a{color:inherit;font-size:inherit;line-height:inherit}.elementor-widget-heading .elementor-heading-title.elementor-size-small{font-size:15px}.elementor-widget-heading .elementor-heading-title.elementor-size-medium{font-size:19px}.elementor-widget-heading .elementor-heading-title.elementor-size-large{font-size:29px}.elementor-widget-heading .elementor-heading-title.elementor-size-xl{font-size:39px}.elementor-widget-heading .elementor-heading-title.elementor-size-xxl{font-size:59px}<\/style><h2 class=\"elementor-heading-title elementor-size-default\">Politica De Confiden\u021bialitate<\/h2>\t\t<\/div>\n\t\t\t\t<\/div>\n\t\t\t\t\t<\/div>\n\t\t<\/div>\n\t\t\t\t\t\t\t<\/div>\n\t\t<\/section>\n\t\t\t\t<section class=\"elementor-section elementor-top-section elementor-element elementor-element-5acd156 elementor-section-boxed elementor-section-height-default elementor-section-height-default\" data-id=\"5acd156\" data-element_type=\"section\">\n\t\t\t\t\t\t<div class=\"elementor-container elementor-column-gap-default\">\n\t\t\t\t\t<div class=\"elementor-column elementor-col-100 elementor-top-column elementor-element elementor-element-4a44ba0\" data-id=\"4a44ba0\" data-element_type=\"column\">\n\t\t\t<div class=\"elementor-widget-wrap elementor-element-populated\">\n\t\t\t\t\t\t\t\t<div class=\"elementor-element elementor-element-04a4f82 elementor-widget elementor-widget-text-editor\" data-id=\"04a4f82\" data-element_type=\"widget\" data-widget_type=\"text-editor.default\">\n\t\t\t\t<div class=\"elementor-widget-container\">\n\t\t\t<style>\/*! elementor - v3.7.1 - 14-08-2022 *\/\n.elementor-widget-text-editor.elementor-drop-cap-view-stacked .elementor-drop-cap{background-color:#818a91;color:#fff}.elementor-widget-text-editor.elementor-drop-cap-view-framed .elementor-drop-cap{color:#818a91;border:3px solid;background-color:transparent}.elementor-widget-text-editor:not(.elementor-drop-cap-view-default) .elementor-drop-cap{margin-top:8px}.elementor-widget-text-editor:not(.elementor-drop-cap-view-default) .elementor-drop-cap-letter{width:1em;height:1em}.elementor-widget-text-editor .elementor-drop-cap{float:left;text-align:center;line-height:1;font-size:50px}.elementor-widget-text-editor .elementor-drop-cap-letter{display:inline-block}<\/style>\t\t\t\t<div id=\"Content\"><div id=\"Translation\"><h3><span style=\"font-weight: 400;\">PREZENTARE GENERAL\u0102<\/span><\/h3><p><span style=\"font-weight: 400;\">Aceast\u0103 Politic\u0103 de confiden\u021bialitate descrie modul \u00een care informa\u021biile dumneavoastr\u0103 personale sunt colectate, utilizate \u0219i partajate atunci c\u00e2nd vizita\u021bi sau efectua\u021bi o achizi\u021bie de pe cheapy-shop.eu (\u201eSite-ul\u201d).<\/span><\/p><h3><span style=\"font-weight: 400;\">INFORMA\u021aII PERSONALE PE CULEGEM<\/span><\/h3><p><span style=\"font-weight: 400;\">C\u00e2nd vizita\u021bi site-ul, colect\u0103m automat anumite informa\u021bii despre dispozitivul dvs., inclusiv informa\u021bii despre browserul dvs. web, adresa IP, fusul orar \u0219i unele dintre modulele cookie care sunt instalate pe dispozitivul dvs. \u00cen plus, pe m\u0103sur\u0103 ce naviga\u021bi pe Site, colect\u0103m informa\u021bii despre paginile web individuale sau produsele pe care le vizualiza\u021bi, ce site-uri web sau termenii de c\u0103utare v-au \u00eendrumat c\u0103tre Site \u0219i informa\u021bii despre modul \u00een care interac\u021biona\u021bi cu Site-ul. Ne referim la aceste informa\u021bii colectate automat ca \u201eInforma\u021bii despre dispozitiv\u201d.<\/span><\/p><p><span style=\"font-weight: 400;\">Colect\u0103m informa\u021bii despre dispozitiv utiliz\u00e2nd urm\u0103toarele tehnologii:<\/span><\/p><p><span style=\"font-weight: 400;\">\u2013 \u201eCookie-urile\u201d sunt fi\u0219iere de date care sunt plasate pe dispozitivul sau computerul dvs. \u0219i includ adesea un identificator unic anonim. Pentru mai multe informa\u021bii despre cookie-uri \u0219i despre cum s\u0103 dezactiva\u021bi cookie-urile, vizita\u021bi https:\/\/www.allaboutcookies.org.<\/span><\/p><p><span style=\"font-weight: 400;\">\u2013 \u201eFi\u0219ierele jurnal\u201d urm\u0103resc ac\u021biunile care au loc pe site \u0219i colecteaz\u0103 date, inclusiv adresa dvs. IP, tipul de browser, furnizorul de servicii de internet, paginile de trimitere\/ie\u0219ire \u0219i marcajele de dat\u0103\/ora.<\/span><\/p><p><span style=\"font-weight: 400;\">\u2013 \u201eWeb beacons\u201d, \u201eetichete\u201d \u0219i \u201epixeli\u201d sunt fi\u0219iere electronice utilizate pentru a \u00eenregistra informa\u021bii despre modul \u00een care naviga\u021bi pe site.<\/span><\/p><p><span style=\"font-weight: 400;\">\u00cen plus, atunci c\u00e2nd efectua\u021bi o achizi\u021bie sau \u00eencerca\u021bi s\u0103 efectua\u021bi o achizi\u021bie prin intermediul Site-ului, colect\u0103m anumite informa\u021bii de la dvs., inclusiv numele dvs., adresa de facturare, adresa de livrare, informa\u021biile de plat\u0103 (inclusiv numerele cardului de credit), adresa de e-mail \u0219i num\u0103rul de telefon. Ne referim la aceste informa\u021bii ca \u201eInforma\u021bii despre comand\u0103\u201d.<\/span><\/p><p><span style=\"font-weight: 400;\">C\u00e2nd vorbim despre \u201eInforma\u021bii personale\u201d \u00een aceast\u0103 Politic\u0103 de confiden\u021bialitate, vorbim at\u00e2t despre informa\u021bii despre dispozitiv, c\u00e2t \u0219i despre informa\u021bii despre comand\u0103.<\/span><\/p><h3><span style=\"font-weight: 400;\">CUM UTILIZAM INFORMATIILE DVS. PERSONALE?<\/span><\/h3><p><span style=\"font-weight: 400;\">Folosim informa\u021biile despre comand\u0103 pe care le colect\u0103m \u00een general pentru a onora orice comenzi plasate prin intermediul Site-ului (inclusiv procesarea informa\u021biilor dvs. de plat\u0103, aranjarea transportului \u0219i furnizarea de facturi \u0219i\/sau confirm\u0103ri de comand\u0103). \u00cen plus, folosim aceste informa\u021bii despre comand\u0103 pentru a: <\/span><span style=\"font-weight: 400;\">Comunic\u0103 cu tine; <\/span><span style=\"font-weight: 400;\">Verifica\u021bi comenzile noastre pentru eventualele riscuri sau fraude; \u0219i <\/span><span style=\"font-weight: 400;\">C\u00e2nd sunte\u021bi \u00een conformitate cu preferin\u021bele pe care ni le-a\u021bi \u00eemp\u0103rt\u0103\u0219it, v\u0103 oferim informa\u021bii sau publicitate referitoare la produsele sau serviciile noastre.<\/span><\/p><p><span style=\"font-weight: 400;\">Folosim informa\u021biile despre dispozitiv pe care le colect\u0103m pentru a ne ajuta s\u0103 detect\u0103m poten\u021bialele riscuri \u0219i fraude (\u00een special, adresa dvs. IP) \u0219i, mai general, pentru a \u00eembun\u0103t\u0103\u021bi \u0219i optimiza site-ul nostru (de exemplu, prin generarea de analize despre modul \u00een care clien\u021bii no\u0219tri navigheaz\u0103 \u0219i interac\u021bioneaz\u0103 cu acestea). Site-ul \u0219i pentru a evalua succesul campaniilor noastre de marketing \u0219i publicitate).<\/span><\/p><h3><span style=\"font-weight: 400;\">DISTRIBU\u021aIA INFORMA\u021aIILOR DVS<\/span><\/h3><p><span style=\"font-weight: 400;\">\u00cemp\u0103rt\u0103\u0219im informa\u021biile dumneavoastr\u0103 personale cu ter\u021be p\u0103r\u021bi pentru a ne ajuta s\u0103 folosim informa\u021biile dumneavoastr\u0103 personale, a\u0219a cum este descris mai sus. De asemenea, folosim Google Analytics pentru a ne ajuta s\u0103 \u00een\u021belegem modul \u00een care clien\u021bii no\u0219tri utilizeaz\u0103 Site-ul \u2013 pute\u021bi citi mai multe despre modul \u00een care Google v\u0103 folose\u0219te informa\u021biile personale aici: https:\/\/www.google.com\/intl\/en\/policies\/privacy\/. De asemenea, pute\u021bi renun\u021ba la Google Analytics aici: https:\/\/tools.google.com\/dlpage\/gaoptout.<\/span><\/p><p><span style=\"font-weight: 400;\">\u00cen cele din urm\u0103, este posibil s\u0103 v\u0103 \u00eemp\u0103rt\u0103\u0219im informa\u021biile personale pentru a respecta legile \u0219i reglement\u0103rile aplicabile, pentru a r\u0103spunde unei cita\u021bii, mandat de perchezi\u021bie sau alte cereri legale de informa\u021bii pe care le primim sau pentru a ne proteja \u00een alt mod drepturile.<\/span><\/p><p><span style=\"font-weight: 400;\">PUBLICITATE COMPORTAMENTAL\u0102<\/span><\/p><p><span style=\"font-weight: 400;\">Dup\u0103 cum este descris mai sus, folosim informa\u021biile dumneavoastr\u0103 personale pentru a v\u0103 oferi reclame direc\u021bionate sau comunic\u0103ri de marketing despre care credem c\u0103 ar putea fi de interes pentru dumneavoastr\u0103. Pentru mai multe informa\u021bii despre cum func\u021bioneaz\u0103 publicitatea direc\u021bionat\u0103, pute\u021bi vizita pagina educa\u021bional\u0103 a Network Advertising Initiative (\u201eNAI\u201d) la https:\/\/www.networkadvertising.org\/understanding-online-advertising\/how-does-it-work.<\/span><\/p><p><span style=\"font-weight: 400;\">Pute\u021bi renun\u021ba la publicitatea direc\u021bionat\u0103 prin:<\/span><\/p><p><span style=\"font-weight: 400;\">FACEBOOK \u2013 https:\/\/www.facebook.com\/settings\/?tab=ads<\/span><\/p><p><span style=\"font-weight: 400;\">GOOGLE \u2013 https:\/\/www.google.com\/settings\/ads\/anonymous<\/span><\/p><p><span style=\"font-weight: 400;\">BING \u2013 https:\/\/advertise.bingads.microsoft.com\/en-us\/resources\/policies\/personalized-ads<\/span><\/p><p><span style=\"font-weight: 400;\">\u00cen plus, pute\u021bi renun\u021ba la unele dintre aceste servicii vizit\u00e2nd portalul de renun\u021bare al Digital Advertising Alliance la: https:\/\/optout.aboutads.info\/.<\/span><\/p><h3><span style=\"font-weight: 400;\">NU URM\u0102RI<\/span><\/h3><p><span style=\"font-weight: 400;\">V\u0103 rug\u0103m s\u0103 re\u021bine\u021bi c\u0103 nu modific\u0103m practicile de colectare \u0219i utilizare a datelor ale site-ului nostru atunci c\u00e2nd vedem un semnal Nu urm\u0103ri\u021bi din browserul dumneavoastr\u0103.<\/span><\/p><h3><span style=\"font-weight: 400;\">DREPTURILE TALE<\/span><\/h3><p><span style=\"font-weight: 400;\">Dac\u0103 sunte\u021bi rezident \u00een Europa, ave\u021bi dreptul de a accesa informa\u021biile personale pe care le de\u021binem despre dumneavoastr\u0103 \u0219i de a cere ca informa\u021biile dumneavoastr\u0103 personale s\u0103 fie corectate, actualizate sau \u0219terse. Dac\u0103 dori\u021bi s\u0103 v\u0103 exercita\u021bi acest drept, v\u0103 rug\u0103m s\u0103 ne contacta\u021bi prin intermediul informa\u021biilor de contact de mai jos.<\/span><\/p><p><span style=\"font-weight: 400;\">\u00cen plus, dac\u0103 sunte\u021bi rezident european, observ\u0103m c\u0103 prelucr\u0103m informa\u021biile dumneavoastr\u0103 pentru a \u00eendeplini contractele pe care le-am putea avea cu dvs. (de exemplu, dac\u0103 face\u021bi o comand\u0103 prin intermediul Site-ului) sau, \u00een alt mod, pentru a ne urm\u0103ri interesele comerciale legitime enumerate mai sus.<\/span><\/p><h3><span style=\"font-weight: 400;\">P\u0102STRAREA DATELOR<\/span><\/h3><p><span style=\"font-weight: 400;\">C\u00e2nd plasa\u021bi o comand\u0103 prin intermediul Site-ului, vom p\u0103stra informa\u021biile dvs. de comand\u0103 \u00een eviden\u021bele noastre, cu excep\u021bia cazului \u00een care \u0219i p\u00e2n\u0103 c\u00e2nd ne solicita\u021bi s\u0103 \u0219tergem aceste informa\u021bii.<\/span><\/p><h3><span style=\"font-weight: 400;\">MINORI<\/span><\/h3><p><span style=\"font-weight: 400;\">Site-ul nu este destinat persoanelor sub 18 ani.<\/span><\/p><h3><span style=\"font-weight: 400;\">SCHIMB\u0102RI<\/span><\/h3><p><span style=\"font-weight: 400;\">Putem actualiza aceast\u0103 politic\u0103 de confiden\u021bialitate din c\u00e2nd \u00een c\u00e2nd pentru a reflecta, de exemplu, modific\u0103ri ale practicilor noastre sau din alte motive opera\u021bionale, legale sau de reglementare.<\/span><\/p><h3><span style=\"font-weight: 400;\">CONTACTEAZ\u0102-NE<\/span><\/h3><p><span style=\"font-weight: 400;\">Pentru mai multe informa\u021bii despre practicile noastre de confiden\u021bialitate, dac\u0103 ave\u021bi \u00eentreb\u0103ri sau dac\u0103 dori\u021bi s\u0103 face\u021bi o reclama\u021bie, v\u0103 rug\u0103m s\u0103 ne contacta\u021bi prin e-mail la admin@cheapy-shop.eu<\/span><\/p><\/div><\/div>\t\t\t\t\t\t<\/div>\n\t\t\t\t<\/div>\n\t\t\t\t\t<\/div>\n\t\t<\/div>\n\t\t\t\t\t\t\t<\/div>\n\t\t<\/section>\n\t\t\t\t<section class=\"elementor-section elementor-top-section elementor-element elementor-element-9158aaf elementor-section-boxed elementor-section-height-default elementor-section-height-default\" data-id=\"9158aaf\" data-element_type=\"section\" data-settings=\"{&quot;background_background&quot;:&quot;classic&quot;}\">\n\t\t\t\t\t\t<div class=\"elementor-container elementor-column-gap-default\">\n\t\t\t\t\t<div class=\"elementor-column elementor-col-25 elementor-top-column elementor-element elementor-element-63789a3\" data-id=\"63789a3\" data-element_type=\"column\">\n\t\t\t<div class=\"elementor-widget-wrap elementor-element-populated\">\n\t\t\t\t\t\t\t\t<div class=\"elementor-element elementor-element-b57f068 elementor-view-framed elementor-position-left elementor-shape-circle elementor-mobile-position-top elementor-vertical-align-top elementor-widget elementor-widget-icon-box\" data-id=\"b57f068\" data-element_type=\"widget\" data-widget_type=\"icon-box.default\">\n\t\t\t\t<div class=\"elementor-widget-container\">\n\t\t\t<link rel=\"stylesheet\" href=\"https:\/\/www.cheapy-shop.eu\/ro\/wp-content\/plugins\/elementor\/assets\/css\/widget-icon-box.min.css\">\t\t<div class=\"elementor-icon-box-wrapper\">\n\t\t\t\t\t\t<div class=\"elementor-icon-box-icon\">\n\t\t\t\t<span class=\"elementor-icon elementor-animation-\" >\n\t\t\t\t<i aria-hidden=\"true\" class=\"fas fa-user-check\"><\/i>\t\t\t\t<\/span>\n\t\t\t<\/div>\n\t\t\t\t\t\t<div class=\"elementor-icon-box-content\">\n\t\t\t\t<h3 class=\"elementor-icon-box-title\">\n\t\t\t\t\t<span  >\n\t\t\t\t\t\t100% Secure\t\t\t\t\t<\/span>\n\t\t\t\t<\/h3>\n\t\t\t\t\t\t\t<\/div>\n\t\t<\/div>\n\t\t\t\t<\/div>\n\t\t\t\t<\/div>\n\t\t\t\t\t<\/div>\n\t\t<\/div>\n\t\t\t\t<div class=\"elementor-column elementor-col-25 elementor-top-column elementor-element elementor-element-5defe51\" data-id=\"5defe51\" data-element_type=\"column\">\n\t\t\t<div class=\"elementor-widget-wrap elementor-element-populated\">\n\t\t\t\t\t\t\t\t<div class=\"elementor-element elementor-element-711d473 elementor-view-framed elementor-position-left elementor-shape-circle elementor-mobile-position-top elementor-vertical-align-top elementor-widget elementor-widget-icon-box\" data-id=\"711d473\" data-element_type=\"widget\" data-widget_type=\"icon-box.default\">\n\t\t\t\t<div class=\"elementor-widget-container\">\n\t\t\t\t\t<div class=\"elementor-icon-box-wrapper\">\n\t\t\t\t\t\t<div class=\"elementor-icon-box-icon\">\n\t\t\t\t<span class=\"elementor-icon elementor-animation-\" >\n\t\t\t\t<i aria-hidden=\"true\" class=\"fas fa-truck\"><\/i>\t\t\t\t<\/span>\n\t\t\t<\/div>\n\t\t\t\t\t\t<div class=\"elementor-icon-box-content\">\n\t\t\t\t<h3 class=\"elementor-icon-box-title\">\n\t\t\t\t\t<span  >\n\t\t\t\t\t\tFast Shipping\t\t\t\t\t<\/span>\n\t\t\t\t<\/h3>\n\t\t\t\t\t\t\t<\/div>\n\t\t<\/div>\n\t\t\t\t<\/div>\n\t\t\t\t<\/div>\n\t\t\t\t\t<\/div>\n\t\t<\/div>\n\t\t\t\t<div class=\"elementor-column elementor-col-25 elementor-top-column elementor-element elementor-element-7da94ea\" data-id=\"7da94ea\" data-element_type=\"column\">\n\t\t\t<div class=\"elementor-widget-wrap elementor-element-populated\">\n\t\t\t\t\t\t\t\t<div class=\"elementor-element elementor-element-9fd0392 elementor-view-framed elementor-position-left elementor-shape-circle elementor-mobile-position-top elementor-vertical-align-top elementor-widget elementor-widget-icon-box\" data-id=\"9fd0392\" data-element_type=\"widget\" data-widget_type=\"icon-box.default\">\n\t\t\t\t<div class=\"elementor-widget-container\">\n\t\t\t\t\t<div class=\"elementor-icon-box-wrapper\">\n\t\t\t\t\t\t<div class=\"elementor-icon-box-icon\">\n\t\t\t\t<span class=\"elementor-icon elementor-animation-\" >\n\t\t\t\t<i aria-hidden=\"true\" class=\"fas fa-star\"><\/i>\t\t\t\t<\/span>\n\t\t\t<\/div>\n\t\t\t\t\t\t<div class=\"elementor-icon-box-content\">\n\t\t\t\t<h3 class=\"elementor-icon-box-title\">\n\t\t\t\t\t<span  >\n\t\t\t\t\t\tBest Quality\t\t\t\t\t<\/span>\n\t\t\t\t<\/h3>\n\t\t\t\t\t\t\t<\/div>\n\t\t<\/div>\n\t\t\t\t<\/div>\n\t\t\t\t<\/div>\n\t\t\t\t\t<\/div>\n\t\t<\/div>\n\t\t\t\t<div class=\"elementor-column elementor-col-25 elementor-top-column elementor-element elementor-element-d63eaa6\" data-id=\"d63eaa6\" data-element_type=\"column\">\n\t\t\t<div class=\"elementor-widget-wrap elementor-element-populated\">\n\t\t\t\t\t\t\t\t<div class=\"elementor-element elementor-element-b983dbe elementor-view-framed elementor-position-left elementor-shape-circle elementor-mobile-position-top elementor-vertical-align-top elementor-widget elementor-widget-icon-box\" data-id=\"b983dbe\" data-element_type=\"widget\" data-widget_type=\"icon-box.default\">\n\t\t\t\t<div class=\"elementor-widget-container\">\n\t\t\t\t\t<div class=\"elementor-icon-box-wrapper\">\n\t\t\t\t\t\t<div class=\"elementor-icon-box-icon\">\n\t\t\t\t<span class=\"elementor-icon elementor-animation-\" >\n\t\t\t\t<i aria-hidden=\"true\" class=\"fas fa-thumbs-up\"><\/i>\t\t\t\t<\/span>\n\t\t\t<\/div>\n\t\t\t\t\t\t<div class=\"elementor-icon-box-content\">\n\t\t\t\t<h3 class=\"elementor-icon-box-title\">\n\t\t\t\t\t<span  >\n\t\t\t\t\t\t100% Satisfaction\t\t\t\t\t<\/span>\n\t\t\t\t<\/h3>\n\t\t\t\t\t\t\t<\/div>\n\t\t<\/div>\n\t\t\t\t<\/div>\n\t\t\t\t<\/div>\n\t\t\t\t\t<\/div>\n\t\t<\/div>\n\t\t\t\t\t\t\t<\/div>\n\t\t<\/section>\n\t\t\t\t\t\t\t<\/div>\n\t\t","protected":false},"excerpt":{"rendered":"<p>Politica De Confiden\u021bialitate PREZENTARE GENERAL\u0102 Aceast\u0103 Politic\u0103 de confiden\u021bialitate descrie modul \u00een care informa\u021biile dumneavoastr\u0103 personale sunt colectate, utilizate \u0219i partajate atunci c\u00e2nd vizita\u021bi sau efectua\u021bi o achizi\u021bie de pe cheapy-shop.eu (\u201eSite-ul\u201d). INFORMA\u021aII PERSONALE PE CULEGEM C\u00e2nd vizita\u021bi site-ul, colect\u0103m automat anumite informa\u021bii despre dispozitivul dvs., inclusiv informa\u021bii despre browserul dvs. web, adresa IP, fusul [&hellip;]<\/p>\n","protected":false},"author":1,"featured_media":0,"parent":0,"menu_order":0,"comment_status":"closed","ping_status":"closed","template":"","meta":{"footnotes":""},"acf":[],"_links":{"self":[{"href":"https:\/\/www.cheapy-shop.eu\/ro\/wp-json\/wp\/v2\/pages\/24"}],"collection":[{"href":"https:\/\/www.cheapy-shop.eu\/ro\/wp-json\/wp\/v2\/pages"}],"about":[{"href":"https:\/\/www.cheapy-shop.eu\/ro\/wp-json\/wp\/v2\/types\/page"}],"author":[{"embeddable":true,"href":"https:\/\/www.cheapy-shop.eu\/ro\/wp-json\/wp\/v2\/users\/1"}],"replies":[{"embeddable":true,"href":"https:\/\/www.cheapy-shop.eu\/ro\/wp-json\/wp\/v2\/comments?post=24"}],"version-history":[{"count":3,"href":"https:\/\/www.cheapy-shop.eu\/ro\/wp-json\/wp\/v2\/pages\/24\/revisions"}],"predecessor-version":[{"id":3062,"href":"https:\/\/www.cheapy-shop.eu\/ro\/wp-json\/wp\/v2\/pages\/24\/revisions\/3062"}],"wp:attachment":[{"href":"https:\/\/www.cheapy-shop.eu\/ro\/wp-json\/wp\/v2\/media?parent=24"}],"curies":[{"name":"wp","href":"https:\/\/api.w.org\/{rel}","templated":true}]}}