{"id":6,"date":"2021-09-06T17:59:20","date_gmt":"2021-09-06T17:59:20","guid":{"rendered":"https:\/\/cheapy-shop.eu\/en\/?page_id=6"},"modified":"2022-06-30T13:38:00","modified_gmt":"2022-06-30T13:38:00","slug":"politica-de-privacidade","status":"publish","type":"page","link":"https:\/\/www.cheapy-shop.eu\/pt\/politica-de-privacidade\/","title":{"rendered":"Pol\u00edtica De Privacidad"},"content":{"rendered":"\t\t<div data-elementor-type=\"wp-page\" data-elementor-id=\"6\" class=\"elementor elementor-6\">\n\t\t\t\t\t\t\t\t\t<section class=\"elementor-section elementor-top-section elementor-element elementor-element-a2ffd3d elementor-section-boxed elementor-section-height-default elementor-section-height-default\" data-id=\"a2ffd3d\" data-element_type=\"section\" data-settings=\"{&quot;background_background&quot;:&quot;classic&quot;}\">\n\t\t\t\t\t\t\t<div class=\"elementor-background-overlay\"><\/div>\n\t\t\t\t\t\t\t<div class=\"elementor-container elementor-column-gap-default\">\n\t\t\t\t\t<div class=\"elementor-column elementor-col-100 elementor-top-column elementor-element elementor-element-0a1f51f\" data-id=\"0a1f51f\" data-element_type=\"column\">\n\t\t\t<div class=\"elementor-widget-wrap elementor-element-populated\">\n\t\t\t\t\t\t\t\t<div class=\"elementor-element elementor-element-7448d3b elementor-widget elementor-widget-heading\" data-id=\"7448d3b\" data-element_type=\"widget\" data-widget_type=\"heading.default\">\n\t\t\t\t<div class=\"elementor-widget-container\">\n\t\t\t<style>\/*! elementor - v3.7.1 - 14-08-2022 *\/\n.elementor-heading-title{padding:0;margin:0;line-height:1}.elementor-widget-heading .elementor-heading-title[class*=elementor-size-]>a{color:inherit;font-size:inherit;line-height:inherit}.elementor-widget-heading .elementor-heading-title.elementor-size-small{font-size:15px}.elementor-widget-heading .elementor-heading-title.elementor-size-medium{font-size:19px}.elementor-widget-heading .elementor-heading-title.elementor-size-large{font-size:29px}.elementor-widget-heading .elementor-heading-title.elementor-size-xl{font-size:39px}.elementor-widget-heading .elementor-heading-title.elementor-size-xxl{font-size:59px}<\/style><h2 class=\"elementor-heading-title elementor-size-default\">Pol\u00edtica de Privacidade<\/h2>\t\t<\/div>\n\t\t\t\t<\/div>\n\t\t\t\t\t<\/div>\n\t\t<\/div>\n\t\t\t\t\t\t\t<\/div>\n\t\t<\/section>\n\t\t\t\t<section class=\"elementor-section elementor-top-section elementor-element elementor-element-a25a2ea elementor-section-boxed elementor-section-height-default elementor-section-height-default\" data-id=\"a25a2ea\" data-element_type=\"section\">\n\t\t\t\t\t\t<div class=\"elementor-container elementor-column-gap-default\">\n\t\t\t\t\t<div class=\"elementor-column elementor-col-100 elementor-top-column elementor-element elementor-element-d40b93e\" data-id=\"d40b93e\" data-element_type=\"column\">\n\t\t\t<div class=\"elementor-widget-wrap elementor-element-populated\">\n\t\t\t\t\t\t\t\t<div class=\"elementor-element elementor-element-65c6c82 elementor-widget elementor-widget-text-editor\" data-id=\"65c6c82\" data-element_type=\"widget\" data-widget_type=\"text-editor.default\">\n\t\t\t\t<div class=\"elementor-widget-container\">\n\t\t\t<style>\/*! elementor - v3.7.1 - 14-08-2022 *\/\n.elementor-widget-text-editor.elementor-drop-cap-view-stacked .elementor-drop-cap{background-color:#818a91;color:#fff}.elementor-widget-text-editor.elementor-drop-cap-view-framed .elementor-drop-cap{color:#818a91;border:3px solid;background-color:transparent}.elementor-widget-text-editor:not(.elementor-drop-cap-view-default) .elementor-drop-cap{margin-top:8px}.elementor-widget-text-editor:not(.elementor-drop-cap-view-default) .elementor-drop-cap-letter{width:1em;height:1em}.elementor-widget-text-editor .elementor-drop-cap{float:left;text-align:center;line-height:1;font-size:50px}.elementor-widget-text-editor .elementor-drop-cap-letter{display:inline-block}<\/style>\t\t\t\t<div id=\"Content\"><div id=\"Translation\"><h3><span style=\"font-weight: 400;\">VIS\u00c3O GLOBAL<\/span><\/h3><p><span style=\"font-weight: 400;\">Esta Pol\u00edtica de Privacidade descreve como suas informa\u00e7\u00f5es pessoais s\u00e3o coletadas, usadas e compartilhadas quando voc\u00ea visita ou faz uma compra na cheapy-shop.eu (o \u201cSite\u201d).<\/span><\/p><h3><span style=\"font-weight: 400;\">INFORMA\u00c7\u00d5ES PESSOAIS QUE COLETAMOS<\/span><\/h3><p><span style=\"font-weight: 400;\">Quando voc\u00ea visita o Site, coletamos automaticamente certas informa\u00e7\u00f5es sobre seu dispositivo, incluindo informa\u00e7\u00f5es sobre seu navegador da web, endere\u00e7o IP, fuso hor\u00e1rio e alguns dos cookies instalados em seu dispositivo. Al\u00e9m disso, \u00e0 medida que voc\u00ea navega no Site, coletamos informa\u00e7\u00f5es sobre as p\u00e1ginas ou produtos individuais que voc\u00ea visualiza, quais sites ou termos de pesquisa o encaminharam para o Site e informa\u00e7\u00f5es sobre como voc\u00ea interage com o Site. Referimo-nos a essas informa\u00e7\u00f5es coletadas automaticamente como &#8220;Informa\u00e7\u00f5es do dispositivo&#8221;.<\/span><\/p><p><span style=\"font-weight: 400;\">Coletamos informa\u00e7\u00f5es do dispositivo usando as seguintes tecnologias:<\/span><\/p><p><span style=\"font-weight: 400;\">\u2013 \u201cCookies\u201d s\u00e3o arquivos de dados que s\u00e3o colocados em seu dispositivo ou computador e geralmente incluem um identificador \u00fanico an\u00f4nimo. Para obter mais informa\u00e7\u00f5es sobre cookies e como desativ\u00e1-los, visite https:\/\/www.allaboutcookies.org.<\/span><\/p><p><span style=\"font-weight: 400;\">\u2013 \u201cArquivos de log\u201d rastreiam as a\u00e7\u00f5es que ocorrem no Site e coletam dados, incluindo seu endere\u00e7o IP, tipo de navegador, provedor de servi\u00e7os de Internet, p\u00e1ginas de refer\u00eancia\/sa\u00edda e carimbos de data\/hora.<\/span><\/p><p><span style=\"font-weight: 400;\">\u2013 \u201cWeb beacons\u201d, \u201ctags\u201d e \u201cpixels\u201d s\u00e3o arquivos eletr\u00f4nicos usados \u200b\u200bpara registrar informa\u00e7\u00f5es sobre como voc\u00ea navega no Site.<\/span><\/p><p><span style=\"font-weight: 400;\">Al\u00e9m disso, quando voc\u00ea faz uma compra ou tenta fazer uma compra atrav\u00e9s do Site, coletamos certas informa\u00e7\u00f5es suas, incluindo seu nome, endere\u00e7o de cobran\u00e7a, endere\u00e7o de entrega, informa\u00e7\u00f5es de pagamento (incluindo n\u00fameros de cart\u00e3o de cr\u00e9dito), endere\u00e7o de e-mail e n\u00famero de telefone. Referimo-nos a essas informa\u00e7\u00f5es como &#8220;Informa\u00e7\u00f5es do pedido&#8221;.<\/span><\/p><p><span style=\"font-weight: 400;\">Quando falamos sobre \u201cInforma\u00e7\u00f5es Pessoais\u201d nesta Pol\u00edtica de Privacidade, estamos falando tanto de Informa\u00e7\u00f5es do Dispositivo quanto das Informa\u00e7\u00f5es do Pedido.<\/span><\/p><h3><span style=\"font-weight: 400;\">COMO USAMOS SUAS INFORMA\u00c7\u00d5ES PESSOAIS?<\/span><\/h3><p><span style=\"font-weight: 400;\">Usamos as Informa\u00e7\u00f5es de Pedidos que coletamos geralmente para atender a quaisquer pedidos feitos atrav\u00e9s do Site (incluindo processar suas informa\u00e7\u00f5es de pagamento, providenciar o envio e fornecer faturas e\/ou confirma\u00e7\u00f5es de pedidos). Al\u00e9m disso, usamos essas informa\u00e7\u00f5es do pedido para:<\/span><\/p><p><span style=\"font-weight: 400;\">Comunicar com voc\u00ea;<\/span><\/p><p><span style=\"font-weight: 400;\">Analisar nossos pedidos quanto a poss\u00edveis riscos ou fraudes; e<\/span><\/p><p><span style=\"font-weight: 400;\">Quando estiver de acordo com as prefer\u00eancias que voc\u00ea compartilhou conosco, fornecer informa\u00e7\u00f5es ou publicidade relacionadas aos nossos produtos ou servi\u00e7os.<\/span><\/p><p><span style=\"font-weight: 400;\">Usamos as informa\u00e7\u00f5es do dispositivo que coletamos para nos ajudar a rastrear poss\u00edveis riscos e fraudes (em particular, seu endere\u00e7o IP) e, de maneira mais geral, para melhorar e otimizar nosso site (por exemplo, gerando an\u00e1lises sobre como nossos clientes navegam e interagem com o Site e para avaliar o sucesso de nossas campanhas de marketing e publicidade).<\/span><\/p><h3><span style=\"font-weight: 400;\">COMPARTILHANDO SUAS INFORMA\u00c7\u00d5ES PESSOAIS<\/span><\/h3><p><span style=\"font-weight: 400;\">Compartilhamos suas Informa\u00e7\u00f5es Pessoais com terceiros para nos ajudar a usar suas Informa\u00e7\u00f5es Pessoais, conforme descrito acima. Tamb\u00e9m usamos o Google Analytics para nos ajudar a entender como nossos clientes usam o Site \u2013 voc\u00ea pode ler mais sobre como o Google usa suas informa\u00e7\u00f5es pessoais aqui: https:\/\/www.google.com\/intl\/en\/policies\/privacy\/. Voc\u00ea tamb\u00e9m pode desativar o Google Analytics aqui: https:\/\/tools.google.com\/dlpage\/gaoptout.<\/span><\/p><p><span style=\"font-weight: 400;\">Por fim, tamb\u00e9m podemos compartilhar suas informa\u00e7\u00f5es pessoais para cumprir as leis e regulamentos aplic\u00e1veis, para responder a uma intima\u00e7\u00e3o, mandado de busca ou outra solicita\u00e7\u00e3o legal de informa\u00e7\u00f5es que recebemos ou para proteger nossos direitos.<\/span><\/p><h3><span style=\"font-weight: 400;\">PUBLICIDADE COMPORTAMENTAL<\/span><\/h3><p><span style=\"font-weight: 400;\">Conforme descrito acima, usamos suas Informa\u00e7\u00f5es Pessoais para fornecer an\u00fancios direcionados ou comunica\u00e7\u00f5es de marketing que acreditamos serem de seu interesse. Para obter mais informa\u00e7\u00f5es sobre como funciona a publicidade direcionada, voc\u00ea pode visitar a p\u00e1gina educacional da Network Advertising Initiative (\u201cNAI\u201d) em https:\/\/www.networkadvertising.org\/understanding-online-advertising\/how-does-it-work.<\/span><\/p><p><span style=\"font-weight: 400;\">Voc\u00ea pode desativar a publicidade direcionada:<\/span><\/p><p><span style=\"font-weight: 400;\">FACEBOOK \u2013 https:\/\/www.facebook.com\/settings\/?tab=ads<\/span><\/p><p><span style=\"font-weight: 400;\">GOOGLE \u2013 https:\/\/www.google.com\/settings\/ads\/anonymous<\/span><\/p><p><span style=\"font-weight: 400;\">BING \u2013 https:\/\/advertise.bingads.microsoft.com\/en-us\/resources\/policies\/personalized-ads<\/span><\/p><p><span style=\"font-weight: 400;\">Al\u00e9m disso, voc\u00ea pode desativar alguns desses servi\u00e7os visitando o portal de desativa\u00e7\u00e3o da Digital Advertising Alliance em: https:\/\/optout.aboutads.info\/.<\/span><\/p><h3><span style=\"font-weight: 400;\">N\u00c3O RASTREIE<\/span><\/h3><p><span style=\"font-weight: 400;\">Observe que n\u00e3o alteramos as pr\u00e1ticas de coleta e uso de dados do nosso Site quando vemos um sinal de N\u00e3o rastrear do seu navegador.<\/span><\/p><h3><span style=\"font-weight: 400;\">SEUS DIREITOS<\/span><\/h3><p><span style=\"font-weight: 400;\">Se voc\u00ea \u00e9 um residente europeu, tem o direito de acessar as informa\u00e7\u00f5es pessoais que mantemos sobre voc\u00ea e solicitar que suas informa\u00e7\u00f5es pessoais sejam corrigidas, atualizadas ou exclu\u00eddas. Se voc\u00ea deseja exercer esse direito, entre em contato conosco atrav\u00e9s das informa\u00e7\u00f5es de contato abaixo.<\/span><\/p><p><span style=\"font-weight: 400;\">Al\u00e9m disso, se voc\u00ea for um residente europeu, notamos que estamos processando suas informa\u00e7\u00f5es para cumprir contratos que possamos ter com voc\u00ea (por exemplo, se voc\u00ea fizer um pedido atrav\u00e9s do Site) ou para buscar nossos interesses comerciais leg\u00edtimos listados acima.<\/span><\/p><h3><span style=\"font-weight: 400;\">MENORES<\/span><\/h3><p><span style=\"font-weight: 400;\">O Site n\u00e3o se destina a indiv\u00edduos menores de 18 anos.<\/span><\/p><h3><span style=\"font-weight: 400;\">MUDAN\u00c7AS<\/span><\/h3><p><span style=\"font-weight: 400;\">Podemos atualizar esta pol\u00edtica de privacidade de tempos em tempos para refletir, por exemplo, altera\u00e7\u00f5es em nossas pr\u00e1ticas ou por outros motivos operacionais, legais ou regulat\u00f3rios.<\/span><\/p><h3><span style=\"font-weight: 400;\">CONTATE-NOS<\/span><\/h3><p><span style=\"font-weight: 400;\">Para obter mais informa\u00e7\u00f5es sobre nossas pr\u00e1ticas de privacidade, se voc\u00ea tiver d\u00favidas ou quiser fazer uma reclama\u00e7\u00e3o, entre em contato conosco pelo e-mail admin@cheapy-shop.eu<\/span><\/p><\/div><\/div>\t\t\t\t\t\t<\/div>\n\t\t\t\t<\/div>\n\t\t\t\t\t<\/div>\n\t\t<\/div>\n\t\t\t\t\t\t\t<\/div>\n\t\t<\/section>\n\t\t\t\t<section class=\"elementor-section elementor-top-section elementor-element elementor-element-77e422f elementor-section-boxed elementor-section-height-default elementor-section-height-default\" data-id=\"77e422f\" data-element_type=\"section\" data-settings=\"{&quot;background_background&quot;:&quot;classic&quot;}\">\n\t\t\t\t\t\t<div class=\"elementor-container elementor-column-gap-default\">\n\t\t\t\t\t<div class=\"elementor-column elementor-col-25 elementor-top-column elementor-element elementor-element-3bf9e8e\" data-id=\"3bf9e8e\" data-element_type=\"column\">\n\t\t\t<div class=\"elementor-widget-wrap elementor-element-populated\">\n\t\t\t\t\t\t\t\t<div class=\"elementor-element elementor-element-07141a9 elementor-view-framed elementor-position-left elementor-shape-circle elementor-mobile-position-top elementor-vertical-align-top elementor-widget elementor-widget-icon-box\" data-id=\"07141a9\" data-element_type=\"widget\" data-widget_type=\"icon-box.default\">\n\t\t\t\t<div class=\"elementor-widget-container\">\n\t\t\t<link rel=\"stylesheet\" href=\"https:\/\/www.cheapy-shop.eu\/pt\/wp-content\/plugins\/elementor\/assets\/css\/widget-icon-box.min.css\">\t\t<div class=\"elementor-icon-box-wrapper\">\n\t\t\t\t\t\t<div class=\"elementor-icon-box-icon\">\n\t\t\t\t<span class=\"elementor-icon elementor-animation-\" >\n\t\t\t\t<i aria-hidden=\"true\" class=\"fas fa-user-check\"><\/i>\t\t\t\t<\/span>\n\t\t\t<\/div>\n\t\t\t\t\t\t<div class=\"elementor-icon-box-content\">\n\t\t\t\t<h3 class=\"elementor-icon-box-title\">\n\t\t\t\t\t<span  >\n\t\t\t\t\t\t100% seguro\t\t\t\t\t<\/span>\n\t\t\t\t<\/h3>\n\t\t\t\t\t\t\t<\/div>\n\t\t<\/div>\n\t\t\t\t<\/div>\n\t\t\t\t<\/div>\n\t\t\t\t\t<\/div>\n\t\t<\/div>\n\t\t\t\t<div class=\"elementor-column elementor-col-25 elementor-top-column elementor-element elementor-element-5cdbbec\" data-id=\"5cdbbec\" data-element_type=\"column\">\n\t\t\t<div class=\"elementor-widget-wrap elementor-element-populated\">\n\t\t\t\t\t\t\t\t<div class=\"elementor-element elementor-element-960fb39 elementor-view-framed elementor-position-left elementor-shape-circle elementor-mobile-position-top elementor-vertical-align-top elementor-widget elementor-widget-icon-box\" data-id=\"960fb39\" data-element_type=\"widget\" data-widget_type=\"icon-box.default\">\n\t\t\t\t<div class=\"elementor-widget-container\">\n\t\t\t\t\t<div class=\"elementor-icon-box-wrapper\">\n\t\t\t\t\t\t<div class=\"elementor-icon-box-icon\">\n\t\t\t\t<span class=\"elementor-icon elementor-animation-\" >\n\t\t\t\t<i aria-hidden=\"true\" class=\"fas fa-truck\"><\/i>\t\t\t\t<\/span>\n\t\t\t<\/div>\n\t\t\t\t\t\t<div class=\"elementor-icon-box-content\">\n\t\t\t\t<h3 class=\"elementor-icon-box-title\">\n\t\t\t\t\t<span  >\n\t\t\t\t\t\tEntrega r\u00e1pida\t\t\t\t\t<\/span>\n\t\t\t\t<\/h3>\n\t\t\t\t\t\t\t<\/div>\n\t\t<\/div>\n\t\t\t\t<\/div>\n\t\t\t\t<\/div>\n\t\t\t\t\t<\/div>\n\t\t<\/div>\n\t\t\t\t<div class=\"elementor-column elementor-col-25 elementor-top-column elementor-element elementor-element-0b86f38\" data-id=\"0b86f38\" data-element_type=\"column\">\n\t\t\t<div class=\"elementor-widget-wrap elementor-element-populated\">\n\t\t\t\t\t\t\t\t<div class=\"elementor-element elementor-element-f78906d elementor-view-framed elementor-position-left elementor-shape-circle elementor-mobile-position-top elementor-vertical-align-top elementor-widget elementor-widget-icon-box\" data-id=\"f78906d\" data-element_type=\"widget\" data-widget_type=\"icon-box.default\">\n\t\t\t\t<div class=\"elementor-widget-container\">\n\t\t\t\t\t<div class=\"elementor-icon-box-wrapper\">\n\t\t\t\t\t\t<div class=\"elementor-icon-box-icon\">\n\t\t\t\t<span class=\"elementor-icon elementor-animation-\" >\n\t\t\t\t<i aria-hidden=\"true\" class=\"fas fa-star\"><\/i>\t\t\t\t<\/span>\n\t\t\t<\/div>\n\t\t\t\t\t\t<div class=\"elementor-icon-box-content\">\n\t\t\t\t<h3 class=\"elementor-icon-box-title\">\n\t\t\t\t\t<span  >\n\t\t\t\t\t\tMelhor qualidade\t\t\t\t\t<\/span>\n\t\t\t\t<\/h3>\n\t\t\t\t\t\t\t<\/div>\n\t\t<\/div>\n\t\t\t\t<\/div>\n\t\t\t\t<\/div>\n\t\t\t\t\t<\/div>\n\t\t<\/div>\n\t\t\t\t<div class=\"elementor-column elementor-col-25 elementor-top-column elementor-element elementor-element-798a230\" data-id=\"798a230\" data-element_type=\"column\">\n\t\t\t<div class=\"elementor-widget-wrap elementor-element-populated\">\n\t\t\t\t\t\t\t\t<div class=\"elementor-element elementor-element-f3afb6f elementor-view-framed elementor-position-left elementor-shape-circle elementor-mobile-position-top elementor-vertical-align-top elementor-widget elementor-widget-icon-box\" data-id=\"f3afb6f\" data-element_type=\"widget\" data-widget_type=\"icon-box.default\">\n\t\t\t\t<div class=\"elementor-widget-container\">\n\t\t\t\t\t<div class=\"elementor-icon-box-wrapper\">\n\t\t\t\t\t\t<div class=\"elementor-icon-box-icon\">\n\t\t\t\t<span class=\"elementor-icon elementor-animation-\" >\n\t\t\t\t<i aria-hidden=\"true\" class=\"fas fa-thumbs-up\"><\/i>\t\t\t\t<\/span>\n\t\t\t<\/div>\n\t\t\t\t\t\t<div class=\"elementor-icon-box-content\">\n\t\t\t\t<h3 class=\"elementor-icon-box-title\">\n\t\t\t\t\t<span  >\n\t\t\t\t\t\t100% de satisfa\u00e7\u00e3o\t\t\t\t\t<\/span>\n\t\t\t\t<\/h3>\n\t\t\t\t\t\t\t<\/div>\n\t\t<\/div>\n\t\t\t\t<\/div>\n\t\t\t\t<\/div>\n\t\t\t\t\t<\/div>\n\t\t<\/div>\n\t\t\t\t\t\t\t<\/div>\n\t\t<\/section>\n\t\t\t\t\t\t\t<\/div>\n\t\t","protected":false},"excerpt":{"rendered":"<p>Pol\u00edtica de Privacidade VIS\u00c3O GLOBAL Esta Pol\u00edtica de Privacidade descreve como suas informa\u00e7\u00f5es pessoais s\u00e3o coletadas, usadas e compartilhadas quando voc\u00ea visita ou faz uma compra na cheapy-shop.eu (o \u201cSite\u201d). INFORMA\u00c7\u00d5ES PESSOAIS QUE COLETAMOS Quando voc\u00ea visita o Site, coletamos automaticamente certas informa\u00e7\u00f5es sobre seu dispositivo, incluindo informa\u00e7\u00f5es sobre seu navegador da web, endere\u00e7o IP, [&hellip;]<\/p>\n","protected":false},"author":1,"featured_media":0,"parent":0,"menu_order":0,"comment_status":"closed","ping_status":"closed","template":"elementor_header_footer","meta":{"footnotes":""},"acf":[],"_links":{"self":[{"href":"https:\/\/www.cheapy-shop.eu\/pt\/wp-json\/wp\/v2\/pages\/6"}],"collection":[{"href":"https:\/\/www.cheapy-shop.eu\/pt\/wp-json\/wp\/v2\/pages"}],"about":[{"href":"https:\/\/www.cheapy-shop.eu\/pt\/wp-json\/wp\/v2\/types\/page"}],"author":[{"embeddable":true,"href":"https:\/\/www.cheapy-shop.eu\/pt\/wp-json\/wp\/v2\/users\/1"}],"replies":[{"embeddable":true,"href":"https:\/\/www.cheapy-shop.eu\/pt\/wp-json\/wp\/v2\/comments?post=6"}],"version-history":[{"count":14,"href":"https:\/\/www.cheapy-shop.eu\/pt\/wp-json\/wp\/v2\/pages\/6\/revisions"}],"predecessor-version":[{"id":2928,"href":"https:\/\/www.cheapy-shop.eu\/pt\/wp-json\/wp\/v2\/pages\/6\/revisions\/2928"}],"wp:attachment":[{"href":"https:\/\/www.cheapy-shop.eu\/pt\/wp-json\/wp\/v2\/media?parent=6"}],"curies":[{"name":"wp","href":"https:\/\/api.w.org\/{rel}","templated":true}]}}