{"id":6,"date":"2021-09-06T17:59:20","date_gmt":"2021-09-06T17:59:20","guid":{"rendered":"https:\/\/cheapy-shop.eu\/pl\/?page_id=6"},"modified":"2022-07-01T14:32:48","modified_gmt":"2022-07-01T13:32:48","slug":"polityka-prywatnosci","status":"publish","type":"page","link":"https:\/\/www.cheapy-shop.eu\/pl\/polityka-prywatnosci\/","title":{"rendered":"Polityka prywatno\u015bci"},"content":{"rendered":"\t\t<div data-elementor-type=\"wp-page\" data-elementor-id=\"6\" class=\"elementor elementor-6\">\n\t\t\t\t\t\t\t\t\t<section class=\"elementor-section elementor-top-section elementor-element elementor-element-a2ffd3d elementor-section-boxed elementor-section-height-default elementor-section-height-default\" data-id=\"a2ffd3d\" data-element_type=\"section\" data-settings=\"{&quot;background_background&quot;:&quot;classic&quot;}\">\n\t\t\t\t\t\t\t<div class=\"elementor-background-overlay\"><\/div>\n\t\t\t\t\t\t\t<div class=\"elementor-container elementor-column-gap-default\">\n\t\t\t\t\t<div class=\"elementor-column elementor-col-100 elementor-top-column elementor-element elementor-element-0a1f51f\" data-id=\"0a1f51f\" data-element_type=\"column\">\n\t\t\t<div class=\"elementor-widget-wrap elementor-element-populated\">\n\t\t\t\t\t\t\t\t<div class=\"elementor-element elementor-element-7448d3b elementor-widget elementor-widget-heading\" data-id=\"7448d3b\" data-element_type=\"widget\" data-widget_type=\"heading.default\">\n\t\t\t\t<div class=\"elementor-widget-container\">\n\t\t\t<style>\/*! elementor - v3.7.1 - 14-08-2022 *\/\n.elementor-heading-title{padding:0;margin:0;line-height:1}.elementor-widget-heading .elementor-heading-title[class*=elementor-size-]>a{color:inherit;font-size:inherit;line-height:inherit}.elementor-widget-heading .elementor-heading-title.elementor-size-small{font-size:15px}.elementor-widget-heading .elementor-heading-title.elementor-size-medium{font-size:19px}.elementor-widget-heading .elementor-heading-title.elementor-size-large{font-size:29px}.elementor-widget-heading .elementor-heading-title.elementor-size-xl{font-size:39px}.elementor-widget-heading .elementor-heading-title.elementor-size-xxl{font-size:59px}<\/style><h2 class=\"elementor-heading-title elementor-size-default\">Polityka prywatno\u015bci<\/h2>\t\t<\/div>\n\t\t\t\t<\/div>\n\t\t\t\t\t<\/div>\n\t\t<\/div>\n\t\t\t\t\t\t\t<\/div>\n\t\t<\/section>\n\t\t\t\t<section class=\"elementor-section elementor-top-section elementor-element elementor-element-a25a2ea elementor-section-boxed elementor-section-height-default elementor-section-height-default\" data-id=\"a25a2ea\" data-element_type=\"section\">\n\t\t\t\t\t\t<div class=\"elementor-container elementor-column-gap-default\">\n\t\t\t\t\t<div class=\"elementor-column elementor-col-100 elementor-top-column elementor-element elementor-element-d40b93e\" data-id=\"d40b93e\" data-element_type=\"column\">\n\t\t\t<div class=\"elementor-widget-wrap elementor-element-populated\">\n\t\t\t\t\t\t\t\t<div class=\"elementor-element elementor-element-65c6c82 elementor-widget elementor-widget-text-editor\" data-id=\"65c6c82\" data-element_type=\"widget\" data-widget_type=\"text-editor.default\">\n\t\t\t\t<div class=\"elementor-widget-container\">\n\t\t\t<style>\/*! elementor - v3.7.1 - 14-08-2022 *\/\n.elementor-widget-text-editor.elementor-drop-cap-view-stacked .elementor-drop-cap{background-color:#818a91;color:#fff}.elementor-widget-text-editor.elementor-drop-cap-view-framed .elementor-drop-cap{color:#818a91;border:3px solid;background-color:transparent}.elementor-widget-text-editor:not(.elementor-drop-cap-view-default) .elementor-drop-cap{margin-top:8px}.elementor-widget-text-editor:not(.elementor-drop-cap-view-default) .elementor-drop-cap-letter{width:1em;height:1em}.elementor-widget-text-editor .elementor-drop-cap{float:left;text-align:center;line-height:1;font-size:50px}.elementor-widget-text-editor .elementor-drop-cap-letter{display:inline-block}<\/style>\t\t\t\t<div id=\"Content\"><div id=\"Translation\"><h3>INFORMACJE OG\u00d3LNE<\/h3><p><span style=\"font-weight: 400\">Niniejsza Polityka prywatno\u015bci opisuje, w jaki spos\u00f3b Twoje dane osobowe s\u0105 gromadzone, wykorzystywane i udost\u0119pniane podczas odwiedzania lub dokonywania zakup\u00f3w w witrynie cheapy-shop.eu (\u201eWitryna\u201d).<\/span><\/p><h3>DANE OSOBOWE, KT\u00d3RE ZBIERAMY<\/h3><p><span style=\"font-weight: 400\">Gdy odwiedzasz Witryn\u0119, automatycznie zbieramy pewne informacje o Twoim urz\u0105dzeniu, w tym informacje o Twojej przegl\u0105darce internetowej, adresie IP, strefie czasowej i niekt\u00f3rych plikach cookie, kt\u00f3re s\u0105 zainstalowane na Twoim urz\u0105dzeniu. Ponadto podczas przegl\u0105dania Witryny zbieramy informacje o poszczeg\u00f3lnych stronach internetowych lub produktach, kt\u00f3re przegl\u0105dasz, jakie witryny lub wyszukiwane has\u0142a przekierowuj\u0105 Ci\u0119 do Witryny oraz informacje o tym, jak korzystasz z Witryny. Te automatycznie gromadzone informacje nazywamy \u201eInformacjami o urz\u0105dzeniu\u201d.<\/span><\/p><p><span style=\"font-weight: 400\">Zbieramy Informacje o urz\u0105dzeniu za pomoc\u0105 nast\u0119puj\u0105cych technologii:<\/span><\/p><p><span style=\"font-weight: 400\">&#8211; \u201eCookies\u201d to pliki danych, kt\u00f3re s\u0105 umieszczane na Twoim urz\u0105dzeniu lub komputerze i cz\u0119sto zawieraj\u0105 anonimowy unikalny identyfikator. Wi\u0119cej informacji o plikach cookie i sposobie ich wy\u0142\u0105czania mo\u017cna znale\u017a\u0107 na stronie https:\/\/www.allaboutcookies.org.<\/span><\/p><p><span style=\"font-weight: 400\">&#8211; \u201ePliki dziennika\u201d \u015bledz\u0105 dzia\u0142ania wykonywane w Witrynie i zbieraj\u0105 dane, w tym adres IP, typ przegl\u0105darki, dostawc\u0119 us\u0142ug internetowych, strony odsy\u0142aj\u0105ce\/wyj\u015bcia oraz znaczniki daty\/godziny.<\/span><\/p><p><span style=\"font-weight: 400\">&#8211; \u201eSygna\u0142y nawigacyjne\u201d, \u201eznaczniki\u201d i \u201epiksele\u201d to pliki elektroniczne u\u017cywane do zapisywania informacji o sposobie przegl\u0105dania Witryny.<\/span><\/p><p><span style=\"font-weight: 400\">Ponadto, gdy dokonujesz zakupu lub pr\u00f3bujesz dokona\u0107 zakupu za po\u015brednictwem Witryny, zbieramy od Ciebie okre\u015blone informacje, w tym imi\u0119 i nazwisko, adres rozliczeniowy, adres wysy\u0142ki, informacje o p\u0142atno\u015bciach (w tym numery kart kredytowych), adres e-mail i numer telefonu. Informacje te nazywamy \u201eInformacjami o zam\u00f3wieniu\u201d.<\/span><\/p><p><span style=\"font-weight: 400\">Kiedy m\u00f3wimy o \u201eDanych osobowych\u201d w niniejszej Polityce prywatno\u015bci, mamy na my\u015bli zar\u00f3wno Informacje o urz\u0105dzeniu, jak i Informacje o zam\u00f3wieniu.<\/span><\/p><h3>W JAKI SPOS\u00d3B WYKORZYSTUJEMY TWOJE DANE OSOBOWE?<\/h3><p><span style=\"font-weight: 400\">Korzystamy z Informacji o Zam\u00f3wieniu, kt\u00f3re zbieramy og\u00f3lnie w celu realizacji wszelkich zam\u00f3wie\u0144 z\u0142o\u017conych za po\u015brednictwem Witryny (w tym przetwarzania informacji o p\u0142atno\u015bciach, organizowania wysy\u0142ki oraz dostarczania faktur i\/lub potwierdze\u0144 zam\u00f3wie\u0144). Ponadto wykorzystujemy te informacje o zam\u00f3wieniu, aby:<\/span><\/p><p><span style=\"font-weight: 400\">komunikowa\u0107 si\u0119 z Tob\u0105;<\/span><\/p><p><span style=\"font-weight: 400\">sprawdza\u0107 nasze zam\u00f3wienia pod k\u0105tem potencjalnego ryzyka lub oszustwa; oraz<\/span><\/p><p><span style=\"font-weight: 400\">gdy jest to zgodne z preferencjami, kt\u00f3re nam podzieli\u0142e\u015b, dostarczanie informacji lub reklam zwi\u0105zanych z naszymi produktami lub us\u0142ugami.<\/span><\/p><p><span style=\"font-weight: 400\">Korzystamy z gromadzonych przez nas informacji o urz\u0105dzeniu, aby pom\u00f3c nam w sprawdzaniu potencjalnego ryzyka i oszustw (w szczeg\u00f3lno\u015bci adresu IP) oraz, bardziej og\u00f3lnie, w celu ulepszania i optymalizacji naszej Witryny (na przyk\u0142ad poprzez generowanie analiz dotycz\u0105cych tego, jak nasi klienci przegl\u0105daj\u0105 i wchodz\u0105 w interakcj\u0119 z w Witrynie oraz w celu oceny sukcesu naszych kampanii marketingowych i reklamowych).<\/span><\/p><h3>UDOST\u0118PNIANIE TWOICH DANYCH OSOBOWYCH Udost\u0119pniamy<\/h3><p><span style=\"font-weight: 400\">osobowe stronom trzecim, aby pom\u00f3c nam wykorzysta\u0107 Twoje dane osobowe, jak opisano powy\u017cej. Korzystamy r\u00f3wnie\u017c z Google Analytics, aby pom\u00f3c nam zrozumie\u0107, w jaki spos\u00f3b nasi klienci korzystaj\u0105 z Witryny \u2014 mo\u017cesz przeczyta\u0107 wi\u0119cej o tym, jak Google wykorzystuje Twoje dane osobowe tutaj: https:\/\/www.google.com\/intl\/en\/policies\/privacy\/. Mo\u017cesz r\u00f3wnie\u017c zrezygnowa\u0107 z Google Analytics tutaj: https:\/\/tools.google.com\/dlpage\/gaoptout.<\/span><\/p><p><span style=\"font-weight: 400\">Wreszcie, mo\u017cemy r\u00f3wnie\u017c udost\u0119pnia\u0107 Twoje Dane Osobowe, aby zachowa\u0107 zgodno\u015b\u0107 z obowi\u0105zuj\u0105cymi przepisami i regulacjami, odpowiedzie\u0107 na wezwanie do s\u0105du, nakaz przeszukania lub inny zgodny z prawem wniosek o informacje, kt\u00f3re otrzymujemy, lub w inny spos\u00f3b chroni\u0107 nasze prawa.<\/span><\/p><h3>REKLAMA BEHAWIORALNA<\/h3><p><span style=\"font-weight: 400\">Jak opisano powy\u017cej, wykorzystujemy Twoje dane osobowe w celu dostarczania ukierunkowanych reklam lub komunikat\u00f3w marketingowych, kt\u00f3re naszym zdaniem mog\u0105 Ci\u0119 zainteresowa\u0107. Wi\u0119cej informacji na temat dzia\u0142ania reklamy ukierunkowanej mo\u017cna znale\u017a\u0107 na stronie edukacyjnej Network Advertising Initiative (\u201eNAI\u201d) pod adresem https:\/\/www.networkadvertising.org\/understanding-online-advertising\/how-does-it-work.<\/span><\/p><p><span style=\"font-weight: 400\">Mo\u017cesz zrezygnowa\u0107 z reklam ukierunkowanych przez:<\/span><\/p><p><span style=\"font-weight: 400\">FACEBOOK &#8211; https:\/\/www.facebook.com\/settings\/?tab=ads<\/span><\/p><p><span style=\"font-weight: 400\">GOOGLE &#8211; https:\/\/www.google.com\/settings\/ads\/anonymous<\/span><\/p><p><span style=\"font-weight: 400\">BING &#8211; https:\/\/ Advertising.bingads.microsoft.com\/en-us\/resources\/policies\/personalized-ads<\/span><\/p><p><span style=\"font-weight: 400\">Ponadto mo\u017cesz zrezygnowa\u0107 z niekt\u00f3rych z tych us\u0142ug, odwiedzaj\u0105c portal rezygnacji Digital Advertising Alliance pod adresem: https:\/\/optout.aboutads. informacje\/.<\/span><\/p><h3>NIE \u015aLED\u0179<\/h3><p><span style=\"font-weight: 400\">Nale\u017cy pami\u0119ta\u0107, \u017ce nie zmieniamy praktyk gromadzenia i wykorzystywania danych w naszej Witrynie, gdy widzimy sygna\u0142 \u201eNie \u015bled\u017a\u201d z Twojej przegl\u0105darki.<\/span><\/p><h3>TWOJE PRAWA<\/h3><p><span style=\"font-weight: 400\">Je\u015bli jeste\u015b mieszka\u0144cem Europy, masz prawo do dost\u0119pu do przechowywanych przez nas Twoich danych osobowych oraz do \u017c\u0105dania poprawienia, aktualizacji lub usuni\u0119cia Twoich danych osobowych. Je\u015bli chcesz skorzysta\u0107 z tego prawa, skontaktuj si\u0119 z nami, korzystaj\u0105c z poni\u017cszych danych kontaktowych.<\/span><\/p><p><span style=\"font-weight: 400\">Ponadto, je\u015bli jeste\u015b mieszka\u0144cem Europy, zauwa\u017camy, \u017ce przetwarzamy Twoje dane w celu realizacji um\u00f3w, kt\u00f3re mo\u017cemy z Tob\u0105 zawrze\u0107 (na przyk\u0142ad, je\u015bli sk\u0142adasz zam\u00f3wienie za po\u015brednictwem Witryny) lub w inny spos\u00f3b w celu realizacji naszych uzasadnionych interes\u00f3w biznesowych wymienionych powy\u017cej.<\/span><\/p><h3>PRZECHOWYWANIE DANYCH<\/h3><p><span style=\"font-weight: 400\">Kiedy sk\u0142adasz zam\u00f3wienie za po\u015brednictwem Witryny, zachowamy Twoje Informacje o Zam\u00f3wieniu w naszej dokumentacji, chyba \u017ce i dop\u00f3ki nie poprosisz nas o usuni\u0119cie tych informacji.<\/span><\/p><h3>NIELETNI<\/h3><p><span style=\"font-weight: 400\">Strona nie jest przeznaczona dla os\u00f3b poni\u017cej 18 roku \u017cycia.<\/span><\/p><h3>ZMIANY<\/h3><p><span style=\"font-weight: 400\">Od czasu do czasu mo\u017cemy aktualizowa\u0107 niniejsz\u0105 polityk\u0119 prywatno\u015bci w celu odzwierciedlenia na przyk\u0142ad zmian w naszych praktykach lub z innych przyczyn operacyjnych, prawnych lub regulacyjnych.<\/span><\/p><h3>SKONTAKTUJ SI\u0118 Z NAMI<\/h3><p><span style=\"font-weight: 400\">Aby uzyska\u0107 wi\u0119cej informacji na temat naszych praktyk w zakresie prywatno\u015bci, je\u015bli masz pytania lub chcesz z\u0142o\u017cy\u0107 skarg\u0119, skontaktuj si\u0119 z nami pod adresem e-mail admin@cheapy-shop.eu<\/span><\/p><\/div><\/div>\t\t\t\t\t\t<\/div>\n\t\t\t\t<\/div>\n\t\t\t\t\t<\/div>\n\t\t<\/div>\n\t\t\t\t\t\t\t<\/div>\n\t\t<\/section>\n\t\t\t\t<section class=\"elementor-section elementor-top-section elementor-element elementor-element-d0acef8 elementor-section-boxed elementor-section-height-default elementor-section-height-default\" data-id=\"d0acef8\" data-element_type=\"section\" data-settings=\"{&quot;background_background&quot;:&quot;classic&quot;}\">\n\t\t\t\t\t\t<div class=\"elementor-container elementor-column-gap-default\">\n\t\t\t\t\t<div class=\"elementor-column elementor-col-25 elementor-top-column elementor-element elementor-element-fcdc9a3\" data-id=\"fcdc9a3\" data-element_type=\"column\">\n\t\t\t<div class=\"elementor-widget-wrap elementor-element-populated\">\n\t\t\t\t\t\t\t\t<div class=\"elementor-element elementor-element-124fc07 elementor-view-framed elementor-position-left elementor-shape-circle elementor-mobile-position-top elementor-vertical-align-top elementor-widget elementor-widget-icon-box\" data-id=\"124fc07\" data-element_type=\"widget\" data-widget_type=\"icon-box.default\">\n\t\t\t\t<div class=\"elementor-widget-container\">\n\t\t\t<link rel=\"stylesheet\" href=\"https:\/\/www.cheapy-shop.eu\/pl\/wp-content\/plugins\/elementor\/assets\/css\/widget-icon-box.min.css\">\t\t<div class=\"elementor-icon-box-wrapper\">\n\t\t\t\t\t\t<div class=\"elementor-icon-box-icon\">\n\t\t\t\t<span class=\"elementor-icon elementor-animation-\" >\n\t\t\t\t<i aria-hidden=\"true\" class=\"fas fa-user-check\"><\/i>\t\t\t\t<\/span>\n\t\t\t<\/div>\n\t\t\t\t\t\t<div class=\"elementor-icon-box-content\">\n\t\t\t\t<h3 class=\"elementor-icon-box-title\">\n\t\t\t\t\t<span  >\n\t\t\t\t\t\t100% Bezpieczne\t\t\t\t\t<\/span>\n\t\t\t\t<\/h3>\n\t\t\t\t\t\t\t<\/div>\n\t\t<\/div>\n\t\t\t\t<\/div>\n\t\t\t\t<\/div>\n\t\t\t\t\t<\/div>\n\t\t<\/div>\n\t\t\t\t<div class=\"elementor-column elementor-col-25 elementor-top-column elementor-element elementor-element-c31edc5\" data-id=\"c31edc5\" data-element_type=\"column\">\n\t\t\t<div class=\"elementor-widget-wrap elementor-element-populated\">\n\t\t\t\t\t\t\t\t<div class=\"elementor-element elementor-element-e25d926 elementor-view-framed elementor-position-left elementor-shape-circle elementor-mobile-position-top elementor-vertical-align-top elementor-widget elementor-widget-icon-box\" data-id=\"e25d926\" data-element_type=\"widget\" data-widget_type=\"icon-box.default\">\n\t\t\t\t<div class=\"elementor-widget-container\">\n\t\t\t\t\t<div class=\"elementor-icon-box-wrapper\">\n\t\t\t\t\t\t<div class=\"elementor-icon-box-icon\">\n\t\t\t\t<span class=\"elementor-icon elementor-animation-\" >\n\t\t\t\t<i aria-hidden=\"true\" class=\"fas fa-truck\"><\/i>\t\t\t\t<\/span>\n\t\t\t<\/div>\n\t\t\t\t\t\t<div class=\"elementor-icon-box-content\">\n\t\t\t\t<h3 class=\"elementor-icon-box-title\">\n\t\t\t\t\t<span  >\n\t\t\t\t\t\tNajwy\u017cszej Jako\u015bci\t\t\t\t\t<\/span>\n\t\t\t\t<\/h3>\n\t\t\t\t\t\t\t<\/div>\n\t\t<\/div>\n\t\t\t\t<\/div>\n\t\t\t\t<\/div>\n\t\t\t\t\t<\/div>\n\t\t<\/div>\n\t\t\t\t<div class=\"elementor-column elementor-col-25 elementor-top-column elementor-element elementor-element-136fd26\" data-id=\"136fd26\" data-element_type=\"column\">\n\t\t\t<div class=\"elementor-widget-wrap elementor-element-populated\">\n\t\t\t\t\t\t\t\t<div class=\"elementor-element elementor-element-64e80f2 elementor-view-framed elementor-position-left elementor-shape-circle elementor-mobile-position-top elementor-vertical-align-top elementor-widget elementor-widget-icon-box\" data-id=\"64e80f2\" data-element_type=\"widget\" data-widget_type=\"icon-box.default\">\n\t\t\t\t<div class=\"elementor-widget-container\">\n\t\t\t\t\t<div class=\"elementor-icon-box-wrapper\">\n\t\t\t\t\t\t<div class=\"elementor-icon-box-icon\">\n\t\t\t\t<span class=\"elementor-icon elementor-animation-\" >\n\t\t\t\t<i aria-hidden=\"true\" class=\"fas fa-star\"><\/i>\t\t\t\t<\/span>\n\t\t\t<\/div>\n\t\t\t\t\t\t<div class=\"elementor-icon-box-content\">\n\t\t\t\t<h3 class=\"elementor-icon-box-title\">\n\t\t\t\t\t<span  >\n\t\t\t\t\t\tNajwy\u017cszej Jako\u015bci\t\t\t\t\t<\/span>\n\t\t\t\t<\/h3>\n\t\t\t\t\t\t\t<\/div>\n\t\t<\/div>\n\t\t\t\t<\/div>\n\t\t\t\t<\/div>\n\t\t\t\t\t<\/div>\n\t\t<\/div>\n\t\t\t\t<div class=\"elementor-column elementor-col-25 elementor-top-column elementor-element elementor-element-d101794\" data-id=\"d101794\" data-element_type=\"column\">\n\t\t\t<div class=\"elementor-widget-wrap elementor-element-populated\">\n\t\t\t\t\t\t\t\t<div class=\"elementor-element elementor-element-89e8c27 elementor-view-framed elementor-position-left elementor-shape-circle elementor-mobile-position-top elementor-vertical-align-top elementor-widget elementor-widget-icon-box\" data-id=\"89e8c27\" data-element_type=\"widget\" data-widget_type=\"icon-box.default\">\n\t\t\t\t<div class=\"elementor-widget-container\">\n\t\t\t\t\t<div class=\"elementor-icon-box-wrapper\">\n\t\t\t\t\t\t<div class=\"elementor-icon-box-icon\">\n\t\t\t\t<span class=\"elementor-icon elementor-animation-\" >\n\t\t\t\t<i aria-hidden=\"true\" class=\"fas fa-thumbs-up\"><\/i>\t\t\t\t<\/span>\n\t\t\t<\/div>\n\t\t\t\t\t\t<div class=\"elementor-icon-box-content\">\n\t\t\t\t<h3 class=\"elementor-icon-box-title\">\n\t\t\t\t\t<span  >\n\t\t\t\t\t\t100% Satysfakcji\t\t\t\t\t<\/span>\n\t\t\t\t<\/h3>\n\t\t\t\t\t\t\t<\/div>\n\t\t<\/div>\n\t\t\t\t<\/div>\n\t\t\t\t<\/div>\n\t\t\t\t\t<\/div>\n\t\t<\/div>\n\t\t\t\t\t\t\t<\/div>\n\t\t<\/section>\n\t\t\t\t\t\t\t<\/div>\n\t\t","protected":false},"excerpt":{"rendered":"<p>Polityka prywatno\u015bci INFORMACJE OG\u00d3LNE Niniejsza Polityka prywatno\u015bci opisuje, w jaki spos\u00f3b Twoje dane osobowe s\u0105 gromadzone, wykorzystywane i udost\u0119pniane podczas odwiedzania lub dokonywania zakup\u00f3w w witrynie cheapy-shop.eu (\u201eWitryna\u201d). DANE OSOBOWE, KT\u00d3RE ZBIERAMY Gdy odwiedzasz Witryn\u0119, automatycznie zbieramy pewne informacje o Twoim urz\u0105dzeniu, w tym informacje o Twojej przegl\u0105darce internetowej, adresie IP, strefie czasowej i niekt\u00f3rych [&hellip;]<\/p>\n","protected":false},"author":1,"featured_media":0,"parent":0,"menu_order":0,"comment_status":"closed","ping_status":"closed","template":"elementor_header_footer","meta":{"footnotes":""},"acf":[],"_links":{"self":[{"href":"https:\/\/www.cheapy-shop.eu\/pl\/wp-json\/wp\/v2\/pages\/6"}],"collection":[{"href":"https:\/\/www.cheapy-shop.eu\/pl\/wp-json\/wp\/v2\/pages"}],"about":[{"href":"https:\/\/www.cheapy-shop.eu\/pl\/wp-json\/wp\/v2\/types\/page"}],"author":[{"embeddable":true,"href":"https:\/\/www.cheapy-shop.eu\/pl\/wp-json\/wp\/v2\/users\/1"}],"replies":[{"embeddable":true,"href":"https:\/\/www.cheapy-shop.eu\/pl\/wp-json\/wp\/v2\/comments?post=6"}],"version-history":[{"count":3,"href":"https:\/\/www.cheapy-shop.eu\/pl\/wp-json\/wp\/v2\/pages\/6\/revisions"}],"predecessor-version":[{"id":3125,"href":"https:\/\/www.cheapy-shop.eu\/pl\/wp-json\/wp\/v2\/pages\/6\/revisions\/3125"}],"wp:attachment":[{"href":"https:\/\/www.cheapy-shop.eu\/pl\/wp-json\/wp\/v2\/media?parent=6"}],"curies":[{"name":"wp","href":"https:\/\/api.w.org\/{rel}","templated":true}]}}