{"id":24,"date":"2021-09-06T18:03:25","date_gmt":"2021-09-06T18:03:25","guid":{"rendered":"https:\/\/cheapy-shop.eu\/pl\/?page_id=24"},"modified":"2022-07-01T14:32:54","modified_gmt":"2022-07-01T13:32:54","slug":"polityka-zwrotow","status":"publish","type":"page","link":"https:\/\/www.cheapy-shop.eu\/pl\/polityka-zwrotow\/","title":{"rendered":"Polityka zwrot\u00f3w"},"content":{"rendered":"\t\t<div data-elementor-type=\"wp-page\" data-elementor-id=\"24\" class=\"elementor elementor-24\">\n\t\t\t\t\t\t\t\t\t<section class=\"elementor-section elementor-top-section elementor-element elementor-element-faa88a7 elementor-section-boxed elementor-section-height-default elementor-section-height-default\" data-id=\"faa88a7\" data-element_type=\"section\" data-settings=\"{&quot;background_background&quot;:&quot;classic&quot;}\">\n\t\t\t\t\t\t\t<div class=\"elementor-background-overlay\"><\/div>\n\t\t\t\t\t\t\t<div class=\"elementor-container elementor-column-gap-default\">\n\t\t\t\t\t<div class=\"elementor-column elementor-col-100 elementor-top-column elementor-element elementor-element-cd7eec8\" data-id=\"cd7eec8\" data-element_type=\"column\">\n\t\t\t<div class=\"elementor-widget-wrap elementor-element-populated\">\n\t\t\t\t\t\t\t\t<div class=\"elementor-element elementor-element-feaaaf9 elementor-widget elementor-widget-heading\" data-id=\"feaaaf9\" data-element_type=\"widget\" data-widget_type=\"heading.default\">\n\t\t\t\t<div class=\"elementor-widget-container\">\n\t\t\t<style>\/*! elementor - v3.7.1 - 14-08-2022 *\/\n.elementor-heading-title{padding:0;margin:0;line-height:1}.elementor-widget-heading .elementor-heading-title[class*=elementor-size-]>a{color:inherit;font-size:inherit;line-height:inherit}.elementor-widget-heading .elementor-heading-title.elementor-size-small{font-size:15px}.elementor-widget-heading .elementor-heading-title.elementor-size-medium{font-size:19px}.elementor-widget-heading .elementor-heading-title.elementor-size-large{font-size:29px}.elementor-widget-heading .elementor-heading-title.elementor-size-xl{font-size:39px}.elementor-widget-heading .elementor-heading-title.elementor-size-xxl{font-size:59px}<\/style><h2 class=\"elementor-heading-title elementor-size-default\">Polityka zwrot\u00f3w<\/h2>\t\t<\/div>\n\t\t\t\t<\/div>\n\t\t\t\t\t<\/div>\n\t\t<\/div>\n\t\t\t\t\t\t\t<\/div>\n\t\t<\/section>\n\t\t\t\t<section class=\"elementor-section elementor-top-section elementor-element elementor-element-5acd156 elementor-section-boxed elementor-section-height-default elementor-section-height-default\" data-id=\"5acd156\" data-element_type=\"section\">\n\t\t\t\t\t\t<div class=\"elementor-container elementor-column-gap-default\">\n\t\t\t\t\t<div class=\"elementor-column elementor-col-100 elementor-top-column elementor-element elementor-element-4a44ba0\" data-id=\"4a44ba0\" data-element_type=\"column\">\n\t\t\t<div class=\"elementor-widget-wrap elementor-element-populated\">\n\t\t\t\t\t\t\t\t<div class=\"elementor-element elementor-element-04a4f82 elementor-widget elementor-widget-text-editor\" data-id=\"04a4f82\" data-element_type=\"widget\" data-widget_type=\"text-editor.default\">\n\t\t\t\t<div class=\"elementor-widget-container\">\n\t\t\t<style>\/*! elementor - v3.7.1 - 14-08-2022 *\/\n.elementor-widget-text-editor.elementor-drop-cap-view-stacked .elementor-drop-cap{background-color:#818a91;color:#fff}.elementor-widget-text-editor.elementor-drop-cap-view-framed .elementor-drop-cap{color:#818a91;border:3px solid;background-color:transparent}.elementor-widget-text-editor:not(.elementor-drop-cap-view-default) .elementor-drop-cap{margin-top:8px}.elementor-widget-text-editor:not(.elementor-drop-cap-view-default) .elementor-drop-cap-letter{width:1em;height:1em}.elementor-widget-text-editor .elementor-drop-cap{float:left;text-align:center;line-height:1;font-size:50px}.elementor-widget-text-editor .elementor-drop-cap-letter{display:inline-block}<\/style>\t\t\t\t<div id=\"Content\"><div id=\"Translation\"><h3><span style=\"font-weight: 400\">PRZEGL\u0104D<\/span><\/h3><p><span style=\"font-weight: 400\">Nasza polisa trwa 14 dni. Je\u015bli od zakupu min\u0119\u0142o 14 dni, niestety nie mo\u017cemy zaoferowa\u0107 zwrotu pieni\u0119dzy ani wymiany.<\/span><\/p><p><span style=\"font-weight: 400\">Aby kwalifikowa\u0107 si\u0119 do zwrotu, przedmiot musi by\u0107 nieu\u017cywany i by\u0107 w takim samym stanie, w jakim go otrzyma\u0142e\u015b. Musi by\u0107 r\u00f3wnie\u017c w oryginalnym opakowaniu.<\/span><\/p><p><span style=\"font-weight: 400\">Kilka rodzaj\u00f3w towar\u00f3w jest zwolnionych ze zwrotu. Towary \u0142atwo psuj\u0105ce si\u0119, takie jak \u017cywno\u015b\u0107, kwiaty, gazety lub czasopisma, nie podlegaj\u0105 zwrotowi. Nie przyjmujemy r\u00f3wnie\u017c produkt\u00f3w, kt\u00f3re s\u0105 artyku\u0142ami intymnymi lub sanitarnymi, materia\u0142ami niebezpiecznymi lub \u0142atwopalnymi cieczami lub gazami.<\/span><\/p><p><span style=\"font-weight: 400\">Dodatkowe elementy bezzwrotne:<\/span><\/p><p><span style=\"font-weight: 400\">* Karty upominkowe<\/span><\/p><p><span style=\"font-weight: 400\">* Oprogramowanie do pobrania<\/span><\/p><p><span style=\"font-weight: 400\">* Niekt\u00f3re artyku\u0142y higieny osobistej<\/span><\/p><p><span style=\"font-weight: 400\">Aby dokona\u0107 zwrotu, potrzebujemy paragonu lub dowodu zakupu.<\/span><\/p><p><span style=\"font-weight: 400\">Prosimy nie odsy\u0142a\u0107 zakupu do producenta.<\/span><\/p><p><span style=\"font-weight: 400\">Istniej\u0105 pewne sytuacje, w kt\u00f3rych przyznawane s\u0105 tylko cz\u0119\u015bciowe zwroty: (je\u015bli dotyczy)<\/span><\/p><p><span style=\"font-weight: 400\">* Ksi\u0105\u017cka z wyra\u017anymi \u015bladami u\u017cytkowania<\/span><\/p><p><span style=\"font-weight: 400\">* P\u0142yta CD, DVD, ta\u015bma VHS, oprogramowanie, gra wideo, kaseta magnetofonowa lub p\u0142yta winylowa, kt\u00f3ra zosta\u0142a otwarta.<\/span><\/p><p><span style=\"font-weight: 400\">* Ka\u017cdy przedmiot, kt\u00f3ry nie jest w oryginalnym stanie, jest uszkodzony lub brakuje cz\u0119\u015bci z przyczyn nie zwi\u0105zanych z naszym b\u0142\u0119dem.<\/span><\/p><p><span style=\"font-weight: 400\">* Ka\u017cdy przedmiot, kt\u00f3ry zostanie zwr\u00f3cony po up\u0142ywie 14 dni od daty dostawy<\/span><\/p><h3><span style=\"font-weight: 400\">ZWROTY<\/span><\/h3><p><span style=\"font-weight: 400\">Po otrzymaniu zwrotu i sprawdzeniu go, wy\u015blemy Ci wiadomo\u015b\u0107 e-mail z powiadomieniem, \u017ce otrzymali\u015bmy zwr\u00f3cony przedmiot. Powiadomimy Ci\u0119 r\u00f3wnie\u017c o zatwierdzeniu lub odrzuceniu zwrotu.<\/span><\/p><p><span style=\"font-weight: 400\">Je\u015bli zostaniesz zatwierdzony, Tw\u00f3j zwrot zostanie przetworzony, a kredyt zostanie automatycznie zastosowany do Twojej karty kredytowej lub oryginalnej metody p\u0142atno\u015bci, w ci\u0105gu okre\u015blonej liczby dni.<\/span><\/p><h3><span style=\"font-weight: 400\">P\u00d3\u0179NE LUB BRAKUJ\u0104CE ZWROTY<\/span><\/h3><p><span style=\"font-weight: 400\">Je\u015bli nie otrzyma\u0142e\u015b jeszcze zwrotu, najpierw sprawd\u017a ponownie swoje konto bankowe.<\/span><\/p><p><span style=\"font-weight: 400\">Nast\u0119pnie skontaktuj si\u0119 z wystawc\u0105 karty kredytowej. Oficjalne zaksi\u0119gowanie zwrotu mo\u017ce troch\u0119 potrwa\u0107.<\/span><\/p><p><span style=\"font-weight: 400\">Nast\u0119pnie skontaktuj si\u0119 ze swoim bankiem. Cz\u0119sto przed zaksi\u0119gowaniem zwrotu pieni\u0119dzy mija troch\u0119 czasu.<\/span><\/p><p><span style=\"font-weight: 400\">Je\u015bli zrobi\u0142e\u015b to wszystko i nadal nie otrzyma\u0142e\u015b zwrotu pieni\u0119dzy, skontaktuj si\u0119 z nami pod adresem admin@cheapy-shop.eu.<\/span><\/p><h3><span style=\"font-weight: 400\">ELEMENTY WYPRZEDA\u017bOWE<\/span><\/h3><p><span style=\"font-weight: 400\">Tylko przedmioty w normalnej cenie mog\u0105 zosta\u0107 zwr\u00f3cone, niestety przedmioty wyprzeda\u017cowe nie podlegaj\u0105 zwrotowi.<\/span><\/p><h3><span style=\"font-weight: 400\">WYMIANY<\/span><\/h3><p><span style=\"font-weight: 400\">Wymieniamy tylko przedmioty, kt\u00f3re s\u0105 wadliwe lub uszkodzone. Je\u015bli chcesz wymieni\u0107 go na ten sam przedmiot, wy\u015blij nam e-mail na adres admin@cheapy-shop.eu.<\/span><\/p><h3><span style=\"font-weight: 400\">PREZENTY<\/span><\/h3><p><span style=\"font-weight: 400\">Je\u015bli przedmiot zosta\u0142 oznaczony jako prezent przy zakupie i wys\u0142aniu bezpo\u015brednio do Ciebie, otrzymasz kredyt podarunkowy o warto\u015bci zwrotu. Po otrzymaniu zwr\u00f3conego przedmiotu bon podarunkowy zostanie wys\u0142any do Ciebie.<\/span><\/p><p><span style=\"font-weight: 400\">Je\u015bli przedmiot nie zosta\u0142 oznaczony jako prezent w momencie zakupu lub dawca prezentu wys\u0142a\u0142 zam\u00f3wienie do siebie, aby przekaza\u0107 go p\u00f3\u017aniej, wy\u015blemy zwrot pieni\u0119dzy do dawcy prezentu, a on dowie si\u0119 o Twoim zwrocie.<\/span><\/p><h3><span style=\"font-weight: 400\">WYSY\u0141KA<\/span><\/h3><p><span style=\"font-weight: 400\">Aby zwr\u00f3ci\u0107 produkt, wy\u015blij nam e-mail na adres admin@cheapy-shop.eu, aby uzyska\u0107 adres pocztowy.<\/span><\/p><p><span style=\"font-weight: 400\">B\u0119dziesz odpowiedzialny za op\u0142acenie w\u0142asnych koszt\u00f3w wysy\u0142ki za zwrot przedmiotu. Koszty wysy\u0142ki nie podlegaj\u0105 zwrotowi. Je\u015bli otrzymasz zwrot pieni\u0119dzy, koszt przesy\u0142ki zwrotnej zostanie odliczony od Twojego zwrotu.<\/span><\/p><p><span style=\"font-weight: 400\">W zale\u017cno\u015bci od miejsca zamieszkania, czas potrzebny na dotarcie do Ciebie wymienianego produktu mo\u017ce si\u0119 r\u00f3\u017cni\u0107.<\/span><\/p><p><span style=\"font-weight: 400\">Powiniene\u015b rozwa\u017cy\u0107 skorzystanie z us\u0142ugi \u015bledzenia przesy\u0142ki lub wykupienie ubezpieczenia przesy\u0142ki. Nie gwarantujemy, \u017ce otrzymamy zwr\u00f3cony przedmiot.<\/span><\/p><\/div><\/div>\t\t\t\t\t\t<\/div>\n\t\t\t\t<\/div>\n\t\t\t\t\t<\/div>\n\t\t<\/div>\n\t\t\t\t\t\t\t<\/div>\n\t\t<\/section>\n\t\t\t\t<section class=\"elementor-section elementor-top-section elementor-element elementor-element-c46bd30 elementor-section-boxed elementor-section-height-default elementor-section-height-default\" data-id=\"c46bd30\" data-element_type=\"section\" data-settings=\"{&quot;background_background&quot;:&quot;classic&quot;}\">\n\t\t\t\t\t\t<div class=\"elementor-container elementor-column-gap-default\">\n\t\t\t\t\t<div class=\"elementor-column elementor-col-25 elementor-top-column elementor-element elementor-element-3d6f203\" data-id=\"3d6f203\" data-element_type=\"column\">\n\t\t\t<div class=\"elementor-widget-wrap elementor-element-populated\">\n\t\t\t\t\t\t\t\t<div class=\"elementor-element elementor-element-fecc360 elementor-view-framed elementor-position-left elementor-shape-circle elementor-mobile-position-top elementor-vertical-align-top elementor-widget elementor-widget-icon-box\" data-id=\"fecc360\" data-element_type=\"widget\" data-widget_type=\"icon-box.default\">\n\t\t\t\t<div class=\"elementor-widget-container\">\n\t\t\t<link rel=\"stylesheet\" href=\"https:\/\/www.cheapy-shop.eu\/pl\/wp-content\/plugins\/elementor\/assets\/css\/widget-icon-box.min.css\">\t\t<div class=\"elementor-icon-box-wrapper\">\n\t\t\t\t\t\t<div class=\"elementor-icon-box-icon\">\n\t\t\t\t<span class=\"elementor-icon elementor-animation-\" >\n\t\t\t\t<i aria-hidden=\"true\" class=\"fas fa-user-check\"><\/i>\t\t\t\t<\/span>\n\t\t\t<\/div>\n\t\t\t\t\t\t<div class=\"elementor-icon-box-content\">\n\t\t\t\t<h3 class=\"elementor-icon-box-title\">\n\t\t\t\t\t<span  >\n\t\t\t\t\t\t100% Bezpieczne\t\t\t\t\t<\/span>\n\t\t\t\t<\/h3>\n\t\t\t\t\t\t\t<\/div>\n\t\t<\/div>\n\t\t\t\t<\/div>\n\t\t\t\t<\/div>\n\t\t\t\t\t<\/div>\n\t\t<\/div>\n\t\t\t\t<div class=\"elementor-column elementor-col-25 elementor-top-column elementor-element elementor-element-f7e3146\" data-id=\"f7e3146\" data-element_type=\"column\">\n\t\t\t<div class=\"elementor-widget-wrap elementor-element-populated\">\n\t\t\t\t\t\t\t\t<div class=\"elementor-element elementor-element-87fded1 elementor-view-framed elementor-position-left elementor-shape-circle elementor-mobile-position-top elementor-vertical-align-top elementor-widget elementor-widget-icon-box\" data-id=\"87fded1\" data-element_type=\"widget\" data-widget_type=\"icon-box.default\">\n\t\t\t\t<div class=\"elementor-widget-container\">\n\t\t\t\t\t<div class=\"elementor-icon-box-wrapper\">\n\t\t\t\t\t\t<div class=\"elementor-icon-box-icon\">\n\t\t\t\t<span class=\"elementor-icon elementor-animation-\" >\n\t\t\t\t<i aria-hidden=\"true\" class=\"fas fa-truck\"><\/i>\t\t\t\t<\/span>\n\t\t\t<\/div>\n\t\t\t\t\t\t<div class=\"elementor-icon-box-content\">\n\t\t\t\t<h3 class=\"elementor-icon-box-title\">\n\t\t\t\t\t<span  >\n\t\t\t\t\t\tNajwy\u017cszej Jako\u015bci\t\t\t\t\t<\/span>\n\t\t\t\t<\/h3>\n\t\t\t\t\t\t\t<\/div>\n\t\t<\/div>\n\t\t\t\t<\/div>\n\t\t\t\t<\/div>\n\t\t\t\t\t<\/div>\n\t\t<\/div>\n\t\t\t\t<div class=\"elementor-column elementor-col-25 elementor-top-column elementor-element elementor-element-4c5e427\" data-id=\"4c5e427\" data-element_type=\"column\">\n\t\t\t<div class=\"elementor-widget-wrap elementor-element-populated\">\n\t\t\t\t\t\t\t\t<div class=\"elementor-element elementor-element-3cf8a3e elementor-view-framed elementor-position-left elementor-shape-circle elementor-mobile-position-top elementor-vertical-align-top elementor-widget elementor-widget-icon-box\" data-id=\"3cf8a3e\" data-element_type=\"widget\" data-widget_type=\"icon-box.default\">\n\t\t\t\t<div class=\"elementor-widget-container\">\n\t\t\t\t\t<div class=\"elementor-icon-box-wrapper\">\n\t\t\t\t\t\t<div class=\"elementor-icon-box-icon\">\n\t\t\t\t<span class=\"elementor-icon elementor-animation-\" >\n\t\t\t\t<i aria-hidden=\"true\" class=\"fas fa-star\"><\/i>\t\t\t\t<\/span>\n\t\t\t<\/div>\n\t\t\t\t\t\t<div class=\"elementor-icon-box-content\">\n\t\t\t\t<h3 class=\"elementor-icon-box-title\">\n\t\t\t\t\t<span  >\n\t\t\t\t\t\tNajwy\u017cszej Jako\u015bci\t\t\t\t\t<\/span>\n\t\t\t\t<\/h3>\n\t\t\t\t\t\t\t<\/div>\n\t\t<\/div>\n\t\t\t\t<\/div>\n\t\t\t\t<\/div>\n\t\t\t\t\t<\/div>\n\t\t<\/div>\n\t\t\t\t<div class=\"elementor-column elementor-col-25 elementor-top-column elementor-element elementor-element-d2f1954\" data-id=\"d2f1954\" data-element_type=\"column\">\n\t\t\t<div class=\"elementor-widget-wrap elementor-element-populated\">\n\t\t\t\t\t\t\t\t<div class=\"elementor-element elementor-element-d408307 elementor-view-framed elementor-position-left elementor-shape-circle elementor-mobile-position-top elementor-vertical-align-top elementor-widget elementor-widget-icon-box\" data-id=\"d408307\" data-element_type=\"widget\" data-widget_type=\"icon-box.default\">\n\t\t\t\t<div class=\"elementor-widget-container\">\n\t\t\t\t\t<div class=\"elementor-icon-box-wrapper\">\n\t\t\t\t\t\t<div class=\"elementor-icon-box-icon\">\n\t\t\t\t<span class=\"elementor-icon elementor-animation-\" >\n\t\t\t\t<i aria-hidden=\"true\" class=\"fas fa-thumbs-up\"><\/i>\t\t\t\t<\/span>\n\t\t\t<\/div>\n\t\t\t\t\t\t<div class=\"elementor-icon-box-content\">\n\t\t\t\t<h3 class=\"elementor-icon-box-title\">\n\t\t\t\t\t<span  >\n\t\t\t\t\t\t100% Satysfakcji\t\t\t\t\t<\/span>\n\t\t\t\t<\/h3>\n\t\t\t\t\t\t\t<\/div>\n\t\t<\/div>\n\t\t\t\t<\/div>\n\t\t\t\t<\/div>\n\t\t\t\t\t<\/div>\n\t\t<\/div>\n\t\t\t\t\t\t\t<\/div>\n\t\t<\/section>\n\t\t\t\t\t\t\t<\/div>\n\t\t","protected":false},"excerpt":{"rendered":"<p>Polityka zwrot\u00f3w PRZEGL\u0104D Nasza polisa trwa 14 dni. Je\u015bli od zakupu min\u0119\u0142o 14 dni, niestety nie mo\u017cemy zaoferowa\u0107 zwrotu pieni\u0119dzy ani wymiany. Aby kwalifikowa\u0107 si\u0119 do zwrotu, przedmiot musi by\u0107 nieu\u017cywany i by\u0107 w takim samym stanie, w jakim go otrzyma\u0142e\u015b. Musi by\u0107 r\u00f3wnie\u017c w oryginalnym opakowaniu. Kilka rodzaj\u00f3w towar\u00f3w jest zwolnionych ze zwrotu. Towary [&hellip;]<\/p>\n","protected":false},"author":1,"featured_media":0,"parent":0,"menu_order":0,"comment_status":"closed","ping_status":"closed","template":"","meta":{"footnotes":""},"acf":[],"_links":{"self":[{"href":"https:\/\/www.cheapy-shop.eu\/pl\/wp-json\/wp\/v2\/pages\/24"}],"collection":[{"href":"https:\/\/www.cheapy-shop.eu\/pl\/wp-json\/wp\/v2\/pages"}],"about":[{"href":"https:\/\/www.cheapy-shop.eu\/pl\/wp-json\/wp\/v2\/types\/page"}],"author":[{"embeddable":true,"href":"https:\/\/www.cheapy-shop.eu\/pl\/wp-json\/wp\/v2\/users\/1"}],"replies":[{"embeddable":true,"href":"https:\/\/www.cheapy-shop.eu\/pl\/wp-json\/wp\/v2\/comments?post=24"}],"version-history":[{"count":3,"href":"https:\/\/www.cheapy-shop.eu\/pl\/wp-json\/wp\/v2\/pages\/24\/revisions"}],"predecessor-version":[{"id":3128,"href":"https:\/\/www.cheapy-shop.eu\/pl\/wp-json\/wp\/v2\/pages\/24\/revisions\/3128"}],"wp:attachment":[{"href":"https:\/\/www.cheapy-shop.eu\/pl\/wp-json\/wp\/v2\/media?parent=24"}],"curies":[{"name":"wp","href":"https:\/\/api.w.org\/{rel}","templated":true}]}}