{"id":6,"date":"2021-09-06T17:59:20","date_gmt":"2021-09-06T17:59:20","guid":{"rendered":"https:\/\/cheapy-shop.eu\/lv\/?page_id=6"},"modified":"2022-07-01T15:28:49","modified_gmt":"2022-07-01T13:28:49","slug":"privatuma-politika","status":"publish","type":"page","link":"https:\/\/www.cheapy-shop.eu\/lv\/privatuma-politika\/","title":{"rendered":"Priv\u0101tuma politika"},"content":{"rendered":"\t\t<div data-elementor-type=\"wp-page\" data-elementor-id=\"6\" class=\"elementor elementor-6\">\n\t\t\t\t\t\t\t\t\t<section class=\"elementor-section elementor-top-section elementor-element elementor-element-a2ffd3d elementor-section-boxed elementor-section-height-default elementor-section-height-default\" data-id=\"a2ffd3d\" data-element_type=\"section\" data-settings=\"{&quot;background_background&quot;:&quot;classic&quot;}\">\n\t\t\t\t\t\t\t<div class=\"elementor-background-overlay\"><\/div>\n\t\t\t\t\t\t\t<div class=\"elementor-container elementor-column-gap-default\">\n\t\t\t\t\t<div class=\"elementor-column elementor-col-100 elementor-top-column elementor-element elementor-element-0a1f51f\" data-id=\"0a1f51f\" data-element_type=\"column\">\n\t\t\t<div class=\"elementor-widget-wrap elementor-element-populated\">\n\t\t\t\t\t\t\t\t<div class=\"elementor-element elementor-element-7448d3b elementor-widget elementor-widget-heading\" data-id=\"7448d3b\" data-element_type=\"widget\" data-widget_type=\"heading.default\">\n\t\t\t\t<div class=\"elementor-widget-container\">\n\t\t\t<style>\/*! elementor - v3.7.1 - 14-08-2022 *\/\n.elementor-heading-title{padding:0;margin:0;line-height:1}.elementor-widget-heading .elementor-heading-title[class*=elementor-size-]>a{color:inherit;font-size:inherit;line-height:inherit}.elementor-widget-heading .elementor-heading-title.elementor-size-small{font-size:15px}.elementor-widget-heading .elementor-heading-title.elementor-size-medium{font-size:19px}.elementor-widget-heading .elementor-heading-title.elementor-size-large{font-size:29px}.elementor-widget-heading .elementor-heading-title.elementor-size-xl{font-size:39px}.elementor-widget-heading .elementor-heading-title.elementor-size-xxl{font-size:59px}<\/style><h2 class=\"elementor-heading-title elementor-size-default\">Priv\u0101tuma politika<\/h2>\t\t<\/div>\n\t\t\t\t<\/div>\n\t\t\t\t\t<\/div>\n\t\t<\/div>\n\t\t\t\t\t\t\t<\/div>\n\t\t<\/section>\n\t\t\t\t<section class=\"elementor-section elementor-top-section elementor-element elementor-element-a25a2ea elementor-section-boxed elementor-section-height-default elementor-section-height-default\" data-id=\"a25a2ea\" data-element_type=\"section\">\n\t\t\t\t\t\t<div class=\"elementor-container elementor-column-gap-default\">\n\t\t\t\t\t<div class=\"elementor-column elementor-col-100 elementor-top-column elementor-element elementor-element-d40b93e\" data-id=\"d40b93e\" data-element_type=\"column\">\n\t\t\t<div class=\"elementor-widget-wrap elementor-element-populated\">\n\t\t\t\t\t\t\t\t<div class=\"elementor-element elementor-element-65c6c82 elementor-widget elementor-widget-text-editor\" data-id=\"65c6c82\" data-element_type=\"widget\" data-widget_type=\"text-editor.default\">\n\t\t\t\t<div class=\"elementor-widget-container\">\n\t\t\t<style>\/*! elementor - v3.7.1 - 14-08-2022 *\/\n.elementor-widget-text-editor.elementor-drop-cap-view-stacked .elementor-drop-cap{background-color:#818a91;color:#fff}.elementor-widget-text-editor.elementor-drop-cap-view-framed .elementor-drop-cap{color:#818a91;border:3px solid;background-color:transparent}.elementor-widget-text-editor:not(.elementor-drop-cap-view-default) .elementor-drop-cap{margin-top:8px}.elementor-widget-text-editor:not(.elementor-drop-cap-view-default) .elementor-drop-cap-letter{width:1em;height:1em}.elementor-widget-text-editor .elementor-drop-cap{float:left;text-align:center;line-height:1;font-size:50px}.elementor-widget-text-editor .elementor-drop-cap-letter{display:inline-block}<\/style>\t\t\t\t<div id=\"Content\"><div id=\"Translation\"><h3>P\u0100RSKATS<\/h3><p><span style=\"font-weight: 400\">\u0160aj\u0101 konfidencialit\u0101tes politik\u0101 ir aprakst\u012bts, k\u0101 j\u016bsu personisk\u0101 inform\u0101cija tiek v\u0101kta, izmantota un kop\u012bgota, kad apmekl\u0113jat vai iep\u0113rkaties vietn\u0113 cheapy-shop.eu (&#8220;Vietne&#8221;).<\/span><\/p><h3>PERSONISK\u0100 INFORM\u0100CIJA, KO M\u0112S V\u0100K\u0100M<\/h3><p><span style=\"font-weight: 400\">Kad j\u016bs apmekl\u0113jat Vietni, m\u0113s autom\u0101tiski iev\u0101cam noteiktu inform\u0101ciju par j\u016bsu ier\u012bci, tostarp inform\u0101ciju par j\u016bsu t\u012bmek\u013ca p\u0101rl\u016bkprogrammu, IP adresi, laika joslu un da\u017e\u0101m j\u016bsu ier\u012bc\u0113 instal\u0113taj\u0101m s\u012bkdatn\u0113m. Turkl\u0101t, p\u0101rl\u016bkojot vietni, m\u0113s apkopojam inform\u0101ciju par atsevi\u0161\u0137\u0101m t\u012bmek\u013ca lap\u0101m vai produktiem, ko skat\u0101t, k\u0101das vietnes vai mekl\u0113\u0161anas vienumi j\u016bs novirz\u012bja uz vietni, k\u0101 ar\u012b inform\u0101ciju par to, k\u0101 j\u016bs mijiedarbojaties ar vietni. \u0160o autom\u0101tiski apkopoto inform\u0101ciju m\u0113s d\u0113v\u0113jam par \u201cIer\u012bces inform\u0101ciju\u201d.<\/span><\/p><p><span style=\"font-weight: 400\">M\u0113s apkopojam inform\u0101ciju par ier\u012bci, izmantojot \u0161\u0101das tehnolo\u0123ijas:<\/span><\/p><p><span style=\"font-weight: 400\">&#8211; &#8220;S\u012bkfaili&#8221; ir datu faili, kas tiek ievietoti j\u016bsu ier\u012bc\u0113 vai dator\u0101 un bie\u017ei vien ietver anon\u012bmu unik\u0101lo identifikatoru. Lai ieg\u016btu papildinform\u0101ciju par s\u012bkfailiem un to atsp\u0113jo\u0161anu, apmekl\u0113jiet vietni https:\/\/www.allaboutcookies.org.<\/span><\/p><p><span style=\"font-weight: 400\">&#8211; \u201c\u017durn\u0101la faili\u201d izseko vietn\u0113 notieko\u0161\u0101s darb\u012bbas un apkopo datus, tostarp j\u016bsu IP adresi, p\u0101rl\u016bkprogrammas veidu, interneta pakalpojumu sniedz\u0113ju, atsauces\/izejas lapas un datuma\/laika z\u012bmogus.<\/span><\/p><p><span style=\"font-weight: 400\">&#8211; \u201cT\u012bmek\u013ca b\u0101ksign\u0101li\u201d, \u201ctagi\u201d un \u201cpikse\u013ci\u201d ir elektroniski faili, ko izmanto, lai ierakst\u012btu inform\u0101ciju par to, k\u0101 j\u016bs p\u0101rl\u016bkojat Vietni.<\/span><\/p><p><span style=\"font-weight: 400\">Turkl\u0101t, kad veicat pirkumu vai m\u0113\u0123in\u0101t veikt pirkumu, izmantojot Vietni, m\u0113s iev\u0101cam no jums noteiktu inform\u0101ciju, tostarp j\u016bsu v\u0101rdu, nor\u0113\u0137inu adresi, pieg\u0101des adresi, maks\u0101juma inform\u0101ciju (tostarp kred\u012btkar\u0161u numurus), e-pasta adresi un t\u0101lru\u0146a numuru. M\u0113s \u0161o inform\u0101ciju d\u0113v\u0113jam par \u201cPas\u016bt\u012bjuma inform\u0101ciju\u201d.<\/span><\/p><p><span style=\"font-weight: 400\">Kad m\u0113s run\u0101jam par \u201cpersonisko inform\u0101ciju\u201d \u0161aj\u0101 konfidencialit\u0101tes politik\u0101, m\u0113s run\u0101jam gan par inform\u0101ciju par ier\u012bci, gan par pas\u016bt\u012bjuma inform\u0101ciju.<\/span><\/p><h3>K\u0100 M\u0112S IZMANTOJAM J\u016aSU PERSONISKO INFORM\u0100CIJU?<\/h3><p><span style=\"font-weight: 400\">M\u0113s izmantojam Pas\u016bt\u012bjuma inform\u0101ciju, ko parasti apkopojam, lai izpild\u012btu visus pas\u016bt\u012bjumus, kas veikti, izmantojot Vietni (tostarp apstr\u0101d\u0101t j\u016bsu maks\u0101jumu inform\u0101ciju, organiz\u0113t pieg\u0101di un nodro\u0161in\u0101t j\u016bs ar r\u0113\u0137iniem un\/vai pas\u016bt\u012bjuma apstiprin\u0101jumiem). Turkl\u0101t m\u0113s izmantojam \u0161o Pas\u016bt\u012bjuma inform\u0101ciju, lai:<\/span><\/p><p><span style=\"font-weight: 400\">sazin\u0101tos ar jums;<\/span><\/p><p><span style=\"font-weight: 400\">P\u0101rbaud\u012bt m\u016bsu pas\u016bt\u012bjumus attiec\u012bb\u0101 uz iesp\u0113jamu risku vai kr\u0101p\u0161anu; un<\/span><\/p><p><span style=\"font-weight: 400\">, ja tas atbilst preferenc\u0113m, kuras esat kop\u012bgojis ar mums, sniegt jums inform\u0101ciju vai rekl\u0101mu saist\u012bb\u0101 ar m\u016bsu produktiem vai pakalpojumiem.<\/span><\/p><p><span style=\"font-weight: 400\">M\u0113s izmantojam inform\u0101ciju par ier\u012bci, ko apkopojam, lai pal\u012bdz\u0113tu mums p\u0101rbaud\u012bt iesp\u0113jamo risku un kr\u0101p\u0161anu (jo \u012bpa\u0161i j\u016bsu IP adresi), un visp\u0101r\u012bgi, lai uzlabotu un optimiz\u0113tu m\u016bsu vietni (piem\u0113ram, \u0123ener\u0113jot anal\u012bzi par to, k\u0101 m\u016bsu klienti p\u0101rl\u016bko un mijiedarbojas ar vietni, k\u0101 ar\u012b nov\u0113rt\u0113t m\u016bsu m\u0101rketinga un rekl\u0101mas kampa\u0146u pan\u0101kumus).<\/span><\/p><h3>J\u016aSU PERSONISK\u0100S INFORM\u0100CIJAS KOPLAIK\u0160AN\u0100S<\/h3><p><span style=\"font-weight: 400\">M\u0113s kop\u012bgojam j\u016bsu Personisko inform\u0101ciju ar tre\u0161aj\u0101m pus\u0113m, lai pal\u012bdz\u0113tu mums izmantot j\u016bsu Personisko inform\u0101ciju, k\u0101 aprakst\u012bts iepriek\u0161. M\u0113s ar\u012b izmantojam Google Analytics, lai pal\u012bdz\u0113tu mums saprast, k\u0101 m\u016bsu klienti izmanto vietni\u00a0\u2014 vair\u0101k par to, k\u0101 Google izmanto j\u016bsu personas inform\u0101ciju, varat las\u012bt \u0161eit: https:\/\/www.google.com\/intl\/lv\/policies\/privacy\/. Varat ar\u012b atteikties no Google Analytics \u0161eit: https:\/\/tools.google.com\/dlpage\/gaoptout.<\/span><\/p><p><span style=\"font-weight: 400\">Visbeidzot, m\u0113s varam ar\u012b kop\u012bgot j\u016bsu Personisko inform\u0101ciju, lai iev\u0113rotu piem\u0113rojamos likumus un noteikumus, atbild\u0113tu uz tiesas pav\u0113sti, krat\u012b\u0161anas orderi vai citu likum\u012bgu piepras\u012bjumu p\u0113c inform\u0101cijas, ko sa\u0146emam, vai cit\u0101di aizsarg\u0101tu savas ties\u012bbas.<\/span><\/p><h3>UZVED\u012aBAS REKL\u0100MA<\/h3><p><span style=\"font-weight: 400\">K\u0101 aprakst\u012bts iepriek\u0161, m\u0113s izmantojam j\u016bsu personisko inform\u0101ciju, lai sniegtu jums m\u0113r\u0137tiec\u012bgas rekl\u0101mas vai m\u0101rketinga pazi\u0146ojumus, m\u016bsupr\u0101t, j\u016bs var\u0113tu interes\u0113t. Lai ieg\u016btu papildinform\u0101ciju par to, k\u0101 darbojas m\u0113r\u0137tiec\u012bga reklam\u0113\u0161ana, varat apmekl\u0113t Network Advertising Initiative (\u201cNAI\u201d) izgl\u012btojo\u0161o lapu vietn\u0113 https:\/\/www.networkadvertising.org\/understanding-online-advertising\/how-does-it-work.<\/span><\/p><p><span style=\"font-weight: 400\">J\u016bs varat atteikties no m\u0113r\u0137tiec\u012bgas rekl\u0101mas, izmantojot:<\/span><\/p><p><span style=\"font-weight: 400\">FACEBOOK &#8211; https:\/\/www.facebook.com\/settings\/?tab=ads<\/span><\/p><p><span style=\"font-weight: 400\">GOOGLE &#8211; https:\/\/www.google.com\/settings\/ads\/anonymous<\/span><\/p><p><span style=\"font-weight: 400\">BING &#8211; https:\/\/ advertising.bingads.microsoft.com\/en-us\/resources\/policies\/personalized-ads<\/span><\/p><p><span style=\"font-weight: 400\">Turkl\u0101t varat atteikties no da\u017eiem no \u0161iem pakalpojumiem, apmekl\u0113jot Digital Advertising Alliance atteik\u0161an\u0101s port\u0101lu: https:\/\/optout.aboutads. info\/.<\/span><\/p><h3>NEIZSEKOT<\/h3><p><span style=\"font-weight: 400\">L\u016bdzu, \u0146emiet v\u0113r\u0101, ka m\u0113s nemain\u0101m m\u016bsu vietnes datu v\u0101k\u0161anas un izmanto\u0161anas praksi, ja no j\u016bsu p\u0101rl\u016bkprogrammas redzam sign\u0101lu Neizsekot.<\/span><\/p><h3>J\u016aSU TIES\u012aBAS<\/h3><p><span style=\"font-weight: 400\">Ja esat Eiropas iedz\u012bvot\u0101js, jums ir ties\u012bbas piek\u013c\u016bt m\u016bsu r\u012bc\u012bb\u0101 eso\u0161ajai personas inform\u0101cijai par jums un l\u016bgt, lai j\u016bsu personisk\u0101 inform\u0101cija tiek labota, atjaunin\u0101ta vai dz\u0113sta. Ja v\u0113laties izmantot \u0161\u012bs ties\u012bbas, l\u016bdzu, sazinieties ar mums, izmantojot t\u0101l\u0101k nor\u0101d\u012bto kontaktinform\u0101ciju.<\/span><\/p><p><span style=\"font-weight: 400\">Turkl\u0101t, ja esat Eiropas iedz\u012bvot\u0101js, m\u0113s atz\u012bm\u0113jam, ka m\u0113s apstr\u0101d\u0101jam j\u016bsu inform\u0101ciju, lai izpild\u012btu l\u012bgumus, kas mums var\u0113tu b\u016bt ar jums nosl\u0113gti (piem\u0113ram, ja veicat pas\u016bt\u012bjumu, izmantojot Vietni), vai cit\u0101di, lai \u012bstenotu m\u016bsu iepriek\u0161 min\u0113t\u0101s likum\u012bg\u0101s biznesa intereses.<\/span><\/p><h3>DATU UZGLAB\u0100\u0160ANA<\/h3><p><span style=\"font-weight: 400\">Kad veicat pas\u016bt\u012bjumu, izmantojot Vietni, m\u0113s saglab\u0101sim j\u016bsu Pas\u016bt\u012bjuma inform\u0101ciju m\u016bsu uzskaitei, ja vien un l\u012bdz br\u012bdim, kad j\u016bs l\u016bdzat mums dz\u0113st \u0161o inform\u0101ciju.<\/span><\/p><h3>Nepilngad\u012bgie<\/h3><p><span style=\"font-weight: 400\">Vietne nav paredz\u0113ta person\u0101m, kas jaun\u0101kas par 18 gadiem.<\/span><\/p><h3>IZMAI\u0145AS<\/h3><p><span style=\"font-weight: 400\">M\u0113s varam laiku pa laikam atjaunin\u0101t \u0161o priv\u0101tuma politiku, lai atspogu\u013cotu, piem\u0113ram, izmai\u0146as m\u016bsu praks\u0113 vai citu darb\u012bbas, juridisku vai regul\u0113jo\u0161u iemeslu d\u0113\u013c.<\/span><\/p><h3>SAZINIETIES AR MUMS<\/h3><p><span style=\"font-weight: 400\">Lai ieg\u016btu papildinform\u0101ciju par m\u016bsu priv\u0101tuma praksi, ja jums ir jaut\u0101jumi vai v\u0113laties iesniegt s\u016bdz\u012bbu, l\u016bdzu, sazinieties ar mums pa e-pastu admin@cheapy-shop.eu<\/span><\/p><\/div><\/div>\t\t\t\t\t\t<\/div>\n\t\t\t\t<\/div>\n\t\t\t\t\t<\/div>\n\t\t<\/div>\n\t\t\t\t\t\t\t<\/div>\n\t\t<\/section>\n\t\t\t\t<section class=\"elementor-section elementor-top-section elementor-element elementor-element-aaad8c2 elementor-section-boxed elementor-section-height-default elementor-section-height-default\" data-id=\"aaad8c2\" data-element_type=\"section\" data-settings=\"{&quot;background_background&quot;:&quot;classic&quot;}\">\n\t\t\t\t\t\t<div class=\"elementor-container elementor-column-gap-default\">\n\t\t\t\t\t<div class=\"elementor-column elementor-col-25 elementor-top-column elementor-element elementor-element-4fa8cb0\" data-id=\"4fa8cb0\" data-element_type=\"column\">\n\t\t\t<div class=\"elementor-widget-wrap elementor-element-populated\">\n\t\t\t\t\t\t\t\t<div class=\"elementor-element elementor-element-7b97c73 elementor-view-framed elementor-position-left elementor-shape-circle elementor-mobile-position-top elementor-vertical-align-top elementor-widget elementor-widget-icon-box\" data-id=\"7b97c73\" data-element_type=\"widget\" data-widget_type=\"icon-box.default\">\n\t\t\t\t<div class=\"elementor-widget-container\">\n\t\t\t<link rel=\"stylesheet\" href=\"https:\/\/www.cheapy-shop.eu\/lv\/wp-content\/plugins\/elementor\/assets\/css\/widget-icon-box.min.css\">\t\t<div class=\"elementor-icon-box-wrapper\">\n\t\t\t\t\t\t<div class=\"elementor-icon-box-icon\">\n\t\t\t\t<span class=\"elementor-icon elementor-animation-\" >\n\t\t\t\t<i aria-hidden=\"true\" class=\"fas fa-user-check\"><\/i>\t\t\t\t<\/span>\n\t\t\t<\/div>\n\t\t\t\t\t\t<div class=\"elementor-icon-box-content\">\n\t\t\t\t<h3 class=\"elementor-icon-box-title\">\n\t\t\t\t\t<span  >\n\t\t\t\t\t\t100% Dro\u0161s\t\t\t\t\t<\/span>\n\t\t\t\t<\/h3>\n\t\t\t\t\t\t\t<\/div>\n\t\t<\/div>\n\t\t\t\t<\/div>\n\t\t\t\t<\/div>\n\t\t\t\t\t<\/div>\n\t\t<\/div>\n\t\t\t\t<div class=\"elementor-column elementor-col-25 elementor-top-column elementor-element elementor-element-62e4f4a\" data-id=\"62e4f4a\" data-element_type=\"column\">\n\t\t\t<div class=\"elementor-widget-wrap elementor-element-populated\">\n\t\t\t\t\t\t\t\t<div class=\"elementor-element elementor-element-f5e9bdd elementor-view-framed elementor-position-left elementor-shape-circle elementor-mobile-position-top elementor-vertical-align-top elementor-widget elementor-widget-icon-box\" data-id=\"f5e9bdd\" data-element_type=\"widget\" data-widget_type=\"icon-box.default\">\n\t\t\t\t<div class=\"elementor-widget-container\">\n\t\t\t\t\t<div class=\"elementor-icon-box-wrapper\">\n\t\t\t\t\t\t<div class=\"elementor-icon-box-icon\">\n\t\t\t\t<span class=\"elementor-icon elementor-animation-\" >\n\t\t\t\t<i aria-hidden=\"true\" class=\"fas fa-truck\"><\/i>\t\t\t\t<\/span>\n\t\t\t<\/div>\n\t\t\t\t\t\t<div class=\"elementor-icon-box-content\">\n\t\t\t\t<h3 class=\"elementor-icon-box-title\">\n\t\t\t\t\t<span  >\n\t\t\t\t\t\t\u0100tr\u0101 Pieg\u0101de\t\t\t\t\t<\/span>\n\t\t\t\t<\/h3>\n\t\t\t\t\t\t\t<\/div>\n\t\t<\/div>\n\t\t\t\t<\/div>\n\t\t\t\t<\/div>\n\t\t\t\t\t<\/div>\n\t\t<\/div>\n\t\t\t\t<div class=\"elementor-column elementor-col-25 elementor-top-column elementor-element elementor-element-fb1a66d\" data-id=\"fb1a66d\" data-element_type=\"column\">\n\t\t\t<div class=\"elementor-widget-wrap elementor-element-populated\">\n\t\t\t\t\t\t\t\t<div class=\"elementor-element elementor-element-f9ed27e elementor-view-framed elementor-position-left elementor-shape-circle elementor-mobile-position-top elementor-vertical-align-top elementor-widget elementor-widget-icon-box\" data-id=\"f9ed27e\" data-element_type=\"widget\" data-widget_type=\"icon-box.default\">\n\t\t\t\t<div class=\"elementor-widget-container\">\n\t\t\t\t\t<div class=\"elementor-icon-box-wrapper\">\n\t\t\t\t\t\t<div class=\"elementor-icon-box-icon\">\n\t\t\t\t<span class=\"elementor-icon elementor-animation-\" >\n\t\t\t\t<i aria-hidden=\"true\" class=\"fas fa-star\"><\/i>\t\t\t\t<\/span>\n\t\t\t<\/div>\n\t\t\t\t\t\t<div class=\"elementor-icon-box-content\">\n\t\t\t\t<h3 class=\"elementor-icon-box-title\">\n\t\t\t\t\t<span  >\n\t\t\t\t\t\tVislab\u0101k\u0101 Kvalit\u0101te\t\t\t\t\t<\/span>\n\t\t\t\t<\/h3>\n\t\t\t\t\t\t\t<\/div>\n\t\t<\/div>\n\t\t\t\t<\/div>\n\t\t\t\t<\/div>\n\t\t\t\t\t<\/div>\n\t\t<\/div>\n\t\t\t\t<div class=\"elementor-column elementor-col-25 elementor-top-column elementor-element elementor-element-e355a7c\" data-id=\"e355a7c\" data-element_type=\"column\">\n\t\t\t<div class=\"elementor-widget-wrap elementor-element-populated\">\n\t\t\t\t\t\t\t\t<div class=\"elementor-element elementor-element-f34637d elementor-view-framed elementor-position-left elementor-shape-circle elementor-mobile-position-top elementor-vertical-align-top elementor-widget elementor-widget-icon-box\" data-id=\"f34637d\" data-element_type=\"widget\" data-widget_type=\"icon-box.default\">\n\t\t\t\t<div class=\"elementor-widget-container\">\n\t\t\t\t\t<div class=\"elementor-icon-box-wrapper\">\n\t\t\t\t\t\t<div class=\"elementor-icon-box-icon\">\n\t\t\t\t<span class=\"elementor-icon elementor-animation-\" >\n\t\t\t\t<i aria-hidden=\"true\" class=\"fas fa-thumbs-up\"><\/i>\t\t\t\t<\/span>\n\t\t\t<\/div>\n\t\t\t\t\t\t<div class=\"elementor-icon-box-content\">\n\t\t\t\t<h3 class=\"elementor-icon-box-title\">\n\t\t\t\t\t<span  >\n\t\t\t\t\t\t100% Apmierin\u0101t\u012bba\t\t\t\t\t<\/span>\n\t\t\t\t<\/h3>\n\t\t\t\t\t\t\t<\/div>\n\t\t<\/div>\n\t\t\t\t<\/div>\n\t\t\t\t<\/div>\n\t\t\t\t\t<\/div>\n\t\t<\/div>\n\t\t\t\t\t\t\t<\/div>\n\t\t<\/section>\n\t\t\t\t\t\t\t<\/div>\n\t\t","protected":false},"excerpt":{"rendered":"<p>Priv\u0101tuma politika P\u0100RSKATS \u0160aj\u0101 konfidencialit\u0101tes politik\u0101 ir aprakst\u012bts, k\u0101 j\u016bsu personisk\u0101 inform\u0101cija tiek v\u0101kta, izmantota un kop\u012bgota, kad apmekl\u0113jat vai iep\u0113rkaties vietn\u0113 cheapy-shop.eu (&#8220;Vietne&#8221;). PERSONISK\u0100 INFORM\u0100CIJA, KO M\u0112S V\u0100K\u0100M Kad j\u016bs apmekl\u0113jat Vietni, m\u0113s autom\u0101tiski iev\u0101cam noteiktu inform\u0101ciju par j\u016bsu ier\u012bci, tostarp inform\u0101ciju par j\u016bsu t\u012bmek\u013ca p\u0101rl\u016bkprogrammu, IP adresi, laika joslu un da\u017e\u0101m j\u016bsu ier\u012bc\u0113 [&hellip;]<\/p>\n","protected":false},"author":1,"featured_media":0,"parent":0,"menu_order":0,"comment_status":"closed","ping_status":"closed","template":"elementor_header_footer","meta":{"footnotes":""},"acf":[],"_links":{"self":[{"href":"https:\/\/www.cheapy-shop.eu\/lv\/wp-json\/wp\/v2\/pages\/6"}],"collection":[{"href":"https:\/\/www.cheapy-shop.eu\/lv\/wp-json\/wp\/v2\/pages"}],"about":[{"href":"https:\/\/www.cheapy-shop.eu\/lv\/wp-json\/wp\/v2\/types\/page"}],"author":[{"embeddable":true,"href":"https:\/\/www.cheapy-shop.eu\/lv\/wp-json\/wp\/v2\/users\/1"}],"replies":[{"embeddable":true,"href":"https:\/\/www.cheapy-shop.eu\/lv\/wp-json\/wp\/v2\/comments?post=6"}],"version-history":[{"count":3,"href":"https:\/\/www.cheapy-shop.eu\/lv\/wp-json\/wp\/v2\/pages\/6\/revisions"}],"predecessor-version":[{"id":2842,"href":"https:\/\/www.cheapy-shop.eu\/lv\/wp-json\/wp\/v2\/pages\/6\/revisions\/2842"}],"wp:attachment":[{"href":"https:\/\/www.cheapy-shop.eu\/lv\/wp-json\/wp\/v2\/media?parent=6"}],"curies":[{"name":"wp","href":"https:\/\/api.w.org\/{rel}","templated":true}]}}