{"id":24,"date":"2021-09-06T18:03:25","date_gmt":"2021-09-06T18:03:25","guid":{"rendered":"https:\/\/cheapy-shop.eu\/lv\/?page_id=24"},"modified":"2022-07-01T15:28:05","modified_gmt":"2022-07-01T13:28:05","slug":"atgriesanas-nosacijumi","status":"publish","type":"page","link":"https:\/\/www.cheapy-shop.eu\/lv\/atgriesanas-nosacijumi\/","title":{"rendered":"Atgrie\u0161anas nosac\u012bjumi"},"content":{"rendered":"\t\t<div data-elementor-type=\"wp-page\" data-elementor-id=\"24\" class=\"elementor elementor-24\">\n\t\t\t\t\t\t\t\t\t<section class=\"elementor-section elementor-top-section elementor-element elementor-element-faa88a7 elementor-section-boxed elementor-section-height-default elementor-section-height-default\" data-id=\"faa88a7\" data-element_type=\"section\" data-settings=\"{&quot;background_background&quot;:&quot;classic&quot;}\">\n\t\t\t\t\t\t\t<div class=\"elementor-background-overlay\"><\/div>\n\t\t\t\t\t\t\t<div class=\"elementor-container elementor-column-gap-default\">\n\t\t\t\t\t<div class=\"elementor-column elementor-col-100 elementor-top-column elementor-element elementor-element-cd7eec8\" data-id=\"cd7eec8\" data-element_type=\"column\">\n\t\t\t<div class=\"elementor-widget-wrap elementor-element-populated\">\n\t\t\t\t\t\t\t\t<div class=\"elementor-element elementor-element-feaaaf9 elementor-widget elementor-widget-heading\" data-id=\"feaaaf9\" data-element_type=\"widget\" data-widget_type=\"heading.default\">\n\t\t\t\t<div class=\"elementor-widget-container\">\n\t\t\t<style>\/*! elementor - v3.7.1 - 14-08-2022 *\/\n.elementor-heading-title{padding:0;margin:0;line-height:1}.elementor-widget-heading .elementor-heading-title[class*=elementor-size-]>a{color:inherit;font-size:inherit;line-height:inherit}.elementor-widget-heading .elementor-heading-title.elementor-size-small{font-size:15px}.elementor-widget-heading .elementor-heading-title.elementor-size-medium{font-size:19px}.elementor-widget-heading .elementor-heading-title.elementor-size-large{font-size:29px}.elementor-widget-heading .elementor-heading-title.elementor-size-xl{font-size:39px}.elementor-widget-heading .elementor-heading-title.elementor-size-xxl{font-size:59px}<\/style><h2 class=\"elementor-heading-title elementor-size-default\">Atgrie\u0161anas nosac\u012bjumi<\/h2>\t\t<\/div>\n\t\t\t\t<\/div>\n\t\t\t\t\t<\/div>\n\t\t<\/div>\n\t\t\t\t\t\t\t<\/div>\n\t\t<\/section>\n\t\t\t\t<section class=\"elementor-section elementor-top-section elementor-element elementor-element-5acd156 elementor-section-boxed elementor-section-height-default elementor-section-height-default\" data-id=\"5acd156\" data-element_type=\"section\">\n\t\t\t\t\t\t<div class=\"elementor-container elementor-column-gap-default\">\n\t\t\t\t\t<div class=\"elementor-column elementor-col-100 elementor-top-column elementor-element elementor-element-4a44ba0\" data-id=\"4a44ba0\" data-element_type=\"column\">\n\t\t\t<div class=\"elementor-widget-wrap elementor-element-populated\">\n\t\t\t\t\t\t\t\t<div class=\"elementor-element elementor-element-04a4f82 elementor-widget elementor-widget-text-editor\" data-id=\"04a4f82\" data-element_type=\"widget\" data-widget_type=\"text-editor.default\">\n\t\t\t\t<div class=\"elementor-widget-container\">\n\t\t\t<style>\/*! elementor - v3.7.1 - 14-08-2022 *\/\n.elementor-widget-text-editor.elementor-drop-cap-view-stacked .elementor-drop-cap{background-color:#818a91;color:#fff}.elementor-widget-text-editor.elementor-drop-cap-view-framed .elementor-drop-cap{color:#818a91;border:3px solid;background-color:transparent}.elementor-widget-text-editor:not(.elementor-drop-cap-view-default) .elementor-drop-cap{margin-top:8px}.elementor-widget-text-editor:not(.elementor-drop-cap-view-default) .elementor-drop-cap-letter{width:1em;height:1em}.elementor-widget-text-editor .elementor-drop-cap{float:left;text-align:center;line-height:1;font-size:50px}.elementor-widget-text-editor .elementor-drop-cap-letter{display:inline-block}<\/style>\t\t\t\t<div id=\"Content\"><div id=\"Translation\"><h3><span style=\"font-weight: 400\">P\u0100RSKATS<\/span><\/h3><p><span style=\"font-weight: 400\">M\u016bsu politika ir sp\u0113k\u0101 14 dienas. Ja kop\u0161 pirkuma ir pag\u0101ju\u0161as 14\u00a0dienas, diem\u017e\u0113l m\u0113s nevaram pied\u0101v\u0101t atmaksu vai apmai\u0146u.<\/span><\/p><p><span style=\"font-weight: 400\">Lai prece b\u016btu ties\u012bga sa\u0146emt atgrie\u0161anu, tai j\u0101b\u016bt nelietotai un t\u0101d\u0101 pa\u0161\u0101 st\u0101vokl\u012b, k\u0101d\u0101 to sa\u0146\u0113m\u0101t. Tam j\u0101b\u016bt ar\u012b ori\u0123in\u0101laj\u0101 iepakojum\u0101.<\/span><\/p><p><span style=\"font-weight: 400\">Vair\u0101ku veidu preces ir atbr\u012bvotas no atgrie\u0161anas. Preces, kas \u0101tri boj\u0101jas, piem\u0113ram, p\u0101rtiku, ziedus, av\u012bzes vai \u017eurn\u0101lus, nevar atgriezt. M\u0113s ar\u012b nepie\u0146emam preces, kas ir int\u012bmas vai higi\u0113nas preces, b\u012bstami materi\u0101li vai viegli uzliesmojo\u0161i \u0161\u0137idrumi vai g\u0101zes.<\/span><\/p><p><span style=\"font-weight: 400\">Papildu neatgrie\u017eamas preces:<\/span><\/p><p><span style=\"font-weight: 400\">* D\u0101vanu kartes<\/span><\/p><p><span style=\"font-weight: 400\">* Lejupiel\u0101d\u0113jami programmat\u016bras produkti<\/span><\/p><p><span style=\"font-weight: 400\">* Da\u017ei vesel\u012bbas un person\u012bg\u0101s apr\u016bpes preces<\/span><\/p><p><span style=\"font-weight: 400\">Lai pabeigtu atgrie\u0161anu, mums ir nepiecie\u0161ama \u010deka vai pirkuma apliecin\u0101jums.<\/span><\/p><p><span style=\"font-weight: 400\">L\u016bdzu, nes\u016btiet pirkumu atpaka\u013c ra\u017eot\u0101jam.<\/span><\/p><p><span style=\"font-weight: 400\">Da\u017e\u0101s situ\u0101cij\u0101s tiek pie\u0161\u0137irta tikai da\u013c\u0113ja atmaksa: (ja attiecin\u0101ms)<\/span><\/p><p><span style=\"font-weight: 400\">* Gr\u0101mata ar ac\u012bmredzam\u0101m lieto\u0161anas paz\u012bm\u0113m<\/span><\/p><p><span style=\"font-weight: 400\">* CD, DVD, VHS kasete, programmat\u016bra, videosp\u0113le, kase\u0161u lente vai vinila plate, kas ir atv\u0113rta.<\/span><\/p><p><span style=\"font-weight: 400\">* Jebkura prece, kas nav s\u0101kotn\u0113j\u0101 st\u0101vokl\u012b, ir boj\u0101ta vai tr\u016bkst deta\u013cu t\u0101du iemeslu d\u0113\u013c, kas nav saist\u012bti ar m\u016bsu k\u013c\u016bdu.<\/span><\/p><p><span style=\"font-weight: 400\">* Jebkura prece, kas tiek atgriezta vair\u0101k nek\u0101 14 dienas p\u0113c pieg\u0101des<\/span><\/p><h3><span style=\"font-weight: 400\">ATMAKSAS<\/span><\/h3><p><span style=\"font-weight: 400\">Kad j\u016bsu atgrie\u0161ana b\u016bs sa\u0146emta un p\u0101rbaud\u012bta, m\u0113s nos\u016bt\u012bsim jums e-pastu, lai inform\u0113tu, ka esam sa\u0146\u0113mu\u0161i j\u016bsu atgriezto preci. M\u0113s ar\u012b inform\u0113sim j\u016bs par j\u016bsu atmaksas apstiprin\u0101\u0161anu vai noraid\u012b\u0161anu.<\/span><\/p><p><span style=\"font-weight: 400\">Ja j\u016bs tiksiet apstiprin\u0101ts, j\u016bsu atmaksa tiks apstr\u0101d\u0101ta un noteiktu dienu laik\u0101 j\u016bsu kred\u012btkartei vai s\u0101kotn\u0113jam maks\u0101juma veidam tiks autom\u0101tiski piem\u0113rots kred\u012bts.<\/span><\/p><h3><span style=\"font-weight: 400\">ATMAKSAS NOV\u0112L\u0112TA VAI TR\u016aKUMS<\/span><\/h3><p><span style=\"font-weight: 400\">Ja v\u0113l neesat sa\u0146\u0113mis atmaksu, vispirms v\u0113lreiz p\u0101rbaudiet savu bankas kontu.<\/span><\/p><p><span style=\"font-weight: 400\">P\u0113c tam sazinieties ar savu kred\u012btkartes izsniedz\u0113ju. Var paiet zin\u0101ms laiks, l\u012bdz j\u016bsu atmaksa tiks ofici\u0101li public\u0113ta.<\/span><\/p><p><span style=\"font-weight: 400\">P\u0113c tam sazinieties ar savu banku. Pirms atmaksas nos\u016bt\u012b\u0161anas bie\u017ei vien ir zin\u0101ms apstr\u0101des laiks.<\/span><\/p><p><span style=\"font-weight: 400\">Ja esat to visu izdar\u012bjis un joproj\u0101m neesat sa\u0146\u0113mis atmaksu, l\u016bdzu, sazinieties ar mums pa e-pastu admin@cheapy-shop.eu.<\/span><\/p><h3><span style=\"font-weight: 400\">IZP\u0100RDO\u0160ANAS PRECES<\/span><\/h3><p><span style=\"font-weight: 400\">Var tikt atgrieztas tikai preces par parasto cenu, diem\u017e\u0113l izp\u0101rdo\u0161anas preces nevar atgriezt.<\/span><\/p><h3><span style=\"font-weight: 400\">APMAI\u0145A<\/span><\/h3><p><span style=\"font-weight: 400\">M\u0113s nomain\u0101m preces tikai tad, ja t\u0101s ir boj\u0101tas vai boj\u0101tas. Ja v\u0113laties to apmain\u012bt pret to pa\u0161u preci, nos\u016btiet mums e-pastu uz admin@cheapy-shop.eu.<\/span><\/p><h3><span style=\"font-weight: 400\">D\u0100VANAS<\/span><\/h3><p><span style=\"font-weight: 400\">Ja prece tika atz\u012bm\u0113ta k\u0101 d\u0101vana, kad to ieg\u0101d\u0101j\u0101ties un nos\u016bt\u012bja tie\u0161i jums, j\u016bs sa\u0146emsiet d\u0101vanu kred\u012btu par atgrie\u0161an\u0101s v\u0113rt\u012bbu. Kad atgriezt\u0101 prece b\u016bs sa\u0146emta, Jums tiks nos\u016bt\u012bts d\u0101vanu sertifik\u0101ts.<\/span><\/p><p><span style=\"font-weight: 400\">Ja preces ieg\u0101des br\u012bd\u012b prece nebija atz\u012bm\u0113ta k\u0101 d\u0101vana vai d\u0101vanas d\u0101vin\u0101t\u0101js pas\u016bt\u012bjums tika nos\u016bt\u012bts vi\u0146am pa\u0161am, lai to nodotu v\u0113l\u0101k, m\u0113s nos\u016bt\u012bsim d\u0101vanas dev\u0113jam naudas atmaksu, un vi\u0146\u0161 uzzin\u0101s par j\u016bsu atgrie\u0161anu.<\/span><\/p><h3><span style=\"font-weight: 400\">PIEG\u0100DE<\/span><\/h3><p><span style=\"font-weight: 400\">Lai atgrieztu savu preci, nos\u016btiet mums e-pastu uz admin@cheapy-shop.eu par pasta adresi.<\/span><\/p><p><span style=\"font-weight: 400\">J\u016bs b\u016bsiet atbild\u012bgs par savu pieg\u0101des izmaksu apmaksu par preces atgrie\u0161anu. Pieg\u0101des izmaksas nav atmaks\u0101jamas. Ja sa\u0146emat atmaksu, atgrie\u0161anas pieg\u0101des izmaksas tiks atskait\u012btas no j\u016bsu kompens\u0101cijas.<\/span><\/p><p><span style=\"font-weight: 400\">Atkar\u012bb\u0101 no j\u016bsu dz\u012bvesvietas laiks, kas var ilgt, l\u012bdz j\u016bsu apmain\u012btais produkts j\u016bs sasniedz, var at\u0161\u0137irties.<\/span><\/p><p><span style=\"font-weight: 400\">Jums vajadz\u0113tu apsv\u0113rt iesp\u0113ju izmantot izsekojamu pieg\u0101des pakalpojumu vai ieg\u0101d\u0101ties pieg\u0101des apdro\u0161in\u0101\u0161anu. M\u0113s negarant\u0113jam, ka sa\u0146emsim j\u016bsu atgriezto preci.<\/span><\/p><\/div><\/div>\t\t\t\t\t\t<\/div>\n\t\t\t\t<\/div>\n\t\t\t\t\t<\/div>\n\t\t<\/div>\n\t\t\t\t\t\t\t<\/div>\n\t\t<\/section>\n\t\t\t\t<section class=\"elementor-section elementor-top-section elementor-element elementor-element-7eb2de5 elementor-section-boxed elementor-section-height-default elementor-section-height-default\" data-id=\"7eb2de5\" data-element_type=\"section\" data-settings=\"{&quot;background_background&quot;:&quot;classic&quot;}\">\n\t\t\t\t\t\t<div class=\"elementor-container elementor-column-gap-default\">\n\t\t\t\t\t<div class=\"elementor-column elementor-col-25 elementor-top-column elementor-element elementor-element-b0bfc01\" data-id=\"b0bfc01\" data-element_type=\"column\">\n\t\t\t<div class=\"elementor-widget-wrap elementor-element-populated\">\n\t\t\t\t\t\t\t\t<div class=\"elementor-element elementor-element-f7a1f67 elementor-view-framed elementor-position-left elementor-shape-circle elementor-mobile-position-top elementor-vertical-align-top elementor-widget elementor-widget-icon-box\" data-id=\"f7a1f67\" data-element_type=\"widget\" data-widget_type=\"icon-box.default\">\n\t\t\t\t<div class=\"elementor-widget-container\">\n\t\t\t<link rel=\"stylesheet\" href=\"https:\/\/www.cheapy-shop.eu\/lv\/wp-content\/plugins\/elementor\/assets\/css\/widget-icon-box.min.css\">\t\t<div class=\"elementor-icon-box-wrapper\">\n\t\t\t\t\t\t<div class=\"elementor-icon-box-icon\">\n\t\t\t\t<span class=\"elementor-icon elementor-animation-\" >\n\t\t\t\t<i aria-hidden=\"true\" class=\"fas fa-user-check\"><\/i>\t\t\t\t<\/span>\n\t\t\t<\/div>\n\t\t\t\t\t\t<div class=\"elementor-icon-box-content\">\n\t\t\t\t<h3 class=\"elementor-icon-box-title\">\n\t\t\t\t\t<span  >\n\t\t\t\t\t\t100% Dro\u0161s\t\t\t\t\t<\/span>\n\t\t\t\t<\/h3>\n\t\t\t\t\t\t\t<\/div>\n\t\t<\/div>\n\t\t\t\t<\/div>\n\t\t\t\t<\/div>\n\t\t\t\t\t<\/div>\n\t\t<\/div>\n\t\t\t\t<div class=\"elementor-column elementor-col-25 elementor-top-column elementor-element elementor-element-120a7ea\" data-id=\"120a7ea\" data-element_type=\"column\">\n\t\t\t<div class=\"elementor-widget-wrap elementor-element-populated\">\n\t\t\t\t\t\t\t\t<div class=\"elementor-element elementor-element-3ff193b elementor-view-framed elementor-position-left elementor-shape-circle elementor-mobile-position-top elementor-vertical-align-top elementor-widget elementor-widget-icon-box\" data-id=\"3ff193b\" data-element_type=\"widget\" data-widget_type=\"icon-box.default\">\n\t\t\t\t<div class=\"elementor-widget-container\">\n\t\t\t\t\t<div class=\"elementor-icon-box-wrapper\">\n\t\t\t\t\t\t<div class=\"elementor-icon-box-icon\">\n\t\t\t\t<span class=\"elementor-icon elementor-animation-\" >\n\t\t\t\t<i aria-hidden=\"true\" class=\"fas fa-truck\"><\/i>\t\t\t\t<\/span>\n\t\t\t<\/div>\n\t\t\t\t\t\t<div class=\"elementor-icon-box-content\">\n\t\t\t\t<h3 class=\"elementor-icon-box-title\">\n\t\t\t\t\t<span  >\n\t\t\t\t\t\t\u0100tr\u0101 Pieg\u0101de\t\t\t\t\t<\/span>\n\t\t\t\t<\/h3>\n\t\t\t\t\t\t\t<\/div>\n\t\t<\/div>\n\t\t\t\t<\/div>\n\t\t\t\t<\/div>\n\t\t\t\t\t<\/div>\n\t\t<\/div>\n\t\t\t\t<div class=\"elementor-column elementor-col-25 elementor-top-column elementor-element elementor-element-112e707\" data-id=\"112e707\" data-element_type=\"column\">\n\t\t\t<div class=\"elementor-widget-wrap elementor-element-populated\">\n\t\t\t\t\t\t\t\t<div class=\"elementor-element elementor-element-bb15312 elementor-view-framed elementor-position-left elementor-shape-circle elementor-mobile-position-top elementor-vertical-align-top elementor-widget elementor-widget-icon-box\" data-id=\"bb15312\" data-element_type=\"widget\" data-widget_type=\"icon-box.default\">\n\t\t\t\t<div class=\"elementor-widget-container\">\n\t\t\t\t\t<div class=\"elementor-icon-box-wrapper\">\n\t\t\t\t\t\t<div class=\"elementor-icon-box-icon\">\n\t\t\t\t<span class=\"elementor-icon elementor-animation-\" >\n\t\t\t\t<i aria-hidden=\"true\" class=\"fas fa-star\"><\/i>\t\t\t\t<\/span>\n\t\t\t<\/div>\n\t\t\t\t\t\t<div class=\"elementor-icon-box-content\">\n\t\t\t\t<h3 class=\"elementor-icon-box-title\">\n\t\t\t\t\t<span  >\n\t\t\t\t\t\tVislab\u0101k\u0101 Kvalit\u0101te\t\t\t\t\t<\/span>\n\t\t\t\t<\/h3>\n\t\t\t\t\t\t\t<\/div>\n\t\t<\/div>\n\t\t\t\t<\/div>\n\t\t\t\t<\/div>\n\t\t\t\t\t<\/div>\n\t\t<\/div>\n\t\t\t\t<div class=\"elementor-column elementor-col-25 elementor-top-column elementor-element elementor-element-aa00240\" data-id=\"aa00240\" data-element_type=\"column\">\n\t\t\t<div class=\"elementor-widget-wrap elementor-element-populated\">\n\t\t\t\t\t\t\t\t<div class=\"elementor-element elementor-element-1f5e0e1 elementor-view-framed elementor-position-left elementor-shape-circle elementor-mobile-position-top elementor-vertical-align-top elementor-widget elementor-widget-icon-box\" data-id=\"1f5e0e1\" data-element_type=\"widget\" data-widget_type=\"icon-box.default\">\n\t\t\t\t<div class=\"elementor-widget-container\">\n\t\t\t\t\t<div class=\"elementor-icon-box-wrapper\">\n\t\t\t\t\t\t<div class=\"elementor-icon-box-icon\">\n\t\t\t\t<span class=\"elementor-icon elementor-animation-\" >\n\t\t\t\t<i aria-hidden=\"true\" class=\"fas fa-thumbs-up\"><\/i>\t\t\t\t<\/span>\n\t\t\t<\/div>\n\t\t\t\t\t\t<div class=\"elementor-icon-box-content\">\n\t\t\t\t<h3 class=\"elementor-icon-box-title\">\n\t\t\t\t\t<span  >\n\t\t\t\t\t\t100% Apmierin\u0101t\u012bba\t\t\t\t\t<\/span>\n\t\t\t\t<\/h3>\n\t\t\t\t\t\t\t<\/div>\n\t\t<\/div>\n\t\t\t\t<\/div>\n\t\t\t\t<\/div>\n\t\t\t\t\t<\/div>\n\t\t<\/div>\n\t\t\t\t\t\t\t<\/div>\n\t\t<\/section>\n\t\t\t\t\t\t\t<\/div>\n\t\t","protected":false},"excerpt":{"rendered":"<p>Atgrie\u0161anas nosac\u012bjumi P\u0100RSKATS M\u016bsu politika ir sp\u0113k\u0101 14 dienas. Ja kop\u0161 pirkuma ir pag\u0101ju\u0161as 14\u00a0dienas, diem\u017e\u0113l m\u0113s nevaram pied\u0101v\u0101t atmaksu vai apmai\u0146u. Lai prece b\u016btu ties\u012bga sa\u0146emt atgrie\u0161anu, tai j\u0101b\u016bt nelietotai un t\u0101d\u0101 pa\u0161\u0101 st\u0101vokl\u012b, k\u0101d\u0101 to sa\u0146\u0113m\u0101t. Tam j\u0101b\u016bt ar\u012b ori\u0123in\u0101laj\u0101 iepakojum\u0101. Vair\u0101ku veidu preces ir atbr\u012bvotas no atgrie\u0161anas. Preces, kas \u0101tri boj\u0101jas, piem\u0113ram, [&hellip;]<\/p>\n","protected":false},"author":1,"featured_media":0,"parent":0,"menu_order":0,"comment_status":"closed","ping_status":"closed","template":"","meta":{"footnotes":""},"acf":[],"_links":{"self":[{"href":"https:\/\/www.cheapy-shop.eu\/lv\/wp-json\/wp\/v2\/pages\/24"}],"collection":[{"href":"https:\/\/www.cheapy-shop.eu\/lv\/wp-json\/wp\/v2\/pages"}],"about":[{"href":"https:\/\/www.cheapy-shop.eu\/lv\/wp-json\/wp\/v2\/types\/page"}],"author":[{"embeddable":true,"href":"https:\/\/www.cheapy-shop.eu\/lv\/wp-json\/wp\/v2\/users\/1"}],"replies":[{"embeddable":true,"href":"https:\/\/www.cheapy-shop.eu\/lv\/wp-json\/wp\/v2\/comments?post=24"}],"version-history":[{"count":3,"href":"https:\/\/www.cheapy-shop.eu\/lv\/wp-json\/wp\/v2\/pages\/24\/revisions"}],"predecessor-version":[{"id":2830,"href":"https:\/\/www.cheapy-shop.eu\/lv\/wp-json\/wp\/v2\/pages\/24\/revisions\/2830"}],"wp:attachment":[{"href":"https:\/\/www.cheapy-shop.eu\/lv\/wp-json\/wp\/v2\/media?parent=24"}],"curies":[{"name":"wp","href":"https:\/\/api.w.org\/{rel}","templated":true}]}}