{"id":6,"date":"2021-09-06T17:59:20","date_gmt":"2021-09-06T17:59:20","guid":{"rendered":"https:\/\/cheapy-shop.eu\/lt\/?page_id=6"},"modified":"2022-07-01T16:31:49","modified_gmt":"2022-07-01T13:31:49","slug":"privatumo-politika","status":"publish","type":"page","link":"https:\/\/www.cheapy-shop.eu\/lt\/privatumo-politika\/","title":{"rendered":"Privatumo politika"},"content":{"rendered":"\t\t<div data-elementor-type=\"wp-page\" data-elementor-id=\"6\" class=\"elementor elementor-6\">\n\t\t\t\t\t\t\t\t\t<section class=\"elementor-section elementor-top-section elementor-element elementor-element-a2ffd3d elementor-section-boxed elementor-section-height-default elementor-section-height-default\" data-id=\"a2ffd3d\" data-element_type=\"section\" data-settings=\"{&quot;background_background&quot;:&quot;classic&quot;}\">\n\t\t\t\t\t\t\t<div class=\"elementor-background-overlay\"><\/div>\n\t\t\t\t\t\t\t<div class=\"elementor-container elementor-column-gap-default\">\n\t\t\t\t\t<div class=\"elementor-column elementor-col-100 elementor-top-column elementor-element elementor-element-0a1f51f\" data-id=\"0a1f51f\" data-element_type=\"column\">\n\t\t\t<div class=\"elementor-widget-wrap elementor-element-populated\">\n\t\t\t\t\t\t\t\t<div class=\"elementor-element elementor-element-7448d3b elementor-widget elementor-widget-heading\" data-id=\"7448d3b\" data-element_type=\"widget\" data-widget_type=\"heading.default\">\n\t\t\t\t<div class=\"elementor-widget-container\">\n\t\t\t<style>\/*! elementor - v3.7.1 - 14-08-2022 *\/\n.elementor-heading-title{padding:0;margin:0;line-height:1}.elementor-widget-heading .elementor-heading-title[class*=elementor-size-]>a{color:inherit;font-size:inherit;line-height:inherit}.elementor-widget-heading .elementor-heading-title.elementor-size-small{font-size:15px}.elementor-widget-heading .elementor-heading-title.elementor-size-medium{font-size:19px}.elementor-widget-heading .elementor-heading-title.elementor-size-large{font-size:29px}.elementor-widget-heading .elementor-heading-title.elementor-size-xl{font-size:39px}.elementor-widget-heading .elementor-heading-title.elementor-size-xxl{font-size:59px}<\/style><h2 class=\"elementor-heading-title elementor-size-default\">Privatumo politika<\/h2>\t\t<\/div>\n\t\t\t\t<\/div>\n\t\t\t\t\t<\/div>\n\t\t<\/div>\n\t\t\t\t\t\t\t<\/div>\n\t\t<\/section>\n\t\t\t\t<section class=\"elementor-section elementor-top-section elementor-element elementor-element-a25a2ea elementor-section-boxed elementor-section-height-default elementor-section-height-default\" data-id=\"a25a2ea\" data-element_type=\"section\">\n\t\t\t\t\t\t<div class=\"elementor-container elementor-column-gap-default\">\n\t\t\t\t\t<div class=\"elementor-column elementor-col-100 elementor-top-column elementor-element elementor-element-d40b93e\" data-id=\"d40b93e\" data-element_type=\"column\">\n\t\t\t<div class=\"elementor-widget-wrap elementor-element-populated\">\n\t\t\t\t\t\t\t\t<div class=\"elementor-element elementor-element-65c6c82 elementor-widget elementor-widget-text-editor\" data-id=\"65c6c82\" data-element_type=\"widget\" data-widget_type=\"text-editor.default\">\n\t\t\t\t<div class=\"elementor-widget-container\">\n\t\t\t<style>\/*! elementor - v3.7.1 - 14-08-2022 *\/\n.elementor-widget-text-editor.elementor-drop-cap-view-stacked .elementor-drop-cap{background-color:#818a91;color:#fff}.elementor-widget-text-editor.elementor-drop-cap-view-framed .elementor-drop-cap{color:#818a91;border:3px solid;background-color:transparent}.elementor-widget-text-editor:not(.elementor-drop-cap-view-default) .elementor-drop-cap{margin-top:8px}.elementor-widget-text-editor:not(.elementor-drop-cap-view-default) .elementor-drop-cap-letter{width:1em;height:1em}.elementor-widget-text-editor .elementor-drop-cap{float:left;text-align:center;line-height:1;font-size:50px}.elementor-widget-text-editor .elementor-drop-cap-letter{display:inline-block}<\/style>\t\t\t\t<div id=\"Content\"><div id=\"Translation\"><h3>AP\u017dVALGA<\/h3><p><span style=\"font-weight: 400\">\u0160ioje privatumo politikoje apra\u0161oma, kaip renkama, naudojama ir bendrinama j\u016bs\u0173 asmenin\u0117 informacija, kai lankot\u0117s arba perkate i\u0161 cheapy-shop.eu (toliau \u2013 svetain\u0117).<\/span><\/p><h3>ASMENIN\u0116 INFORMACIJA, MES RENKAME<\/h3><p><span style=\"font-weight: 400\">Kai lankot\u0117s Svetain\u0117je, automati\u0161kai renkame tam tikr\u0105 informacij\u0105 apie j\u016bs\u0173 \u012frengin\u012f, \u012fskaitant informacij\u0105 apie j\u016bs\u0173 interneto nar\u0161ykl\u0119, IP adres\u0105, laiko juost\u0105 ir kai kuriuos j\u016bs\u0173 \u012frenginyje \u012fdiegtus slapukus. Be to, jums nar\u0161ant svetain\u0117je renkame informacij\u0105 apie atskirus tinklalapius ar produktus, kuriuos per\u017ei\u016brite, kokios svetain\u0117s ar paie\u0161kos terminai nukreip\u0117 jus \u012f svetain\u0119, ir informacij\u0105 apie tai, kaip s\u0105veikaujate su svetaine. \u0160i\u0105 automati\u0161kai surinkt\u0105 informacij\u0105 vadiname \u201e\u012erenginio informacija\u201c.<\/span><\/p><p><span style=\"font-weight: 400\">\u012erenginio informacij\u0105 renkame naudodami \u0161ias technologijas:<\/span><\/p><p><span style=\"font-weight: 400\">&#8211; \u201eSlapukai\u201c yra duomen\u0173 failai, patalpinami j\u016bs\u0173 \u012frenginyje ar kompiuteryje ir da\u017enai apima anonimin\u012f unikal\u0173 identifikatori\u0173. Nor\u0117dami gauti daugiau informacijos apie slapukus ir kaip i\u0161jungti slapukus, apsilankykite https:\/\/www.allaboutcookies.org.<\/span><\/p><p><span style=\"font-weight: 400\">&#8211; \u201e\u017durnalo failai\u201c seka svetain\u0117je atliekamus veiksmus ir renka duomenis, \u012fskaitant j\u016bs\u0173 IP adres\u0105, nar\u0161ykl\u0117s tip\u0105, interneto paslaug\u0173 teik\u0117j\u0105, nukreipimo \/ i\u0161\u0117jimo puslapius ir datos \/ laiko \u017eymes.<\/span><\/p><p><span style=\"font-weight: 400\">&#8211; \u201e\u017diniatinklio \u0161vyturiai\u201c, \u201e\u017eymos\u201c ir \u201epikseliai\u201c yra elektroniniai failai, naudojami informacijai apie tai, kaip nar\u0161ote svetain\u0117je, \u012fra\u0161yti.<\/span><\/p><p><span style=\"font-weight: 400\">Be to, kai perkate arba bandote pirkti per Svetain\u0119, renkame i\u0161 j\u016bs\u0173 tam tikr\u0105 informacij\u0105, \u012fskaitant j\u016bs\u0173 vard\u0105, pavard\u0119, atsiskaitymo adres\u0105, pristatymo adres\u0105, mok\u0117jimo informacij\u0105 (\u012fskaitant kredito korteli\u0173 numerius), el. pa\u0161to adres\u0105 ir telefono numer\u012f. \u0160i\u0105 informacij\u0105 vadiname \u201eU\u017esakymo informacija\u201c.<\/span><\/p><p><span style=\"font-weight: 400\">Kai kalbame apie \u201easmenin\u0119 informacij\u0105\u201c \u0161ioje privatumo politikoje, kalbame ir apie \u012frenginio informacij\u0105, ir apie u\u017esakymo informacij\u0105.<\/span><\/p><h3>KAIP NAUDOJOME J\u016aS\u0172 ASMENIN\u0118 INFORMACIJ\u0104?<\/h3><p><span style=\"font-weight: 400\">Mes naudojame u\u017esakymo informacij\u0105, kuri\u0105 paprastai renkame, kad \u012fvykdytume bet kokius per Svetain\u0119 pateiktus u\u017esakymus (\u012fskaitant mok\u0117jimo informacijos apdorojim\u0105, pristatymo organizavim\u0105 ir s\u0105skait\u0173 fakt\u016br\u0173 ir (arba) u\u017esakymo patvirtinim\u0173 teikim\u0105). Be to, \u0161i\u0105 U\u017esakymo informacij\u0105 naudojame siekdami:<\/span><\/p><p><span style=\"font-weight: 400\">bendrauti su jumis;<\/span><\/p><p><span style=\"font-weight: 400\">Patikrinkite m\u016bs\u0173 u\u017esakymus d\u0117l galimos rizikos ar suk\u010diavimo; ir<\/span><\/p><p><span style=\"font-weight: 400\">kai atitinka nuostatas, kuriomis pasidalinote su mumis, teikti jums informacij\u0105 arba reklam\u0105, susijusi\u0105 su m\u016bs\u0173 produktais ar paslaugomis.<\/span><\/p><p><span style=\"font-weight: 400\">Naudojame renkam\u0105 \u012erenginio informacij\u0105, kad pad\u0117tume i\u0161siai\u0161kinti, ar n\u0117ra galimos rizikos ir suk\u010diavimo (ypa\u010d j\u016bs\u0173 IP adresas), ir apskritai tobulinti bei optimizuoti savo svetain\u0119 (pavyzd\u017eiui, generuodami analiz\u0119 apie tai, kaip m\u016bs\u0173 klientai nar\u0161o ir s\u0105veikauja su Svetain\u0117je ir \u012fvertinti m\u016bs\u0173 rinkodaros ir reklamos kampanij\u0173 s\u0117km\u0119).<\/span><\/p><h3>DALINTIS J\u016aS\u0172 ASMENINE INFORMACIJA<\/h3><p><span style=\"font-weight: 400\">Mes bendriname j\u016bs\u0173 asmenin\u0119 informacij\u0105 su tre\u010diosiomis \u0161alimis, kad pad\u0117tume mums naudoti j\u016bs\u0173 asmenin\u0119 informacij\u0105, kaip apra\u0161yta auk\u0161\u010diau. Taip pat naudojame \u201eGoogle Analytics\u201c, kad suprastume, kaip m\u016bs\u0173 klientai naudojasi svetaine \u2013 daugiau apie tai, kaip \u201eGoogle\u201c naudoja j\u016bs\u0173 asmenin\u0119 informacij\u0105, galite perskaityti \u010dia: https:\/\/www.google.com\/intl\/en\/policies\/privacy\/. Taip pat galite atsisakyti \u201eGoogle Analytics\u201c \u010dia: https:\/\/tools.google.com\/dlpage\/gaoptout.<\/span><\/p><p><span style=\"font-weight: 400\">Galiausiai, mes taip pat galime dalytis j\u016bs\u0173 asmenine informacija siekdami laikytis taikom\u0173 \u012fstatym\u0173 ir taisykli\u0173, atsakyti \u012f teismo \u0161aukim\u0105, kratos order\u012f ar kit\u0105 teis\u0117t\u0105 u\u017eklaus\u0105 d\u0117l gaunamos informacijos arba kitaip apsaugoti savo teises.<\/span><\/p><h3>ELGESIO REKLAMA<\/h3><p><span style=\"font-weight: 400\">Kaip apra\u0161yta auk\u0161\u010diau, mes naudojame j\u016bs\u0173 asmenin\u0119 informacij\u0105, kad pateiktume jums tikslines reklamas arba rinkodaros prane\u0161imus, kurie, m\u016bs\u0173 nuomone, gali jus sudominti. Nor\u0117dami gauti daugiau informacijos apie tai, kaip veikia tikslin\u0117 reklama, galite apsilankyti tinklo reklamavimo iniciatyvos (angl. Network Advertising Initiative \u2013 NAI) edukaciniame puslapyje adresu https:\/\/www.networkadvertising.org\/understanding-online-advertising\/how-does-it-work.<\/span><\/p><p><span style=\"font-weight: 400\">Galite atsisakyti tikslin\u0117s reklamos:<\/span><\/p><p><span style=\"font-weight: 400\">FACEBOOK \u2013 https:\/\/www.facebook.com\/settings\/?tab=ads<\/span><\/p><p><span style=\"font-weight: 400\">GOOGLE \u2013 https:\/\/www.google.com\/settings\/ads\/anonymous<\/span><\/p><p><span style=\"font-weight: 400\">BING \u2013 https:\/\/ advertising.bingads.microsoft.com\/en-us\/resources\/policies\/personalized-ads<\/span><\/p><p><span style=\"font-weight: 400\">Be to, galite atsisakyti kai kuri\u0173 i\u0161 \u0161i\u0173 paslaug\u0173 apsilank\u0119 Skaitmenin\u0117s reklamos aljanso atsisakymo portale adresu https:\/\/optout.aboutads. info\/.<\/span><\/p><h3>NESTEKTI<\/h3><p><span style=\"font-weight: 400\">Atminkite, kad mes nekei\u010diame savo svetain\u0117s duomen\u0173 rinkimo ir naudojimo praktikos, kai i\u0161 j\u016bs\u0173 nar\u0161ykl\u0117s matome signal\u0105 Nesekti.<\/span><\/p><h3>J\u016aS\u0172 TEIS\u0116S<\/h3><p><span style=\"font-weight: 400\">Jei esate Europos gyventojas, turite teis\u0119 susipa\u017einti su m\u016bs\u0173 turima asmenine informacija apie jus ir pra\u0161yti, kad j\u016bs\u0173 asmenin\u0117 informacija b\u016bt\u0173 i\u0161taisyta, atnaujinta arba i\u0161trinta. Jei norite pasinaudoti \u0161ia teise, susisiekite su mumis \u017eemiau nurodyta kontaktine informacija.<\/span><\/p><p><span style=\"font-weight: 400\">Be to, jei esate Europos gyventojas, pastebime, kad apdorojame j\u016bs\u0173 informacij\u0105 siekdami \u012fvykdyti sutartis, kurias galime sudaryti su jumis (pavyzd\u017eiui, jei pateikiate u\u017esakym\u0105 per svetain\u0119) arba kitaip siekdami savo teis\u0117t\u0173 verslo interes\u0173, i\u0161vardyt\u0173 auk\u0161\u010diau.<\/span><\/p><h3>DUOMEN\u0172 SAUGOJIMAS<\/h3><p><span style=\"font-weight: 400\">Kai pateikiate u\u017esakym\u0105 per Svetain\u0119, mes saugosime j\u016bs\u0173 u\u017esakymo informacij\u0105, nebent ir tol, kol papra\u0161ysite m\u016bs\u0173 i\u0161trinti \u0161i\u0105 informacij\u0105.<\/span><\/p><h3>NEpilname\u010diai<\/h3><p><span style=\"font-weight: 400\">Svetain\u0117 n\u0117ra skirta asmenims, jaunesniems nei 18 met\u0173.<\/span><\/p><h3>PAKEITIMAI<\/h3><p><span style=\"font-weight: 400\">Mes galime retkar\u010diais atnaujinti \u0161i\u0105 privatumo politik\u0105, kad atspind\u0117t\u0173, pavyzd\u017eiui, m\u016bs\u0173 praktikos poky\u010dius arba d\u0117l kit\u0173 veiklos, teisini\u0173 ar reguliavimo prie\u017eas\u010di\u0173.<\/span><\/p><h3>SUSISIEKITE MUMIS<\/h3><p><span style=\"font-weight: 400\">Nor\u0117dami gauti daugiau informacijos apie m\u016bs\u0173 privatumo praktik\u0105, jei turite klausim\u0173 arba norite pateikti skund\u0105, susisiekite su mumis el. pa\u0161tu admin@cheapy-shop.eu<\/span><\/p><\/div><\/div>\t\t\t\t\t\t<\/div>\n\t\t\t\t<\/div>\n\t\t\t\t\t<\/div>\n\t\t<\/div>\n\t\t\t\t\t\t\t<\/div>\n\t\t<\/section>\n\t\t\t\t<section class=\"elementor-section elementor-top-section elementor-element elementor-element-546c778 elementor-section-boxed elementor-section-height-default elementor-section-height-default\" data-id=\"546c778\" data-element_type=\"section\" data-settings=\"{&quot;background_background&quot;:&quot;classic&quot;}\">\n\t\t\t\t\t\t<div class=\"elementor-container elementor-column-gap-default\">\n\t\t\t\t\t<div class=\"elementor-column elementor-col-25 elementor-top-column elementor-element elementor-element-8ee1ece\" data-id=\"8ee1ece\" data-element_type=\"column\">\n\t\t\t<div class=\"elementor-widget-wrap elementor-element-populated\">\n\t\t\t\t\t\t\t\t<div class=\"elementor-element elementor-element-2bda3de elementor-view-framed elementor-position-left elementor-shape-circle elementor-mobile-position-top elementor-vertical-align-top elementor-widget elementor-widget-icon-box\" data-id=\"2bda3de\" data-element_type=\"widget\" data-widget_type=\"icon-box.default\">\n\t\t\t\t<div class=\"elementor-widget-container\">\n\t\t\t<link rel=\"stylesheet\" href=\"https:\/\/www.cheapy-shop.eu\/lt\/wp-content\/plugins\/elementor\/assets\/css\/widget-icon-box.min.css\">\t\t<div class=\"elementor-icon-box-wrapper\">\n\t\t\t\t\t\t<div class=\"elementor-icon-box-icon\">\n\t\t\t\t<span class=\"elementor-icon elementor-animation-\" >\n\t\t\t\t<i aria-hidden=\"true\" class=\"fas fa-user-check\"><\/i>\t\t\t\t<\/span>\n\t\t\t<\/div>\n\t\t\t\t\t\t<div class=\"elementor-icon-box-content\">\n\t\t\t\t<h3 class=\"elementor-icon-box-title\">\n\t\t\t\t\t<span  >\n\t\t\t\t\t\t100% Saugus\t\t\t\t\t<\/span>\n\t\t\t\t<\/h3>\n\t\t\t\t\t\t\t<\/div>\n\t\t<\/div>\n\t\t\t\t<\/div>\n\t\t\t\t<\/div>\n\t\t\t\t\t<\/div>\n\t\t<\/div>\n\t\t\t\t<div class=\"elementor-column elementor-col-25 elementor-top-column elementor-element elementor-element-0d045b5\" data-id=\"0d045b5\" data-element_type=\"column\">\n\t\t\t<div class=\"elementor-widget-wrap elementor-element-populated\">\n\t\t\t\t\t\t\t\t<div class=\"elementor-element elementor-element-3bce1a3 elementor-view-framed elementor-position-left elementor-shape-circle elementor-mobile-position-top elementor-vertical-align-top elementor-widget elementor-widget-icon-box\" data-id=\"3bce1a3\" data-element_type=\"widget\" data-widget_type=\"icon-box.default\">\n\t\t\t\t<div class=\"elementor-widget-container\">\n\t\t\t\t\t<div class=\"elementor-icon-box-wrapper\">\n\t\t\t\t\t\t<div class=\"elementor-icon-box-icon\">\n\t\t\t\t<span class=\"elementor-icon elementor-animation-\" >\n\t\t\t\t<i aria-hidden=\"true\" class=\"fas fa-truck\"><\/i>\t\t\t\t<\/span>\n\t\t\t<\/div>\n\t\t\t\t\t\t<div class=\"elementor-icon-box-content\">\n\t\t\t\t<h3 class=\"elementor-icon-box-title\">\n\t\t\t\t\t<span  >\n\t\t\t\t\t\tGreitas Pristatymas\t\t\t\t\t<\/span>\n\t\t\t\t<\/h3>\n\t\t\t\t\t\t\t<\/div>\n\t\t<\/div>\n\t\t\t\t<\/div>\n\t\t\t\t<\/div>\n\t\t\t\t\t<\/div>\n\t\t<\/div>\n\t\t\t\t<div class=\"elementor-column elementor-col-25 elementor-top-column elementor-element elementor-element-34212e0\" data-id=\"34212e0\" data-element_type=\"column\">\n\t\t\t<div class=\"elementor-widget-wrap elementor-element-populated\">\n\t\t\t\t\t\t\t\t<div class=\"elementor-element elementor-element-519c7cb elementor-view-framed elementor-position-left elementor-shape-circle elementor-mobile-position-top elementor-vertical-align-top elementor-widget elementor-widget-icon-box\" data-id=\"519c7cb\" data-element_type=\"widget\" data-widget_type=\"icon-box.default\">\n\t\t\t\t<div class=\"elementor-widget-container\">\n\t\t\t\t\t<div class=\"elementor-icon-box-wrapper\">\n\t\t\t\t\t\t<div class=\"elementor-icon-box-icon\">\n\t\t\t\t<span class=\"elementor-icon elementor-animation-\" >\n\t\t\t\t<i aria-hidden=\"true\" class=\"fas fa-star\"><\/i>\t\t\t\t<\/span>\n\t\t\t<\/div>\n\t\t\t\t\t\t<div class=\"elementor-icon-box-content\">\n\t\t\t\t<h3 class=\"elementor-icon-box-title\">\n\t\t\t\t\t<span  >\n\t\t\t\t\t\tGeriausia Kokyb\u0117\t\t\t\t\t<\/span>\n\t\t\t\t<\/h3>\n\t\t\t\t\t\t\t<\/div>\n\t\t<\/div>\n\t\t\t\t<\/div>\n\t\t\t\t<\/div>\n\t\t\t\t\t<\/div>\n\t\t<\/div>\n\t\t\t\t<div class=\"elementor-column elementor-col-25 elementor-top-column elementor-element elementor-element-5581886\" data-id=\"5581886\" data-element_type=\"column\">\n\t\t\t<div class=\"elementor-widget-wrap elementor-element-populated\">\n\t\t\t\t\t\t\t\t<div class=\"elementor-element elementor-element-b41e516 elementor-view-framed elementor-position-left elementor-shape-circle elementor-mobile-position-top elementor-vertical-align-top elementor-widget elementor-widget-icon-box\" data-id=\"b41e516\" data-element_type=\"widget\" data-widget_type=\"icon-box.default\">\n\t\t\t\t<div class=\"elementor-widget-container\">\n\t\t\t\t\t<div class=\"elementor-icon-box-wrapper\">\n\t\t\t\t\t\t<div class=\"elementor-icon-box-icon\">\n\t\t\t\t<span class=\"elementor-icon elementor-animation-\" >\n\t\t\t\t<i aria-hidden=\"true\" class=\"fas fa-thumbs-up\"><\/i>\t\t\t\t<\/span>\n\t\t\t<\/div>\n\t\t\t\t\t\t<div class=\"elementor-icon-box-content\">\n\t\t\t\t<h3 class=\"elementor-icon-box-title\">\n\t\t\t\t\t<span  >\n\t\t\t\t\t\t100% Pasitenkinimas\t\t\t\t\t<\/span>\n\t\t\t\t<\/h3>\n\t\t\t\t\t\t\t<\/div>\n\t\t<\/div>\n\t\t\t\t<\/div>\n\t\t\t\t<\/div>\n\t\t\t\t\t<\/div>\n\t\t<\/div>\n\t\t\t\t\t\t\t<\/div>\n\t\t<\/section>\n\t\t\t\t\t\t\t<\/div>\n\t\t","protected":false},"excerpt":{"rendered":"<p>Privatumo politika AP\u017dVALGA \u0160ioje privatumo politikoje apra\u0161oma, kaip renkama, naudojama ir bendrinama j\u016bs\u0173 asmenin\u0117 informacija, kai lankot\u0117s arba perkate i\u0161 cheapy-shop.eu (toliau \u2013 svetain\u0117). ASMENIN\u0116 INFORMACIJA, MES RENKAME Kai lankot\u0117s Svetain\u0117je, automati\u0161kai renkame tam tikr\u0105 informacij\u0105 apie j\u016bs\u0173 \u012frengin\u012f, \u012fskaitant informacij\u0105 apie j\u016bs\u0173 interneto nar\u0161ykl\u0119, IP adres\u0105, laiko juost\u0105 ir kai kuriuos j\u016bs\u0173 \u012frenginyje \u012fdiegtus [&hellip;]<\/p>\n","protected":false},"author":1,"featured_media":0,"parent":0,"menu_order":0,"comment_status":"closed","ping_status":"closed","template":"elementor_header_footer","meta":{"footnotes":""},"acf":[],"_links":{"self":[{"href":"https:\/\/www.cheapy-shop.eu\/lt\/wp-json\/wp\/v2\/pages\/6"}],"collection":[{"href":"https:\/\/www.cheapy-shop.eu\/lt\/wp-json\/wp\/v2\/pages"}],"about":[{"href":"https:\/\/www.cheapy-shop.eu\/lt\/wp-json\/wp\/v2\/types\/page"}],"author":[{"embeddable":true,"href":"https:\/\/www.cheapy-shop.eu\/lt\/wp-json\/wp\/v2\/users\/1"}],"replies":[{"embeddable":true,"href":"https:\/\/www.cheapy-shop.eu\/lt\/wp-json\/wp\/v2\/comments?post=6"}],"version-history":[{"count":3,"href":"https:\/\/www.cheapy-shop.eu\/lt\/wp-json\/wp\/v2\/pages\/6\/revisions"}],"predecessor-version":[{"id":3164,"href":"https:\/\/www.cheapy-shop.eu\/lt\/wp-json\/wp\/v2\/pages\/6\/revisions\/3164"}],"wp:attachment":[{"href":"https:\/\/www.cheapy-shop.eu\/lt\/wp-json\/wp\/v2\/media?parent=6"}],"curies":[{"name":"wp","href":"https:\/\/api.w.org\/{rel}","templated":true}]}}