{"id":24,"date":"2021-09-06T18:03:25","date_gmt":"2021-09-06T18:03:25","guid":{"rendered":"https:\/\/cheapy-shop.eu\/lt\/?page_id=24"},"modified":"2022-07-01T16:31:28","modified_gmt":"2022-07-01T13:31:28","slug":"grazinimo-politika","status":"publish","type":"page","link":"https:\/\/www.cheapy-shop.eu\/lt\/grazinimo-politika\/","title":{"rendered":"Gra\u017einimo politika"},"content":{"rendered":"\t\t<div data-elementor-type=\"wp-page\" data-elementor-id=\"24\" class=\"elementor elementor-24\">\n\t\t\t\t\t\t\t\t\t<section class=\"elementor-section elementor-top-section elementor-element elementor-element-faa88a7 elementor-section-boxed elementor-section-height-default elementor-section-height-default\" data-id=\"faa88a7\" data-element_type=\"section\" data-settings=\"{&quot;background_background&quot;:&quot;classic&quot;}\">\n\t\t\t\t\t\t\t<div class=\"elementor-background-overlay\"><\/div>\n\t\t\t\t\t\t\t<div class=\"elementor-container elementor-column-gap-default\">\n\t\t\t\t\t<div class=\"elementor-column elementor-col-100 elementor-top-column elementor-element elementor-element-cd7eec8\" data-id=\"cd7eec8\" data-element_type=\"column\">\n\t\t\t<div class=\"elementor-widget-wrap elementor-element-populated\">\n\t\t\t\t\t\t\t\t<div class=\"elementor-element elementor-element-feaaaf9 elementor-widget elementor-widget-heading\" data-id=\"feaaaf9\" data-element_type=\"widget\" data-widget_type=\"heading.default\">\n\t\t\t\t<div class=\"elementor-widget-container\">\n\t\t\t<style>\/*! elementor - v3.7.1 - 14-08-2022 *\/\n.elementor-heading-title{padding:0;margin:0;line-height:1}.elementor-widget-heading .elementor-heading-title[class*=elementor-size-]>a{color:inherit;font-size:inherit;line-height:inherit}.elementor-widget-heading .elementor-heading-title.elementor-size-small{font-size:15px}.elementor-widget-heading .elementor-heading-title.elementor-size-medium{font-size:19px}.elementor-widget-heading .elementor-heading-title.elementor-size-large{font-size:29px}.elementor-widget-heading .elementor-heading-title.elementor-size-xl{font-size:39px}.elementor-widget-heading .elementor-heading-title.elementor-size-xxl{font-size:59px}<\/style><h2 class=\"elementor-heading-title elementor-size-default\">Gra\u017einimo politika<\/h2>\t\t<\/div>\n\t\t\t\t<\/div>\n\t\t\t\t\t<\/div>\n\t\t<\/div>\n\t\t\t\t\t\t\t<\/div>\n\t\t<\/section>\n\t\t\t\t<section class=\"elementor-section elementor-top-section elementor-element elementor-element-5acd156 elementor-section-boxed elementor-section-height-default elementor-section-height-default\" data-id=\"5acd156\" data-element_type=\"section\">\n\t\t\t\t\t\t<div class=\"elementor-container elementor-column-gap-default\">\n\t\t\t\t\t<div class=\"elementor-column elementor-col-100 elementor-top-column elementor-element elementor-element-4a44ba0\" data-id=\"4a44ba0\" data-element_type=\"column\">\n\t\t\t<div class=\"elementor-widget-wrap elementor-element-populated\">\n\t\t\t\t\t\t\t\t<div class=\"elementor-element elementor-element-04a4f82 elementor-widget elementor-widget-text-editor\" data-id=\"04a4f82\" data-element_type=\"widget\" data-widget_type=\"text-editor.default\">\n\t\t\t\t<div class=\"elementor-widget-container\">\n\t\t\t<style>\/*! elementor - v3.7.1 - 14-08-2022 *\/\n.elementor-widget-text-editor.elementor-drop-cap-view-stacked .elementor-drop-cap{background-color:#818a91;color:#fff}.elementor-widget-text-editor.elementor-drop-cap-view-framed .elementor-drop-cap{color:#818a91;border:3px solid;background-color:transparent}.elementor-widget-text-editor:not(.elementor-drop-cap-view-default) .elementor-drop-cap{margin-top:8px}.elementor-widget-text-editor:not(.elementor-drop-cap-view-default) .elementor-drop-cap-letter{width:1em;height:1em}.elementor-widget-text-editor .elementor-drop-cap{float:left;text-align:center;line-height:1;font-size:50px}.elementor-widget-text-editor .elementor-drop-cap-letter{display:inline-block}<\/style>\t\t\t\t<div id=\"Content\"><div id=\"Translation\"><h3><span style=\"font-weight: 400\">AP\u017dVALGA<\/span><\/h3><p><span style=\"font-weight: 400\">M\u016bs\u0173 politika galioja 14 dien\u0173. Jei nuo pirkimo pra\u0117jo 14 dien\u0173, deja, negalime jums pasi\u016blyti pinig\u0173 gr\u0105\u017einimo ar keitimo.<\/span><\/p><p><span style=\"font-weight: 400\">Kad b\u016bt\u0173 galima gr\u0105\u017einti prek\u0119, ji turi b\u016bti nenaudota ir tokios pat b\u016bkl\u0117s, kaip j\u0105 gavote. Jis taip pat turi b\u016bti originalioje pakuot\u0117je.<\/span><\/p><p><span style=\"font-weight: 400\">Kai kuri\u0173 r\u016b\u0161i\u0173 prek\u0117s yra atleid\u017eiamos nuo gr\u0105\u017einimo. Greitai gendan\u010di\u0173 preki\u0173, toki\u0173 kaip maistas, g\u0117l\u0117s, laikra\u0161\u010diai ar \u017eurnalai, gr\u0105\u017einti negalima. Taip pat nepriimame gamini\u0173, kurie yra intymios ar sanitarin\u0117s prek\u0117s, pavojingos med\u017eiagos, deg\u016bs skys\u010diai ar dujos.<\/span><\/p><p><span style=\"font-weight: 400\">Papildomos negr\u0105\u017einamos prek\u0117s:<\/span><\/p><p><span style=\"font-weight: 400\">* Dovan\u0173 kortel\u0117s<\/span><\/p><p><span style=\"font-weight: 400\">* Atsisiun\u010diami programin\u0117s \u012frangos produktai<\/span><\/p><p><span style=\"font-weight: 400\">* Kai kurios sveikatos ir asmens prie\u017ei\u016bros prek\u0117s<\/span><\/p><p><span style=\"font-weight: 400\">Nor\u0117dami u\u017ebaigti gr\u0105\u017einim\u0105, mums reikia pirkimo kvito arba \u012frodymo.<\/span><\/p><p><span style=\"font-weight: 400\">Nesi\u0173skite pirkinio atgal gamintojui.<\/span><\/p><p><span style=\"font-weight: 400\">Yra tam tikr\u0173 situacij\u0173, kai gr\u0105\u017einama tik dalis pinig\u0173: (jei taikoma)<\/span><\/p><p><span style=\"font-weight: 400\">* Knyga su akivaizd\u017eiais naudojimo \u017eenklais<\/span><\/p><p><span style=\"font-weight: 400\">* CD, DVD, VHS juosta, programin\u0117 \u012franga, vaizdo \u017eaidimas, kaset\u0117 ar vinilo plok\u0161tel\u0117, kuri buvo atidaryta.<\/span><\/p><p><span style=\"font-weight: 400\">* Bet koks daiktas, kuris n\u0117ra pradin\u0117s b\u016bkl\u0117s, yra sugadintas arba tr\u016bksta dali\u0173 d\u0117l prie\u017eas\u010di\u0173, ne d\u0117l m\u016bs\u0173 klaidos.<\/span><\/p><p><span style=\"font-weight: 400\">* Bet kuri prek\u0117, kuri gr\u0105\u017einama pra\u0117jus daugiau nei 14 dien\u0173 po pristatymo.<\/span><\/p><h3><span style=\"font-weight: 400\">GR\u0104\u017dINIMAS<\/span><\/h3><p><span style=\"font-weight: 400\">Kai j\u016bs\u0173 gr\u0105\u017einimas bus gautas ir patikrintas, mes atsi\u0173sime jums el. lai\u0161k\u0105, kuriame informuosime, kad gavome gr\u0105\u017eint\u0105 prek\u0119. Taip pat prane\u0161ime apie pinig\u0173 gr\u0105\u017einimo patvirtinim\u0105 arba atmetim\u0105.<\/span><\/p><p><span style=\"font-weight: 400\">Jei b\u016bsite patvirtintas, j\u016bs\u0173 l\u0117\u0161os bus apdorotos ir per tam tikr\u0105 dien\u0173 skai\u010di\u0173 bus automati\u0161kai pritaikytas kreditas j\u016bs\u0173 kredito kortelei arba pradiniam mok\u0117jimo b\u016bdui.<\/span><\/p><h3><span style=\"font-weight: 400\">V\u0116LAVIMAS ARBA TR\u016aKSTA GR\u0104\u017dINIMAS<\/span><\/h3><p><span style=\"font-weight: 400\">Jei dar negavote pinig\u0173 gr\u0105\u017einimo, pirmiausia dar kart\u0105 patikrinkite banko s\u0105skait\u0105.<\/span><\/p><p><span style=\"font-weight: 400\">Tada susisiekite su kredito kortel\u0119 i\u0161davusia \u012fmone. Gali praeiti \u0161iek tiek laiko, kol gr\u0105\u017einimas bus oficialiai paskelbtas.<\/span><\/p><p><span style=\"font-weight: 400\">Tada susisiekite su savo banku. Prie\u0161 gr\u0105\u017einant l\u0117\u0161as, da\u017enai prireikia \u0161iek tiek laiko.<\/span><\/p><p><span style=\"font-weight: 400\">Jei visa tai atlikote ir vis dar negavote pinig\u0173, susisiekite su mumis adresu admin@cheapy-shop.eu.<\/span><\/p><h3><span style=\"font-weight: 400\">I\u0160PARDAVIMO PREK\u0116S<\/span><\/h3><p><span style=\"font-weight: 400\">Gr\u0105\u017einamos tik \u012fprastos kainos prek\u0117s, deja, i\u0161pardavimo preki\u0173 gr\u0105\u017einti negalima.<\/span><\/p><h3><span style=\"font-weight: 400\">KEITIMAS Daiktus<\/span><\/h3><p><span style=\"font-weight: 400\">kei\u010diame tik tuo atveju, jei jie yra suged\u0119 ar suged\u0119. Jei jums reikia j\u012f pakeisti \u012f t\u0105 pa\u010di\u0105 prek\u0119, atsi\u0173skite mums el. lai\u0161k\u0105 adresu admin@cheapy-shop.eu.<\/span><\/p><h3><span style=\"font-weight: 400\">DOVANOS<\/span><\/h3><p><span style=\"font-weight: 400\">Jei perkant prek\u0119 buvo pa\u017eym\u0117ta kaip dovana ir siun\u010diant j\u0105 tiesiai jums, gausite dovan\u0173 kredit\u0105, atitinkant\u012f gr\u0105\u017einimo vert\u0119. Gavus gr\u0105\u017eint\u0105 prek\u0119, Jums bus i\u0161si\u0173stas dovan\u0173 kuponas.<\/span><\/p><p><span style=\"font-weight: 400\">Jei perkant prek\u0119 nebuvo pa\u017eym\u0117ta kaip dovana, arba dovanotojas buvo i\u0161siunt\u0119s u\u017esakym\u0105 sau, kad \u012fteikt\u0173 jums v\u0117liau, dovanotojui gr\u0105\u017einsime pinigus ir jis su\u017einos apie j\u016bs\u0173 gr\u0105\u017einim\u0105.<\/span><\/p><h3><span style=\"font-weight: 400\">PRISTATYMAS<\/span><\/h3><p><span style=\"font-weight: 400\">Nor\u0117dami gr\u0105\u017einti prek\u0119, atsi\u0173skite mums el. lai\u0161k\u0105 adresu admin@cheapy-shop.eu ir nurodykite pa\u0161to adres\u0105.<\/span><\/p><p><span style=\"font-weight: 400\">J\u016bs b\u016bsite atsakingas u\u017e savo siuntimo i\u0161laid\u0173, susijusi\u0173 su prek\u0117s gr\u0105\u017einimu, apmok\u0117jim\u0105. Siuntimo i\u0161laidos negr\u0105\u017einamos. Jei jums gr\u0105\u017einami pinigai, gr\u0105\u017einimo siuntimo i\u0161laidos bus i\u0161skai\u010diuotos i\u0161 j\u016bs\u0173 gr\u0105\u017einam\u0173 pinig\u0173.<\/span><\/p><p><span style=\"font-weight: 400\">Priklausomai nuo to, kur gyvenate, laikas, per kur\u012f pakeistas produktas jus pasiekia, gali skirtis.<\/span><\/p><p><span style=\"font-weight: 400\">Tur\u0117tum\u0117te apsvarstyti galimyb\u0119 pasinaudoti sekama siuntimo paslauga arba \u012fsigyti siuntimo draudim\u0105. Negarantuojame, kad gausime J\u016bs\u0173 gr\u0105\u017eint\u0105 prek\u0119.<\/span><\/p><\/div><\/div>\t\t\t\t\t\t<\/div>\n\t\t\t\t<\/div>\n\t\t\t\t\t<\/div>\n\t\t<\/div>\n\t\t\t\t\t\t\t<\/div>\n\t\t<\/section>\n\t\t\t\t<section class=\"elementor-section elementor-top-section elementor-element elementor-element-9158aaf elementor-section-boxed elementor-section-height-default elementor-section-height-default\" data-id=\"9158aaf\" data-element_type=\"section\" data-settings=\"{&quot;background_background&quot;:&quot;classic&quot;}\">\n\t\t\t\t\t\t<div class=\"elementor-container elementor-column-gap-default\">\n\t\t\t\t\t<div class=\"elementor-column elementor-col-25 elementor-top-column elementor-element elementor-element-63789a3\" data-id=\"63789a3\" data-element_type=\"column\">\n\t\t\t<div class=\"elementor-widget-wrap elementor-element-populated\">\n\t\t\t\t\t\t\t\t<div class=\"elementor-element elementor-element-b57f068 elementor-view-framed elementor-position-left elementor-shape-circle elementor-mobile-position-top elementor-vertical-align-top elementor-widget elementor-widget-icon-box\" data-id=\"b57f068\" data-element_type=\"widget\" data-widget_type=\"icon-box.default\">\n\t\t\t\t<div class=\"elementor-widget-container\">\n\t\t\t<link rel=\"stylesheet\" href=\"https:\/\/www.cheapy-shop.eu\/lt\/wp-content\/plugins\/elementor\/assets\/css\/widget-icon-box.min.css\">\t\t<div class=\"elementor-icon-box-wrapper\">\n\t\t\t\t\t\t<div class=\"elementor-icon-box-icon\">\n\t\t\t\t<span class=\"elementor-icon elementor-animation-\" >\n\t\t\t\t<i aria-hidden=\"true\" class=\"fas fa-user-check\"><\/i>\t\t\t\t<\/span>\n\t\t\t<\/div>\n\t\t\t\t\t\t<div class=\"elementor-icon-box-content\">\n\t\t\t\t<h3 class=\"elementor-icon-box-title\">\n\t\t\t\t\t<span  >\n\t\t\t\t\t\t100% Saugus\t\t\t\t\t<\/span>\n\t\t\t\t<\/h3>\n\t\t\t\t\t\t\t<\/div>\n\t\t<\/div>\n\t\t\t\t<\/div>\n\t\t\t\t<\/div>\n\t\t\t\t\t<\/div>\n\t\t<\/div>\n\t\t\t\t<div class=\"elementor-column elementor-col-25 elementor-top-column elementor-element elementor-element-5defe51\" data-id=\"5defe51\" data-element_type=\"column\">\n\t\t\t<div class=\"elementor-widget-wrap elementor-element-populated\">\n\t\t\t\t\t\t\t\t<div class=\"elementor-element elementor-element-711d473 elementor-view-framed elementor-position-left elementor-shape-circle elementor-mobile-position-top elementor-vertical-align-top elementor-widget elementor-widget-icon-box\" data-id=\"711d473\" data-element_type=\"widget\" data-widget_type=\"icon-box.default\">\n\t\t\t\t<div class=\"elementor-widget-container\">\n\t\t\t\t\t<div class=\"elementor-icon-box-wrapper\">\n\t\t\t\t\t\t<div class=\"elementor-icon-box-icon\">\n\t\t\t\t<span class=\"elementor-icon elementor-animation-\" >\n\t\t\t\t<i aria-hidden=\"true\" class=\"fas fa-truck\"><\/i>\t\t\t\t<\/span>\n\t\t\t<\/div>\n\t\t\t\t\t\t<div class=\"elementor-icon-box-content\">\n\t\t\t\t<h3 class=\"elementor-icon-box-title\">\n\t\t\t\t\t<span  >\n\t\t\t\t\t\tGreitas Pristatymas\t\t\t\t\t<\/span>\n\t\t\t\t<\/h3>\n\t\t\t\t\t\t\t<\/div>\n\t\t<\/div>\n\t\t\t\t<\/div>\n\t\t\t\t<\/div>\n\t\t\t\t\t<\/div>\n\t\t<\/div>\n\t\t\t\t<div class=\"elementor-column elementor-col-25 elementor-top-column elementor-element elementor-element-7da94ea\" data-id=\"7da94ea\" data-element_type=\"column\">\n\t\t\t<div class=\"elementor-widget-wrap elementor-element-populated\">\n\t\t\t\t\t\t\t\t<div class=\"elementor-element elementor-element-9fd0392 elementor-view-framed elementor-position-left elementor-shape-circle elementor-mobile-position-top elementor-vertical-align-top elementor-widget elementor-widget-icon-box\" data-id=\"9fd0392\" data-element_type=\"widget\" data-widget_type=\"icon-box.default\">\n\t\t\t\t<div class=\"elementor-widget-container\">\n\t\t\t\t\t<div class=\"elementor-icon-box-wrapper\">\n\t\t\t\t\t\t<div class=\"elementor-icon-box-icon\">\n\t\t\t\t<span class=\"elementor-icon elementor-animation-\" >\n\t\t\t\t<i aria-hidden=\"true\" class=\"fas fa-star\"><\/i>\t\t\t\t<\/span>\n\t\t\t<\/div>\n\t\t\t\t\t\t<div class=\"elementor-icon-box-content\">\n\t\t\t\t<h3 class=\"elementor-icon-box-title\">\n\t\t\t\t\t<span  >\n\t\t\t\t\t\tGeriausia Kokyb\u0117\t\t\t\t\t<\/span>\n\t\t\t\t<\/h3>\n\t\t\t\t\t\t\t<\/div>\n\t\t<\/div>\n\t\t\t\t<\/div>\n\t\t\t\t<\/div>\n\t\t\t\t\t<\/div>\n\t\t<\/div>\n\t\t\t\t<div class=\"elementor-column elementor-col-25 elementor-top-column elementor-element elementor-element-d63eaa6\" data-id=\"d63eaa6\" data-element_type=\"column\">\n\t\t\t<div class=\"elementor-widget-wrap elementor-element-populated\">\n\t\t\t\t\t\t\t\t<div class=\"elementor-element elementor-element-b983dbe elementor-view-framed elementor-position-left elementor-shape-circle elementor-mobile-position-top elementor-vertical-align-top elementor-widget elementor-widget-icon-box\" data-id=\"b983dbe\" data-element_type=\"widget\" data-widget_type=\"icon-box.default\">\n\t\t\t\t<div class=\"elementor-widget-container\">\n\t\t\t\t\t<div class=\"elementor-icon-box-wrapper\">\n\t\t\t\t\t\t<div class=\"elementor-icon-box-icon\">\n\t\t\t\t<span class=\"elementor-icon elementor-animation-\" >\n\t\t\t\t<i aria-hidden=\"true\" class=\"fas fa-thumbs-up\"><\/i>\t\t\t\t<\/span>\n\t\t\t<\/div>\n\t\t\t\t\t\t<div class=\"elementor-icon-box-content\">\n\t\t\t\t<h3 class=\"elementor-icon-box-title\">\n\t\t\t\t\t<span  >\n\t\t\t\t\t\t100% Pasitenkinimas\t\t\t\t\t<\/span>\n\t\t\t\t<\/h3>\n\t\t\t\t\t\t\t<\/div>\n\t\t<\/div>\n\t\t\t\t<\/div>\n\t\t\t\t<\/div>\n\t\t\t\t\t<\/div>\n\t\t<\/div>\n\t\t\t\t\t\t\t<\/div>\n\t\t<\/section>\n\t\t\t\t\t\t\t<\/div>\n\t\t","protected":false},"excerpt":{"rendered":"<p>Gra\u017einimo politika AP\u017dVALGA M\u016bs\u0173 politika galioja 14 dien\u0173. Jei nuo pirkimo pra\u0117jo 14 dien\u0173, deja, negalime jums pasi\u016blyti pinig\u0173 gr\u0105\u017einimo ar keitimo. Kad b\u016bt\u0173 galima gr\u0105\u017einti prek\u0119, ji turi b\u016bti nenaudota ir tokios pat b\u016bkl\u0117s, kaip j\u0105 gavote. Jis taip pat turi b\u016bti originalioje pakuot\u0117je. Kai kuri\u0173 r\u016b\u0161i\u0173 prek\u0117s yra atleid\u017eiamos nuo gr\u0105\u017einimo. Greitai gendan\u010di\u0173 [&hellip;]<\/p>\n","protected":false},"author":1,"featured_media":0,"parent":0,"menu_order":0,"comment_status":"closed","ping_status":"closed","template":"","meta":{"footnotes":""},"acf":[],"_links":{"self":[{"href":"https:\/\/www.cheapy-shop.eu\/lt\/wp-json\/wp\/v2\/pages\/24"}],"collection":[{"href":"https:\/\/www.cheapy-shop.eu\/lt\/wp-json\/wp\/v2\/pages"}],"about":[{"href":"https:\/\/www.cheapy-shop.eu\/lt\/wp-json\/wp\/v2\/types\/page"}],"author":[{"embeddable":true,"href":"https:\/\/www.cheapy-shop.eu\/lt\/wp-json\/wp\/v2\/users\/1"}],"replies":[{"embeddable":true,"href":"https:\/\/www.cheapy-shop.eu\/lt\/wp-json\/wp\/v2\/comments?post=24"}],"version-history":[{"count":3,"href":"https:\/\/www.cheapy-shop.eu\/lt\/wp-json\/wp\/v2\/pages\/24\/revisions"}],"predecessor-version":[{"id":3151,"href":"https:\/\/www.cheapy-shop.eu\/lt\/wp-json\/wp\/v2\/pages\/24\/revisions\/3151"}],"wp:attachment":[{"href":"https:\/\/www.cheapy-shop.eu\/lt\/wp-json\/wp\/v2\/media?parent=24"}],"curies":[{"name":"wp","href":"https:\/\/api.w.org\/{rel}","templated":true}]}}