{"id":6,"date":"2021-09-06T17:59:20","date_gmt":"2021-09-06T17:59:20","guid":{"rendered":"https:\/\/cheapy-shop.eu\/hu\/?page_id=6"},"modified":"2022-07-01T15:24:45","modified_gmt":"2022-07-01T13:24:45","slug":"adatvedelmi-iranyelvek","status":"publish","type":"page","link":"https:\/\/www.cheapy-shop.eu\/hu\/adatvedelmi-iranyelvek\/","title":{"rendered":"Adatv\u00e9delmi ir\u00e1nyelvek"},"content":{"rendered":"\t\t<div data-elementor-type=\"wp-page\" data-elementor-id=\"6\" class=\"elementor elementor-6\">\n\t\t\t\t\t\t\t\t\t<section class=\"elementor-section elementor-top-section elementor-element elementor-element-a2ffd3d elementor-section-boxed elementor-section-height-default elementor-section-height-default\" data-id=\"a2ffd3d\" data-element_type=\"section\" data-settings=\"{&quot;background_background&quot;:&quot;classic&quot;}\">\n\t\t\t\t\t\t\t<div class=\"elementor-background-overlay\"><\/div>\n\t\t\t\t\t\t\t<div class=\"elementor-container elementor-column-gap-default\">\n\t\t\t\t\t<div class=\"elementor-column elementor-col-100 elementor-top-column elementor-element elementor-element-0a1f51f\" data-id=\"0a1f51f\" data-element_type=\"column\">\n\t\t\t<div class=\"elementor-widget-wrap elementor-element-populated\">\n\t\t\t\t\t\t\t\t<div class=\"elementor-element elementor-element-7448d3b elementor-widget elementor-widget-heading\" data-id=\"7448d3b\" data-element_type=\"widget\" data-widget_type=\"heading.default\">\n\t\t\t\t<div class=\"elementor-widget-container\">\n\t\t\t<style>\/*! elementor - v3.7.1 - 14-08-2022 *\/\n.elementor-heading-title{padding:0;margin:0;line-height:1}.elementor-widget-heading .elementor-heading-title[class*=elementor-size-]>a{color:inherit;font-size:inherit;line-height:inherit}.elementor-widget-heading .elementor-heading-title.elementor-size-small{font-size:15px}.elementor-widget-heading .elementor-heading-title.elementor-size-medium{font-size:19px}.elementor-widget-heading .elementor-heading-title.elementor-size-large{font-size:29px}.elementor-widget-heading .elementor-heading-title.elementor-size-xl{font-size:39px}.elementor-widget-heading .elementor-heading-title.elementor-size-xxl{font-size:59px}<\/style><h2 class=\"elementor-heading-title elementor-size-default\">Adatv\u00e9delmi ir\u00e1nyelvek<\/h2>\t\t<\/div>\n\t\t\t\t<\/div>\n\t\t\t\t\t<\/div>\n\t\t<\/div>\n\t\t\t\t\t\t\t<\/div>\n\t\t<\/section>\n\t\t\t\t<section class=\"elementor-section elementor-top-section elementor-element elementor-element-a25a2ea elementor-section-boxed elementor-section-height-default elementor-section-height-default\" data-id=\"a25a2ea\" data-element_type=\"section\">\n\t\t\t\t\t\t<div class=\"elementor-container elementor-column-gap-default\">\n\t\t\t\t\t<div class=\"elementor-column elementor-col-100 elementor-top-column elementor-element elementor-element-d40b93e\" data-id=\"d40b93e\" data-element_type=\"column\">\n\t\t\t<div class=\"elementor-widget-wrap elementor-element-populated\">\n\t\t\t\t\t\t\t\t<div class=\"elementor-element elementor-element-65c6c82 elementor-widget elementor-widget-text-editor\" data-id=\"65c6c82\" data-element_type=\"widget\" data-widget_type=\"text-editor.default\">\n\t\t\t\t<div class=\"elementor-widget-container\">\n\t\t\t<style>\/*! elementor - v3.7.1 - 14-08-2022 *\/\n.elementor-widget-text-editor.elementor-drop-cap-view-stacked .elementor-drop-cap{background-color:#818a91;color:#fff}.elementor-widget-text-editor.elementor-drop-cap-view-framed .elementor-drop-cap{color:#818a91;border:3px solid;background-color:transparent}.elementor-widget-text-editor:not(.elementor-drop-cap-view-default) .elementor-drop-cap{margin-top:8px}.elementor-widget-text-editor:not(.elementor-drop-cap-view-default) .elementor-drop-cap-letter{width:1em;height:1em}.elementor-widget-text-editor .elementor-drop-cap{float:left;text-align:center;line-height:1;font-size:50px}.elementor-widget-text-editor .elementor-drop-cap-letter{display:inline-block}<\/style>\t\t\t\t<div id=\"Content\"><div id=\"Translation\"><h3>\u00c1TTEKINT\u00c9S<\/h3><p><span style=\"font-weight: 400\">Ez az adatv\u00e9delmi szab\u00e1lyzat le\u00edrja, hogyan gy\u0171jtj\u00fck, haszn\u00e1ljuk \u00e9s osztjuk meg szem\u00e9lyes adatait, amikor felkeresi vagy v\u00e1s\u00e1rol a cheapy-shop.eu webhelyen (a \u201eWebhely\u201d).<\/span><\/p><h3>SZEM\u00c9LYES INFORM\u00c1CI\u00d3K, HAGY\u00cdTOTTUNK<\/h3><p><span style=\"font-weight: 400\">Amikor megl\u00e1togatja a Webhelyet, automatikusan gy\u0171jt\u00fcnk bizonyos inform\u00e1ci\u00f3kat az \u00d6n k\u00e9sz\u00fcl\u00e9k\u00e9r\u0151l, bele\u00e9rtve a webb\u00f6ng\u00e9sz\u0151j\u00e9re, az IP-c\u00edm\u00e9re, az id\u0151z\u00f3n\u00e1ra \u00e9s az eszk\u00f6z\u00e9re telep\u00edtett n\u00e9h\u00e1ny s\u00fctire vonatkoz\u00f3 inform\u00e1ci\u00f3kat. Ezenk\u00edv\u00fcl a Webhely b\u00f6ng\u00e9sz\u00e9se sor\u00e1n inform\u00e1ci\u00f3kat gy\u0171jt\u00fcnk az \u00d6n \u00e1ltal megtekintett egyes weboldalakr\u00f3l vagy term\u00e9kekr\u0151l, arr\u00f3l, hogy mely webhelyek vagy keres\u00e9si kifejez\u00e9sek utaltak \u00d6nt a Webhelyre, valamint inform\u00e1ci\u00f3kat gy\u0171jt\u00fcnk arr\u00f3l, hogyan l\u00e9p kapcsolatba a Webhellyel. Ezeket az automatikusan gy\u0171jt\u00f6tt inform\u00e1ci\u00f3kat \u201eEszk\u00f6zinform\u00e1ci\u00f3k\u00e9nt\u201d nevezz\u00fck.<\/span><\/p><p><span style=\"font-weight: 400\">Az Eszk\u00f6zadatokat a k\u00f6vetkez\u0151 technol\u00f3gi\u00e1k haszn\u00e1lat\u00e1val gy\u0171jtj\u00fck:<\/span><\/p><p><span style=\"font-weight: 400\">&#8211; A \u201ecookie-k\u201d olyan adatf\u00e1jlok, amelyek az \u00d6n k\u00e9sz\u00fcl\u00e9k\u00e9n vagy sz\u00e1m\u00edt\u00f3g\u00e9p\u00e9n vannak elhelyezve, \u00e9s gyakran tartalmaznak egy n\u00e9vtelen egyedi azonos\u00edt\u00f3t. A s\u00fctikr\u0151l \u00e9s a cookie-k letilt\u00e1s\u00e1nak m\u00f3dj\u00e1r\u00f3l tov\u00e1bbi inform\u00e1ci\u00f3\u00e9rt l\u00e1togasson el a https:\/\/www.allaboutcookies.org webhelyre.<\/span><\/p><p><span style=\"font-weight: 400\">&#8211; A \u201enapl\u00f3f\u00e1jlok\u201d nyomon k\u00f6vetik a webhelyen v\u00e9grehajtott m\u0171veleteket, \u00e9s adatokat gy\u0171jtenek, bele\u00e9rtve az \u00d6n IP-c\u00edm\u00e9t, b\u00f6ng\u00e9sz\u0151t\u00edpus\u00e1t, internetszolg\u00e1ltat\u00f3j\u00e1t, hivatkoz\u00e1si\/kil\u00e9p\u00e9si oldalait \u00e9s d\u00e1tum-\/id\u0151b\u00e9lyegz\u0151it.<\/span><\/p><p><span style=\"font-weight: 400\">&#8211; A \u201ewebjelz\u0151k\u201d, \u201ec\u00edmk\u00e9k\u201d \u00e9s \u201epixelek\u201d olyan elektronikus f\u00e1jlok, amelyek a Webhely b\u00f6ng\u00e9sz\u00e9s\u00e9vel kapcsolatos inform\u00e1ci\u00f3k r\u00f6gz\u00edt\u00e9s\u00e9re szolg\u00e1lnak.<\/span><\/p><p><span style=\"font-weight: 400\">Ezen t\u00falmen\u0151en, amikor v\u00e1s\u00e1rol vagy pr\u00f3b\u00e1l v\u00e1s\u00e1rolni a Webhelyen kereszt\u00fcl, bizonyos inform\u00e1ci\u00f3kat gy\u0171jt\u00fcnk \u00d6nt\u0151l, bele\u00e9rtve az \u00d6n nev\u00e9t, sz\u00e1ml\u00e1z\u00e1si c\u00edm\u00e9t, sz\u00e1ll\u00edt\u00e1si c\u00edm\u00e9t, fizet\u00e9si adatait (bele\u00e9rtve a hitelk\u00e1rtyasz\u00e1mokat), e-mail c\u00edm\u00e9t \u00e9s telefonsz\u00e1m\u00e1t. Ezt az inform\u00e1ci\u00f3t \u201eMegrendel\u00e9si inform\u00e1ci\u00f3k\u00e9nt\u201d hivatkozunk.<\/span><\/p><p><span style=\"font-weight: 400\">Amikor a jelen Adatv\u00e9delmi szab\u00e1lyzatban a \u201eSzem\u00e9lyes adatokr\u00f3l\u201d besz\u00e9l\u00fcnk, akkor az eszk\u00f6zinform\u00e1ci\u00f3kr\u00f3l \u00e9s a rendel\u00e9si inform\u00e1ci\u00f3kr\u00f3l is besz\u00e9l\u00fcnk.<\/span><\/p><h3>HOGYAN FELHASZN\u00c1LJUK SZEM\u00c9LYES ADATAIT?<\/h3><p><span style=\"font-weight: 400\">Az \u00e1ltalunk gy\u0171jt\u00f6tt Rendel\u00e9si inform\u00e1ci\u00f3kat \u00e1ltal\u00e1ban a Webhelyen kereszt\u00fcl leadott rendel\u00e9sek teljes\u00edt\u00e9s\u00e9re haszn\u00e1ljuk (bele\u00e9rtve az \u00d6n fizet\u00e9si adatainak feldolgoz\u00e1s\u00e1t, a sz\u00e1ll\u00edt\u00e1s megszervez\u00e9s\u00e9t, valamint a sz\u00e1ml\u00e1k \u00e9s\/vagy rendel\u00e9s-visszaigazol\u00e1sok biztos\u00edt\u00e1s\u00e1t). Ezen t\u00falmen\u0151en ezeket a Megrendel\u00e9si inform\u00e1ci\u00f3kat a k\u00f6vetkez\u0151kre haszn\u00e1ljuk:<\/span><\/p><p><span style=\"font-weight: 400\">Kommunik\u00e1ci\u00f3 \u00d6nnel;<\/span><\/p><p><span style=\"font-weight: 400\">Sz\u0171rje \u00e1t rendel\u00e9seinket a lehets\u00e9ges kock\u00e1zatok vagy csal\u00e1sok szempontj\u00e1b\u00f3l; \u00e9s<\/span><\/p><p><span style=\"font-weight: 400\">Ha \u00f6sszhangban van a vel\u00fcnk megosztott preferenci\u00e1kkal, term\u00e9keinkkel vagy szolg\u00e1ltat\u00e1sainkkal kapcsolatos inform\u00e1ci\u00f3kat vagy hirdet\u00e9seket biztos\u00edtunk \u00d6nnek.<\/span><\/p><p><span style=\"font-weight: 400\">Az \u00e1ltalunk gy\u0171jt\u00f6tt Eszk\u00f6zinform\u00e1ci\u00f3kat arra haszn\u00e1ljuk, hogy seg\u00edts\u00fcnk kisz\u0171rni a lehets\u00e9ges kock\u00e1zatokat \u00e9s csal\u00e1sokat (k\u00fcl\u00f6n\u00f6sen az \u00d6n IP-c\u00edm\u00e9t), \u00e9s \u00e1ltal\u00e1nosabban, hogy jav\u00edtsuk \u00e9s optimaliz\u00e1ljuk Webhely\u00fcnket (p\u00e9ld\u00e1ul elemz\u00e9sek k\u00e9sz\u00edt\u00e9s\u00e9vel arr\u00f3l, hogy \u00fcgyfeleink hogyan b\u00f6ng\u00e9sznek, \u00e9s hogyan l\u00e9pnek kapcsolatba az Oldalra, valamint marketing- \u00e9s rekl\u00e1mkamp\u00e1nyaink siker\u00e9nek felm\u00e9r\u00e9s\u00e9re).<\/span><\/p><h3>SZEM\u00c9LYES INFORM\u00c1CI\u00d3K MEGOSZT\u00c1SA<\/h3><p><span style=\"font-weight: 400\">Szem\u00e9lyes adatait megosztjuk harmadik felekkel, hogy seg\u00edts\u00fcnk a fent le\u00edrtak szerint felhaszn\u00e1lni Szem\u00e9lyes adatait. A Google Analytics szolg\u00e1ltat\u00e1st is haszn\u00e1ljuk, hogy meg\u00e9rts\u00fck, hogyan haszn\u00e1lj\u00e1k \u00fcgyfeleink a Webhelyet \u2013 itt olvashat b\u0151vebben arr\u00f3l, hogy a Google hogyan haszn\u00e1lja fel az \u00d6n szem\u00e9lyes adatait: https:\/\/www.google.com\/intl\/en\/policies\/privacy\/. A Google Analytics szolg\u00e1ltat\u00e1st itt is leiratkozhatja: https:\/\/tools.google.com\/dlpage\/gaoptout.<\/span><\/p><p><span style=\"font-weight: 400\">V\u00e9g\u00fcl megoszthatjuk szem\u00e9lyes adatait a vonatkoz\u00f3 t\u00f6rv\u00e9nyeknek \u00e9s rendelkez\u00e9seknek val\u00f3 megfelel\u00e9s, az id\u00e9z\u00e9s, h\u00e1zkutat\u00e1si parancs vagy m\u00e1s, a kapott inform\u00e1ci\u00f3k ir\u00e1nti jogszer\u0171 megkeres\u00e9s megv\u00e1laszol\u00e1sa, illetve jogaink m\u00e1s m\u00f3don t\u00f6rt\u00e9n\u0151 v\u00e9delme \u00e9rdek\u00e9ben.<\/span><\/p><h3>VISELKED\u00c9SI HIRDET\u00c9SEK<\/h3><p><span style=\"font-weight: 400\">A fent le\u00edrtak szerint az \u00d6n Szem\u00e9lyes Adatait arra haszn\u00e1ljuk, hogy c\u00e9lzott hirdet\u00e9seket vagy marketingkommunik\u00e1ci\u00f3kat ny\u00fajtsunk \u00d6nnek, \u00fagy v\u00e9lj\u00fck, hogy \u00e9rdekelhetik \u00d6nt. A c\u00e9lzott hirdet\u00e9sek m\u0171k\u00f6d\u00e9s\u00e9vel kapcsolatos tov\u00e1bbi inform\u00e1ci\u00f3k\u00e9rt keresse fel a Network Advertising Initiative (&#8222;NAI&#8221;) oktat\u00e1si oldal\u00e1t a https:\/\/www.networkadvertising.org\/understanding-online-advertising\/how-does-it-work c\u00edmen.<\/span><\/p><p><span style=\"font-weight: 400\">Leiratkozhat a c\u00e9lzott hirdet\u00e9sekr\u0151l:<\/span><\/p><p><span style=\"font-weight: 400\">FACEBOOK &#8211; https:\/\/www.facebook.com\/settings\/?tab=ads<\/span><\/p><p><span style=\"font-weight: 400\">GOOGLE &#8211; https:\/\/www.google.com\/settings\/ads\/anonymous<\/span><\/p><p><span style=\"font-weight: 400\">BING &#8211; https:\/\/ hirdet\u00e9s.bingads.microsoft.com<\/span><\/p><p><span style=\"font-weight: 400\">\/en-us\/resources\/policies\/personalized-ads Ezenk\u00edv\u00fcl leiratkozhat e szolg\u00e1ltat\u00e1sok n\u00e9melyik\u00e9r\u0151l, ha ell\u00e1togat a Digital Advertising Alliance leiratkoz\u00e1si port\u00e1lj\u00e1ra: https:\/\/optout.aboutads. info\/.<\/span><\/p><h3>DO NOT TRACK<\/h3><p><span style=\"font-weight: 400\">K\u00e9rj\u00fck, vegye figyelembe, hogy nem v\u00e1ltoztatjuk meg Webhely\u00fcnk adatgy\u0171jt\u00e9si \u00e9s -haszn\u00e1lati gyakorlat\u00e1t, ha a b\u00f6ng\u00e9sz\u0151je \u201eNe k\u00f6vesse nyomon\u201d jelz\u00e9s\u00e9t.<\/span><\/p><h3>AZ \u00d6N JOGAI<\/h3><p><span style=\"font-weight: 400\">Ha \u00d6n eur\u00f3pai lakos, joga van hozz\u00e1f\u00e9rni az \u00d6nr\u0151l t\u00e1rolt szem\u00e9lyes adatokhoz, \u00e9s k\u00e9rheti szem\u00e9lyes adatainak helyesb\u00edt\u00e9s\u00e9t, friss\u00edt\u00e9s\u00e9t vagy t\u00f6rl\u00e9s\u00e9t. Ha \u00e9lni szeretne ezzel a jog\u00e1val, vegye fel vel\u00fcnk a kapcsolatot az al\u00e1bbi el\u00e9rhet\u0151s\u00e9geken.<\/span><\/p><p><span style=\"font-weight: 400\">Ezenk\u00edv\u00fcl, ha \u00d6n eur\u00f3pai lakos, tudom\u00e1sul vessz\u00fck, hogy adatait az \u00d6nnel k\u00f6t\u00f6tt szerz\u0151d\u00e9seink teljes\u00edt\u00e9se \u00e9rdek\u00e9ben dolgozzuk fel (p\u00e9ld\u00e1ul ha a Webhelyen kereszt\u00fcl rendel), vagy m\u00e1s m\u00f3don a fent felsorolt \u200b\u200bjogos \u00fczleti \u00e9rdekeink \u00e9rv\u00e9nyes\u00edt\u00e9se \u00e9rdek\u00e9ben.<\/span><\/p><h3>ADATKEZEL\u00c9S<\/h3><p><span style=\"font-weight: 400\">Amikor megrendel\u00e9st ad le a Webhelyen kereszt\u00fcl, meg\u0151rizz\u00fck rendel\u00e9si adatait saj\u00e1t nyilv\u00e1ntart\u00e1sunk c\u00e9lj\u00e1b\u00f3l, kiv\u00e9ve, ha \u00d6n k\u00e9ri t\u0151l\u00fcnk ezen inform\u00e1ci\u00f3k t\u00f6rl\u00e9s\u00e9t.<\/span><\/p><h3>Kiskor\u00faak<\/h3><p><span style=\"font-weight: 400\">Az oldal nem 18 \u00e9ven aluli szem\u00e9lyek sz\u00e1m\u00e1ra k\u00e9sz\u00fclt.<\/span><\/p><h3>V\u00c1LTOZ\u00c1SOK<\/h3><p><span style=\"font-weight: 400\">Ezt az adatv\u00e9delmi szab\u00e1lyzatot id\u0151r\u0151l id\u0151re friss\u00edthetj\u00fck, hogy t\u00fckr\u00f6zze p\u00e9ld\u00e1ul a gyakorlatunkban bek\u00f6vetkezett v\u00e1ltoz\u00e1sokat, vagy egy\u00e9b m\u0171k\u00f6d\u00e9si, jogi vagy szab\u00e1lyoz\u00e1si okokb\u00f3l.<\/span><\/p><h3>KAPCSOLATBA<\/h3><p><span style=\"font-weight: 400\">VEL\u00dcNK Ha t\u00f6bbet szeretne megtudni adatv\u00e9delmi gyakorlatunkr\u00f3l, ha k\u00e9rd\u00e9se van, vagy panaszt szeretne tenni, k\u00e9rj\u00fck, vegye fel vel\u00fcnk a kapcsolatot az admin@cheapy-shop.eu e-mail c\u00edmen.<\/span><\/p><\/div><\/div>\t\t\t\t\t\t<\/div>\n\t\t\t\t<\/div>\n\t\t\t\t\t<\/div>\n\t\t<\/div>\n\t\t\t\t\t\t\t<\/div>\n\t\t<\/section>\n\t\t\t\t<section class=\"elementor-section elementor-top-section elementor-element elementor-element-68f172c elementor-section-boxed elementor-section-height-default elementor-section-height-default\" data-id=\"68f172c\" data-element_type=\"section\" data-settings=\"{&quot;background_background&quot;:&quot;classic&quot;}\">\n\t\t\t\t\t\t<div class=\"elementor-container elementor-column-gap-default\">\n\t\t\t\t\t<div class=\"elementor-column elementor-col-25 elementor-top-column elementor-element elementor-element-4aa9a50\" data-id=\"4aa9a50\" data-element_type=\"column\">\n\t\t\t<div class=\"elementor-widget-wrap elementor-element-populated\">\n\t\t\t\t\t\t\t\t<div class=\"elementor-element elementor-element-3821e83 elementor-view-framed elementor-position-left elementor-shape-circle elementor-mobile-position-top elementor-vertical-align-top elementor-widget elementor-widget-icon-box\" data-id=\"3821e83\" data-element_type=\"widget\" data-widget_type=\"icon-box.default\">\n\t\t\t\t<div class=\"elementor-widget-container\">\n\t\t\t<link rel=\"stylesheet\" href=\"https:\/\/www.cheapy-shop.eu\/hu\/wp-content\/plugins\/elementor\/assets\/css\/widget-icon-box.min.css\">\t\t<div class=\"elementor-icon-box-wrapper\">\n\t\t\t\t\t\t<div class=\"elementor-icon-box-icon\">\n\t\t\t\t<span class=\"elementor-icon elementor-animation-\" >\n\t\t\t\t<i aria-hidden=\"true\" class=\"fas fa-user-check\"><\/i>\t\t\t\t<\/span>\n\t\t\t<\/div>\n\t\t\t\t\t\t<div class=\"elementor-icon-box-content\">\n\t\t\t\t<h3 class=\"elementor-icon-box-title\">\n\t\t\t\t\t<span  >\n\t\t\t\t\t\t100%-os biztons\u00e1g\t\t\t\t\t<\/span>\n\t\t\t\t<\/h3>\n\t\t\t\t\t\t\t<\/div>\n\t\t<\/div>\n\t\t\t\t<\/div>\n\t\t\t\t<\/div>\n\t\t\t\t\t<\/div>\n\t\t<\/div>\n\t\t\t\t<div class=\"elementor-column elementor-col-25 elementor-top-column elementor-element elementor-element-791e021\" data-id=\"791e021\" data-element_type=\"column\">\n\t\t\t<div class=\"elementor-widget-wrap elementor-element-populated\">\n\t\t\t\t\t\t\t\t<div class=\"elementor-element elementor-element-2d9b3ad elementor-view-framed elementor-position-left elementor-shape-circle elementor-mobile-position-top elementor-vertical-align-top elementor-widget elementor-widget-icon-box\" data-id=\"2d9b3ad\" data-element_type=\"widget\" data-widget_type=\"icon-box.default\">\n\t\t\t\t<div class=\"elementor-widget-container\">\n\t\t\t\t\t<div class=\"elementor-icon-box-wrapper\">\n\t\t\t\t\t\t<div class=\"elementor-icon-box-icon\">\n\t\t\t\t<span class=\"elementor-icon elementor-animation-\" >\n\t\t\t\t<i aria-hidden=\"true\" class=\"fas fa-truck\"><\/i>\t\t\t\t<\/span>\n\t\t\t<\/div>\n\t\t\t\t\t\t<div class=\"elementor-icon-box-content\">\n\t\t\t\t<h3 class=\"elementor-icon-box-title\">\n\t\t\t\t\t<span  >\n\t\t\t\t\t\tGyors sz\u00e1ll\u00edt\u00e1s\t\t\t\t\t<\/span>\n\t\t\t\t<\/h3>\n\t\t\t\t\t\t\t<\/div>\n\t\t<\/div>\n\t\t\t\t<\/div>\n\t\t\t\t<\/div>\n\t\t\t\t\t<\/div>\n\t\t<\/div>\n\t\t\t\t<div class=\"elementor-column elementor-col-25 elementor-top-column elementor-element elementor-element-47a2922\" data-id=\"47a2922\" data-element_type=\"column\">\n\t\t\t<div class=\"elementor-widget-wrap elementor-element-populated\">\n\t\t\t\t\t\t\t\t<div class=\"elementor-element elementor-element-982283e elementor-view-framed elementor-position-left elementor-shape-circle elementor-mobile-position-top elementor-vertical-align-top elementor-widget elementor-widget-icon-box\" data-id=\"982283e\" data-element_type=\"widget\" data-widget_type=\"icon-box.default\">\n\t\t\t\t<div class=\"elementor-widget-container\">\n\t\t\t\t\t<div class=\"elementor-icon-box-wrapper\">\n\t\t\t\t\t\t<div class=\"elementor-icon-box-icon\">\n\t\t\t\t<span class=\"elementor-icon elementor-animation-\" >\n\t\t\t\t<i aria-hidden=\"true\" class=\"fas fa-star\"><\/i>\t\t\t\t<\/span>\n\t\t\t<\/div>\n\t\t\t\t\t\t<div class=\"elementor-icon-box-content\">\n\t\t\t\t<h3 class=\"elementor-icon-box-title\">\n\t\t\t\t\t<span  >\n\t\t\t\t\t\tLegjobb min\u0151s\u00e9g\t\t\t\t\t<\/span>\n\t\t\t\t<\/h3>\n\t\t\t\t\t\t\t<\/div>\n\t\t<\/div>\n\t\t\t\t<\/div>\n\t\t\t\t<\/div>\n\t\t\t\t\t<\/div>\n\t\t<\/div>\n\t\t\t\t<div class=\"elementor-column elementor-col-25 elementor-top-column elementor-element elementor-element-21dc39f\" data-id=\"21dc39f\" data-element_type=\"column\">\n\t\t\t<div class=\"elementor-widget-wrap elementor-element-populated\">\n\t\t\t\t\t\t\t\t<div class=\"elementor-element elementor-element-47d903f elementor-view-framed elementor-position-left elementor-shape-circle elementor-mobile-position-top elementor-vertical-align-top elementor-widget elementor-widget-icon-box\" data-id=\"47d903f\" data-element_type=\"widget\" data-widget_type=\"icon-box.default\">\n\t\t\t\t<div class=\"elementor-widget-container\">\n\t\t\t\t\t<div class=\"elementor-icon-box-wrapper\">\n\t\t\t\t\t\t<div class=\"elementor-icon-box-icon\">\n\t\t\t\t<span class=\"elementor-icon elementor-animation-\" >\n\t\t\t\t<i aria-hidden=\"true\" class=\"fas fa-thumbs-up\"><\/i>\t\t\t\t<\/span>\n\t\t\t<\/div>\n\t\t\t\t\t\t<div class=\"elementor-icon-box-content\">\n\t\t\t\t<h3 class=\"elementor-icon-box-title\">\n\t\t\t\t\t<span  >\n\t\t\t\t\t\t100%-os el\u00e9gedetts\u00e9g\t\t\t\t\t<\/span>\n\t\t\t\t<\/h3>\n\t\t\t\t\t\t\t<\/div>\n\t\t<\/div>\n\t\t\t\t<\/div>\n\t\t\t\t<\/div>\n\t\t\t\t\t<\/div>\n\t\t<\/div>\n\t\t\t\t\t\t\t<\/div>\n\t\t<\/section>\n\t\t\t\t\t\t\t<\/div>\n\t\t","protected":false},"excerpt":{"rendered":"<p>Adatv\u00e9delmi ir\u00e1nyelvek \u00c1TTEKINT\u00c9S Ez az adatv\u00e9delmi szab\u00e1lyzat le\u00edrja, hogyan gy\u0171jtj\u00fck, haszn\u00e1ljuk \u00e9s osztjuk meg szem\u00e9lyes adatait, amikor felkeresi vagy v\u00e1s\u00e1rol a cheapy-shop.eu webhelyen (a \u201eWebhely\u201d). SZEM\u00c9LYES INFORM\u00c1CI\u00d3K, HAGY\u00cdTOTTUNK Amikor megl\u00e1togatja a Webhelyet, automatikusan gy\u0171jt\u00fcnk bizonyos inform\u00e1ci\u00f3kat az \u00d6n k\u00e9sz\u00fcl\u00e9k\u00e9r\u0151l, bele\u00e9rtve a webb\u00f6ng\u00e9sz\u0151j\u00e9re, az IP-c\u00edm\u00e9re, az id\u0151z\u00f3n\u00e1ra \u00e9s az eszk\u00f6z\u00e9re telep\u00edtett n\u00e9h\u00e1ny s\u00fctire vonatkoz\u00f3 inform\u00e1ci\u00f3kat. Ezenk\u00edv\u00fcl [&hellip;]<\/p>\n","protected":false},"author":1,"featured_media":0,"parent":0,"menu_order":0,"comment_status":"closed","ping_status":"closed","template":"elementor_header_footer","meta":{"footnotes":""},"acf":[],"_links":{"self":[{"href":"https:\/\/www.cheapy-shop.eu\/hu\/wp-json\/wp\/v2\/pages\/6"}],"collection":[{"href":"https:\/\/www.cheapy-shop.eu\/hu\/wp-json\/wp\/v2\/pages"}],"about":[{"href":"https:\/\/www.cheapy-shop.eu\/hu\/wp-json\/wp\/v2\/types\/page"}],"author":[{"embeddable":true,"href":"https:\/\/www.cheapy-shop.eu\/hu\/wp-json\/wp\/v2\/users\/1"}],"replies":[{"embeddable":true,"href":"https:\/\/www.cheapy-shop.eu\/hu\/wp-json\/wp\/v2\/comments?post=6"}],"version-history":[{"count":3,"href":"https:\/\/www.cheapy-shop.eu\/hu\/wp-json\/wp\/v2\/pages\/6\/revisions"}],"predecessor-version":[{"id":2990,"href":"https:\/\/www.cheapy-shop.eu\/hu\/wp-json\/wp\/v2\/pages\/6\/revisions\/2990"}],"wp:attachment":[{"href":"https:\/\/www.cheapy-shop.eu\/hu\/wp-json\/wp\/v2\/media?parent=6"}],"curies":[{"name":"wp","href":"https:\/\/api.w.org\/{rel}","templated":true}]}}