{"id":24,"date":"2021-09-06T18:03:25","date_gmt":"2021-09-06T18:03:25","guid":{"rendered":"https:\/\/cheapy-shop.eu\/hu\/?page_id=24"},"modified":"2022-07-01T15:25:13","modified_gmt":"2022-07-01T13:25:13","slug":"visszakuldesi-politika","status":"publish","type":"page","link":"https:\/\/www.cheapy-shop.eu\/hu\/visszakuldesi-politika\/","title":{"rendered":"Visszak\u00fcld\u00e9si politika"},"content":{"rendered":"\t\t<div data-elementor-type=\"wp-page\" data-elementor-id=\"24\" class=\"elementor elementor-24\">\n\t\t\t\t\t\t\t\t\t<section class=\"elementor-section elementor-top-section elementor-element elementor-element-faa88a7 elementor-section-boxed elementor-section-height-default elementor-section-height-default\" data-id=\"faa88a7\" data-element_type=\"section\" data-settings=\"{&quot;background_background&quot;:&quot;classic&quot;}\">\n\t\t\t\t\t\t\t<div class=\"elementor-background-overlay\"><\/div>\n\t\t\t\t\t\t\t<div class=\"elementor-container elementor-column-gap-default\">\n\t\t\t\t\t<div class=\"elementor-column elementor-col-100 elementor-top-column elementor-element elementor-element-cd7eec8\" data-id=\"cd7eec8\" data-element_type=\"column\">\n\t\t\t<div class=\"elementor-widget-wrap elementor-element-populated\">\n\t\t\t\t\t\t\t\t<div class=\"elementor-element elementor-element-feaaaf9 elementor-widget elementor-widget-heading\" data-id=\"feaaaf9\" data-element_type=\"widget\" data-widget_type=\"heading.default\">\n\t\t\t\t<div class=\"elementor-widget-container\">\n\t\t\t<style>\/*! elementor - v3.7.1 - 14-08-2022 *\/\n.elementor-heading-title{padding:0;margin:0;line-height:1}.elementor-widget-heading .elementor-heading-title[class*=elementor-size-]>a{color:inherit;font-size:inherit;line-height:inherit}.elementor-widget-heading .elementor-heading-title.elementor-size-small{font-size:15px}.elementor-widget-heading .elementor-heading-title.elementor-size-medium{font-size:19px}.elementor-widget-heading .elementor-heading-title.elementor-size-large{font-size:29px}.elementor-widget-heading .elementor-heading-title.elementor-size-xl{font-size:39px}.elementor-widget-heading .elementor-heading-title.elementor-size-xxl{font-size:59px}<\/style><h2 class=\"elementor-heading-title elementor-size-default\">Visszak\u00fcld\u00e9si politika<\/h2>\t\t<\/div>\n\t\t\t\t<\/div>\n\t\t\t\t\t<\/div>\n\t\t<\/div>\n\t\t\t\t\t\t\t<\/div>\n\t\t<\/section>\n\t\t\t\t<section class=\"elementor-section elementor-top-section elementor-element elementor-element-5acd156 elementor-section-boxed elementor-section-height-default elementor-section-height-default\" data-id=\"5acd156\" data-element_type=\"section\">\n\t\t\t\t\t\t<div class=\"elementor-container elementor-column-gap-default\">\n\t\t\t\t\t<div class=\"elementor-column elementor-col-100 elementor-top-column elementor-element elementor-element-4a44ba0\" data-id=\"4a44ba0\" data-element_type=\"column\">\n\t\t\t<div class=\"elementor-widget-wrap elementor-element-populated\">\n\t\t\t\t\t\t\t\t<div class=\"elementor-element elementor-element-04a4f82 elementor-widget elementor-widget-text-editor\" data-id=\"04a4f82\" data-element_type=\"widget\" data-widget_type=\"text-editor.default\">\n\t\t\t\t<div class=\"elementor-widget-container\">\n\t\t\t<style>\/*! elementor - v3.7.1 - 14-08-2022 *\/\n.elementor-widget-text-editor.elementor-drop-cap-view-stacked .elementor-drop-cap{background-color:#818a91;color:#fff}.elementor-widget-text-editor.elementor-drop-cap-view-framed .elementor-drop-cap{color:#818a91;border:3px solid;background-color:transparent}.elementor-widget-text-editor:not(.elementor-drop-cap-view-default) .elementor-drop-cap{margin-top:8px}.elementor-widget-text-editor:not(.elementor-drop-cap-view-default) .elementor-drop-cap-letter{width:1em;height:1em}.elementor-widget-text-editor .elementor-drop-cap{float:left;text-align:center;line-height:1;font-size:50px}.elementor-widget-text-editor .elementor-drop-cap-letter{display:inline-block}<\/style>\t\t\t\t<div id=\"Content\"><div id=\"Translation\"><h3><span style=\"font-weight: 400\">\u00c1TTEKINT\u00c9S<\/span><\/h3><p><span style=\"font-weight: 400\">K\u00f6tv\u00e9ny\u00fcnk 14 napig \u00e9rv\u00e9nyes. Ha 14 nap telt el a v\u00e1s\u00e1rl\u00e1s \u00f3ta, sajnos nem \u00e1ll m\u00f3dunkban visszat\u00e9r\u00edt\u00e9st vagy cser\u00e9t aj\u00e1nlani.<\/span><\/p><p><span style=\"font-weight: 400\">Ahhoz, hogy a term\u00e9k visszak\u00fcldhet\u0151 legyen, haszn\u00e1laton k\u00edv\u00fcl kell lennie, \u00e9s ugyanolyan \u00e1llapotban kell lennie, mint ahogyan azt megkapta. Ennek is az eredeti csomagol\u00e1sban kell lennie.<\/span><\/p><p><span style=\"font-weight: 400\">T\u00f6bbf\u00e9le \u00e1ru mentes\u00fcl a visszak\u00fcld\u00e9s al\u00f3l. A romland\u00f3 \u00e1ruk, p\u00e9ld\u00e1ul \u00e9lelmiszerek, vir\u00e1gok, \u00fajs\u00e1gok vagy magazinok nem k\u00fcldhet\u0151k vissza. Nem fogadunk el olyan term\u00e9keket sem, amelyek intim vagy eg\u00e9szs\u00e9g\u00fcgyi term\u00e9kek, vesz\u00e9lyes anyagok vagy gy\u00fal\u00e9kony folyad\u00e9kok vagy g\u00e1zok.<\/span><\/p><p><span style=\"font-weight: 400\">Tov\u00e1bbi nem visszav\u00e1lthat\u00f3 t\u00e9telek:<\/span><\/p><p><span style=\"font-weight: 400\">* Aj\u00e1nd\u00e9kk\u00e1rty\u00e1k<\/span><\/p><p><span style=\"font-weight: 400\">* Let\u00f6lthet\u0151 szoftverterm\u00e9kek<\/span><\/p><p><span style=\"font-weight: 400\">* Egyes eg\u00e9szs\u00e9g\u00fcgyi \u00e9s test\u00e1pol\u00e1si cikkek<\/span><\/p><p><span style=\"font-weight: 400\">A visszak\u00fcld\u00e9s befejez\u00e9s\u00e9hez nyugt\u00e1ra vagy v\u00e1s\u00e1rl\u00e1st igazol\u00f3 bizonylatra van sz\u00fcks\u00e9g\u00fcnk.<\/span><\/p><p><span style=\"font-weight: 400\">K\u00e9rj\u00fck, ne k\u00fcldje vissza a v\u00e1s\u00e1rl\u00e1st a gy\u00e1rt\u00f3nak.<\/span><\/p><p><span style=\"font-weight: 400\">Vannak olyan helyzetek, amikor csak r\u00e9szleges visszat\u00e9r\u00edt\u00e9st adnak: (ha van ilyen)<\/span><\/p><p><span style=\"font-weight: 400\">* Nyilv\u00e1nval\u00f3 haszn\u00e1lati nyomokat tartalmaz\u00f3 k\u00f6nyv<\/span><\/p><p><span style=\"font-weight: 400\">* CD, DVD, VHS kazetta, szoftver, videoj\u00e1t\u00e9k, kazett\u00e1s magn\u00f3 vagy bakelit lemez, amelyet kinyitottak.<\/span><\/p><p><span style=\"font-weight: 400\">* B\u00e1rmely t\u00e9tel, amely nem az eredeti \u00e1llapot\u00e1ban van, s\u00e9r\u00fclt vagy hi\u00e1nyoznak alkatr\u00e9szei, amelyek nem a mi hib\u00e1nkb\u00f3l erednek.<\/span><\/p><p><span style=\"font-weight: 400\">* B\u00e1rmely t\u00e9tel, amelyet a k\u00e9zbes\u00edt\u00e9s ut\u00e1n t\u00f6bb mint 14 nappal<\/span><\/p><h3><span style=\"font-weight: 400\">VISSZAT\u00c9R\u00cdT\u00c9S<\/span><\/h3><p><span style=\"font-weight: 400\">Amint a visszak\u00fcld\u00e9s meg\u00e9rkezett \u00e9s megvizsg\u00e1ltuk, e-mailben \u00e9rtes\u00edtj\u00fck, hogy megkaptuk a visszak\u00fcld\u00f6tt t\u00e9telt. A visszat\u00e9r\u00edt\u00e9s j\u00f3v\u00e1hagy\u00e1s\u00e1r\u00f3l vagy elutas\u00edt\u00e1s\u00e1r\u00f3l is \u00e9rtes\u00edtj\u00fck.<\/span><\/p><p><span style=\"font-weight: 400\">Ha j\u00f3v\u00e1hagyj\u00e1k, visszat\u00e9r\u00edt\u00e9s\u00e9t feldolgozzuk, \u00e9s bizonyos napon bel\u00fcl automatikusan j\u00f3v\u00e1\u00edr\u00e1sra ker\u00fcl a hitelk\u00e1rty\u00e1ja vagy az eredeti fizet\u00e9si m\u00f3d.<\/span><\/p><h3><span style=\"font-weight: 400\">K\u00c9S\u00c9SEK VAGY HI\u00c1NYZ\u00d3 VISSZAT\u00c9R\u00cdT\u00c9S<\/span><\/h3><p><span style=\"font-weight: 400\">Ha m\u00e9g nem kapott visszat\u00e9r\u00edt\u00e9st, el\u0151sz\u00f6r ellen\u0151rizze \u00fajra banksz\u00e1ml\u00e1j\u00e1t.<\/span><\/p><p><span style=\"font-weight: 400\">Ezut\u00e1n l\u00e9pjen kapcsolatba hitelk\u00e1rtya-kibocs\u00e1t\u00f3j\u00e1val, eltarthat egy ideig, am\u00edg a visszat\u00e9r\u00edt\u00e9s hivatalosan megjelenik.<\/span><\/p><p><span style=\"font-weight: 400\">Ezut\u00e1n l\u00e9pjen kapcsolatba a bankj\u00e1val. A visszat\u00e9r\u00edt\u00e9s elk\u00fcld\u00e9se el\u0151tt gyakran van n\u00e9mi feldolgoz\u00e1si id\u0151.<\/span><\/p><p><span style=\"font-weight: 400\">Ha mindezt megtette, \u00e9s m\u00e9g mindig nem kapta meg a visszat\u00e9r\u00edt\u00e9st, k\u00e9rj\u00fck, vegye fel vel\u00fcnk a kapcsolatot az admin@cheapy-shop.eu c\u00edmen.<\/span><\/p><h3><span style=\"font-weight: 400\">AKCI\u00d3S TERM\u00c9KEK<\/span><\/h3><p><span style=\"font-weight: 400\">Csak a norm\u00e1l \u00e1ras \u00e1rukat tudjuk visszav\u00e1ltani, az akci\u00f3s t\u00e9teleket sajnos nem tudjuk visszav\u00e1ltani.<\/span><\/p><h3><span style=\"font-weight: 400\">CSER\u00c9L\u00c9S<\/span><\/h3><p><span style=\"font-weight: 400\">Csak akkor cser\u00e9lj\u00fck ki a term\u00e9keket, ha azok hib\u00e1sak vagy s\u00e9r\u00fcltek. Ha ugyanarra a term\u00e9kre szeretn\u00e9 kicser\u00e9lni, \u00edrjon nek\u00fcnk az admin@cheapy-shop.eu c\u00edmre.<\/span><\/p><h3><span style=\"font-weight: 400\">AJ\u00c1ND\u00c9KOK<\/span><\/h3><p><span style=\"font-weight: 400\">Ha a term\u00e9ket a v\u00e1s\u00e1rl\u00e1skor aj\u00e1nd\u00e9kk\u00e9nt jel\u00f6lt\u00e9k meg, \u00e9s k\u00f6zvetlen\u00fcl \u00d6nnek sz\u00e1ll\u00edtott\u00e1k, akkor a visszak\u00fcld\u00e9s \u00e9rt\u00e9k\u00e9nek megfelel\u0151 aj\u00e1nd\u00e9k j\u00f3v\u00e1\u00edr\u00e1st kap. A visszak\u00fcld\u00f6tt term\u00e9k k\u00e9zhezv\u00e9tele ut\u00e1n aj\u00e1nd\u00e9kutalv\u00e1nyt k\u00fcld\u00fcnk \u00d6nnek.<\/span><\/p><p><span style=\"font-weight: 400\">Ha a term\u00e9ket nem jel\u00f6lt\u00e9k meg aj\u00e1nd\u00e9kk\u00e9nt a v\u00e1s\u00e1rl\u00e1skor, vagy az aj\u00e1nd\u00e9koz\u00f3 saj\u00e1t mag\u00e1nak k\u00fcldte ki a rendel\u00e9st, hogy k\u00e9s\u0151bb \u00e1tadhassa \u00d6nnek, visszak\u00fcldj\u00fck az aj\u00e1nd\u00e9koz\u00f3nak, \u00e9s \u0151 t\u00e1j\u00e9koz\u00f3dik a visszak\u00fcld\u00e9sr\u0151l.<\/span><\/p><h3><span style=\"font-weight: 400\">SZ\u00c1LL\u00cdT\u00c1S<\/span><\/h3><p><span style=\"font-weight: 400\">A term\u00e9k visszak\u00fcld\u00e9s\u00e9hez k\u00fcldj\u00f6n nek\u00fcnk egy e-mailt az admin@cheapy-shop.eu c\u00edmre a postac\u00edmr\u0151l.<\/span><\/p><p><span style=\"font-weight: 400\">A term\u00e9k visszak\u00fcld\u00e9se eset\u00e9n \u00d6nt terheli a saj\u00e1t sz\u00e1ll\u00edt\u00e1si k\u00f6lts\u00e9ge. A sz\u00e1ll\u00edt\u00e1si k\u00f6lts\u00e9g nem visszat\u00e9r\u00edthet\u0151. Ha visszat\u00e9r\u00edt\u00e9st kap, a visszak\u00fcld\u00e9s k\u00f6lts\u00e9ge levon\u00e1sra ker\u00fcl a visszat\u00e9r\u00edt\u00e9sb\u0151l.<\/span><\/p><p><span style=\"font-weight: 400\">\u00c9lethely\u00e9t\u0151l f\u00fcgg\u0151en v\u00e1ltozhat az id\u0151, am\u00edg a kicser\u00e9lt term\u00e9k meg\u00e9rkezik \u00d6nh\u00f6z.<\/span><\/p><p><span style=\"font-weight: 400\">Fontolja meg nyomon k\u00f6vethet\u0151 sz\u00e1ll\u00edt\u00e1si szolg\u00e1ltat\u00e1s ig\u00e9nybev\u00e9tel\u00e9t vagy sz\u00e1ll\u00edt\u00e1si biztos\u00edt\u00e1s megv\u00e1s\u00e1rl\u00e1s\u00e1t. Nem garant\u00e1ljuk, hogy a visszak\u00fcld\u00f6tt term\u00e9ket megkapjuk.<\/span><\/p><\/div><\/div>\t\t\t\t\t\t<\/div>\n\t\t\t\t<\/div>\n\t\t\t\t\t<\/div>\n\t\t<\/div>\n\t\t\t\t\t\t\t<\/div>\n\t\t<\/section>\n\t\t\t\t<section class=\"elementor-section elementor-top-section elementor-element elementor-element-54a51ab elementor-section-boxed elementor-section-height-default elementor-section-height-default\" data-id=\"54a51ab\" data-element_type=\"section\" data-settings=\"{&quot;background_background&quot;:&quot;classic&quot;}\">\n\t\t\t\t\t\t<div class=\"elementor-container elementor-column-gap-default\">\n\t\t\t\t\t<div class=\"elementor-column elementor-col-25 elementor-top-column elementor-element elementor-element-0cc2965\" data-id=\"0cc2965\" data-element_type=\"column\">\n\t\t\t<div class=\"elementor-widget-wrap elementor-element-populated\">\n\t\t\t\t\t\t\t\t<div class=\"elementor-element elementor-element-65b77a7 elementor-view-framed elementor-position-left elementor-shape-circle elementor-mobile-position-top elementor-vertical-align-top elementor-widget elementor-widget-icon-box\" data-id=\"65b77a7\" data-element_type=\"widget\" data-widget_type=\"icon-box.default\">\n\t\t\t\t<div class=\"elementor-widget-container\">\n\t\t\t<link rel=\"stylesheet\" href=\"https:\/\/www.cheapy-shop.eu\/hu\/wp-content\/plugins\/elementor\/assets\/css\/widget-icon-box.min.css\">\t\t<div class=\"elementor-icon-box-wrapper\">\n\t\t\t\t\t\t<div class=\"elementor-icon-box-icon\">\n\t\t\t\t<span class=\"elementor-icon elementor-animation-\" >\n\t\t\t\t<i aria-hidden=\"true\" class=\"fas fa-user-check\"><\/i>\t\t\t\t<\/span>\n\t\t\t<\/div>\n\t\t\t\t\t\t<div class=\"elementor-icon-box-content\">\n\t\t\t\t<h3 class=\"elementor-icon-box-title\">\n\t\t\t\t\t<span  >\n\t\t\t\t\t\t100%-os biztons\u00e1g\t\t\t\t\t<\/span>\n\t\t\t\t<\/h3>\n\t\t\t\t\t\t\t<\/div>\n\t\t<\/div>\n\t\t\t\t<\/div>\n\t\t\t\t<\/div>\n\t\t\t\t\t<\/div>\n\t\t<\/div>\n\t\t\t\t<div class=\"elementor-column elementor-col-25 elementor-top-column elementor-element elementor-element-6167381\" data-id=\"6167381\" data-element_type=\"column\">\n\t\t\t<div class=\"elementor-widget-wrap elementor-element-populated\">\n\t\t\t\t\t\t\t\t<div class=\"elementor-element elementor-element-e882dbd elementor-view-framed elementor-position-left elementor-shape-circle elementor-mobile-position-top elementor-vertical-align-top elementor-widget elementor-widget-icon-box\" data-id=\"e882dbd\" data-element_type=\"widget\" data-widget_type=\"icon-box.default\">\n\t\t\t\t<div class=\"elementor-widget-container\">\n\t\t\t\t\t<div class=\"elementor-icon-box-wrapper\">\n\t\t\t\t\t\t<div class=\"elementor-icon-box-icon\">\n\t\t\t\t<span class=\"elementor-icon elementor-animation-\" >\n\t\t\t\t<i aria-hidden=\"true\" class=\"fas fa-truck\"><\/i>\t\t\t\t<\/span>\n\t\t\t<\/div>\n\t\t\t\t\t\t<div class=\"elementor-icon-box-content\">\n\t\t\t\t<h3 class=\"elementor-icon-box-title\">\n\t\t\t\t\t<span  >\n\t\t\t\t\t\tGyors sz\u00e1ll\u00edt\u00e1s\t\t\t\t\t<\/span>\n\t\t\t\t<\/h3>\n\t\t\t\t\t\t\t<\/div>\n\t\t<\/div>\n\t\t\t\t<\/div>\n\t\t\t\t<\/div>\n\t\t\t\t\t<\/div>\n\t\t<\/div>\n\t\t\t\t<div class=\"elementor-column elementor-col-25 elementor-top-column elementor-element elementor-element-1657873\" data-id=\"1657873\" data-element_type=\"column\">\n\t\t\t<div class=\"elementor-widget-wrap elementor-element-populated\">\n\t\t\t\t\t\t\t\t<div class=\"elementor-element elementor-element-afcc0aa elementor-view-framed elementor-position-left elementor-shape-circle elementor-mobile-position-top elementor-vertical-align-top elementor-widget elementor-widget-icon-box\" data-id=\"afcc0aa\" data-element_type=\"widget\" data-widget_type=\"icon-box.default\">\n\t\t\t\t<div class=\"elementor-widget-container\">\n\t\t\t\t\t<div class=\"elementor-icon-box-wrapper\">\n\t\t\t\t\t\t<div class=\"elementor-icon-box-icon\">\n\t\t\t\t<span class=\"elementor-icon elementor-animation-\" >\n\t\t\t\t<i aria-hidden=\"true\" class=\"fas fa-star\"><\/i>\t\t\t\t<\/span>\n\t\t\t<\/div>\n\t\t\t\t\t\t<div class=\"elementor-icon-box-content\">\n\t\t\t\t<h3 class=\"elementor-icon-box-title\">\n\t\t\t\t\t<span  >\n\t\t\t\t\t\tLegjobb min\u0151s\u00e9g\t\t\t\t\t<\/span>\n\t\t\t\t<\/h3>\n\t\t\t\t\t\t\t<\/div>\n\t\t<\/div>\n\t\t\t\t<\/div>\n\t\t\t\t<\/div>\n\t\t\t\t\t<\/div>\n\t\t<\/div>\n\t\t\t\t<div class=\"elementor-column elementor-col-25 elementor-top-column elementor-element elementor-element-4d5bc7e\" data-id=\"4d5bc7e\" data-element_type=\"column\">\n\t\t\t<div class=\"elementor-widget-wrap elementor-element-populated\">\n\t\t\t\t\t\t\t\t<div class=\"elementor-element elementor-element-2edf7f9 elementor-view-framed elementor-position-left elementor-shape-circle elementor-mobile-position-top elementor-vertical-align-top elementor-widget elementor-widget-icon-box\" data-id=\"2edf7f9\" data-element_type=\"widget\" data-widget_type=\"icon-box.default\">\n\t\t\t\t<div class=\"elementor-widget-container\">\n\t\t\t\t\t<div class=\"elementor-icon-box-wrapper\">\n\t\t\t\t\t\t<div class=\"elementor-icon-box-icon\">\n\t\t\t\t<span class=\"elementor-icon elementor-animation-\" >\n\t\t\t\t<i aria-hidden=\"true\" class=\"fas fa-thumbs-up\"><\/i>\t\t\t\t<\/span>\n\t\t\t<\/div>\n\t\t\t\t\t\t<div class=\"elementor-icon-box-content\">\n\t\t\t\t<h3 class=\"elementor-icon-box-title\">\n\t\t\t\t\t<span  >\n\t\t\t\t\t\t100%-os el\u00e9gedetts\u00e9g\t\t\t\t\t<\/span>\n\t\t\t\t<\/h3>\n\t\t\t\t\t\t\t<\/div>\n\t\t<\/div>\n\t\t\t\t<\/div>\n\t\t\t\t<\/div>\n\t\t\t\t\t<\/div>\n\t\t<\/div>\n\t\t\t\t\t\t\t<\/div>\n\t\t<\/section>\n\t\t\t\t\t\t\t<\/div>\n\t\t","protected":false},"excerpt":{"rendered":"<p>Visszak\u00fcld\u00e9si politika \u00c1TTEKINT\u00c9S K\u00f6tv\u00e9ny\u00fcnk 14 napig \u00e9rv\u00e9nyes. Ha 14 nap telt el a v\u00e1s\u00e1rl\u00e1s \u00f3ta, sajnos nem \u00e1ll m\u00f3dunkban visszat\u00e9r\u00edt\u00e9st vagy cser\u00e9t aj\u00e1nlani. Ahhoz, hogy a term\u00e9k visszak\u00fcldhet\u0151 legyen, haszn\u00e1laton k\u00edv\u00fcl kell lennie, \u00e9s ugyanolyan \u00e1llapotban kell lennie, mint ahogyan azt megkapta. Ennek is az eredeti csomagol\u00e1sban kell lennie. T\u00f6bbf\u00e9le \u00e1ru mentes\u00fcl a visszak\u00fcld\u00e9s al\u00f3l. [&hellip;]<\/p>\n","protected":false},"author":1,"featured_media":0,"parent":0,"menu_order":0,"comment_status":"closed","ping_status":"closed","template":"","meta":{"footnotes":""},"acf":[],"_links":{"self":[{"href":"https:\/\/www.cheapy-shop.eu\/hu\/wp-json\/wp\/v2\/pages\/24"}],"collection":[{"href":"https:\/\/www.cheapy-shop.eu\/hu\/wp-json\/wp\/v2\/pages"}],"about":[{"href":"https:\/\/www.cheapy-shop.eu\/hu\/wp-json\/wp\/v2\/types\/page"}],"author":[{"embeddable":true,"href":"https:\/\/www.cheapy-shop.eu\/hu\/wp-json\/wp\/v2\/users\/1"}],"replies":[{"embeddable":true,"href":"https:\/\/www.cheapy-shop.eu\/hu\/wp-json\/wp\/v2\/comments?post=24"}],"version-history":[{"count":3,"href":"https:\/\/www.cheapy-shop.eu\/hu\/wp-json\/wp\/v2\/pages\/24\/revisions"}],"predecessor-version":[{"id":2993,"href":"https:\/\/www.cheapy-shop.eu\/hu\/wp-json\/wp\/v2\/pages\/24\/revisions\/2993"}],"wp:attachment":[{"href":"https:\/\/www.cheapy-shop.eu\/hu\/wp-json\/wp\/v2\/media?parent=24"}],"curies":[{"name":"wp","href":"https:\/\/api.w.org\/{rel}","templated":true}]}}