{"id":6,"date":"2021-09-06T17:59:20","date_gmt":"2021-09-06T17:59:20","guid":{"rendered":"https:\/\/cheapy-shop.eu\/hr\/?page_id=6"},"modified":"2022-07-01T14:21:03","modified_gmt":"2022-07-01T13:21:03","slug":"politika-privatnosti","status":"publish","type":"page","link":"https:\/\/www.cheapy-shop.eu\/hr\/politika-privatnosti\/","title":{"rendered":"Politika privatnosti"},"content":{"rendered":"\t\t<div data-elementor-type=\"wp-page\" data-elementor-id=\"6\" class=\"elementor elementor-6\">\n\t\t\t\t\t\t\t\t\t<section class=\"elementor-section elementor-top-section elementor-element elementor-element-a2ffd3d elementor-section-boxed elementor-section-height-default elementor-section-height-default\" data-id=\"a2ffd3d\" data-element_type=\"section\" data-settings=\"{&quot;background_background&quot;:&quot;classic&quot;}\">\n\t\t\t\t\t\t\t<div class=\"elementor-background-overlay\"><\/div>\n\t\t\t\t\t\t\t<div class=\"elementor-container elementor-column-gap-default\">\n\t\t\t\t\t<div class=\"elementor-column elementor-col-100 elementor-top-column elementor-element elementor-element-0a1f51f\" data-id=\"0a1f51f\" data-element_type=\"column\">\n\t\t\t<div class=\"elementor-widget-wrap elementor-element-populated\">\n\t\t\t\t\t\t\t\t<div class=\"elementor-element elementor-element-7448d3b elementor-widget elementor-widget-heading\" data-id=\"7448d3b\" data-element_type=\"widget\" data-widget_type=\"heading.default\">\n\t\t\t\t<div class=\"elementor-widget-container\">\n\t\t\t<style>\/*! elementor - v3.7.1 - 14-08-2022 *\/\n.elementor-heading-title{padding:0;margin:0;line-height:1}.elementor-widget-heading .elementor-heading-title[class*=elementor-size-]>a{color:inherit;font-size:inherit;line-height:inherit}.elementor-widget-heading .elementor-heading-title.elementor-size-small{font-size:15px}.elementor-widget-heading .elementor-heading-title.elementor-size-medium{font-size:19px}.elementor-widget-heading .elementor-heading-title.elementor-size-large{font-size:29px}.elementor-widget-heading .elementor-heading-title.elementor-size-xl{font-size:39px}.elementor-widget-heading .elementor-heading-title.elementor-size-xxl{font-size:59px}<\/style><h2 class=\"elementor-heading-title elementor-size-default\">Politika privatnosti<\/h2>\t\t<\/div>\n\t\t\t\t<\/div>\n\t\t\t\t\t<\/div>\n\t\t<\/div>\n\t\t\t\t\t\t\t<\/div>\n\t\t<\/section>\n\t\t\t\t<section class=\"elementor-section elementor-top-section elementor-element elementor-element-a25a2ea elementor-section-boxed elementor-section-height-default elementor-section-height-default\" data-id=\"a25a2ea\" data-element_type=\"section\">\n\t\t\t\t\t\t<div class=\"elementor-container elementor-column-gap-default\">\n\t\t\t\t\t<div class=\"elementor-column elementor-col-100 elementor-top-column elementor-element elementor-element-d40b93e\" data-id=\"d40b93e\" data-element_type=\"column\">\n\t\t\t<div class=\"elementor-widget-wrap elementor-element-populated\">\n\t\t\t\t\t\t\t\t<div class=\"elementor-element elementor-element-65c6c82 elementor-widget elementor-widget-text-editor\" data-id=\"65c6c82\" data-element_type=\"widget\" data-widget_type=\"text-editor.default\">\n\t\t\t\t<div class=\"elementor-widget-container\">\n\t\t\t<style>\/*! elementor - v3.7.1 - 14-08-2022 *\/\n.elementor-widget-text-editor.elementor-drop-cap-view-stacked .elementor-drop-cap{background-color:#818a91;color:#fff}.elementor-widget-text-editor.elementor-drop-cap-view-framed .elementor-drop-cap{color:#818a91;border:3px solid;background-color:transparent}.elementor-widget-text-editor:not(.elementor-drop-cap-view-default) .elementor-drop-cap{margin-top:8px}.elementor-widget-text-editor:not(.elementor-drop-cap-view-default) .elementor-drop-cap-letter{width:1em;height:1em}.elementor-widget-text-editor .elementor-drop-cap{float:left;text-align:center;line-height:1;font-size:50px}.elementor-widget-text-editor .elementor-drop-cap-letter{display:inline-block}<\/style>\t\t\t\t<div id=\"Content\"><div id=\"Translation\"><h3>PREGLED<\/h3><p><span style=\"font-weight: 400\">Ova Pravila privatnosti opisuju kako se va\u0161i osobni podaci prikupljaju, koriste i dijele kada posjetite ili izvr\u0161ite kupnju na cheapy-shop.eu (\u201cSite\u201d).<\/span><\/p><h3>OSOBNI PODACI KOJE PRIKUPLJAMO<\/h3><p><span style=\"font-weight: 400\">Kada posjetite Stranicu, automatski prikupljamo odre\u0111ene podatke o va\u0161em ure\u0111aju, uklju\u010duju\u0107i podatke o va\u0161em web pregledniku, IP adresi, vremenskoj zoni i neke od kola\u010di\u0107a koji su instalirani na va\u0161em ure\u0111aju. Osim toga, dok pregledavate Stranicu, prikupljamo informacije o pojedina\u010dnim web stranicama ili proizvodima koje pregledavate, koje web stranice ili pojmovi za pretra\u017eivanje su vas uputili na Stranicu i informacije o tome kako komunicirate s Stranicom. Ove automatski prikupljene informacije nazivamo &#8220;Informacije o ure\u0111aju&#8221;.<\/span><\/p><p><span style=\"font-weight: 400\">Podaci o ure\u0111aju prikupljamo pomo\u0107u sljede\u0107ih tehnologija:<\/span><\/p><p><span style=\"font-weight: 400\">&#8211; &#8220;Kola\u010di\u0107i&#8221; su podatkovne datoteke koje se postavljaju na va\u0161 ure\u0111aj ili ra\u010dunalo i \u010desto uklju\u010duju anonimni jedinstveni identifikator. Za vi\u0161e informacija o kola\u010di\u0107ima i kako onemogu\u0107iti kola\u010di\u0107e posjetite https:\/\/www.allaboutcookies.org.<\/span><\/p><p><span style=\"font-weight: 400\">&#8211; &#8220;Datoteke dnevnika&#8221; prate radnje koje se doga\u0111aju na Stranici i prikupljaju podatke uklju\u010duju\u0107i va\u0161u IP adresu, vrstu preglednika, pru\u017eatelja internetskih usluga, stranice za upu\u0107ivanje\/izlaz i oznake datuma\/vremena.<\/span><\/p><p><span style=\"font-weight: 400\">&#8211; &#8220;Web svjetionici&#8221;, &#8220;oznake&#8221; i &#8220;pikseli&#8221; su elektroni\u010dke datoteke koje se koriste za bilje\u017eenje informacija o tome kako pregledavate Stranicu.<\/span><\/p><p><span style=\"font-weight: 400\">Osim toga, kada izvr\u0161ite kupnju ili poku\u0161ate izvr\u0161iti kupnju putem web-mjesta, od vas prikupljamo odre\u0111ene podatke, uklju\u010duju\u0107i va\u0161e ime, adresu za naplatu, adresu za dostavu, podatke o pla\u0107anju (uklju\u010duju\u0107i brojeve kreditnih kartica), adresu e-po\u0161te i telefonski broj. Ove informacije nazivamo &#8220;Informacije o narud\u017ebi&#8221;.<\/span><\/p><p><span style=\"font-weight: 400\">Kada govorimo o &#8220;osobnim podacima&#8221; u ovim Pravilima privatnosti, govorimo i o podacima o ure\u0111aju i o podacima o narud\u017ebi.<\/span><\/p><h3>KAKO KORISTIMO VA\u0160E OSOBNE PODATKE?<\/h3><p><span style=\"font-weight: 400\">Podatke o narud\u017ebi koje prikupljamo op\u0107enito koristimo za ispunjavanje svih narud\u017ebi postavljenih putem web-mjesta (uklju\u010duju\u0107i obradu va\u0161ih podataka o pla\u0107anju, organiziranje dostave i pru\u017eanje faktura i\/ili potvrda narud\u017ebe). Osim toga, ove informacije o narud\u017ebi koristimo za:<\/span><\/p><p><span style=\"font-weight: 400\">komunikaciju s vama;<\/span><\/p><p><span style=\"font-weight: 400\">Pregledajte na\u0161e narud\u017ebe zbog potencijalnog rizika ili prijevare; i<\/span><\/p><p><span style=\"font-weight: 400\">Kada je u skladu s preferencijama koje ste podijelili s nama, pru\u017eiti vam informacije ili ogla\u0161avanje u vezi s na\u0161im proizvodima ili uslugama.<\/span><\/p><p><span style=\"font-weight: 400\">Koristimo podatke o ure\u0111aju koje prikupljamo kako bismo nam pomogli provjeriti potencijalne rizike i prijevare (posebno va\u0161u IP adresu), te op\u0107enito kako bismo pobolj\u0161ali i optimizirali na\u0161u stranicu (na primjer, generiranjem analiti\u010dkih podataka o tome kako na\u0161i klijenti pregledavaju i komuniciraju s web-mjestu, te procijeniti uspjeh na\u0161ih marketin\u0161kih i reklamnih kampanja).<\/span><\/p><h3>DIJELJENJE VA\u0160IH OSOBNIH PODATAKA<\/h3><p><span style=\"font-weight: 400\">Va\u0161e osobne podatke dijelimo s tre\u0107im stranama kako bi nam pomogli koristiti va\u0161e osobne podatke, kako je gore opisano. Tako\u0111er koristimo Google Analytics kako bi nam pomogli razumjeti kako na\u0161i korisnici koriste Stranicu \u2013 vi\u0161e o tome kako Google koristi va\u0161e osobne podatke mo\u017eete pro\u010ditati ovdje: https:\/\/www.google.com\/intl\/en\/policies\/privacy\/. Tako\u0111er mo\u017eete isklju\u010diti Google Analytics ovdje: https:\/\/tools.google.com\/dlpage\/gaoptout.<\/span><\/p><p><span style=\"font-weight: 400\">Kona\u010dno, tako\u0111er mo\u017eemo podijeliti va\u0161e osobne podatke kako bismo bili u skladu s primjenjivim zakonima i propisima, da bismo odgovorili na sudski poziv, nalog za pretragu ili drugi zakoniti zahtjev za informacijama koje primamo ili da bismo na drugi na\u010din za\u0161titili svoja prava.<\/span><\/p><h3>PONA\u0160ANSKO OGLA\u0160AVANJE<\/h3><p><span style=\"font-weight: 400\">Kao \u0161to je gore opisano, koristimo va\u0161e osobne podatke kako bismo vam pru\u017eili ciljane oglase ili marketin\u0161ke komunikacije za koje vjerujemo da bi vas mogli zanimati. Za vi\u0161e informacija o tome kako ciljano ogla\u0161avanje funkcionira, mo\u017eete posjetiti obrazovnu stranicu Network Advertising Initiative (\u201cNAI\u201d) na https:\/\/www.networkadvertising.org\/understanding-online-advertising\/how-does-it-work.<\/span><\/p><p><span style=\"font-weight: 400\">Mo\u017eete isklju\u010diti ciljano ogla\u0161avanje putem:<\/span><\/p><p><span style=\"font-weight: 400\">FACEBOOK &#8211; https:\/\/www.facebook.com\/settings\/?tab=ads<\/span><\/p><p><span style=\"font-weight: 400\">GOOGLE &#8211; https:\/\/www.google.com\/settings\/ads\/anonymous<\/span><\/p><p><span style=\"font-weight: 400\">BING &#8211; https:\/\/ advertise.bingads.microsoft.com\/en-us\/resources\/policies\/personalized-ads<\/span><\/p><p><span style=\"font-weight: 400\">Osim toga, mo\u017eete se odustati od nekih od ovih usluga tako da posjetite portal za isklju\u010divanje Digital Advertising Alliance na: https:\/\/optout.aboutads. info\/.<\/span><\/p><h3>NEMOJ PRATITI<\/h3><p><span style=\"font-weight: 400\">Imajte na umu da ne mijenjamo praksu prikupljanja podataka i kori\u0161tenja na\u0161ih web-mjesta kada vidimo signal Ne prati iz va\u0161eg preglednika.<\/span><\/p><h3>VA\u0160A PRAVA<\/h3><p><span style=\"font-weight: 400\">Ako ste stanovnik Europe, imate pravo na pristup osobnim podacima koje imamo o vama i tra\u017eiti da se va\u0161i osobni podaci isprave, a\u017euriraju ili izbri\u0161u. Ako \u017eelite iskoristiti ovo pravo, kontaktirajte nas putem kontakt podataka u nastavku.<\/span><\/p><p><span style=\"font-weight: 400\">Osim toga, ako ste stanovnik Europe, napominjemo da obra\u0111ujemo va\u0161e podatke kako bismo ispunili ugovore koje bismo mogli imati s vama (na primjer ako narud\u017ebu izvr\u0161ite putem web-mjesta) ili na neki drugi na\u010din radi ostvarivanja na\u0161ih legitimnih poslovnih interesa navedenih gore.<\/span><\/p><h3>ZADR\u017dAVANJE PODATAKA<\/h3><p><span style=\"font-weight: 400\">Kada naru\u010dite putem web-mjesta, \u010duvat \u0107emo podatke o va\u0161oj narud\u017ebi za na\u0161u evidenciju osim ako i dok ne zatra\u017eite da izbri\u0161emo te podatke.<\/span><\/p><h3>MALOLJETNICI<\/h3><p><span style=\"font-weight: 400\">Stranica nije namijenjena pojedincima mla\u0111im od 18 godina.<\/span><\/p><h3>PROMJENE<\/h3><p><span style=\"font-weight: 400\">Mo\u017eemo a\u017eurirati ovu politiku privatnosti s vremena na vrijeme kako bismo, na primjer, odra\u017eavali promjene u na\u0161oj praksi ili iz drugih operativnih, pravnih ili regulatornih razloga.<\/span><\/p><h3>KONTAKTIRAJTE NAS<\/h3><p><span style=\"font-weight: 400\">Za vi\u0161e informacija o na\u0161im praksama privatnosti, ako imate pitanja ili ako \u017eelite ulo\u017eiti pritu\u017ebu, kontaktirajte nas e-po\u0161tom na admin@cheapy-shop.eu<\/span><\/p><\/div><\/div>\t\t\t\t\t\t<\/div>\n\t\t\t\t<\/div>\n\t\t\t\t\t<\/div>\n\t\t<\/div>\n\t\t\t\t\t\t\t<\/div>\n\t\t<\/section>\n\t\t\t\t<section class=\"elementor-section elementor-top-section elementor-element elementor-element-68eea87 elementor-section-boxed elementor-section-height-default elementor-section-height-default\" data-id=\"68eea87\" data-element_type=\"section\" data-settings=\"{&quot;background_background&quot;:&quot;classic&quot;}\">\n\t\t\t\t\t\t<div class=\"elementor-container elementor-column-gap-default\">\n\t\t\t\t\t<div class=\"elementor-column elementor-col-25 elementor-top-column elementor-element elementor-element-b23192f\" data-id=\"b23192f\" data-element_type=\"column\">\n\t\t\t<div class=\"elementor-widget-wrap elementor-element-populated\">\n\t\t\t\t\t\t\t\t<div class=\"elementor-element elementor-element-0c80b9a elementor-view-framed elementor-position-left elementor-shape-circle elementor-mobile-position-top elementor-vertical-align-top elementor-widget elementor-widget-icon-box\" data-id=\"0c80b9a\" data-element_type=\"widget\" data-widget_type=\"icon-box.default\">\n\t\t\t\t<div class=\"elementor-widget-container\">\n\t\t\t<link rel=\"stylesheet\" href=\"https:\/\/www.cheapy-shop.eu\/hr\/wp-content\/plugins\/elementor\/assets\/css\/widget-icon-box.min.css\">\t\t<div class=\"elementor-icon-box-wrapper\">\n\t\t\t\t\t\t<div class=\"elementor-icon-box-icon\">\n\t\t\t\t<span class=\"elementor-icon elementor-animation-\" >\n\t\t\t\t<i aria-hidden=\"true\" class=\"fas fa-user-check\"><\/i>\t\t\t\t<\/span>\n\t\t\t<\/div>\n\t\t\t\t\t\t<div class=\"elementor-icon-box-content\">\n\t\t\t\t<h3 class=\"elementor-icon-box-title\">\n\t\t\t\t\t<span  >\n\t\t\t\t\t\t100% sigurno\t\t\t\t\t<\/span>\n\t\t\t\t<\/h3>\n\t\t\t\t\t\t\t<\/div>\n\t\t<\/div>\n\t\t\t\t<\/div>\n\t\t\t\t<\/div>\n\t\t\t\t\t<\/div>\n\t\t<\/div>\n\t\t\t\t<div class=\"elementor-column elementor-col-25 elementor-top-column elementor-element elementor-element-b6282c1\" data-id=\"b6282c1\" data-element_type=\"column\">\n\t\t\t<div class=\"elementor-widget-wrap elementor-element-populated\">\n\t\t\t\t\t\t\t\t<div class=\"elementor-element elementor-element-aad14a2 elementor-view-framed elementor-position-left elementor-shape-circle elementor-mobile-position-top elementor-vertical-align-top elementor-widget elementor-widget-icon-box\" data-id=\"aad14a2\" data-element_type=\"widget\" data-widget_type=\"icon-box.default\">\n\t\t\t\t<div class=\"elementor-widget-container\">\n\t\t\t\t\t<div class=\"elementor-icon-box-wrapper\">\n\t\t\t\t\t\t<div class=\"elementor-icon-box-icon\">\n\t\t\t\t<span class=\"elementor-icon elementor-animation-\" >\n\t\t\t\t<i aria-hidden=\"true\" class=\"fas fa-truck\"><\/i>\t\t\t\t<\/span>\n\t\t\t<\/div>\n\t\t\t\t\t\t<div class=\"elementor-icon-box-content\">\n\t\t\t\t<h3 class=\"elementor-icon-box-title\">\n\t\t\t\t\t<span  >\n\t\t\t\t\t\tBrza dostava\t\t\t\t\t<\/span>\n\t\t\t\t<\/h3>\n\t\t\t\t\t\t\t<\/div>\n\t\t<\/div>\n\t\t\t\t<\/div>\n\t\t\t\t<\/div>\n\t\t\t\t\t<\/div>\n\t\t<\/div>\n\t\t\t\t<div class=\"elementor-column elementor-col-25 elementor-top-column elementor-element elementor-element-0b7c422\" data-id=\"0b7c422\" data-element_type=\"column\">\n\t\t\t<div class=\"elementor-widget-wrap elementor-element-populated\">\n\t\t\t\t\t\t\t\t<div class=\"elementor-element elementor-element-c9f08ed elementor-view-framed elementor-position-left elementor-shape-circle elementor-mobile-position-top elementor-vertical-align-top elementor-widget elementor-widget-icon-box\" data-id=\"c9f08ed\" data-element_type=\"widget\" data-widget_type=\"icon-box.default\">\n\t\t\t\t<div class=\"elementor-widget-container\">\n\t\t\t\t\t<div class=\"elementor-icon-box-wrapper\">\n\t\t\t\t\t\t<div class=\"elementor-icon-box-icon\">\n\t\t\t\t<span class=\"elementor-icon elementor-animation-\" >\n\t\t\t\t<i aria-hidden=\"true\" class=\"fas fa-star\"><\/i>\t\t\t\t<\/span>\n\t\t\t<\/div>\n\t\t\t\t\t\t<div class=\"elementor-icon-box-content\">\n\t\t\t\t<h3 class=\"elementor-icon-box-title\">\n\t\t\t\t\t<span  >\n\t\t\t\t\t\tNajbolja kvaliteta\t\t\t\t\t<\/span>\n\t\t\t\t<\/h3>\n\t\t\t\t\t\t\t<\/div>\n\t\t<\/div>\n\t\t\t\t<\/div>\n\t\t\t\t<\/div>\n\t\t\t\t\t<\/div>\n\t\t<\/div>\n\t\t\t\t<div class=\"elementor-column elementor-col-25 elementor-top-column elementor-element elementor-element-b8d462f\" data-id=\"b8d462f\" data-element_type=\"column\">\n\t\t\t<div class=\"elementor-widget-wrap elementor-element-populated\">\n\t\t\t\t\t\t\t\t<div class=\"elementor-element elementor-element-a2e427a elementor-view-framed elementor-position-left elementor-shape-circle elementor-mobile-position-top elementor-vertical-align-top elementor-widget elementor-widget-icon-box\" data-id=\"a2e427a\" data-element_type=\"widget\" data-widget_type=\"icon-box.default\">\n\t\t\t\t<div class=\"elementor-widget-container\">\n\t\t\t\t\t<div class=\"elementor-icon-box-wrapper\">\n\t\t\t\t\t\t<div class=\"elementor-icon-box-icon\">\n\t\t\t\t<span class=\"elementor-icon elementor-animation-\" >\n\t\t\t\t<i aria-hidden=\"true\" class=\"fas fa-thumbs-up\"><\/i>\t\t\t\t<\/span>\n\t\t\t<\/div>\n\t\t\t\t\t\t<div class=\"elementor-icon-box-content\">\n\t\t\t\t<h3 class=\"elementor-icon-box-title\">\n\t\t\t\t\t<span  >\n\t\t\t\t\t\t100% zadovoljstvo\t\t\t\t\t<\/span>\n\t\t\t\t<\/h3>\n\t\t\t\t\t\t\t<\/div>\n\t\t<\/div>\n\t\t\t\t<\/div>\n\t\t\t\t<\/div>\n\t\t\t\t\t<\/div>\n\t\t<\/div>\n\t\t\t\t\t\t\t<\/div>\n\t\t<\/section>\n\t\t\t\t\t\t\t<\/div>\n\t\t","protected":false},"excerpt":{"rendered":"<p>Politika privatnosti PREGLED Ova Pravila privatnosti opisuju kako se va\u0161i osobni podaci prikupljaju, koriste i dijele kada posjetite ili izvr\u0161ite kupnju na cheapy-shop.eu (\u201cSite\u201d). OSOBNI PODACI KOJE PRIKUPLJAMO Kada posjetite Stranicu, automatski prikupljamo odre\u0111ene podatke o va\u0161em ure\u0111aju, uklju\u010duju\u0107i podatke o va\u0161em web pregledniku, IP adresi, vremenskoj zoni i neke od kola\u010di\u0107a koji su instalirani [&hellip;]<\/p>\n","protected":false},"author":1,"featured_media":0,"parent":0,"menu_order":0,"comment_status":"closed","ping_status":"closed","template":"elementor_header_footer","meta":{"footnotes":""},"acf":[],"_links":{"self":[{"href":"https:\/\/www.cheapy-shop.eu\/hr\/wp-json\/wp\/v2\/pages\/6"}],"collection":[{"href":"https:\/\/www.cheapy-shop.eu\/hr\/wp-json\/wp\/v2\/pages"}],"about":[{"href":"https:\/\/www.cheapy-shop.eu\/hr\/wp-json\/wp\/v2\/types\/page"}],"author":[{"embeddable":true,"href":"https:\/\/www.cheapy-shop.eu\/hr\/wp-json\/wp\/v2\/users\/1"}],"replies":[{"embeddable":true,"href":"https:\/\/www.cheapy-shop.eu\/hr\/wp-json\/wp\/v2\/comments?post=6"}],"version-history":[{"count":3,"href":"https:\/\/www.cheapy-shop.eu\/hr\/wp-json\/wp\/v2\/pages\/6\/revisions"}],"predecessor-version":[{"id":2849,"href":"https:\/\/www.cheapy-shop.eu\/hr\/wp-json\/wp\/v2\/pages\/6\/revisions\/2849"}],"wp:attachment":[{"href":"https:\/\/www.cheapy-shop.eu\/hr\/wp-json\/wp\/v2\/media?parent=6"}],"curies":[{"name":"wp","href":"https:\/\/api.w.org\/{rel}","templated":true}]}}