{"id":24,"date":"2021-09-06T18:03:25","date_gmt":"2021-09-06T18:03:25","guid":{"rendered":"https:\/\/cheapy-shop.eu\/hr\/?page_id=24"},"modified":"2022-07-01T14:20:58","modified_gmt":"2022-07-01T13:20:58","slug":"politika-povrata","status":"publish","type":"page","link":"https:\/\/www.cheapy-shop.eu\/hr\/politika-povrata\/","title":{"rendered":"Politika povrata"},"content":{"rendered":"\t\t<div data-elementor-type=\"wp-page\" data-elementor-id=\"24\" class=\"elementor elementor-24\">\n\t\t\t\t\t\t\t\t\t<section class=\"elementor-section elementor-top-section elementor-element elementor-element-faa88a7 elementor-section-boxed elementor-section-height-default elementor-section-height-default\" data-id=\"faa88a7\" data-element_type=\"section\" data-settings=\"{&quot;background_background&quot;:&quot;classic&quot;}\">\n\t\t\t\t\t\t\t<div class=\"elementor-background-overlay\"><\/div>\n\t\t\t\t\t\t\t<div class=\"elementor-container elementor-column-gap-default\">\n\t\t\t\t\t<div class=\"elementor-column elementor-col-100 elementor-top-column elementor-element elementor-element-cd7eec8\" data-id=\"cd7eec8\" data-element_type=\"column\">\n\t\t\t<div class=\"elementor-widget-wrap elementor-element-populated\">\n\t\t\t\t\t\t\t\t<div class=\"elementor-element elementor-element-feaaaf9 elementor-widget elementor-widget-heading\" data-id=\"feaaaf9\" data-element_type=\"widget\" data-widget_type=\"heading.default\">\n\t\t\t\t<div class=\"elementor-widget-container\">\n\t\t\t<style>\/*! elementor - v3.7.1 - 14-08-2022 *\/\n.elementor-heading-title{padding:0;margin:0;line-height:1}.elementor-widget-heading .elementor-heading-title[class*=elementor-size-]>a{color:inherit;font-size:inherit;line-height:inherit}.elementor-widget-heading .elementor-heading-title.elementor-size-small{font-size:15px}.elementor-widget-heading .elementor-heading-title.elementor-size-medium{font-size:19px}.elementor-widget-heading .elementor-heading-title.elementor-size-large{font-size:29px}.elementor-widget-heading .elementor-heading-title.elementor-size-xl{font-size:39px}.elementor-widget-heading .elementor-heading-title.elementor-size-xxl{font-size:59px}<\/style><h2 class=\"elementor-heading-title elementor-size-default\">Politika povrata<\/h2>\t\t<\/div>\n\t\t\t\t<\/div>\n\t\t\t\t\t<\/div>\n\t\t<\/div>\n\t\t\t\t\t\t\t<\/div>\n\t\t<\/section>\n\t\t\t\t<section class=\"elementor-section elementor-top-section elementor-element elementor-element-5acd156 elementor-section-boxed elementor-section-height-default elementor-section-height-default\" data-id=\"5acd156\" data-element_type=\"section\">\n\t\t\t\t\t\t<div class=\"elementor-container elementor-column-gap-default\">\n\t\t\t\t\t<div class=\"elementor-column elementor-col-100 elementor-top-column elementor-element elementor-element-4a44ba0\" data-id=\"4a44ba0\" data-element_type=\"column\">\n\t\t\t<div class=\"elementor-widget-wrap elementor-element-populated\">\n\t\t\t\t\t\t\t\t<div class=\"elementor-element elementor-element-04a4f82 elementor-widget elementor-widget-text-editor\" data-id=\"04a4f82\" data-element_type=\"widget\" data-widget_type=\"text-editor.default\">\n\t\t\t\t<div class=\"elementor-widget-container\">\n\t\t\t<style>\/*! elementor - v3.7.1 - 14-08-2022 *\/\n.elementor-widget-text-editor.elementor-drop-cap-view-stacked .elementor-drop-cap{background-color:#818a91;color:#fff}.elementor-widget-text-editor.elementor-drop-cap-view-framed .elementor-drop-cap{color:#818a91;border:3px solid;background-color:transparent}.elementor-widget-text-editor:not(.elementor-drop-cap-view-default) .elementor-drop-cap{margin-top:8px}.elementor-widget-text-editor:not(.elementor-drop-cap-view-default) .elementor-drop-cap-letter{width:1em;height:1em}.elementor-widget-text-editor .elementor-drop-cap{float:left;text-align:center;line-height:1;font-size:50px}.elementor-widget-text-editor .elementor-drop-cap-letter{display:inline-block}<\/style>\t\t\t\t<div id=\"Content\"><div id=\"Translation\"><h3><span style=\"font-weight: 400\">PREGLED<\/span><\/h3><p><span style=\"font-weight: 400\">Na\u0161a politika traje 14 dana. Ako je pro\u0161lo 14 dana od va\u0161e kupnje, na\u017ealost ne mo\u017eemo vam ponuditi povrat novca ili zamjenu.<\/span><\/p><p><span style=\"font-weight: 400\">Da biste bili podobni za povrat, va\u0161 predmet mora biti neiskori\u0161ten i u istom stanju u kojem ste ga primili. Tako\u0111er mora biti u originalnom pakiranju.<\/span><\/p><p><span style=\"font-weight: 400\">Nekoliko vrsta robe je izuzeto od povrata. Pokvarljiva roba poput hrane, cvije\u0107a, novina ili \u010dasopisa ne mo\u017ee se vratiti. Tako\u0111er ne prihva\u0107amo proizvode koji su intimna ili sanitarna roba, opasni materijali ili zapaljive teku\u0107ine ili plinovi.<\/span><\/p><p><span style=\"font-weight: 400\">Dodatni nepovratni artikli:<\/span><\/p><p><span style=\"font-weight: 400\">* Poklon kartice<\/span><\/p><p><span style=\"font-weight: 400\">* Softverski proizvodi koji<\/span><\/p><p><span style=\"font-weight: 400\">* Neki artikli za zdravlje i osobnu njegu<\/span><\/p><p><span style=\"font-weight: 400\">Za dovr\u0161etak povrata potrebna nam je ra\u010dun ili dokaz o kupnji.<\/span><\/p><p><span style=\"font-weight: 400\">Molimo vas da svoju kupnju ne vra\u0107ate proizvo\u0111a\u010du.<\/span><\/p><p><span style=\"font-weight: 400\">Postoje odre\u0111ene situacije u kojima se odobravaju samo djelomi\u010dni povrati: (ako je primjenjivo)<\/span><\/p><p><span style=\"font-weight: 400\">* Knjiga s o\u010ditim znakovima kori\u0161tenja<\/span><\/p><p><span style=\"font-weight: 400\">* CD, DVD, VHS vrpca, softver, video igrica, kazeta ili vinilna plo\u010da koja je otvorena.<\/span><\/p><p><span style=\"font-weight: 400\">* Svaki predmet koji nije u izvornom stanju, o\u0161te\u0107en je ili nedostaje dijelovi iz razloga koji nisu posljedica na\u0161e pogre\u0161ke.<\/span><\/p><p><span style=\"font-weight: 400\">* Svaki predmet koji je vra\u0107en vi\u0161e od 14 dana nakon isporuke<\/span><\/p><h3><span style=\"font-weight: 400\">POVRATAK NAKNADA<\/span><\/h3><p><span style=\"font-weight: 400\">Nakon \u0161to je va\u0161 povrat primljen i pregledan, poslat \u0107emo vam e-poruku da vas obavijestimo da smo primili va\u0161 vra\u0107eni predmet. Tako\u0111er \u0107emo vas obavijestiti o odobrenju ili odbijanju va\u0161eg povrata novca.<\/span><\/p><p><span style=\"font-weight: 400\">Ako ste odobreni, tada \u0107e se va\u0161 povrat novca obraditi, a kredit \u0107e se automatski primijeniti na va\u0161u kreditnu karticu ili izvorni na\u010din pla\u0107anja, unutar odre\u0111enog broja dana.<\/span><\/p><h3><span style=\"font-weight: 400\">KASNI ILI NEDOSTAJU POVRATI<\/span><\/h3><p><span style=\"font-weight: 400\">Ako jo\u0161 niste primili povrat novca, prvo ponovno provjerite svoj bankovni ra\u010dun.<\/span><\/p><p><span style=\"font-weight: 400\">Zatim se obratite izdavatelju kreditne kartice, mo\u017ee pro\u0107i neko vrijeme prije nego \u0161to povrat novca bude slu\u017ebeno objavljen.<\/span><\/p><p><span style=\"font-weight: 400\">Zatim kontaktirajte svoju banku. \u010cesto postoji odre\u0111eno vrijeme obrade prije nego \u0161to se objavi povrat.<\/span><\/p><p><span style=\"font-weight: 400\">Ako ste sve ovo u\u010dinili, a jo\u0161 uvijek niste primili povrat novca, kontaktirajte nas na admin@cheapy-shop.eu.<\/span><\/p><h3><span style=\"font-weight: 400\">AKCIJSKI PREDMETI<\/span><\/h3><p><span style=\"font-weight: 400\">Samo artikli po redovnim cijenama mogu se vratiti, na\u017ealost za artikle na rasprodaji nije mogu\u0107e povrat novca.<\/span><\/p><h3><span style=\"font-weight: 400\">RAZMJENE\u00a0<\/span><\/h3><p><span style=\"font-weight: 400\">Zamjenjujemo <\/span><span style=\"font-weight: 400\">samo artikle ako su neispravni ili o\u0161te\u0107eni. Ako ga trebate zamijeniti za isti artikl, po\u0161aljite nam e-mail na admin@cheapy-shop.eu.<\/span><\/p><h3><span style=\"font-weight: 400\">DAROVI<\/span><\/h3><p><span style=\"font-weight: 400\">Ako je predmet bio ozna\u010den kao dar prilikom kupnje i isporu\u010den izravno vama, dobit \u0107ete poklon bonus u vrijednosti povrata. Nakon primitka vra\u0107enog artikla, poklon bon \u0107e vam biti poslan po\u0161tom.<\/span><\/p><p><span style=\"font-weight: 400\">Ako artikal nije bio ozna\u010den kao dar prilikom kupnje ili je darivatelj poslao narud\u017ebu sebi da bi je kasnije poklonio, darivatelju \u0107emo poslati povrat novca i on \u0107e saznati za va\u0161 povrat.<\/span><\/p><h3><span style=\"font-weight: 400\">DOSTAVA<\/span><\/h3><p><span style=\"font-weight: 400\">Za povrat proizvoda po\u0161aljite nam e-mail na admin@cheapy-shop.eu za po\u0161tansku adresu.<\/span><\/p><p><span style=\"font-weight: 400\">Vi \u0107ete biti odgovorni za pla\u0107anje vlastitih tro\u0161kova dostave za povrat va\u0161eg artikla. Tro\u0161kovi dostave su nepovratni. Ako dobijete povrat, tro\u0161ak povratne dostave \u0107e se odbiti od va\u0161eg povrata.<\/span><\/p><p><span style=\"font-weight: 400\">Ovisno o tome gdje \u017eivite, vrijeme potrebno da va\u0161 razmijenjeni proizvod stigne do vas mo\u017ee varirati.<\/span><\/p><p><span style=\"font-weight: 400\">Trebali biste razmisliti o kori\u0161tenju usluge dostave koju je mogu\u0107e pratiti ili o kupnji osiguranja dostave. Ne jam\u010dimo da \u0107emo primiti va\u0161 vra\u0107eni predmet.<\/span><\/p><\/div><\/div>\t\t\t\t\t\t<\/div>\n\t\t\t\t<\/div>\n\t\t\t\t\t<\/div>\n\t\t<\/div>\n\t\t\t\t\t\t\t<\/div>\n\t\t<\/section>\n\t\t\t\t<section class=\"elementor-section elementor-top-section elementor-element elementor-element-a98edd6 elementor-section-boxed elementor-section-height-default elementor-section-height-default\" data-id=\"a98edd6\" data-element_type=\"section\" data-settings=\"{&quot;background_background&quot;:&quot;classic&quot;}\">\n\t\t\t\t\t\t<div class=\"elementor-container elementor-column-gap-default\">\n\t\t\t\t\t<div class=\"elementor-column elementor-col-25 elementor-top-column elementor-element elementor-element-f8d0a46\" data-id=\"f8d0a46\" data-element_type=\"column\">\n\t\t\t<div class=\"elementor-widget-wrap elementor-element-populated\">\n\t\t\t\t\t\t\t\t<div class=\"elementor-element elementor-element-ece2157 elementor-view-framed elementor-position-left elementor-shape-circle elementor-mobile-position-top elementor-vertical-align-top elementor-widget elementor-widget-icon-box\" data-id=\"ece2157\" data-element_type=\"widget\" data-widget_type=\"icon-box.default\">\n\t\t\t\t<div class=\"elementor-widget-container\">\n\t\t\t<link rel=\"stylesheet\" href=\"https:\/\/www.cheapy-shop.eu\/hr\/wp-content\/plugins\/elementor\/assets\/css\/widget-icon-box.min.css\">\t\t<div class=\"elementor-icon-box-wrapper\">\n\t\t\t\t\t\t<div class=\"elementor-icon-box-icon\">\n\t\t\t\t<span class=\"elementor-icon elementor-animation-\" >\n\t\t\t\t<i aria-hidden=\"true\" class=\"fas fa-user-check\"><\/i>\t\t\t\t<\/span>\n\t\t\t<\/div>\n\t\t\t\t\t\t<div class=\"elementor-icon-box-content\">\n\t\t\t\t<h3 class=\"elementor-icon-box-title\">\n\t\t\t\t\t<span  >\n\t\t\t\t\t\t100% sigurno\t\t\t\t\t<\/span>\n\t\t\t\t<\/h3>\n\t\t\t\t\t\t\t<\/div>\n\t\t<\/div>\n\t\t\t\t<\/div>\n\t\t\t\t<\/div>\n\t\t\t\t\t<\/div>\n\t\t<\/div>\n\t\t\t\t<div class=\"elementor-column elementor-col-25 elementor-top-column elementor-element elementor-element-fd65a1d\" data-id=\"fd65a1d\" data-element_type=\"column\">\n\t\t\t<div class=\"elementor-widget-wrap elementor-element-populated\">\n\t\t\t\t\t\t\t\t<div class=\"elementor-element elementor-element-8e87833 elementor-view-framed elementor-position-left elementor-shape-circle elementor-mobile-position-top elementor-vertical-align-top elementor-widget elementor-widget-icon-box\" data-id=\"8e87833\" data-element_type=\"widget\" data-widget_type=\"icon-box.default\">\n\t\t\t\t<div class=\"elementor-widget-container\">\n\t\t\t\t\t<div class=\"elementor-icon-box-wrapper\">\n\t\t\t\t\t\t<div class=\"elementor-icon-box-icon\">\n\t\t\t\t<span class=\"elementor-icon elementor-animation-\" >\n\t\t\t\t<i aria-hidden=\"true\" class=\"fas fa-truck\"><\/i>\t\t\t\t<\/span>\n\t\t\t<\/div>\n\t\t\t\t\t\t<div class=\"elementor-icon-box-content\">\n\t\t\t\t<h3 class=\"elementor-icon-box-title\">\n\t\t\t\t\t<span  >\n\t\t\t\t\t\tBrza dostava\t\t\t\t\t<\/span>\n\t\t\t\t<\/h3>\n\t\t\t\t\t\t\t<\/div>\n\t\t<\/div>\n\t\t\t\t<\/div>\n\t\t\t\t<\/div>\n\t\t\t\t\t<\/div>\n\t\t<\/div>\n\t\t\t\t<div class=\"elementor-column elementor-col-25 elementor-top-column elementor-element elementor-element-de4a415\" data-id=\"de4a415\" data-element_type=\"column\">\n\t\t\t<div class=\"elementor-widget-wrap elementor-element-populated\">\n\t\t\t\t\t\t\t\t<div class=\"elementor-element elementor-element-5e8aca1 elementor-view-framed elementor-position-left elementor-shape-circle elementor-mobile-position-top elementor-vertical-align-top elementor-widget elementor-widget-icon-box\" data-id=\"5e8aca1\" data-element_type=\"widget\" data-widget_type=\"icon-box.default\">\n\t\t\t\t<div class=\"elementor-widget-container\">\n\t\t\t\t\t<div class=\"elementor-icon-box-wrapper\">\n\t\t\t\t\t\t<div class=\"elementor-icon-box-icon\">\n\t\t\t\t<span class=\"elementor-icon elementor-animation-\" >\n\t\t\t\t<i aria-hidden=\"true\" class=\"fas fa-star\"><\/i>\t\t\t\t<\/span>\n\t\t\t<\/div>\n\t\t\t\t\t\t<div class=\"elementor-icon-box-content\">\n\t\t\t\t<h3 class=\"elementor-icon-box-title\">\n\t\t\t\t\t<span  >\n\t\t\t\t\t\tNajbolja kvaliteta\t\t\t\t\t<\/span>\n\t\t\t\t<\/h3>\n\t\t\t\t\t\t\t<\/div>\n\t\t<\/div>\n\t\t\t\t<\/div>\n\t\t\t\t<\/div>\n\t\t\t\t\t<\/div>\n\t\t<\/div>\n\t\t\t\t<div class=\"elementor-column elementor-col-25 elementor-top-column elementor-element elementor-element-9ccae43\" data-id=\"9ccae43\" data-element_type=\"column\">\n\t\t\t<div class=\"elementor-widget-wrap elementor-element-populated\">\n\t\t\t\t\t\t\t\t<div class=\"elementor-element elementor-element-f1ba146 elementor-view-framed elementor-position-left elementor-shape-circle elementor-mobile-position-top elementor-vertical-align-top elementor-widget elementor-widget-icon-box\" data-id=\"f1ba146\" data-element_type=\"widget\" data-widget_type=\"icon-box.default\">\n\t\t\t\t<div class=\"elementor-widget-container\">\n\t\t\t\t\t<div class=\"elementor-icon-box-wrapper\">\n\t\t\t\t\t\t<div class=\"elementor-icon-box-icon\">\n\t\t\t\t<span class=\"elementor-icon elementor-animation-\" >\n\t\t\t\t<i aria-hidden=\"true\" class=\"fas fa-thumbs-up\"><\/i>\t\t\t\t<\/span>\n\t\t\t<\/div>\n\t\t\t\t\t\t<div class=\"elementor-icon-box-content\">\n\t\t\t\t<h3 class=\"elementor-icon-box-title\">\n\t\t\t\t\t<span  >\n\t\t\t\t\t\t100% zadovoljstvo\t\t\t\t\t<\/span>\n\t\t\t\t<\/h3>\n\t\t\t\t\t\t\t<\/div>\n\t\t<\/div>\n\t\t\t\t<\/div>\n\t\t\t\t<\/div>\n\t\t\t\t\t<\/div>\n\t\t<\/div>\n\t\t\t\t\t\t\t<\/div>\n\t\t<\/section>\n\t\t\t\t\t\t\t<\/div>\n\t\t","protected":false},"excerpt":{"rendered":"<p>Politika povrata PREGLED Na\u0161a politika traje 14 dana. Ako je pro\u0161lo 14 dana od va\u0161e kupnje, na\u017ealost ne mo\u017eemo vam ponuditi povrat novca ili zamjenu. Da biste bili podobni za povrat, va\u0161 predmet mora biti neiskori\u0161ten i u istom stanju u kojem ste ga primili. Tako\u0111er mora biti u originalnom pakiranju. Nekoliko vrsta robe je [&hellip;]<\/p>\n","protected":false},"author":1,"featured_media":0,"parent":0,"menu_order":0,"comment_status":"closed","ping_status":"closed","template":"","meta":{"footnotes":""},"acf":[],"_links":{"self":[{"href":"https:\/\/www.cheapy-shop.eu\/hr\/wp-json\/wp\/v2\/pages\/24"}],"collection":[{"href":"https:\/\/www.cheapy-shop.eu\/hr\/wp-json\/wp\/v2\/pages"}],"about":[{"href":"https:\/\/www.cheapy-shop.eu\/hr\/wp-json\/wp\/v2\/types\/page"}],"author":[{"embeddable":true,"href":"https:\/\/www.cheapy-shop.eu\/hr\/wp-json\/wp\/v2\/users\/1"}],"replies":[{"embeddable":true,"href":"https:\/\/www.cheapy-shop.eu\/hr\/wp-json\/wp\/v2\/comments?post=24"}],"version-history":[{"count":3,"href":"https:\/\/www.cheapy-shop.eu\/hr\/wp-json\/wp\/v2\/pages\/24\/revisions"}],"predecessor-version":[{"id":2846,"href":"https:\/\/www.cheapy-shop.eu\/hr\/wp-json\/wp\/v2\/pages\/24\/revisions\/2846"}],"wp:attachment":[{"href":"https:\/\/www.cheapy-shop.eu\/hr\/wp-json\/wp\/v2\/media?parent=24"}],"curies":[{"name":"wp","href":"https:\/\/api.w.org\/{rel}","templated":true}]}}