{"id":24,"date":"2021-09-06T18:03:25","date_gmt":"2021-09-06T16:03:25","guid":{"rendered":"https:\/\/cheapy-shop.eu\/en\/?page_id=24"},"modified":"2022-07-01T15:40:49","modified_gmt":"2022-07-01T13:40:49","slug":"politica-de-devoluciones","status":"publish","type":"page","link":"https:\/\/www.cheapy-shop.eu\/es\/politica-de-devoluciones\/","title":{"rendered":"Pol\u00edtica De Devoluciones"},"content":{"rendered":"\t\t<div data-elementor-type=\"wp-page\" data-elementor-id=\"24\" class=\"elementor elementor-24\">\n\t\t\t\t\t\t\t\t\t<section class=\"elementor-section elementor-top-section elementor-element elementor-element-faa88a7 elementor-section-boxed elementor-section-height-default elementor-section-height-default\" data-id=\"faa88a7\" data-element_type=\"section\" data-settings=\"{&quot;background_background&quot;:&quot;classic&quot;}\">\n\t\t\t\t\t\t\t<div class=\"elementor-background-overlay\"><\/div>\n\t\t\t\t\t\t\t<div class=\"elementor-container elementor-column-gap-default\">\n\t\t\t\t\t<div class=\"elementor-column elementor-col-100 elementor-top-column elementor-element elementor-element-cd7eec8\" data-id=\"cd7eec8\" data-element_type=\"column\">\n\t\t\t<div class=\"elementor-widget-wrap elementor-element-populated\">\n\t\t\t\t\t\t\t\t<div class=\"elementor-element elementor-element-feaaaf9 elementor-widget elementor-widget-heading\" data-id=\"feaaaf9\" data-element_type=\"widget\" data-widget_type=\"heading.default\">\n\t\t\t\t<div class=\"elementor-widget-container\">\n\t\t\t<style>\/*! elementor - v3.7.1 - 14-08-2022 *\/\n.elementor-heading-title{padding:0;margin:0;line-height:1}.elementor-widget-heading .elementor-heading-title[class*=elementor-size-]>a{color:inherit;font-size:inherit;line-height:inherit}.elementor-widget-heading .elementor-heading-title.elementor-size-small{font-size:15px}.elementor-widget-heading .elementor-heading-title.elementor-size-medium{font-size:19px}.elementor-widget-heading .elementor-heading-title.elementor-size-large{font-size:29px}.elementor-widget-heading .elementor-heading-title.elementor-size-xl{font-size:39px}.elementor-widget-heading .elementor-heading-title.elementor-size-xxl{font-size:59px}<\/style><h2 class=\"elementor-heading-title elementor-size-default\">Pol\u00edtica de devoluciones<\/h2>\t\t<\/div>\n\t\t\t\t<\/div>\n\t\t\t\t\t<\/div>\n\t\t<\/div>\n\t\t\t\t\t\t\t<\/div>\n\t\t<\/section>\n\t\t\t\t<section class=\"elementor-section elementor-top-section elementor-element elementor-element-5acd156 elementor-section-boxed elementor-section-height-default elementor-section-height-default\" data-id=\"5acd156\" data-element_type=\"section\">\n\t\t\t\t\t\t<div class=\"elementor-container elementor-column-gap-default\">\n\t\t\t\t\t<div class=\"elementor-column elementor-col-100 elementor-top-column elementor-element elementor-element-4a44ba0\" data-id=\"4a44ba0\" data-element_type=\"column\">\n\t\t\t<div class=\"elementor-widget-wrap elementor-element-populated\">\n\t\t\t\t\t\t\t\t<div class=\"elementor-element elementor-element-04a4f82 elementor-widget elementor-widget-text-editor\" data-id=\"04a4f82\" data-element_type=\"widget\" data-widget_type=\"text-editor.default\">\n\t\t\t\t<div class=\"elementor-widget-container\">\n\t\t\t<style>\/*! elementor - v3.7.1 - 14-08-2022 *\/\n.elementor-widget-text-editor.elementor-drop-cap-view-stacked .elementor-drop-cap{background-color:#818a91;color:#fff}.elementor-widget-text-editor.elementor-drop-cap-view-framed .elementor-drop-cap{color:#818a91;border:3px solid;background-color:transparent}.elementor-widget-text-editor:not(.elementor-drop-cap-view-default) .elementor-drop-cap{margin-top:8px}.elementor-widget-text-editor:not(.elementor-drop-cap-view-default) .elementor-drop-cap-letter{width:1em;height:1em}.elementor-widget-text-editor .elementor-drop-cap{float:left;text-align:center;line-height:1;font-size:50px}.elementor-widget-text-editor .elementor-drop-cap-letter{display:inline-block}<\/style>\t\t\t\t<div id=\"Content\"><div id=\"Translation\"><h3><span style=\"font-weight: 400;\">VISI\u00d3N GENERAL<\/span><\/h3><p><span style=\"font-weight: 400;\">Nuestra p\u00f3liza tiene una duraci\u00f3n de 14 d\u00edas. Si han pasado 14 d\u00edas desde su compra, lamentablemente no podemos ofrecerle un reembolso o cambio.<\/span><\/p><p><span style=\"font-weight: 400;\">Para ser elegible para una devoluci\u00f3n, su art\u00edculo debe estar sin usar y en las mismas condiciones en que lo recibi\u00f3. Tambi\u00e9n debe estar en el embalaje original.<\/span><\/p><p><span style=\"font-weight: 400;\">Varios tipos de bienes est\u00e1n exentos de ser devueltos. Los productos perecederos como alimentos, flores, peri\u00f3dicos o revistas no se pueden devolver. Tampoco aceptamos productos que sean art\u00edculos \u00edntimos o sanitarios, materiales peligrosos o l\u00edquidos o gases inflamables.<\/span><\/p><p><span style=\"font-weight: 400;\">Art\u00edculos adicionales no retornables:<\/span><\/p><p><span style=\"font-weight: 400;\">* Tarjetas de regalo<\/span><\/p><p><span style=\"font-weight: 400;\">* Productos de software descargables<\/span><\/p><p><span style=\"font-weight: 400;\">* Algunos art\u00edculos de salud y cuidado personal<\/span><\/p><p><span style=\"font-weight: 400;\">Para completar su devoluci\u00f3n, requerimos un recibo o comprobante de compra.<\/span><\/p><p><span style=\"font-weight: 400;\">Por favor, no devuelva su compra al fabricante.<\/span><\/p><p><span style=\"font-weight: 400;\">Hay ciertas situaciones en las que solo se otorgan reembolsos parciales: (si corresponde)<\/span><\/p><p><span style=\"font-weight: 400;\">* Libro con signos evidentes de uso<\/span><\/p><p><span style=\"font-weight: 400;\">* CD, DVD, cinta VHS, software, videojuego, cinta de casete o disco de vinilo que se haya abierto.<\/span><\/p><p><span style=\"font-weight: 400;\">* Cualquier art\u00edculo que no est\u00e9 en su estado original, est\u00e9 da\u00f1ado o le falten piezas por causas ajenas a nuestro error.<\/span><\/p><p><span style=\"font-weight: 400;\">* Cualquier art\u00edculo que se devuelva m\u00e1s de 14 d\u00edas despu\u00e9s de la entrega<\/span><\/p><h3><span style=\"font-weight: 400;\">REEMBOLSOS<\/span><\/h3><p><span style=\"font-weight: 400;\">Una vez que se reciba e inspeccione su devoluci\u00f3n, le enviaremos un correo electr\u00f3nico para notificarle que hemos recibido su art\u00edculo devuelto. Tambi\u00e9n le notificaremos la aprobaci\u00f3n o rechazo de su reembolso.<\/span><\/p><p><span style=\"font-weight: 400;\">Si se aprueba, se procesar\u00e1 su reembolso y se aplicar\u00e1 autom\u00e1ticamente un cr\u00e9dito a su tarjeta de cr\u00e9dito o m\u00e9todo de pago original, dentro de una cierta cantidad de d\u00edas.<\/span><\/p><h3><span style=\"font-weight: 400;\">REEMBOLSOS TARD\u00cdOS O FALTANTES<\/span><\/h3><p><span style=\"font-weight: 400;\">Si a\u00fan no ha recibido un reembolso, primero verifique su cuenta bancaria nuevamente.<\/span><\/p><p><span style=\"font-weight: 400;\">Luego, comun\u00edquese con la compa\u00f1\u00eda de su tarjeta de cr\u00e9dito, puede tomar alg\u00fan tiempo antes de que se publique oficialmente su reembolso.<\/span><\/p><p><span style=\"font-weight: 400;\">A continuaci\u00f3n, p\u00f3ngase en contacto con su banco. A menudo hay alg\u00fan tiempo de procesamiento antes de que se publique un reembolso.<\/span><\/p><p><span style=\"font-weight: 400;\">Si ha hecho todo esto y a\u00fan no ha recibido su reembolso, cont\u00e1ctenos en admin@cheapy-shop.eu.<\/span><\/p><h3><span style=\"font-weight: 400;\">ART\u00cdCULOS A LA VENTA<\/span><\/h3><p><span style=\"font-weight: 400;\">Solo se pueden reembolsar los art\u00edculos de precio regular, lamentablemente los art\u00edculos en oferta no se pueden reembolsar.<\/span><\/p><h3><span style=\"font-weight: 400;\">INTERCAMBIOS<\/span><\/h3><p><span style=\"font-weight: 400;\">Solo reemplazamos art\u00edculos si est\u00e1n defectuosos o da\u00f1ados. Si necesita cambiarlo por el mismo art\u00edculo, env\u00edenos un correo electr\u00f3nico a admin@cheapy-shop.eu.<\/span><\/p><h3><span style=\"font-weight: 400;\">REGALOS<\/span><\/h3><p><span style=\"font-weight: 400;\">Si el art\u00edculo se marc\u00f3 como regalo cuando se compr\u00f3 y se le envi\u00f3 directamente, recibir\u00e1 un cr\u00e9dito de regalo por el valor de su devoluci\u00f3n. Una vez que se reciba el art\u00edculo devuelto, se le enviar\u00e1 por correo un certificado de regalo.<\/span><\/p><p><span style=\"font-weight: 400;\">Si el art\u00edculo no se marc\u00f3 como un regalo cuando se compr\u00f3, o si el obsequio envi\u00f3 el pedido para entreg\u00e1rselo a usted m\u00e1s tarde, le enviaremos un reembolso al obsequio y \u00e9l se enterar\u00e1 de su devoluci\u00f3n.<\/span><\/p><h3><span style=\"font-weight: 400;\">ENV\u00cdO<\/span><\/h3><p><span style=\"font-weight: 400;\">Para devolver su producto, env\u00edenos un correo electr\u00f3nico a admin@cheapy-shop.eu para obtener la direcci\u00f3n postal.<\/span><\/p><p><span style=\"font-weight: 400;\">Usted ser\u00e1 responsable de pagar sus propios costos de env\u00edo para devolver su art\u00edculo. Los gastos de env\u00edo no son reembolsables. Si recibe un reembolso, el costo del env\u00edo de devoluci\u00f3n se deducir\u00e1 de su reembolso.<\/span><\/p><p><span style=\"font-weight: 400;\">Seg\u00fan el lugar donde viva, el tiempo que puede tardar en llegarle el producto intercambiado puede variar.<\/span><\/p><p><span style=\"font-weight: 400;\">Deber\u00eda considerar usar un servicio de env\u00edo rastreable o comprar un seguro de env\u00edo. No garantizamos que recibiremos su art\u00edculo devuelto.<\/span><\/p><\/div><\/div>\t\t\t\t\t\t<\/div>\n\t\t\t\t<\/div>\n\t\t\t\t\t<\/div>\n\t\t<\/div>\n\t\t\t\t\t\t\t<\/div>\n\t\t<\/section>\n\t\t\t\t<section class=\"elementor-section elementor-top-section elementor-element elementor-element-ccda15a elementor-section-boxed elementor-section-height-default elementor-section-height-default\" data-id=\"ccda15a\" data-element_type=\"section\" data-settings=\"{&quot;background_background&quot;:&quot;classic&quot;}\">\n\t\t\t\t\t\t<div class=\"elementor-container elementor-column-gap-default\">\n\t\t\t\t\t<div class=\"elementor-column elementor-col-25 elementor-top-column elementor-element elementor-element-e7665b7\" data-id=\"e7665b7\" data-element_type=\"column\">\n\t\t\t<div class=\"elementor-widget-wrap elementor-element-populated\">\n\t\t\t\t\t\t\t\t<div class=\"elementor-element elementor-element-6b680c8 elementor-view-framed elementor-position-left elementor-shape-circle elementor-mobile-position-top elementor-vertical-align-top elementor-widget elementor-widget-icon-box\" data-id=\"6b680c8\" data-element_type=\"widget\" data-widget_type=\"icon-box.default\">\n\t\t\t\t<div class=\"elementor-widget-container\">\n\t\t\t<link rel=\"stylesheet\" href=\"https:\/\/www.cheapy-shop.eu\/es\/wp-content\/plugins\/elementor\/assets\/css\/widget-icon-box.min.css\">\t\t<div class=\"elementor-icon-box-wrapper\">\n\t\t\t\t\t\t<div class=\"elementor-icon-box-icon\">\n\t\t\t\t<span class=\"elementor-icon elementor-animation-\" >\n\t\t\t\t<i aria-hidden=\"true\" class=\"fas fa-user-check\"><\/i>\t\t\t\t<\/span>\n\t\t\t<\/div>\n\t\t\t\t\t\t<div class=\"elementor-icon-box-content\">\n\t\t\t\t<h3 class=\"elementor-icon-box-title\">\n\t\t\t\t\t<span  >\n\t\t\t\t\t\t100% Seguro\t\t\t\t\t<\/span>\n\t\t\t\t<\/h3>\n\t\t\t\t\t\t\t<\/div>\n\t\t<\/div>\n\t\t\t\t<\/div>\n\t\t\t\t<\/div>\n\t\t\t\t\t<\/div>\n\t\t<\/div>\n\t\t\t\t<div class=\"elementor-column elementor-col-25 elementor-top-column elementor-element elementor-element-4d8f538\" data-id=\"4d8f538\" data-element_type=\"column\">\n\t\t\t<div class=\"elementor-widget-wrap elementor-element-populated\">\n\t\t\t\t\t\t\t\t<div class=\"elementor-element elementor-element-8c926b5 elementor-view-framed elementor-position-left elementor-shape-circle elementor-mobile-position-top elementor-vertical-align-top elementor-widget elementor-widget-icon-box\" data-id=\"8c926b5\" data-element_type=\"widget\" data-widget_type=\"icon-box.default\">\n\t\t\t\t<div class=\"elementor-widget-container\">\n\t\t\t\t\t<div class=\"elementor-icon-box-wrapper\">\n\t\t\t\t\t\t<div class=\"elementor-icon-box-icon\">\n\t\t\t\t<span class=\"elementor-icon elementor-animation-\" >\n\t\t\t\t<i aria-hidden=\"true\" class=\"fas fa-truck\"><\/i>\t\t\t\t<\/span>\n\t\t\t<\/div>\n\t\t\t\t\t\t<div class=\"elementor-icon-box-content\">\n\t\t\t\t<h3 class=\"elementor-icon-box-title\">\n\t\t\t\t\t<span  >\n\t\t\t\t\t\tEnv\u00edo R\u00e1pido\t\t\t\t\t<\/span>\n\t\t\t\t<\/h3>\n\t\t\t\t\t\t\t<\/div>\n\t\t<\/div>\n\t\t\t\t<\/div>\n\t\t\t\t<\/div>\n\t\t\t\t\t<\/div>\n\t\t<\/div>\n\t\t\t\t<div class=\"elementor-column elementor-col-25 elementor-top-column elementor-element elementor-element-a80b2ed\" data-id=\"a80b2ed\" data-element_type=\"column\">\n\t\t\t<div class=\"elementor-widget-wrap elementor-element-populated\">\n\t\t\t\t\t\t\t\t<div class=\"elementor-element elementor-element-fb1bdbb elementor-view-framed elementor-position-left elementor-shape-circle elementor-mobile-position-top elementor-vertical-align-top elementor-widget elementor-widget-icon-box\" data-id=\"fb1bdbb\" data-element_type=\"widget\" data-widget_type=\"icon-box.default\">\n\t\t\t\t<div class=\"elementor-widget-container\">\n\t\t\t\t\t<div class=\"elementor-icon-box-wrapper\">\n\t\t\t\t\t\t<div class=\"elementor-icon-box-icon\">\n\t\t\t\t<span class=\"elementor-icon elementor-animation-\" >\n\t\t\t\t<i aria-hidden=\"true\" class=\"fas fa-star\"><\/i>\t\t\t\t<\/span>\n\t\t\t<\/div>\n\t\t\t\t\t\t<div class=\"elementor-icon-box-content\">\n\t\t\t\t<h3 class=\"elementor-icon-box-title\">\n\t\t\t\t\t<span  >\n\t\t\t\t\t\tMejor Calidad\t\t\t\t\t<\/span>\n\t\t\t\t<\/h3>\n\t\t\t\t\t\t\t<\/div>\n\t\t<\/div>\n\t\t\t\t<\/div>\n\t\t\t\t<\/div>\n\t\t\t\t\t<\/div>\n\t\t<\/div>\n\t\t\t\t<div class=\"elementor-column elementor-col-25 elementor-top-column elementor-element elementor-element-8e9eebb\" data-id=\"8e9eebb\" data-element_type=\"column\">\n\t\t\t<div class=\"elementor-widget-wrap elementor-element-populated\">\n\t\t\t\t\t\t\t\t<div class=\"elementor-element elementor-element-842515e elementor-view-framed elementor-position-left elementor-shape-circle elementor-mobile-position-top elementor-vertical-align-top elementor-widget elementor-widget-icon-box\" data-id=\"842515e\" data-element_type=\"widget\" data-widget_type=\"icon-box.default\">\n\t\t\t\t<div class=\"elementor-widget-container\">\n\t\t\t\t\t<div class=\"elementor-icon-box-wrapper\">\n\t\t\t\t\t\t<div class=\"elementor-icon-box-icon\">\n\t\t\t\t<span class=\"elementor-icon elementor-animation-\" >\n\t\t\t\t<i aria-hidden=\"true\" class=\"fas fa-thumbs-up\"><\/i>\t\t\t\t<\/span>\n\t\t\t<\/div>\n\t\t\t\t\t\t<div class=\"elementor-icon-box-content\">\n\t\t\t\t<h3 class=\"elementor-icon-box-title\">\n\t\t\t\t\t<span  >\n\t\t\t\t\t\t100% Satisfacci\u00f3n\t\t\t\t\t<\/span>\n\t\t\t\t<\/h3>\n\t\t\t\t\t\t\t<\/div>\n\t\t<\/div>\n\t\t\t\t<\/div>\n\t\t\t\t<\/div>\n\t\t\t\t\t<\/div>\n\t\t<\/div>\n\t\t\t\t\t\t\t<\/div>\n\t\t<\/section>\n\t\t\t\t\t\t\t<\/div>\n\t\t","protected":false},"excerpt":{"rendered":"<p>Pol\u00edtica de devoluciones VISI\u00d3N GENERAL Nuestra p\u00f3liza tiene una duraci\u00f3n de 14 d\u00edas. Si han pasado 14 d\u00edas desde su compra, lamentablemente no podemos ofrecerle un reembolso o cambio. Para ser elegible para una devoluci\u00f3n, su art\u00edculo debe estar sin usar y en las mismas condiciones en que lo recibi\u00f3. Tambi\u00e9n debe estar en el [&hellip;]<\/p>\n","protected":false},"author":1,"featured_media":0,"parent":0,"menu_order":0,"comment_status":"closed","ping_status":"closed","template":"","meta":{"footnotes":""},"acf":[],"_links":{"self":[{"href":"https:\/\/www.cheapy-shop.eu\/es\/wp-json\/wp\/v2\/pages\/24"}],"collection":[{"href":"https:\/\/www.cheapy-shop.eu\/es\/wp-json\/wp\/v2\/pages"}],"about":[{"href":"https:\/\/www.cheapy-shop.eu\/es\/wp-json\/wp\/v2\/types\/page"}],"author":[{"embeddable":true,"href":"https:\/\/www.cheapy-shop.eu\/es\/wp-json\/wp\/v2\/users\/1"}],"replies":[{"embeddable":true,"href":"https:\/\/www.cheapy-shop.eu\/es\/wp-json\/wp\/v2\/comments?post=24"}],"version-history":[{"count":13,"href":"https:\/\/www.cheapy-shop.eu\/es\/wp-json\/wp\/v2\/pages\/24\/revisions"}],"predecessor-version":[{"id":3010,"href":"https:\/\/www.cheapy-shop.eu\/es\/wp-json\/wp\/v2\/pages\/24\/revisions\/3010"}],"wp:attachment":[{"href":"https:\/\/www.cheapy-shop.eu\/es\/wp-json\/wp\/v2\/media?parent=24"}],"curies":[{"name":"wp","href":"https:\/\/api.w.org\/{rel}","templated":true}]}}