{"id":6,"date":"2021-09-06T17:59:20","date_gmt":"2021-09-06T17:59:20","guid":{"rendered":"https:\/\/cheapy-shop.eu\/ee\/?page_id=6"},"modified":"2022-07-01T16:23:44","modified_gmt":"2022-07-01T13:23:44","slug":"privaatsuspoliitika","status":"publish","type":"page","link":"https:\/\/www.cheapy-shop.eu\/ee\/privaatsuspoliitika\/","title":{"rendered":"Privaatsuspoliitika"},"content":{"rendered":"\t\t<div data-elementor-type=\"wp-page\" data-elementor-id=\"6\" class=\"elementor elementor-6\">\n\t\t\t\t\t\t\t\t\t<section class=\"elementor-section elementor-top-section elementor-element elementor-element-a2ffd3d elementor-section-boxed elementor-section-height-default elementor-section-height-default\" data-id=\"a2ffd3d\" data-element_type=\"section\" data-settings=\"{&quot;background_background&quot;:&quot;classic&quot;}\">\n\t\t\t\t\t\t\t<div class=\"elementor-background-overlay\"><\/div>\n\t\t\t\t\t\t\t<div class=\"elementor-container elementor-column-gap-default\">\n\t\t\t\t\t<div class=\"elementor-column elementor-col-100 elementor-top-column elementor-element elementor-element-0a1f51f\" data-id=\"0a1f51f\" data-element_type=\"column\">\n\t\t\t<div class=\"elementor-widget-wrap elementor-element-populated\">\n\t\t\t\t\t\t\t\t<div class=\"elementor-element elementor-element-7448d3b elementor-widget elementor-widget-heading\" data-id=\"7448d3b\" data-element_type=\"widget\" data-widget_type=\"heading.default\">\n\t\t\t\t<div class=\"elementor-widget-container\">\n\t\t\t<style>\/*! elementor - v3.7.1 - 14-08-2022 *\/\n.elementor-heading-title{padding:0;margin:0;line-height:1}.elementor-widget-heading .elementor-heading-title[class*=elementor-size-]>a{color:inherit;font-size:inherit;line-height:inherit}.elementor-widget-heading .elementor-heading-title.elementor-size-small{font-size:15px}.elementor-widget-heading .elementor-heading-title.elementor-size-medium{font-size:19px}.elementor-widget-heading .elementor-heading-title.elementor-size-large{font-size:29px}.elementor-widget-heading .elementor-heading-title.elementor-size-xl{font-size:39px}.elementor-widget-heading .elementor-heading-title.elementor-size-xxl{font-size:59px}<\/style><h2 class=\"elementor-heading-title elementor-size-default\">Privaatsuspoliitika<\/h2>\t\t<\/div>\n\t\t\t\t<\/div>\n\t\t\t\t\t<\/div>\n\t\t<\/div>\n\t\t\t\t\t\t\t<\/div>\n\t\t<\/section>\n\t\t\t\t<section class=\"elementor-section elementor-top-section elementor-element elementor-element-a25a2ea elementor-section-boxed elementor-section-height-default elementor-section-height-default\" data-id=\"a25a2ea\" data-element_type=\"section\">\n\t\t\t\t\t\t<div class=\"elementor-container elementor-column-gap-default\">\n\t\t\t\t\t<div class=\"elementor-column elementor-col-100 elementor-top-column elementor-element elementor-element-d40b93e\" data-id=\"d40b93e\" data-element_type=\"column\">\n\t\t\t<div class=\"elementor-widget-wrap elementor-element-populated\">\n\t\t\t\t\t\t\t\t<div class=\"elementor-element elementor-element-65c6c82 elementor-widget elementor-widget-text-editor\" data-id=\"65c6c82\" data-element_type=\"widget\" data-widget_type=\"text-editor.default\">\n\t\t\t\t<div class=\"elementor-widget-container\">\n\t\t\t<style>\/*! elementor - v3.7.1 - 14-08-2022 *\/\n.elementor-widget-text-editor.elementor-drop-cap-view-stacked .elementor-drop-cap{background-color:#818a91;color:#fff}.elementor-widget-text-editor.elementor-drop-cap-view-framed .elementor-drop-cap{color:#818a91;border:3px solid;background-color:transparent}.elementor-widget-text-editor:not(.elementor-drop-cap-view-default) .elementor-drop-cap{margin-top:8px}.elementor-widget-text-editor:not(.elementor-drop-cap-view-default) .elementor-drop-cap-letter{width:1em;height:1em}.elementor-widget-text-editor .elementor-drop-cap{float:left;text-align:center;line-height:1;font-size:50px}.elementor-widget-text-editor .elementor-drop-cap-letter{display:inline-block}<\/style>\t\t\t\t<div id=\"Content\"><div id=\"Translation\"><h3>\u00dcLEVAADE<\/h3><p><span style=\"font-weight: 400\">See privaatsuspoliitika kirjeldab, kuidas teie isikuandmeid kogutakse, kasutatakse ja jagatakse, kui k\u00fclastate veebilehte cheapy-shop.eu (&#8220;sait&#8221;) v\u00f5i sooritate ostu.<\/span><\/p><h3>ISIKUANDMED, MIDA KOGUME<\/h3><p><span style=\"font-weight: 400\">Kui k\u00fclastate saiti, kogume automaatselt teie seadme kohta teatud teavet, sealhulgas teavet teie veebibrauseri, IP-aadressi, ajav\u00f6\u00f6ndi ja m\u00f5nede teie seadmesse installitud k\u00fcpsiste kohta. Lisaks kogume saiti sirvides teavet \u00fcksikute veebilehtede v\u00f5i toodete kohta, mida vaatate, millised veebisaidid v\u00f5i otsinguterminid teid saidile viitasid, ja teavet selle kohta, kuidas te saidiga suhtlete. Me nimetame seda automaatselt kogutud teavet &#8220;seadme teabeks&#8221;.<\/span><\/p><p><span style=\"font-weight: 400\">Kogume seadme teavet j\u00e4rgmiste tehnoloogiate abil:<\/span><\/p><p><span style=\"font-weight: 400\">&#8211; &#8220;K\u00fcpsised&#8221; on andmefailid, mis paigutatakse teie seadmesse v\u00f5i arvutisse ja sisaldavad sageli anon\u00fc\u00fcmset kordumatut identifikaatorit. Lisateavet k\u00fcpsiste ja k\u00fcpsiste keelamise kohta leiate aadressilt https:\/\/www.allaboutcookies.org.<\/span><\/p><p><span style=\"font-weight: 400\">&#8211; &#8220;Logifailid&#8221; j\u00e4lgivad saidil toimuvaid toiminguid ja koguvad andmeid, sealhulgas teie IP-aadressi, brauseri t\u00fc\u00fcp, Interneti-teenuse pakkuja, viitavad\/v\u00e4ljumise lehed ja kuup\u00e4eva\/kellaaja templid.<\/span><\/p><p><span style=\"font-weight: 400\">&#8211; \u201eVeebimajakad\u201d, \u201esildid\u201d ja \u201epikslid\u201d on elektroonilised failid, mida kasutatakse saidi sirvimise kohta teabe salvestamiseks.<\/span><\/p><p><span style=\"font-weight: 400\">Lisaks kogume saidi kaudu ostu sooritamisel v\u00f5i ostu sooritamisel teilt teatud teavet, sealhulgas teie nime, arveldusaadressi, tarneaadressi, makseteavet (sh krediitkaardi numbrid), e-posti aadressi ja telefoninumbrit. Nimetame seda teavet kui &#8220;tellimusteavet&#8221;.<\/span><\/p><p><span style=\"font-weight: 400\">Kui me r\u00e4\u00e4gime k\u00e4esolevas privaatsuspoliitikas isikuandmetest, siis r\u00e4\u00e4gime nii seadme teabest kui ka tellimuse teabest.<\/span><\/p><h3>KUIDAS ME TEIE ISIKUANDMET KASUTAMME?<\/h3><p><span style=\"font-weight: 400\">Me kasutame kogutavat tellimusteavet \u00fcldiselt k\u00f5igi saidi kaudu tehtud tellimuste t\u00e4itmiseks (sealhulgas teie makseteabe t\u00f6\u00f6tlemine, kohaletoimetamise korraldamine ning arvete ja\/v\u00f5i tellimuse kinnituste esitamine). Lisaks kasutame seda Tellimusteavet selleks, et:<\/span><\/p><p><span style=\"font-weight: 400\">Teiega suhtlemiseks;<\/span><\/p><p><span style=\"font-weight: 400\">Kontrollige meie tellimusi v\u00f5imalike riskide v\u00f5i pettuste suhtes; ja<\/span><\/p><p><span style=\"font-weight: 400\">kui see on koosk\u00f5las eelistustega, mida olete meiega jaganud, pakkuda teile teavet v\u00f5i reklaame meie toodete v\u00f5i teenuste kohta.<\/span><\/p><p><span style=\"font-weight: 400\">Kasutame kogutud seadmeteavet, et aidata meil kontrollida v\u00f5imalikke riske ja pettusi (eriti teie IP-aadressi) ning \u00fcldisemalt oma saidi t\u00e4iustamiseks ja optimeerimiseks (n\u00e4iteks luues anal\u00fc\u00fcsi selle kohta, kuidas meie kliendid sirvivad ja suhtlevad saiti ning hinnata meie turundus- ja reklaamikampaaniate edu).<\/span><\/p><h3>TEIE ISIKUANDMETE JAGAMINE<\/h3><p><span style=\"font-weight: 400\">Jagame teie isikuandmeid kolmandate osapooltega, et aidata meil teie isikuandmeid \u00fclalkirjeldatud viisil kasutada. Samuti kasutame Google Analyticsit, et aidata meil m\u00f5ista, kuidas meie kliendid seda saiti kasutavad. Lisateavet selle kohta, kuidas Google teie isikuandmeid kasutab, saate lugeda siit: https:\/\/www.google.com\/intl\/et\/policies\/privacy\/. Samuti saate Google Analyticsist loobuda siin: https:\/\/tools.google.com\/dlpage\/gaoptout.<\/span><\/p><p><span style=\"font-weight: 400\">L\u00f5puks v\u00f5ime teie isikuandmeid jagada ka selleks, et j\u00e4rgida kehtivaid seadusi ja m\u00e4\u00e4rusi, vastata kohtukutsele, l\u00e4biotsimism\u00e4\u00e4rusele v\u00f5i muule seaduslikule p\u00e4ringule saadava teabe saamiseks v\u00f5i muul viisil oma \u00f5iguste kaitsmiseks.<\/span><\/p><h3>K\u00c4ITUMINE REKLAAM<\/h3><p><span style=\"font-weight: 400\">Nagu \u00fclalpool kirjeldatud, kasutame teie isikuandmeid selleks, et pakkuda teile suunatud reklaame v\u00f5i turundusteateid, mis meie arvates v\u00f5ivad teile huvi pakkuda. Sihitud reklaamimise toimimise kohta lisateabe saamiseks k\u00fclastage Network Advertising Initiative&#8217;i (&#8220;NAI&#8221;) hariduslehte aadressil https:\/\/www.networkadvertising.org\/understanding-online-advertising\/how-does-it-work.<\/span><\/p><p><span style=\"font-weight: 400\">Sihitud reklaamidest saate loobuda:<\/span><\/p><p><span style=\"font-weight: 400\">FACEBOOK \u2013 https:\/\/www.facebook.com\/settings\/?tab=ads<\/span><\/p><p><span style=\"font-weight: 400\">GOOGLE \u2013 https:\/\/www.google.com\/settings\/ads\/anonymous<\/span><\/p><p><span style=\"font-weight: 400\">BING \u2013 https:\/\/ advertising.bingads.microsoft.com\/en-us\/resources\/policies\/personalized-ads<\/span><\/p><p><span style=\"font-weight: 400\">Lisaks saate m\u00f5nest neist teenustest loobuda, k\u00fclastades Digital Advertising Alliance&#8217;i loobumisportaali aadressil https:\/\/optout.aboutads. info\/.<\/span><\/p><h3>EI J\u00c4LGI<\/h3><p><span style=\"font-weight: 400\">Pange t\u00e4hele, et me ei muuda oma saidi andmete kogumise ja kasutamise tavasid, kui n\u00e4eme teie brauserist signaali \u00c4ra j\u00e4lgi.<\/span><\/p><h3>TEIE \u00d5IGUSED<\/h3><p><span style=\"font-weight: 400\">Kui olete Euroopa elanik, on teil \u00f5igus juurde p\u00e4\u00e4seda teie kohta hoitavale isikuandmetele ja paluda oma isikuandmete parandamist, ajakohastamist v\u00f5i kustutamist. Kui soovite seda \u00f5igust kasutada, v\u00f5tke meiega \u00fchendust allolevate kontaktandmete kaudu.<\/span><\/p><p><span style=\"font-weight: 400\">Lisaks paneme t\u00e4hele, et kui olete Euroopa elanik, siis me paneme t\u00e4hele, et t\u00f6\u00f6tleme teie andmeid teiega s\u00f5lmitud lepingute t\u00e4itmiseks (n\u00e4iteks kui teete saidi kaudu tellimuse) v\u00f5i muul viisil \u00fclalnimetatud \u00f5igustatud \u00e4rihuvide t\u00e4itmiseks.<\/span><\/p><h3>ANDMETE S\u00c4ILITAMINE<\/h3><p><span style=\"font-weight: 400\">Kui esitate saidi kaudu tellimuse, s\u00e4ilitame teie tellimusteavet meie jaoks, v\u00e4lja arvatud juhul, kui palute meil selle teabe kustutada.<\/span><\/p><h3>ALAAELISED<\/h3><p><span style=\"font-weight: 400\">Sait ei ole m\u00f5eldud alla 18-aastastele isikutele.<\/span><\/p><h3>MUUDATUSED<\/h3><p><span style=\"font-weight: 400\">V\u00f5ime seda privaatsuspoliitikat aeg-ajalt v\u00e4rskendada, et kajastada n\u00e4iteks muudatusi meie tavades v\u00f5i muudel tegevuslikel, \u00f5iguslikel v\u00f5i regulatiivsetel p\u00f5hjustel.<\/span><\/p><h3>V\u00d5TKE MEIEGA \u00dcHENDUST<\/h3><p><span style=\"font-weight: 400\">Lisateabe saamiseks meie privaatsustavade kohta, kui teil on k\u00fcsimusi v\u00f5i kui soovite esitada kaebuse, v\u00f5tke meiega \u00fchendust e-posti teel aadressil admin@cheapy-shop.eu<\/span><\/p><\/div><\/div>\t\t\t\t\t\t<\/div>\n\t\t\t\t<\/div>\n\t\t\t\t\t<\/div>\n\t\t<\/div>\n\t\t\t\t\t\t\t<\/div>\n\t\t<\/section>\n\t\t\t\t<section class=\"elementor-section elementor-top-section elementor-element elementor-element-aaad8c2 elementor-section-boxed elementor-section-height-default elementor-section-height-default\" data-id=\"aaad8c2\" data-element_type=\"section\" data-settings=\"{&quot;background_background&quot;:&quot;classic&quot;}\">\n\t\t\t\t\t\t<div class=\"elementor-container elementor-column-gap-default\">\n\t\t\t\t\t<div class=\"elementor-column elementor-col-25 elementor-top-column elementor-element elementor-element-4fa8cb0\" data-id=\"4fa8cb0\" data-element_type=\"column\">\n\t\t\t<div class=\"elementor-widget-wrap elementor-element-populated\">\n\t\t\t\t\t\t\t\t<div class=\"elementor-element elementor-element-7b97c73 elementor-view-framed elementor-position-left elementor-shape-circle elementor-mobile-position-top elementor-vertical-align-top elementor-widget elementor-widget-icon-box\" data-id=\"7b97c73\" data-element_type=\"widget\" data-widget_type=\"icon-box.default\">\n\t\t\t\t<div class=\"elementor-widget-container\">\n\t\t\t<link rel=\"stylesheet\" href=\"https:\/\/www.cheapy-shop.eu\/ee\/wp-content\/plugins\/elementor\/assets\/css\/widget-icon-box.min.css\">\t\t<div class=\"elementor-icon-box-wrapper\">\n\t\t\t\t\t\t<div class=\"elementor-icon-box-icon\">\n\t\t\t\t<span class=\"elementor-icon elementor-animation-\" >\n\t\t\t\t<i aria-hidden=\"true\" class=\"fas fa-user-check\"><\/i>\t\t\t\t<\/span>\n\t\t\t<\/div>\n\t\t\t\t\t\t<div class=\"elementor-icon-box-content\">\n\t\t\t\t<h3 class=\"elementor-icon-box-title\">\n\t\t\t\t\t<span  >\n\t\t\t\t\t\t100% Turvaline\t\t\t\t\t<\/span>\n\t\t\t\t<\/h3>\n\t\t\t\t\t\t\t<\/div>\n\t\t<\/div>\n\t\t\t\t<\/div>\n\t\t\t\t<\/div>\n\t\t\t\t\t<\/div>\n\t\t<\/div>\n\t\t\t\t<div class=\"elementor-column elementor-col-25 elementor-top-column elementor-element elementor-element-62e4f4a\" data-id=\"62e4f4a\" data-element_type=\"column\">\n\t\t\t<div class=\"elementor-widget-wrap elementor-element-populated\">\n\t\t\t\t\t\t\t\t<div class=\"elementor-element elementor-element-f5e9bdd elementor-view-framed elementor-position-left elementor-shape-circle elementor-mobile-position-top elementor-vertical-align-top elementor-widget elementor-widget-icon-box\" data-id=\"f5e9bdd\" data-element_type=\"widget\" data-widget_type=\"icon-box.default\">\n\t\t\t\t<div class=\"elementor-widget-container\">\n\t\t\t\t\t<div class=\"elementor-icon-box-wrapper\">\n\t\t\t\t\t\t<div class=\"elementor-icon-box-icon\">\n\t\t\t\t<span class=\"elementor-icon elementor-animation-\" >\n\t\t\t\t<i aria-hidden=\"true\" class=\"fas fa-truck\"><\/i>\t\t\t\t<\/span>\n\t\t\t<\/div>\n\t\t\t\t\t\t<div class=\"elementor-icon-box-content\">\n\t\t\t\t<h3 class=\"elementor-icon-box-title\">\n\t\t\t\t\t<span  >\n\t\t\t\t\t\tKiire Kohaletoimetamine\t\t\t\t\t<\/span>\n\t\t\t\t<\/h3>\n\t\t\t\t\t\t\t<\/div>\n\t\t<\/div>\n\t\t\t\t<\/div>\n\t\t\t\t<\/div>\n\t\t\t\t\t<\/div>\n\t\t<\/div>\n\t\t\t\t<div class=\"elementor-column elementor-col-25 elementor-top-column elementor-element elementor-element-fb1a66d\" data-id=\"fb1a66d\" data-element_type=\"column\">\n\t\t\t<div class=\"elementor-widget-wrap elementor-element-populated\">\n\t\t\t\t\t\t\t\t<div class=\"elementor-element elementor-element-f9ed27e elementor-view-framed elementor-position-left elementor-shape-circle elementor-mobile-position-top elementor-vertical-align-top elementor-widget elementor-widget-icon-box\" data-id=\"f9ed27e\" data-element_type=\"widget\" data-widget_type=\"icon-box.default\">\n\t\t\t\t<div class=\"elementor-widget-container\">\n\t\t\t\t\t<div class=\"elementor-icon-box-wrapper\">\n\t\t\t\t\t\t<div class=\"elementor-icon-box-icon\">\n\t\t\t\t<span class=\"elementor-icon elementor-animation-\" >\n\t\t\t\t<i aria-hidden=\"true\" class=\"fas fa-star\"><\/i>\t\t\t\t<\/span>\n\t\t\t<\/div>\n\t\t\t\t\t\t<div class=\"elementor-icon-box-content\">\n\t\t\t\t<h3 class=\"elementor-icon-box-title\">\n\t\t\t\t\t<span  >\n\t\t\t\t\t\tParim Kvaliteet\t\t\t\t\t<\/span>\n\t\t\t\t<\/h3>\n\t\t\t\t\t\t\t<\/div>\n\t\t<\/div>\n\t\t\t\t<\/div>\n\t\t\t\t<\/div>\n\t\t\t\t\t<\/div>\n\t\t<\/div>\n\t\t\t\t<div class=\"elementor-column elementor-col-25 elementor-top-column elementor-element elementor-element-e355a7c\" data-id=\"e355a7c\" data-element_type=\"column\">\n\t\t\t<div class=\"elementor-widget-wrap elementor-element-populated\">\n\t\t\t\t\t\t\t\t<div class=\"elementor-element elementor-element-f34637d elementor-view-framed elementor-position-left elementor-shape-circle elementor-mobile-position-top elementor-vertical-align-top elementor-widget elementor-widget-icon-box\" data-id=\"f34637d\" data-element_type=\"widget\" data-widget_type=\"icon-box.default\">\n\t\t\t\t<div class=\"elementor-widget-container\">\n\t\t\t\t\t<div class=\"elementor-icon-box-wrapper\">\n\t\t\t\t\t\t<div class=\"elementor-icon-box-icon\">\n\t\t\t\t<span class=\"elementor-icon elementor-animation-\" >\n\t\t\t\t<i aria-hidden=\"true\" class=\"fas fa-thumbs-up\"><\/i>\t\t\t\t<\/span>\n\t\t\t<\/div>\n\t\t\t\t\t\t<div class=\"elementor-icon-box-content\">\n\t\t\t\t<h3 class=\"elementor-icon-box-title\">\n\t\t\t\t\t<span  >\n\t\t\t\t\t\t100% Rahulolu\t\t\t\t\t<\/span>\n\t\t\t\t<\/h3>\n\t\t\t\t\t\t\t<\/div>\n\t\t<\/div>\n\t\t\t\t<\/div>\n\t\t\t\t<\/div>\n\t\t\t\t\t<\/div>\n\t\t<\/div>\n\t\t\t\t\t\t\t<\/div>\n\t\t<\/section>\n\t\t\t\t\t\t\t<\/div>\n\t\t","protected":false},"excerpt":{"rendered":"<p>Privaatsuspoliitika \u00dcLEVAADE See privaatsuspoliitika kirjeldab, kuidas teie isikuandmeid kogutakse, kasutatakse ja jagatakse, kui k\u00fclastate veebilehte cheapy-shop.eu (&#8220;sait&#8221;) v\u00f5i sooritate ostu. ISIKUANDMED, MIDA KOGUME Kui k\u00fclastate saiti, kogume automaatselt teie seadme kohta teatud teavet, sealhulgas teavet teie veebibrauseri, IP-aadressi, ajav\u00f6\u00f6ndi ja m\u00f5nede teie seadmesse installitud k\u00fcpsiste kohta. Lisaks kogume saiti sirvides teavet \u00fcksikute veebilehtede v\u00f5i toodete [&hellip;]<\/p>\n","protected":false},"author":1,"featured_media":0,"parent":0,"menu_order":0,"comment_status":"closed","ping_status":"closed","template":"elementor_header_footer","meta":{"footnotes":""},"acf":[],"_links":{"self":[{"href":"https:\/\/www.cheapy-shop.eu\/ee\/wp-json\/wp\/v2\/pages\/6"}],"collection":[{"href":"https:\/\/www.cheapy-shop.eu\/ee\/wp-json\/wp\/v2\/pages"}],"about":[{"href":"https:\/\/www.cheapy-shop.eu\/ee\/wp-json\/wp\/v2\/types\/page"}],"author":[{"embeddable":true,"href":"https:\/\/www.cheapy-shop.eu\/ee\/wp-json\/wp\/v2\/users\/1"}],"replies":[{"embeddable":true,"href":"https:\/\/www.cheapy-shop.eu\/ee\/wp-json\/wp\/v2\/comments?post=6"}],"version-history":[{"count":3,"href":"https:\/\/www.cheapy-shop.eu\/ee\/wp-json\/wp\/v2\/pages\/6\/revisions"}],"predecessor-version":[{"id":2819,"href":"https:\/\/www.cheapy-shop.eu\/ee\/wp-json\/wp\/v2\/pages\/6\/revisions\/2819"}],"wp:attachment":[{"href":"https:\/\/www.cheapy-shop.eu\/ee\/wp-json\/wp\/v2\/media?parent=6"}],"curies":[{"name":"wp","href":"https:\/\/api.w.org\/{rel}","templated":true}]}}