{"id":24,"date":"2021-09-06T18:03:25","date_gmt":"2021-09-06T18:03:25","guid":{"rendered":"https:\/\/cheapy-shop.eu\/ee\/?page_id=24"},"modified":"2022-07-01T16:23:51","modified_gmt":"2022-07-01T13:23:51","slug":"tagastusreeglid","status":"publish","type":"page","link":"https:\/\/www.cheapy-shop.eu\/ee\/tagastusreeglid\/","title":{"rendered":"Tagastusreeglid"},"content":{"rendered":"\t\t<div data-elementor-type=\"wp-page\" data-elementor-id=\"24\" class=\"elementor elementor-24\">\n\t\t\t\t\t\t\t\t\t<section class=\"elementor-section elementor-top-section elementor-element elementor-element-faa88a7 elementor-section-boxed elementor-section-height-default elementor-section-height-default\" data-id=\"faa88a7\" data-element_type=\"section\" data-settings=\"{&quot;background_background&quot;:&quot;classic&quot;}\">\n\t\t\t\t\t\t\t<div class=\"elementor-background-overlay\"><\/div>\n\t\t\t\t\t\t\t<div class=\"elementor-container elementor-column-gap-default\">\n\t\t\t\t\t<div class=\"elementor-column elementor-col-100 elementor-top-column elementor-element elementor-element-cd7eec8\" data-id=\"cd7eec8\" data-element_type=\"column\">\n\t\t\t<div class=\"elementor-widget-wrap elementor-element-populated\">\n\t\t\t\t\t\t\t\t<div class=\"elementor-element elementor-element-feaaaf9 elementor-widget elementor-widget-heading\" data-id=\"feaaaf9\" data-element_type=\"widget\" data-widget_type=\"heading.default\">\n\t\t\t\t<div class=\"elementor-widget-container\">\n\t\t\t<style>\/*! elementor - v3.7.1 - 14-08-2022 *\/\n.elementor-heading-title{padding:0;margin:0;line-height:1}.elementor-widget-heading .elementor-heading-title[class*=elementor-size-]>a{color:inherit;font-size:inherit;line-height:inherit}.elementor-widget-heading .elementor-heading-title.elementor-size-small{font-size:15px}.elementor-widget-heading .elementor-heading-title.elementor-size-medium{font-size:19px}.elementor-widget-heading .elementor-heading-title.elementor-size-large{font-size:29px}.elementor-widget-heading .elementor-heading-title.elementor-size-xl{font-size:39px}.elementor-widget-heading .elementor-heading-title.elementor-size-xxl{font-size:59px}<\/style><h2 class=\"elementor-heading-title elementor-size-default\">Tagastusreeglid<\/h2>\t\t<\/div>\n\t\t\t\t<\/div>\n\t\t\t\t\t<\/div>\n\t\t<\/div>\n\t\t\t\t\t\t\t<\/div>\n\t\t<\/section>\n\t\t\t\t<section class=\"elementor-section elementor-top-section elementor-element elementor-element-5acd156 elementor-section-boxed elementor-section-height-default elementor-section-height-default\" data-id=\"5acd156\" data-element_type=\"section\">\n\t\t\t\t\t\t<div class=\"elementor-container elementor-column-gap-default\">\n\t\t\t\t\t<div class=\"elementor-column elementor-col-100 elementor-top-column elementor-element elementor-element-4a44ba0\" data-id=\"4a44ba0\" data-element_type=\"column\">\n\t\t\t<div class=\"elementor-widget-wrap elementor-element-populated\">\n\t\t\t\t\t\t\t\t<div class=\"elementor-element elementor-element-04a4f82 elementor-widget elementor-widget-text-editor\" data-id=\"04a4f82\" data-element_type=\"widget\" data-widget_type=\"text-editor.default\">\n\t\t\t\t<div class=\"elementor-widget-container\">\n\t\t\t<style>\/*! elementor - v3.7.1 - 14-08-2022 *\/\n.elementor-widget-text-editor.elementor-drop-cap-view-stacked .elementor-drop-cap{background-color:#818a91;color:#fff}.elementor-widget-text-editor.elementor-drop-cap-view-framed .elementor-drop-cap{color:#818a91;border:3px solid;background-color:transparent}.elementor-widget-text-editor:not(.elementor-drop-cap-view-default) .elementor-drop-cap{margin-top:8px}.elementor-widget-text-editor:not(.elementor-drop-cap-view-default) .elementor-drop-cap-letter{width:1em;height:1em}.elementor-widget-text-editor .elementor-drop-cap{float:left;text-align:center;line-height:1;font-size:50px}.elementor-widget-text-editor .elementor-drop-cap-letter{display:inline-block}<\/style>\t\t\t\t<div id=\"Content\"><div id=\"Translation\"><h3><span style=\"font-weight: 400\">\u00dcLEVAADE<\/span><\/h3><p><span style=\"font-weight: 400\">Meie poliitika kehtib 14 p\u00e4eva. Kui ostust on m\u00f6\u00f6dunud 14 p\u00e4eva, ei saa me teile kahjuks raha tagasi maksta ega vahetust pakkuda.<\/span><\/p><p><span style=\"font-weight: 400\">Tagastuse saamiseks peab teie kaup olema kasutamata ja samas seisukorras, kui selle saite. See peab olema ka originaalpakendis.<\/span><\/p><p><span style=\"font-weight: 400\">Mitut t\u00fc\u00fcpi kaubad on tagastamisest vabastatud. Kiiresti riknevaid kaupu, nagu toit, lilled, ajalehed v\u00f5i ajakirjad, ei saa tagastada. Samuti ei aktsepteeri me tooteid, mis on intiim- v\u00f5i h\u00fcgieenitarbed, ohtlikud materjalid v\u00f5i tuleohtlikud vedelikud v\u00f5i gaasid.<\/span><\/p><p><span style=\"font-weight: 400\">T\u00e4iendavad mittetagastatavad kaubad:<\/span><\/p><p><span style=\"font-weight: 400\">* Kinkekaardid<\/span><\/p><p><span style=\"font-weight: 400\">* Allalaaditavad tarkvaratooted<\/span><\/p><p><span style=\"font-weight: 400\">* M\u00f5ned tervise- ja isikliku h\u00fcgieenitarbed<\/span><\/p><p><span style=\"font-weight: 400\">l\u00f5puleviimiseks vajame kviitungit v\u00f5i ostut\u00f5endit.<\/span><\/p><p><span style=\"font-weight: 400\">Palun \u00e4rge saatke oma ostu tagasi tootjale.<\/span><\/p><p><span style=\"font-weight: 400\">On teatud olukordi, kus raha tagastatakse ainult osaliselt: (vajadusel)<\/span><\/p><p><span style=\"font-weight: 400\">* Ilmsete kasutusj\u00e4lgedega raamat<\/span><\/p><p><span style=\"font-weight: 400\">* Avatud CD, DVD, VHS kassett, tarkvara, videom\u00e4ng, kassett v\u00f5i vin\u00fc\u00fclplaat.<\/span><\/p><p><span style=\"font-weight: 400\">* K\u00f5ik esemed, mis ei ole algses seisukorras, on kahjustatud v\u00f5i puuduvad osad p\u00f5hjustel, mis ei ole tingitud meie veast.<\/span><\/p><p><span style=\"font-weight: 400\">* K\u00f5ik kaubad, mis tagastatakse rohkem kui 14 p\u00e4eva p\u00e4rast kohaletoimetamist<\/span><\/p><h3><span style=\"font-weight: 400\">TAGASTAMINE<\/span><\/h3><p><span style=\"font-weight: 400\">Kui teie tagastus on k\u00e4tte saadud ja kontrollitud, saadame teile e-kirja, et teavitada teid, et oleme teie tagastatud kauba k\u00e4tte saanud. Samuti teavitame teid teie tagasimakse kinnitamisest v\u00f5i tagasil\u00fckkamisest.<\/span><\/p><p><span style=\"font-weight: 400\">Kui teid kinnitatakse, t\u00f6\u00f6deldakse teie tagasimakset ja teie krediitkaardile v\u00f5i algsele makseviisile kantakse teatud p\u00e4evade jooksul automaatselt krediit.<\/span><\/p><h3><span style=\"font-weight: 400\">TAGASIMAKSE HILINEMINE V\u00d5I PUUDUB<\/span><\/h3><p><span style=\"font-weight: 400\">Kui te pole veel tagasimakset saanud, kontrollige esmalt uuesti oma pangakontot.<\/span><\/p><p><span style=\"font-weight: 400\">Seej\u00e4rel v\u00f5tke \u00fchendust oma krediitkaardiettev\u00f5ttega, v\u00f5ib kuluda veidi aega, enne kui teie tagasimakse ametlikult postitatakse.<\/span><\/p><p><span style=\"font-weight: 400\">J\u00e4rgmisena v\u00f5tke \u00fchendust oma pangaga. Sageli kulub enne tagasimakse postitamist veidi t\u00f6\u00f6tlemisaega.<\/span><\/p><p><span style=\"font-weight: 400\">Kui olete seda k\u00f5ike teinud ja te pole ikka veel oma tagasimakset saanud, v\u00f5tke meiega \u00fchendust aadressil admin@cheapy-shop.eu.<\/span><\/p><h3><span style=\"font-weight: 400\">M\u00dc\u00dcGIKAUBAD Raha<\/span><\/h3><p><span style=\"font-weight: 400\">saab tagastada ainult tavahinnaga kaupadel, sooduskaupa kahjuks tagastada ei saa.<\/span><\/p><h3><span style=\"font-weight: 400\">VAHETUS<\/span><\/h3><p><span style=\"font-weight: 400\">Asendame esemeid ainult siis, kui need on defektsed v\u00f5i kahjustatud. Kui teil on vaja see sama kauba vastu v\u00e4lja vahetada, saatke meile e-kiri aadressil admin@cheapy-shop.eu.<\/span><\/p><h3><span style=\"font-weight: 400\">KINGITUSED<\/span><\/h3><p><span style=\"font-weight: 400\">Kui kaup m\u00e4rgiti ostmisel ja otse teile tarnituna kingituseks, saate oma tagastuse v\u00e4\u00e4rtuses kinkekrediiti. P\u00e4rast tagastatud kauba k\u00e4ttesaamist saadetakse teile kinkekaart.<\/span><\/p><p><span style=\"font-weight: 400\">Kui kaupa ei m\u00e4rgitud ostmisel kingituseks v\u00f5i kui kingituse tegija lasi tellimuse ise teele panna, et teile hiljem kinkida, siis saadame kingituse tegijale raha tagasi ja ta saab teie tagastamisest teada.<\/span><\/p><h3><span style=\"font-weight: 400\">TARNIMINE\u00a0<\/span><\/h3><p><span style=\"font-weight: 400\">Toote tagastamiseks saatke meile postiaadressi saamiseks e-kiri aadressile admin@cheapy-shop.eu<\/span><\/p><p><span style=\"font-weight: 400\">Kauba tagastamise eest vastutate ise oma saatmiskulude eest. Saatekulu ei kuulu tagastamisele. Kui saate raha tagasi, arvatakse teie tagasimaksest maha tagastamiskulud.<\/span><\/p><p><span style=\"font-weight: 400\">Olenevalt teie elukohast v\u00f5ib aeg, mis kulub teie vahetatud toote teieni j\u00f5udmiseks, erineda.<\/span><\/p><p><span style=\"font-weight: 400\">Peaksite kaaluma j\u00e4lgitava saatmisteenuse kasutamist v\u00f5i saatmiskindlustuse ostmist. Me ei garanteeri, et saame teie tagastatud kauba k\u00e4tte.<\/span><\/p><\/div><\/div>\t\t\t\t\t\t<\/div>\n\t\t\t\t<\/div>\n\t\t\t\t\t<\/div>\n\t\t<\/div>\n\t\t\t\t\t\t\t<\/div>\n\t\t<\/section>\n\t\t\t\t<section class=\"elementor-section elementor-top-section elementor-element elementor-element-2046055 elementor-section-boxed elementor-section-height-default elementor-section-height-default\" data-id=\"2046055\" data-element_type=\"section\" data-settings=\"{&quot;background_background&quot;:&quot;classic&quot;}\">\n\t\t\t\t\t\t<div class=\"elementor-container elementor-column-gap-default\">\n\t\t\t\t\t<div class=\"elementor-column elementor-col-25 elementor-top-column elementor-element elementor-element-b9f933a\" data-id=\"b9f933a\" data-element_type=\"column\">\n\t\t\t<div class=\"elementor-widget-wrap elementor-element-populated\">\n\t\t\t\t\t\t\t\t<div class=\"elementor-element elementor-element-88f1462 elementor-view-framed elementor-position-left elementor-shape-circle elementor-mobile-position-top elementor-vertical-align-top elementor-widget elementor-widget-icon-box\" data-id=\"88f1462\" data-element_type=\"widget\" data-widget_type=\"icon-box.default\">\n\t\t\t\t<div class=\"elementor-widget-container\">\n\t\t\t<link rel=\"stylesheet\" href=\"https:\/\/www.cheapy-shop.eu\/ee\/wp-content\/plugins\/elementor\/assets\/css\/widget-icon-box.min.css\">\t\t<div class=\"elementor-icon-box-wrapper\">\n\t\t\t\t\t\t<div class=\"elementor-icon-box-icon\">\n\t\t\t\t<span class=\"elementor-icon elementor-animation-\" >\n\t\t\t\t<i aria-hidden=\"true\" class=\"fas fa-user-check\"><\/i>\t\t\t\t<\/span>\n\t\t\t<\/div>\n\t\t\t\t\t\t<div class=\"elementor-icon-box-content\">\n\t\t\t\t<h3 class=\"elementor-icon-box-title\">\n\t\t\t\t\t<span  >\n\t\t\t\t\t\t100% Turvaline\t\t\t\t\t<\/span>\n\t\t\t\t<\/h3>\n\t\t\t\t\t\t\t<\/div>\n\t\t<\/div>\n\t\t\t\t<\/div>\n\t\t\t\t<\/div>\n\t\t\t\t\t<\/div>\n\t\t<\/div>\n\t\t\t\t<div class=\"elementor-column elementor-col-25 elementor-top-column elementor-element elementor-element-b69a210\" data-id=\"b69a210\" data-element_type=\"column\">\n\t\t\t<div class=\"elementor-widget-wrap elementor-element-populated\">\n\t\t\t\t\t\t\t\t<div class=\"elementor-element elementor-element-825b817 elementor-view-framed elementor-position-left elementor-shape-circle elementor-mobile-position-top elementor-vertical-align-top elementor-widget elementor-widget-icon-box\" data-id=\"825b817\" data-element_type=\"widget\" data-widget_type=\"icon-box.default\">\n\t\t\t\t<div class=\"elementor-widget-container\">\n\t\t\t\t\t<div class=\"elementor-icon-box-wrapper\">\n\t\t\t\t\t\t<div class=\"elementor-icon-box-icon\">\n\t\t\t\t<span class=\"elementor-icon elementor-animation-\" >\n\t\t\t\t<i aria-hidden=\"true\" class=\"fas fa-truck\"><\/i>\t\t\t\t<\/span>\n\t\t\t<\/div>\n\t\t\t\t\t\t<div class=\"elementor-icon-box-content\">\n\t\t\t\t<h3 class=\"elementor-icon-box-title\">\n\t\t\t\t\t<span  >\n\t\t\t\t\t\tKiire Kohaletoimetamine\t\t\t\t\t<\/span>\n\t\t\t\t<\/h3>\n\t\t\t\t\t\t\t<\/div>\n\t\t<\/div>\n\t\t\t\t<\/div>\n\t\t\t\t<\/div>\n\t\t\t\t\t<\/div>\n\t\t<\/div>\n\t\t\t\t<div class=\"elementor-column elementor-col-25 elementor-top-column elementor-element elementor-element-6b4e32b\" data-id=\"6b4e32b\" data-element_type=\"column\">\n\t\t\t<div class=\"elementor-widget-wrap elementor-element-populated\">\n\t\t\t\t\t\t\t\t<div class=\"elementor-element elementor-element-6272e51 elementor-view-framed elementor-position-left elementor-shape-circle elementor-mobile-position-top elementor-vertical-align-top elementor-widget elementor-widget-icon-box\" data-id=\"6272e51\" data-element_type=\"widget\" data-widget_type=\"icon-box.default\">\n\t\t\t\t<div class=\"elementor-widget-container\">\n\t\t\t\t\t<div class=\"elementor-icon-box-wrapper\">\n\t\t\t\t\t\t<div class=\"elementor-icon-box-icon\">\n\t\t\t\t<span class=\"elementor-icon elementor-animation-\" >\n\t\t\t\t<i aria-hidden=\"true\" class=\"fas fa-star\"><\/i>\t\t\t\t<\/span>\n\t\t\t<\/div>\n\t\t\t\t\t\t<div class=\"elementor-icon-box-content\">\n\t\t\t\t<h3 class=\"elementor-icon-box-title\">\n\t\t\t\t\t<span  >\n\t\t\t\t\t\tParim Kvaliteet\t\t\t\t\t<\/span>\n\t\t\t\t<\/h3>\n\t\t\t\t\t\t\t<\/div>\n\t\t<\/div>\n\t\t\t\t<\/div>\n\t\t\t\t<\/div>\n\t\t\t\t\t<\/div>\n\t\t<\/div>\n\t\t\t\t<div class=\"elementor-column elementor-col-25 elementor-top-column elementor-element elementor-element-4f85ee8\" data-id=\"4f85ee8\" data-element_type=\"column\">\n\t\t\t<div class=\"elementor-widget-wrap elementor-element-populated\">\n\t\t\t\t\t\t\t\t<div class=\"elementor-element elementor-element-f75d23b elementor-view-framed elementor-position-left elementor-shape-circle elementor-mobile-position-top elementor-vertical-align-top elementor-widget elementor-widget-icon-box\" data-id=\"f75d23b\" data-element_type=\"widget\" data-widget_type=\"icon-box.default\">\n\t\t\t\t<div class=\"elementor-widget-container\">\n\t\t\t\t\t<div class=\"elementor-icon-box-wrapper\">\n\t\t\t\t\t\t<div class=\"elementor-icon-box-icon\">\n\t\t\t\t<span class=\"elementor-icon elementor-animation-\" >\n\t\t\t\t<i aria-hidden=\"true\" class=\"fas fa-thumbs-up\"><\/i>\t\t\t\t<\/span>\n\t\t\t<\/div>\n\t\t\t\t\t\t<div class=\"elementor-icon-box-content\">\n\t\t\t\t<h3 class=\"elementor-icon-box-title\">\n\t\t\t\t\t<span  >\n\t\t\t\t\t\t100% Rahulolu\t\t\t\t\t<\/span>\n\t\t\t\t<\/h3>\n\t\t\t\t\t\t\t<\/div>\n\t\t<\/div>\n\t\t\t\t<\/div>\n\t\t\t\t<\/div>\n\t\t\t\t\t<\/div>\n\t\t<\/div>\n\t\t\t\t\t\t\t<\/div>\n\t\t<\/section>\n\t\t\t\t\t\t\t<\/div>\n\t\t","protected":false},"excerpt":{"rendered":"<p>Tagastusreeglid \u00dcLEVAADE Meie poliitika kehtib 14 p\u00e4eva. Kui ostust on m\u00f6\u00f6dunud 14 p\u00e4eva, ei saa me teile kahjuks raha tagasi maksta ega vahetust pakkuda. Tagastuse saamiseks peab teie kaup olema kasutamata ja samas seisukorras, kui selle saite. See peab olema ka originaalpakendis. Mitut t\u00fc\u00fcpi kaubad on tagastamisest vabastatud. Kiiresti riknevaid kaupu, nagu toit, lilled, ajalehed [&hellip;]<\/p>\n","protected":false},"author":1,"featured_media":0,"parent":0,"menu_order":0,"comment_status":"closed","ping_status":"closed","template":"","meta":{"footnotes":""},"acf":[],"_links":{"self":[{"href":"https:\/\/www.cheapy-shop.eu\/ee\/wp-json\/wp\/v2\/pages\/24"}],"collection":[{"href":"https:\/\/www.cheapy-shop.eu\/ee\/wp-json\/wp\/v2\/pages"}],"about":[{"href":"https:\/\/www.cheapy-shop.eu\/ee\/wp-json\/wp\/v2\/types\/page"}],"author":[{"embeddable":true,"href":"https:\/\/www.cheapy-shop.eu\/ee\/wp-json\/wp\/v2\/users\/1"}],"replies":[{"embeddable":true,"href":"https:\/\/www.cheapy-shop.eu\/ee\/wp-json\/wp\/v2\/comments?post=24"}],"version-history":[{"count":3,"href":"https:\/\/www.cheapy-shop.eu\/ee\/wp-json\/wp\/v2\/pages\/24\/revisions"}],"predecessor-version":[{"id":2822,"href":"https:\/\/www.cheapy-shop.eu\/ee\/wp-json\/wp\/v2\/pages\/24\/revisions\/2822"}],"wp:attachment":[{"href":"https:\/\/www.cheapy-shop.eu\/ee\/wp-json\/wp\/v2\/media?parent=24"}],"curies":[{"name":"wp","href":"https:\/\/api.w.org\/{rel}","templated":true}]}}