{"id":6,"date":"2021-09-06T17:59:20","date_gmt":"2021-09-06T17:59:20","guid":{"rendered":"https:\/\/cheapy-shop.eu\/cz\/?page_id=6"},"modified":"2022-07-01T15:22:08","modified_gmt":"2022-07-01T13:22:08","slug":"ochrana-osobnich-udaju","status":"publish","type":"page","link":"https:\/\/www.cheapy-shop.eu\/cz\/ochrana-osobnich-udaju\/","title":{"rendered":"Ochrana osobn\u00edch \u00fadaj\u016f"},"content":{"rendered":"\t\t<div data-elementor-type=\"wp-page\" data-elementor-id=\"6\" class=\"elementor elementor-6\">\n\t\t\t\t\t\t\t\t\t<section class=\"elementor-section elementor-top-section elementor-element elementor-element-a2ffd3d elementor-section-boxed elementor-section-height-default elementor-section-height-default\" data-id=\"a2ffd3d\" data-element_type=\"section\" data-settings=\"{&quot;background_background&quot;:&quot;classic&quot;}\">\n\t\t\t\t\t\t\t<div class=\"elementor-background-overlay\"><\/div>\n\t\t\t\t\t\t\t<div class=\"elementor-container elementor-column-gap-default\">\n\t\t\t\t\t<div class=\"elementor-column elementor-col-100 elementor-top-column elementor-element elementor-element-0a1f51f\" data-id=\"0a1f51f\" data-element_type=\"column\">\n\t\t\t<div class=\"elementor-widget-wrap elementor-element-populated\">\n\t\t\t\t\t\t\t\t<div class=\"elementor-element elementor-element-7448d3b elementor-widget elementor-widget-heading\" data-id=\"7448d3b\" data-element_type=\"widget\" data-widget_type=\"heading.default\">\n\t\t\t\t<div class=\"elementor-widget-container\">\n\t\t\t<style>\/*! elementor - v3.7.1 - 14-08-2022 *\/\n.elementor-heading-title{padding:0;margin:0;line-height:1}.elementor-widget-heading .elementor-heading-title[class*=elementor-size-]>a{color:inherit;font-size:inherit;line-height:inherit}.elementor-widget-heading .elementor-heading-title.elementor-size-small{font-size:15px}.elementor-widget-heading .elementor-heading-title.elementor-size-medium{font-size:19px}.elementor-widget-heading .elementor-heading-title.elementor-size-large{font-size:29px}.elementor-widget-heading .elementor-heading-title.elementor-size-xl{font-size:39px}.elementor-widget-heading .elementor-heading-title.elementor-size-xxl{font-size:59px}<\/style><h2 class=\"elementor-heading-title elementor-size-default\">Ochrana osobn\u00edch \u00fadaj\u016f<\/h2>\t\t<\/div>\n\t\t\t\t<\/div>\n\t\t\t\t\t<\/div>\n\t\t<\/div>\n\t\t\t\t\t\t\t<\/div>\n\t\t<\/section>\n\t\t\t\t<section class=\"elementor-section elementor-top-section elementor-element elementor-element-a25a2ea elementor-section-boxed elementor-section-height-default elementor-section-height-default\" data-id=\"a25a2ea\" data-element_type=\"section\">\n\t\t\t\t\t\t<div class=\"elementor-container elementor-column-gap-default\">\n\t\t\t\t\t<div class=\"elementor-column elementor-col-100 elementor-top-column elementor-element elementor-element-d40b93e\" data-id=\"d40b93e\" data-element_type=\"column\">\n\t\t\t<div class=\"elementor-widget-wrap elementor-element-populated\">\n\t\t\t\t\t\t\t\t<div class=\"elementor-element elementor-element-65c6c82 elementor-widget elementor-widget-text-editor\" data-id=\"65c6c82\" data-element_type=\"widget\" data-widget_type=\"text-editor.default\">\n\t\t\t\t<div class=\"elementor-widget-container\">\n\t\t\t<style>\/*! elementor - v3.7.1 - 14-08-2022 *\/\n.elementor-widget-text-editor.elementor-drop-cap-view-stacked .elementor-drop-cap{background-color:#818a91;color:#fff}.elementor-widget-text-editor.elementor-drop-cap-view-framed .elementor-drop-cap{color:#818a91;border:3px solid;background-color:transparent}.elementor-widget-text-editor:not(.elementor-drop-cap-view-default) .elementor-drop-cap{margin-top:8px}.elementor-widget-text-editor:not(.elementor-drop-cap-view-default) .elementor-drop-cap-letter{width:1em;height:1em}.elementor-widget-text-editor .elementor-drop-cap{float:left;text-align:center;line-height:1;font-size:50px}.elementor-widget-text-editor .elementor-drop-cap-letter{display:inline-block}<\/style>\t\t\t\t<div id=\"Content\"><div id=\"Translation\"><h3>P\u0158EHLED<\/h3><p><span style=\"font-weight: 400\">Tyto z\u00e1sady ochrany osobn\u00edch \u00fadaj\u016f popisuj\u00ed, jak jsou va\u0161e osobn\u00ed \u00fadaje shroma\u017e\u010fov\u00e1ny, pou\u017e\u00edv\u00e1ny a sd\u00edleny, kdy\u017e nav\u0161t\u00edv\u00edte nebo provedete n\u00e1kup na cheapy-shop.eu (d\u00e1le jen \u201estr\u00e1nka\u201c).<\/span><\/p><h3>OSOBN\u00cd \u00daDAJE, KTER\u00c9 SB\u00cdR\u00c1ME<\/h3><p><span style=\"font-weight: 400\">Kdy\u017e nav\u0161t\u00edv\u00edte Str\u00e1nku, automaticky shroma\u017e\u010fujeme ur\u010dit\u00e9 informace o va\u0161em za\u0159\u00edzen\u00ed, v\u010detn\u011b informac\u00ed o va\u0161em webov\u00e9m prohl\u00ed\u017ee\u010di, IP adrese, \u010dasov\u00e9m p\u00e1smu a n\u011bkter\u00fdch cookies, kter\u00e9 jsou nainstalov\u00e1ny na va\u0161em za\u0159\u00edzen\u00ed. Krom\u011b toho, kdy\u017e si prohl\u00ed\u017e\u00edte web, shroma\u017e\u010fujeme informace o jednotliv\u00fdch webov\u00fdch str\u00e1nk\u00e1ch nebo produktech, kter\u00e9 si prohl\u00ed\u017e\u00edte, jak\u00e9 weby nebo hledan\u00e9 v\u00fdrazy v\u00e1s na web odk\u00e1zaly a informace o tom, jak s webem komunikujete. Tyto automaticky shroma\u017e\u010fovan\u00e9 informace ozna\u010dujeme jako \u201eInformace o za\u0159\u00edzen\u00ed\u201c.<\/span><\/p><p><span style=\"font-weight: 400\">Informace o za\u0159\u00edzen\u00ed shroma\u017e\u010fujeme pomoc\u00ed n\u00e1sleduj\u00edc\u00edch technologi\u00ed:<\/span><\/p><p><span style=\"font-weight: 400\">&#8211; \u201eCookies\u201c jsou datov\u00e9 soubory, kter\u00e9 jsou um\u00edst\u011bny na va\u0161em za\u0159\u00edzen\u00ed nebo po\u010d\u00edta\u010di a \u010dasto obsahuj\u00ed anonymn\u00ed jedine\u010dn\u00fd identifik\u00e1tor. Dal\u0161\u00ed informace o souborech cookie a o tom, jak soubory cookie zak\u00e1zat, naleznete na adrese https:\/\/www.allaboutcookies.org.<\/span><\/p><p><span style=\"font-weight: 400\">&#8211; \u201eSoubory protokol\u016f\u201c sleduj\u00ed akce prob\u00edhaj\u00edc\u00ed na Str\u00e1nk\u00e1ch a shroma\u017e\u010fuj\u00ed data v\u010detn\u011b va\u0161\u00ed IP adresy, typu prohl\u00ed\u017ee\u010de, poskytovatele internetov\u00fdch slu\u017eeb, odkazuj\u00edc\u00edch\/v\u00fdstupn\u00edch str\u00e1nek a datov\u00fdch\/\u010dasov\u00fdch raz\u00edtek.<\/span><\/p><p><span style=\"font-weight: 400\">&#8211; \u201eWeb beacons\u201c, \u201etagy\u201c a \u201epixely\u201c jsou elektronick\u00e9 soubory pou\u017e\u00edvan\u00e9 k z\u00e1znamu informac\u00ed o tom, jak si prohl\u00ed\u017e\u00edte str\u00e1nky.<\/span><\/p><p><span style=\"font-weight: 400\">Krom\u011b toho, kdy\u017e provedete n\u00e1kup nebo se pokus\u00edte o n\u00e1kup prost\u0159ednictv\u00edm webu, shroma\u017e\u010fujeme od v\u00e1s ur\u010dit\u00e9 informace, v\u010detn\u011b va\u0161eho jm\u00e9na, faktura\u010dn\u00ed adresy, dodac\u00ed adresy, platebn\u00edch \u00fadaj\u016f (v\u010detn\u011b \u010d\u00edsel kreditn\u00edch karet), e-mailov\u00e9 adresy a telefonn\u00edho \u010d\u00edsla. Tyto informace ozna\u010dujeme jako \u201eInformace o objedn\u00e1vce\u201c.<\/span><\/p><p><span style=\"font-weight: 400\">Kdy\u017e v t\u011bchto Z\u00e1sad\u00e1ch ochrany osobn\u00edch \u00fadaj\u016f hovo\u0159\u00edme o \u201eosobn\u00edch \u00fadaj\u00edch\u201c, m\u00e1me na mysli informace o za\u0159\u00edzen\u00ed i informace o objedn\u00e1vce.<\/span><\/p><h3>JAK POU\u017d\u00cdV\u00c1ME VA\u0160E OSOBN\u00cd \u00daDAJE?<\/h3><p><span style=\"font-weight: 400\">\u00dadaje o objedn\u00e1vce, kter\u00e9 obecn\u011b shroma\u017e\u010fujeme, pou\u017e\u00edv\u00e1me k pln\u011bn\u00ed jak\u00fdchkoli objedn\u00e1vek zadan\u00fdch prost\u0159ednictv\u00edm webu (v\u010detn\u011b zpracov\u00e1n\u00ed va\u0161ich platebn\u00edch \u00fadaj\u016f, zaji\u0161t\u011bn\u00ed dopravy a poskytov\u00e1n\u00ed faktur a\/nebo potvrzen\u00ed objedn\u00e1vek). Tyto informace o objedn\u00e1vce d\u00e1le pou\u017e\u00edv\u00e1me k:<\/span><\/p><p><span style=\"font-weight: 400\">komunikaci s v\u00e1mi;<\/span><\/p><p><span style=\"font-weight: 400\">Prov\u011b\u0159ujte na\u0161e objedn\u00e1vky z hlediska potenci\u00e1ln\u00edho rizika nebo podvodu; a<\/span><\/p><p><span style=\"font-weight: 400\">Pokud jsou v souladu s preferencemi, kter\u00e9 jste s n\u00e1mi sd\u00edleli, poskytn\u011bte v\u00e1m informace nebo reklamu t\u00fdkaj\u00edc\u00ed se na\u0161ich produkt\u016f nebo slu\u017eeb.<\/span><\/p><p><span style=\"font-weight: 400\">Informace o za\u0159\u00edzen\u00ed, kter\u00e9 shroma\u017e\u010fujeme, pou\u017e\u00edv\u00e1me k tomu, abychom n\u00e1m pomohli prov\u011b\u0159it potenci\u00e1ln\u00ed rizika a podvody (zejm\u00e9na va\u0161i IP adresu) a obecn\u011bji k vylep\u0161en\u00ed a optimalizaci na\u0161ich str\u00e1nek (nap\u0159\u00edklad generov\u00e1n\u00edm anal\u00fdz o tom, jak na\u0161i z\u00e1kazn\u00edci proch\u00e1zej\u00ed a jak s nimi interaguj\u00ed). str\u00e1nky a k posouzen\u00ed \u00fasp\u011b\u0161nosti na\u0161ich marketingov\u00fdch a reklamn\u00edch kampan\u00ed).<\/span><\/p><h3>SD\u00cdLEN\u00cd VA\u0160ICH OSOBN\u00cdCH \u00daDAJ\u016e Va\u0161e osobn\u00ed \u00fadaje<\/h3><p><span style=\"font-weight: 400\">sd\u00edl\u00edme s t\u0159et\u00edmi stranami, abychom n\u00e1m pomohli pou\u017e\u00edvat va\u0161e osobn\u00ed \u00fadaje, jak je pops\u00e1no v\u00fd\u0161e. Pou\u017e\u00edv\u00e1me tak\u00e9 slu\u017ebu Google Analytics, kter\u00e1 n\u00e1m pom\u00e1h\u00e1 porozum\u011bt tomu, jak na\u0161i z\u00e1kazn\u00edci pou\u017e\u00edvaj\u00ed str\u00e1nky \u2013 v\u00edce o tom, jak Google pou\u017e\u00edv\u00e1 va\u0161e osobn\u00ed \u00fadaje, si m\u016f\u017eete p\u0159e\u010d\u00edst zde: https:\/\/www.google.com\/intl\/cs\/policies\/privacy\/. M\u016f\u017eete se tak\u00e9 odhl\u00e1sit ze slu\u017eby Google Analytics zde: https:\/\/tools.google.com\/dlpage\/gaoptout.<\/span><\/p><p><span style=\"font-weight: 400\">A kone\u010dn\u011b m\u016f\u017eeme tak\u00e9 sd\u00edlet va\u0161e osobn\u00ed \u00fadaje, abychom dodr\u017eeli platn\u00e9 z\u00e1kony a p\u0159edpisy, abychom reagovali na p\u0159edvol\u00e1n\u00ed, p\u0159\u00edkaz k prohl\u00eddce nebo jinou z\u00e1konnou \u017e\u00e1dost o informace, kter\u00e9 obdr\u017e\u00edme, nebo abychom jinak chr\u00e1nili na\u0161e pr\u00e1va.<\/span><\/p><h3>BEHAVIOR\u00c1LN\u00cd REKLAMA<\/h3><p><span style=\"font-weight: 400\">Jak je pops\u00e1no v\u00fd\u0161e, pou\u017e\u00edv\u00e1me va\u0161e osobn\u00ed \u00fadaje, abychom v\u00e1m mohli poskytovat c\u00edlen\u00e9 reklamy nebo marketingov\u00e1 sd\u011blen\u00ed, o kter\u00fdch se domn\u00edv\u00e1me, \u017ee by v\u00e1s mohli zaj\u00edmat. Dal\u0161\u00ed informace o tom, jak funguje c\u00edlen\u00e1 reklama, m\u016f\u017eete nav\u0161t\u00edvit na vzd\u011bl\u00e1vac\u00ed str\u00e1nce iniciativy Network Advertising Initiative (\u201cNAI\u201d) na adrese https:\/\/www.networkadvertising.org\/understanding-online-advertising\/how-does-it-work.<\/span><\/p><p><span style=\"font-weight: 400\">Z c\u00edlen\u00e9 reklamy se m\u016f\u017eete odhl\u00e1sit na:<\/span><\/p><p><span style=\"font-weight: 400\">FACEBOOK \u2013 https:\/\/www.facebook.com\/settings\/?tab=ads<\/span><\/p><p><span style=\"font-weight: 400\">GOOGLE \u2013 https:\/\/www.google.com\/settings\/ads\/anonymn\u00ed<\/span><\/p><p><span style=\"font-weight: 400\">BING \u2013 https:\/\/ advertise.bingads.microsoft.com\/en-us\/resources\/policies\/personalized-ads<\/span><\/p><p><span style=\"font-weight: 400\">Krom\u011b toho se m\u016f\u017eete odhl\u00e1sit z n\u011bkter\u00fdch z t\u011bchto slu\u017eeb n\u00e1v\u0161t\u011bvou odhla\u0161ovac\u00edho port\u00e1lu Digital Advertising Alliance na adrese: https:\/\/optout.aboutads. info\/.<\/span><\/p><h3>NESLEDOVAT<\/h3><p><span style=\"font-weight: 400\">Vezm\u011bte pros\u00edm na v\u011bdom\u00ed, \u017ee nem\u011bn\u00edme postupy shroma\u017e\u010fov\u00e1n\u00ed \u00fadaj\u016f a pou\u017e\u00edv\u00e1n\u00ed na\u0161ich str\u00e1nek, kdy\u017e z va\u0161eho prohl\u00ed\u017ee\u010de zaznamen\u00e1me sign\u00e1l Do Not Track.<\/span><\/p><h3>VA\u0160E PR\u00c1VA<\/h3><p><span style=\"font-weight: 400\">Pokud jste evropsk\u00fdm rezidentem, m\u00e1te pr\u00e1vo na p\u0159\u00edstup k osobn\u00edm \u00fadaj\u016fm, kter\u00e9 o v\u00e1s uchov\u00e1v\u00e1me, a pr\u00e1vo po\u017e\u00e1dat o opravu, aktualizaci nebo vymaz\u00e1n\u00ed va\u0161ich osobn\u00edch \u00fadaj\u016f. Pokud chcete toto pr\u00e1vo uplatnit, kontaktujte n\u00e1s prost\u0159ednictv\u00edm n\u00ed\u017ee uveden\u00fdch kontaktn\u00edch \u00fadaj\u016f.<\/span><\/p><p><span style=\"font-weight: 400\">Krom\u011b toho, pokud jste evropsk\u00fdm rezidentem, bereme na v\u011bdom\u00ed, \u017ee zpracov\u00e1v\u00e1me va\u0161e \u00fadaje za \u00fa\u010delem pln\u011bn\u00ed smluv, kter\u00e9 s v\u00e1mi m\u016f\u017eeme m\u00edt (nap\u0159\u00edklad pokud prost\u0159ednictv\u00edm webu zad\u00e1te objedn\u00e1vku), nebo jinak, abychom sledovali na\u0161e opr\u00e1vn\u011bn\u00e9 obchodn\u00ed z\u00e1jmy uveden\u00e9 v\u00fd\u0161e.<\/span><\/p><h3>UCHOV\u00c1V\u00c1N\u00cd DAT<\/h3><p><span style=\"font-weight: 400\">Kdy\u017e zad\u00e1te objedn\u00e1vku prost\u0159ednictv\u00edm webu, budeme uchov\u00e1vat informace o va\u0161\u00ed objedn\u00e1vce pro na\u0161i evidenci, dokud a dokud n\u00e1s nepo\u017e\u00e1d\u00e1te o odstran\u011bn\u00ed t\u011bchto informac\u00ed.<\/span><\/p><h3>NEZLETIL\u00c9<\/h3><p><span style=\"font-weight: 400\">Str\u00e1nky nejsou ur\u010deny pro osoby mlad\u0161\u00ed 18 let.<\/span><\/p><h3>ZM\u011aNY<\/h3><p><span style=\"font-weight: 400\">Tyto z\u00e1sady ochrany osobn\u00edch \u00fadaj\u016f m\u016f\u017eeme \u010das od \u010dasu aktualizovat, aby odr\u00e1\u017eely nap\u0159\u00edklad zm\u011bny v na\u0161ich postupech nebo z jin\u00fdch provozn\u00edch, pr\u00e1vn\u00edch nebo regula\u010dn\u00edch d\u016fvod\u016f.<\/span><\/p><h3>KONTAKTUJTE N\u00c1S<\/h3><p><span style=\"font-weight: 400\">Pro v\u00edce informac\u00ed o na\u0161ich postupech ochrany osobn\u00edch \u00fadaj\u016f, pokud m\u00e1te dotazy nebo chcete podat st\u00ed\u017enost, kontaktujte n\u00e1s e-mailem na adrese admin@cheapy-shop.eu<\/span><\/p><\/div><\/div>\t\t\t\t\t\t<\/div>\n\t\t\t\t<\/div>\n\t\t\t\t\t<\/div>\n\t\t<\/div>\n\t\t\t\t\t\t\t<\/div>\n\t\t<\/section>\n\t\t\t\t<section class=\"elementor-section elementor-top-section elementor-element elementor-element-92dbc70 elementor-section-boxed elementor-section-height-default elementor-section-height-default\" data-id=\"92dbc70\" data-element_type=\"section\" data-settings=\"{&quot;background_background&quot;:&quot;classic&quot;}\">\n\t\t\t\t\t\t<div class=\"elementor-container elementor-column-gap-default\">\n\t\t\t\t\t<div class=\"elementor-column elementor-col-25 elementor-top-column elementor-element elementor-element-ad6784f\" data-id=\"ad6784f\" data-element_type=\"column\">\n\t\t\t<div class=\"elementor-widget-wrap elementor-element-populated\">\n\t\t\t\t\t\t\t\t<div class=\"elementor-element elementor-element-3aaabe0 elementor-view-framed elementor-position-left elementor-shape-circle elementor-mobile-position-top elementor-vertical-align-top elementor-widget elementor-widget-icon-box\" data-id=\"3aaabe0\" data-element_type=\"widget\" data-widget_type=\"icon-box.default\">\n\t\t\t\t<div class=\"elementor-widget-container\">\n\t\t\t<link rel=\"stylesheet\" href=\"https:\/\/www.cheapy-shop.eu\/cz\/wp-content\/plugins\/elementor\/assets\/css\/widget-icon-box.min.css\">\t\t<div class=\"elementor-icon-box-wrapper\">\n\t\t\t\t\t\t<div class=\"elementor-icon-box-icon\">\n\t\t\t\t<span class=\"elementor-icon elementor-animation-\" >\n\t\t\t\t<i aria-hidden=\"true\" class=\"fas fa-user-check\"><\/i>\t\t\t\t<\/span>\n\t\t\t<\/div>\n\t\t\t\t\t\t<div class=\"elementor-icon-box-content\">\n\t\t\t\t<h3 class=\"elementor-icon-box-title\">\n\t\t\t\t\t<span  >\n\t\t\t\t\t\t100% zabezpe\u010deno\t\t\t\t\t<\/span>\n\t\t\t\t<\/h3>\n\t\t\t\t\t\t\t<\/div>\n\t\t<\/div>\n\t\t\t\t<\/div>\n\t\t\t\t<\/div>\n\t\t\t\t\t<\/div>\n\t\t<\/div>\n\t\t\t\t<div class=\"elementor-column elementor-col-25 elementor-top-column elementor-element elementor-element-7b4547d\" data-id=\"7b4547d\" data-element_type=\"column\">\n\t\t\t<div class=\"elementor-widget-wrap elementor-element-populated\">\n\t\t\t\t\t\t\t\t<div class=\"elementor-element elementor-element-82496b8 elementor-view-framed elementor-position-left elementor-shape-circle elementor-mobile-position-top elementor-vertical-align-top elementor-widget elementor-widget-icon-box\" data-id=\"82496b8\" data-element_type=\"widget\" data-widget_type=\"icon-box.default\">\n\t\t\t\t<div class=\"elementor-widget-container\">\n\t\t\t\t\t<div class=\"elementor-icon-box-wrapper\">\n\t\t\t\t\t\t<div class=\"elementor-icon-box-icon\">\n\t\t\t\t<span class=\"elementor-icon elementor-animation-\" >\n\t\t\t\t<i aria-hidden=\"true\" class=\"fas fa-truck\"><\/i>\t\t\t\t<\/span>\n\t\t\t<\/div>\n\t\t\t\t\t\t<div class=\"elementor-icon-box-content\">\n\t\t\t\t<h3 class=\"elementor-icon-box-title\">\n\t\t\t\t\t<span  >\n\t\t\t\t\t\tRychl\u00e9 odesl\u00e1n\u00ed\t\t\t\t\t<\/span>\n\t\t\t\t<\/h3>\n\t\t\t\t\t\t\t<\/div>\n\t\t<\/div>\n\t\t\t\t<\/div>\n\t\t\t\t<\/div>\n\t\t\t\t\t<\/div>\n\t\t<\/div>\n\t\t\t\t<div class=\"elementor-column elementor-col-25 elementor-top-column elementor-element elementor-element-1f8387c\" data-id=\"1f8387c\" data-element_type=\"column\">\n\t\t\t<div class=\"elementor-widget-wrap elementor-element-populated\">\n\t\t\t\t\t\t\t\t<div class=\"elementor-element elementor-element-6d5fdde elementor-view-framed elementor-position-left elementor-shape-circle elementor-mobile-position-top elementor-vertical-align-top elementor-widget elementor-widget-icon-box\" data-id=\"6d5fdde\" data-element_type=\"widget\" data-widget_type=\"icon-box.default\">\n\t\t\t\t<div class=\"elementor-widget-container\">\n\t\t\t\t\t<div class=\"elementor-icon-box-wrapper\">\n\t\t\t\t\t\t<div class=\"elementor-icon-box-icon\">\n\t\t\t\t<span class=\"elementor-icon elementor-animation-\" >\n\t\t\t\t<i aria-hidden=\"true\" class=\"fas fa-star\"><\/i>\t\t\t\t<\/span>\n\t\t\t<\/div>\n\t\t\t\t\t\t<div class=\"elementor-icon-box-content\">\n\t\t\t\t<h3 class=\"elementor-icon-box-title\">\n\t\t\t\t\t<span  >\n\t\t\t\t\t\tNejlep\u0161\u00ed kvalita\t\t\t\t\t<\/span>\n\t\t\t\t<\/h3>\n\t\t\t\t\t\t\t<\/div>\n\t\t<\/div>\n\t\t\t\t<\/div>\n\t\t\t\t<\/div>\n\t\t\t\t\t<\/div>\n\t\t<\/div>\n\t\t\t\t<div class=\"elementor-column elementor-col-25 elementor-top-column elementor-element elementor-element-141ea6c\" data-id=\"141ea6c\" data-element_type=\"column\">\n\t\t\t<div class=\"elementor-widget-wrap elementor-element-populated\">\n\t\t\t\t\t\t\t\t<div class=\"elementor-element elementor-element-9ef00bc elementor-view-framed elementor-position-left elementor-shape-circle elementor-mobile-position-top elementor-vertical-align-top elementor-widget elementor-widget-icon-box\" data-id=\"9ef00bc\" data-element_type=\"widget\" data-widget_type=\"icon-box.default\">\n\t\t\t\t<div class=\"elementor-widget-container\">\n\t\t\t\t\t<div class=\"elementor-icon-box-wrapper\">\n\t\t\t\t\t\t<div class=\"elementor-icon-box-icon\">\n\t\t\t\t<span class=\"elementor-icon elementor-animation-\" >\n\t\t\t\t<i aria-hidden=\"true\" class=\"fas fa-thumbs-up\"><\/i>\t\t\t\t<\/span>\n\t\t\t<\/div>\n\t\t\t\t\t\t<div class=\"elementor-icon-box-content\">\n\t\t\t\t<h3 class=\"elementor-icon-box-title\">\n\t\t\t\t\t<span  >\n\t\t\t\t\t\t100% spokojenost\t\t\t\t\t<\/span>\n\t\t\t\t<\/h3>\n\t\t\t\t\t\t\t<\/div>\n\t\t<\/div>\n\t\t\t\t<\/div>\n\t\t\t\t<\/div>\n\t\t\t\t\t<\/div>\n\t\t<\/div>\n\t\t\t\t\t\t\t<\/div>\n\t\t<\/section>\n\t\t\t\t\t\t\t<\/div>\n\t\t","protected":false},"excerpt":{"rendered":"<p>Ochrana osobn\u00edch \u00fadaj\u016f P\u0158EHLED Tyto z\u00e1sady ochrany osobn\u00edch \u00fadaj\u016f popisuj\u00ed, jak jsou va\u0161e osobn\u00ed \u00fadaje shroma\u017e\u010fov\u00e1ny, pou\u017e\u00edv\u00e1ny a sd\u00edleny, kdy\u017e nav\u0161t\u00edv\u00edte nebo provedete n\u00e1kup na cheapy-shop.eu (d\u00e1le jen \u201estr\u00e1nka\u201c). OSOBN\u00cd \u00daDAJE, KTER\u00c9 SB\u00cdR\u00c1ME Kdy\u017e nav\u0161t\u00edv\u00edte Str\u00e1nku, automaticky shroma\u017e\u010fujeme ur\u010dit\u00e9 informace o va\u0161em za\u0159\u00edzen\u00ed, v\u010detn\u011b informac\u00ed o va\u0161em webov\u00e9m prohl\u00ed\u017ee\u010di, IP adrese, \u010dasov\u00e9m p\u00e1smu a n\u011bkter\u00fdch [&hellip;]<\/p>\n","protected":false},"author":1,"featured_media":0,"parent":0,"menu_order":0,"comment_status":"closed","ping_status":"closed","template":"elementor_header_footer","meta":{"footnotes":""},"acf":[],"_links":{"self":[{"href":"https:\/\/www.cheapy-shop.eu\/cz\/wp-json\/wp\/v2\/pages\/6"}],"collection":[{"href":"https:\/\/www.cheapy-shop.eu\/cz\/wp-json\/wp\/v2\/pages"}],"about":[{"href":"https:\/\/www.cheapy-shop.eu\/cz\/wp-json\/wp\/v2\/types\/page"}],"author":[{"embeddable":true,"href":"https:\/\/www.cheapy-shop.eu\/cz\/wp-json\/wp\/v2\/users\/1"}],"replies":[{"embeddable":true,"href":"https:\/\/www.cheapy-shop.eu\/cz\/wp-json\/wp\/v2\/comments?post=6"}],"version-history":[{"count":3,"href":"https:\/\/www.cheapy-shop.eu\/cz\/wp-json\/wp\/v2\/pages\/6\/revisions"}],"predecessor-version":[{"id":3106,"href":"https:\/\/www.cheapy-shop.eu\/cz\/wp-json\/wp\/v2\/pages\/6\/revisions\/3106"}],"wp:attachment":[{"href":"https:\/\/www.cheapy-shop.eu\/cz\/wp-json\/wp\/v2\/media?parent=6"}],"curies":[{"name":"wp","href":"https:\/\/api.w.org\/{rel}","templated":true}]}}