{"id":24,"date":"2021-09-06T18:03:25","date_gmt":"2021-09-06T18:03:25","guid":{"rendered":"https:\/\/cheapy-shop.eu\/cz\/?page_id=24"},"modified":"2022-07-01T15:22:18","modified_gmt":"2022-07-01T13:22:18","slug":"reklamacni-rad","status":"publish","type":"page","link":"https:\/\/www.cheapy-shop.eu\/cz\/reklamacni-rad\/","title":{"rendered":"Reklama\u010dn\u00ed \u0159\u00e1d"},"content":{"rendered":"\t\t<div data-elementor-type=\"wp-page\" data-elementor-id=\"24\" class=\"elementor elementor-24\">\n\t\t\t\t\t\t\t\t\t<section class=\"elementor-section elementor-top-section elementor-element elementor-element-faa88a7 elementor-section-boxed elementor-section-height-default elementor-section-height-default\" data-id=\"faa88a7\" data-element_type=\"section\" data-settings=\"{&quot;background_background&quot;:&quot;classic&quot;}\">\n\t\t\t\t\t\t\t<div class=\"elementor-background-overlay\"><\/div>\n\t\t\t\t\t\t\t<div class=\"elementor-container elementor-column-gap-default\">\n\t\t\t\t\t<div class=\"elementor-column elementor-col-100 elementor-top-column elementor-element elementor-element-cd7eec8\" data-id=\"cd7eec8\" data-element_type=\"column\">\n\t\t\t<div class=\"elementor-widget-wrap elementor-element-populated\">\n\t\t\t\t\t\t\t\t<div class=\"elementor-element elementor-element-feaaaf9 elementor-widget elementor-widget-heading\" data-id=\"feaaaf9\" data-element_type=\"widget\" data-widget_type=\"heading.default\">\n\t\t\t\t<div class=\"elementor-widget-container\">\n\t\t\t<style>\/*! elementor - v3.7.1 - 14-08-2022 *\/\n.elementor-heading-title{padding:0;margin:0;line-height:1}.elementor-widget-heading .elementor-heading-title[class*=elementor-size-]>a{color:inherit;font-size:inherit;line-height:inherit}.elementor-widget-heading .elementor-heading-title.elementor-size-small{font-size:15px}.elementor-widget-heading .elementor-heading-title.elementor-size-medium{font-size:19px}.elementor-widget-heading .elementor-heading-title.elementor-size-large{font-size:29px}.elementor-widget-heading .elementor-heading-title.elementor-size-xl{font-size:39px}.elementor-widget-heading .elementor-heading-title.elementor-size-xxl{font-size:59px}<\/style><h2 class=\"elementor-heading-title elementor-size-default\">Reklama\u010dn\u00ed \u0159\u00e1d<\/h2>\t\t<\/div>\n\t\t\t\t<\/div>\n\t\t\t\t\t<\/div>\n\t\t<\/div>\n\t\t\t\t\t\t\t<\/div>\n\t\t<\/section>\n\t\t\t\t<section class=\"elementor-section elementor-top-section elementor-element elementor-element-5acd156 elementor-section-boxed elementor-section-height-default elementor-section-height-default\" data-id=\"5acd156\" data-element_type=\"section\">\n\t\t\t\t\t\t<div class=\"elementor-container elementor-column-gap-default\">\n\t\t\t\t\t<div class=\"elementor-column elementor-col-100 elementor-top-column elementor-element elementor-element-4a44ba0\" data-id=\"4a44ba0\" data-element_type=\"column\">\n\t\t\t<div class=\"elementor-widget-wrap elementor-element-populated\">\n\t\t\t\t\t\t\t\t<div class=\"elementor-element elementor-element-04a4f82 elementor-widget elementor-widget-text-editor\" data-id=\"04a4f82\" data-element_type=\"widget\" data-widget_type=\"text-editor.default\">\n\t\t\t\t<div class=\"elementor-widget-container\">\n\t\t\t<style>\/*! elementor - v3.7.1 - 14-08-2022 *\/\n.elementor-widget-text-editor.elementor-drop-cap-view-stacked .elementor-drop-cap{background-color:#818a91;color:#fff}.elementor-widget-text-editor.elementor-drop-cap-view-framed .elementor-drop-cap{color:#818a91;border:3px solid;background-color:transparent}.elementor-widget-text-editor:not(.elementor-drop-cap-view-default) .elementor-drop-cap{margin-top:8px}.elementor-widget-text-editor:not(.elementor-drop-cap-view-default) .elementor-drop-cap-letter{width:1em;height:1em}.elementor-widget-text-editor .elementor-drop-cap{float:left;text-align:center;line-height:1;font-size:50px}.elementor-widget-text-editor .elementor-drop-cap-letter{display:inline-block}<\/style>\t\t\t\t<div id=\"Content\"><div id=\"Translation\"><h3><span style=\"font-weight: 400\">P\u0158EHLED<\/span><\/h3><p><span style=\"font-weight: 400\">Na\u0161e politika plat\u00ed 14 dn\u00ed. Pokud od n\u00e1kupu uplynulo 14 dn\u00ed, bohu\u017eel v\u00e1m nem\u016f\u017eeme nab\u00eddnout vr\u00e1cen\u00ed pen\u011bz ani v\u00fdm\u011bnu.<\/span><\/p><p><span style=\"font-weight: 400\">Abyste m\u011bli n\u00e1rok na vr\u00e1cen\u00ed, mus\u00ed b\u00fdt va\u0161e polo\u017eka nepou\u017eit\u00e1 a ve stejn\u00e9m stavu, v jak\u00e9m jste ji obdr\u017eeli. Mus\u00ed b\u00fdt tak\u00e9 v origin\u00e1ln\u00edm balen\u00ed.<\/span><\/p><p><span style=\"font-weight: 400\">N\u011bkter\u00e9 druhy zbo\u017e\u00ed jsou osvobozeny od vracen\u00ed. Zbo\u017e\u00ed podl\u00e9haj\u00edc\u00ed rychl\u00e9 zk\u00e1ze, jako jsou potraviny, kv\u011btiny, noviny nebo \u010dasopisy, nelze vr\u00e1tit. Rovn\u011b\u017e nep\u0159ij\u00edm\u00e1me produkty, kter\u00e9 jsou intimn\u00edm nebo hygienick\u00fdm zbo\u017e\u00edm, nebezpe\u010dn\u00fdmi materi\u00e1ly nebo ho\u0159lav\u00fdmi kapalinami \u010di plyny.<\/span><\/p><p><span style=\"font-weight: 400\">Dal\u0161\u00ed nevratn\u00e9 polo\u017eky:<\/span><\/p><p><span style=\"font-weight: 400\">* D\u00e1rkov\u00e9 karty<\/span><\/p><p><span style=\"font-weight: 400\">* Softwarov\u00e9 produkty ke sta\u017een\u00ed<\/span><\/p><p><span style=\"font-weight: 400\">* N\u011bkter\u00e9 polo\u017eky t\u00fdkaj\u00edc\u00ed se zdrav\u00ed a osobn\u00ed p\u00e9\u010de<\/span><\/p><p><span style=\"font-weight: 400\">K dokon\u010den\u00ed vr\u00e1cen\u00ed pot\u0159ebujeme \u00fa\u010dtenku nebo doklad o n\u00e1kupu.<\/span><\/p><p><span style=\"font-weight: 400\">V\u00e1\u0161 n\u00e1kup pros\u00edm nepos\u00edlejte zp\u011bt v\u00fdrobci.<\/span><\/p><p><span style=\"font-weight: 400\">Existuj\u00ed ur\u010dit\u00e9 situace, kdy je poskytov\u00e1no pouze \u010d\u00e1ste\u010dn\u00e9 vr\u00e1cen\u00ed pen\u011bz: (pokud existuje)<\/span><\/p><p><span style=\"font-weight: 400\">* Kniha se zjevn\u00fdmi zn\u00e1mkami pou\u017eit\u00ed<\/span><\/p><p><span style=\"font-weight: 400\">* CD, DVD, kazeta VHS, software, videohra, kazeta nebo vinylov\u00e1 deska, kter\u00e1 byla otev\u0159ena.<\/span><\/p><p><span style=\"font-weight: 400\">* Jak\u00e1koli polo\u017eka, kter\u00e1 nen\u00ed v p\u016fvodn\u00edm stavu, je po\u0161kozen\u00e1 nebo chyb\u00ed \u010d\u00e1sti z d\u016fvod\u016f, kter\u00e9 nebyly zp\u016fsobeny na\u0161\u00ed chybou.<\/span><\/p><p><span style=\"font-weight: 400\">* Jak\u00e1koli polo\u017eka, kter\u00e1 je vr\u00e1cena v\u00edce ne\u017e 14 dn\u00ed po doru\u010den\u00ed<\/span><\/p><h3><span style=\"font-weight: 400\">VR\u00c1T\u00cdME N\u00c1HRADY<\/span><\/h3><p><span style=\"font-weight: 400\">Jakmile bude va\u0161e vr\u00e1cen\u00e9 zbo\u017e\u00ed p\u0159ijato a zkontrolov\u00e1no, za\u0161leme v\u00e1m e-mail s ozn\u00e1men\u00edm, \u017ee jsme va\u0161i vr\u00e1cenou polo\u017eku obdr\u017eeli. Budeme v\u00e1s tak\u00e9 informovat o schv\u00e1len\u00ed nebo zam\u00edtnut\u00ed va\u0161\u00ed refundace.<\/span><\/p><p><span style=\"font-weight: 400\">Pokud budete schv\u00e1leni, bude va\u0161e refundace zpracov\u00e1na a kredit bude automaticky p\u0159ips\u00e1n na va\u0161i kreditn\u00ed kartu nebo p\u016fvodn\u00ed zp\u016fsob platby b\u011bhem ur\u010dit\u00e9ho po\u010dtu dn\u00ed.<\/span><\/p><h3><span style=\"font-weight: 400\">ZPO\u017dD\u011aN\u00c9 NEBO CHYB\u011aJ\u00cdC\u00cd VR\u00c1CEN\u00cd PEN\u011aZ<\/span><\/h3><p><span style=\"font-weight: 400\">Pokud jste je\u0161t\u011b neobdr\u017eeli refundaci, nejprve znovu zkontrolujte sv\u016fj bankovn\u00ed \u00fa\u010det.<\/span><\/p><p><span style=\"font-weight: 400\">Pot\u00e9 kontaktujte spole\u010dnost, kter\u00e1 vydala va\u0161i kreditn\u00ed kartu, m\u016f\u017ee n\u011bjakou dobu trvat, ne\u017e bude va\u0161e refundace ofici\u00e1ln\u011b odesl\u00e1na.<\/span><\/p><p><span style=\"font-weight: 400\">D\u00e1le kontaktujte svou banku. P\u0159ed odesl\u00e1n\u00edm refundace \u010dasto trv\u00e1 ur\u010dit\u00e1 doba na zpracov\u00e1n\u00ed.<\/span><\/p><p><span style=\"font-weight: 400\">Pokud jste toto v\u0161e provedli a st\u00e1le jste neobdr\u017eeli refundaci, kontaktujte n\u00e1s pros\u00edm na adrese admin@cheapy-shop.eu.<\/span><\/p><h3><span style=\"font-weight: 400\">AK\u010cN\u00cd POLO\u017dKY<\/span><\/h3><p><span style=\"font-weight: 400\">Pen\u00edze lze vr\u00e1tit pouze za zbo\u017e\u00ed s b\u011b\u017enou cenou, bohu\u017eel za zbo\u017e\u00ed ve v\u00fdprodeji nelze vr\u00e1tit pen\u00edze.<\/span><\/p><h3><span style=\"font-weight: 400\">V\u00ddM\u011aNY<\/span><\/h3><p><span style=\"font-weight: 400\">Polo\u017eky vym\u011b\u0148ujeme pouze v p\u0159\u00edpad\u011b, \u017ee jsou vadn\u00e9 nebo po\u0161kozen\u00e9. Pokud jej pot\u0159ebujete vym\u011bnit za stejn\u00e9 zbo\u017e\u00ed, po\u0161lete n\u00e1m e-mail na adresu admin@cheapy-shop.eu.<\/span><\/p><h3><span style=\"font-weight: 400\">D\u00c1RKY<\/span><\/h3><p><span style=\"font-weight: 400\">Pokud byla polo\u017eka p\u0159i n\u00e1kupu ozna\u010dena jako d\u00e1rek a byla odesl\u00e1na p\u0159\u00edmo v\u00e1m, obdr\u017e\u00edte d\u00e1rkov\u00fd kredit v hodnot\u011b vr\u00e1cen\u00e9ho zbo\u017e\u00ed. Po obdr\u017een\u00ed vr\u00e1cen\u00e9ho zbo\u017e\u00ed v\u00e1m bude zasl\u00e1n d\u00e1rkov\u00fd certifik\u00e1t.<\/span><\/p><p><span style=\"font-weight: 400\">Pokud polo\u017eka nebyla p\u0159i n\u00e1kupu ozna\u010dena jako d\u00e1rek nebo si d\u00e1rce nechal objedn\u00e1vku odeslat, aby v\u00e1m ji dal pozd\u011bji, vr\u00e1t\u00edme d\u00e1rci pen\u00edze a on se dozv\u00ed o va\u0161em vr\u00e1cen\u00ed.<\/span><\/p><h3><span style=\"font-weight: 400\">DOPRAVA<\/span><\/h3><p><span style=\"font-weight: 400\">Pro vr\u00e1cen\u00ed produktu n\u00e1m za\u0161lete e-mail na adresu admin@cheapy-shop.eu.<\/span><\/p><p><span style=\"font-weight: 400\">Budete odpov\u011bdn\u00ed za uhrazen\u00ed vlastn\u00edch n\u00e1klad\u016f na dopravu za vr\u00e1cen\u00ed polo\u017eky. N\u00e1klady na dopravu jsou nevratn\u00e9. Pokud obdr\u017e\u00edte n\u00e1hradu, n\u00e1klady na zp\u00e1te\u010dn\u00ed dopravu budou ode\u010dteny z va\u0161\u00ed refundace.<\/span><\/p><p><span style=\"font-weight: 400\">V z\u00e1vislosti na tom, kde \u017eijete, se m\u016f\u017ee doba, za kterou se k v\u00e1m vym\u011bn\u011bn\u00fd produkt dostane, li\u0161it.<\/span><\/p><p><span style=\"font-weight: 400\">M\u011bli byste zv\u00e1\u017eit pou\u017eit\u00ed sledovateln\u00e9 p\u0159epravn\u00ed slu\u017eby nebo zakoupen\u00ed poji\u0161t\u011bn\u00ed p\u0159epravy. Nezaru\u010dujeme, \u017ee obdr\u017e\u00edme va\u0161i vr\u00e1cenou polo\u017eku.<\/span><\/p><\/div><\/div>\t\t\t\t\t\t<\/div>\n\t\t\t\t<\/div>\n\t\t\t\t\t<\/div>\n\t\t<\/div>\n\t\t\t\t\t\t\t<\/div>\n\t\t<\/section>\n\t\t\t\t<section class=\"elementor-section elementor-top-section elementor-element elementor-element-6b23d62 elementor-section-boxed elementor-section-height-default elementor-section-height-default\" data-id=\"6b23d62\" data-element_type=\"section\" data-settings=\"{&quot;background_background&quot;:&quot;classic&quot;}\">\n\t\t\t\t\t\t<div class=\"elementor-container elementor-column-gap-default\">\n\t\t\t\t\t<div class=\"elementor-column elementor-col-25 elementor-top-column elementor-element elementor-element-ff6b93d\" data-id=\"ff6b93d\" data-element_type=\"column\">\n\t\t\t<div class=\"elementor-widget-wrap elementor-element-populated\">\n\t\t\t\t\t\t\t\t<div class=\"elementor-element elementor-element-031e172 elementor-view-framed elementor-position-left elementor-shape-circle elementor-mobile-position-top elementor-vertical-align-top elementor-widget elementor-widget-icon-box\" data-id=\"031e172\" data-element_type=\"widget\" data-widget_type=\"icon-box.default\">\n\t\t\t\t<div class=\"elementor-widget-container\">\n\t\t\t<link rel=\"stylesheet\" href=\"https:\/\/www.cheapy-shop.eu\/cz\/wp-content\/plugins\/elementor\/assets\/css\/widget-icon-box.min.css\">\t\t<div class=\"elementor-icon-box-wrapper\">\n\t\t\t\t\t\t<div class=\"elementor-icon-box-icon\">\n\t\t\t\t<span class=\"elementor-icon elementor-animation-\" >\n\t\t\t\t<i aria-hidden=\"true\" class=\"fas fa-user-check\"><\/i>\t\t\t\t<\/span>\n\t\t\t<\/div>\n\t\t\t\t\t\t<div class=\"elementor-icon-box-content\">\n\t\t\t\t<h3 class=\"elementor-icon-box-title\">\n\t\t\t\t\t<span  >\n\t\t\t\t\t\t100% zabezpe\u010deno\t\t\t\t\t<\/span>\n\t\t\t\t<\/h3>\n\t\t\t\t\t\t\t<\/div>\n\t\t<\/div>\n\t\t\t\t<\/div>\n\t\t\t\t<\/div>\n\t\t\t\t\t<\/div>\n\t\t<\/div>\n\t\t\t\t<div class=\"elementor-column elementor-col-25 elementor-top-column elementor-element elementor-element-3db0fd8\" data-id=\"3db0fd8\" data-element_type=\"column\">\n\t\t\t<div class=\"elementor-widget-wrap elementor-element-populated\">\n\t\t\t\t\t\t\t\t<div class=\"elementor-element elementor-element-7ede088 elementor-view-framed elementor-position-left elementor-shape-circle elementor-mobile-position-top elementor-vertical-align-top elementor-widget elementor-widget-icon-box\" data-id=\"7ede088\" data-element_type=\"widget\" data-widget_type=\"icon-box.default\">\n\t\t\t\t<div class=\"elementor-widget-container\">\n\t\t\t\t\t<div class=\"elementor-icon-box-wrapper\">\n\t\t\t\t\t\t<div class=\"elementor-icon-box-icon\">\n\t\t\t\t<span class=\"elementor-icon elementor-animation-\" >\n\t\t\t\t<i aria-hidden=\"true\" class=\"fas fa-truck\"><\/i>\t\t\t\t<\/span>\n\t\t\t<\/div>\n\t\t\t\t\t\t<div class=\"elementor-icon-box-content\">\n\t\t\t\t<h3 class=\"elementor-icon-box-title\">\n\t\t\t\t\t<span  >\n\t\t\t\t\t\tRychl\u00e9 odesl\u00e1n\u00ed\t\t\t\t\t<\/span>\n\t\t\t\t<\/h3>\n\t\t\t\t\t\t\t<\/div>\n\t\t<\/div>\n\t\t\t\t<\/div>\n\t\t\t\t<\/div>\n\t\t\t\t\t<\/div>\n\t\t<\/div>\n\t\t\t\t<div class=\"elementor-column elementor-col-25 elementor-top-column elementor-element elementor-element-f5ffc56\" data-id=\"f5ffc56\" data-element_type=\"column\">\n\t\t\t<div class=\"elementor-widget-wrap elementor-element-populated\">\n\t\t\t\t\t\t\t\t<div class=\"elementor-element elementor-element-ab6c0c4 elementor-view-framed elementor-position-left elementor-shape-circle elementor-mobile-position-top elementor-vertical-align-top elementor-widget elementor-widget-icon-box\" data-id=\"ab6c0c4\" data-element_type=\"widget\" data-widget_type=\"icon-box.default\">\n\t\t\t\t<div class=\"elementor-widget-container\">\n\t\t\t\t\t<div class=\"elementor-icon-box-wrapper\">\n\t\t\t\t\t\t<div class=\"elementor-icon-box-icon\">\n\t\t\t\t<span class=\"elementor-icon elementor-animation-\" >\n\t\t\t\t<i aria-hidden=\"true\" class=\"fas fa-star\"><\/i>\t\t\t\t<\/span>\n\t\t\t<\/div>\n\t\t\t\t\t\t<div class=\"elementor-icon-box-content\">\n\t\t\t\t<h3 class=\"elementor-icon-box-title\">\n\t\t\t\t\t<span  >\n\t\t\t\t\t\tNejlep\u0161\u00ed kvalita\t\t\t\t\t<\/span>\n\t\t\t\t<\/h3>\n\t\t\t\t\t\t\t<\/div>\n\t\t<\/div>\n\t\t\t\t<\/div>\n\t\t\t\t<\/div>\n\t\t\t\t\t<\/div>\n\t\t<\/div>\n\t\t\t\t<div class=\"elementor-column elementor-col-25 elementor-top-column elementor-element elementor-element-8cc8a1a\" data-id=\"8cc8a1a\" data-element_type=\"column\">\n\t\t\t<div class=\"elementor-widget-wrap elementor-element-populated\">\n\t\t\t\t\t\t\t\t<div class=\"elementor-element elementor-element-6a396c9 elementor-view-framed elementor-position-left elementor-shape-circle elementor-mobile-position-top elementor-vertical-align-top elementor-widget elementor-widget-icon-box\" data-id=\"6a396c9\" data-element_type=\"widget\" data-widget_type=\"icon-box.default\">\n\t\t\t\t<div class=\"elementor-widget-container\">\n\t\t\t\t\t<div class=\"elementor-icon-box-wrapper\">\n\t\t\t\t\t\t<div class=\"elementor-icon-box-icon\">\n\t\t\t\t<span class=\"elementor-icon elementor-animation-\" >\n\t\t\t\t<i aria-hidden=\"true\" class=\"fas fa-thumbs-up\"><\/i>\t\t\t\t<\/span>\n\t\t\t<\/div>\n\t\t\t\t\t\t<div class=\"elementor-icon-box-content\">\n\t\t\t\t<h3 class=\"elementor-icon-box-title\">\n\t\t\t\t\t<span  >\n\t\t\t\t\t\t100% spokojenost\t\t\t\t\t<\/span>\n\t\t\t\t<\/h3>\n\t\t\t\t\t\t\t<\/div>\n\t\t<\/div>\n\t\t\t\t<\/div>\n\t\t\t\t<\/div>\n\t\t\t\t\t<\/div>\n\t\t<\/div>\n\t\t\t\t\t\t\t<\/div>\n\t\t<\/section>\n\t\t\t\t\t\t\t<\/div>\n\t\t","protected":false},"excerpt":{"rendered":"<p>Reklama\u010dn\u00ed \u0159\u00e1d P\u0158EHLED Na\u0161e politika plat\u00ed 14 dn\u00ed. Pokud od n\u00e1kupu uplynulo 14 dn\u00ed, bohu\u017eel v\u00e1m nem\u016f\u017eeme nab\u00eddnout vr\u00e1cen\u00ed pen\u011bz ani v\u00fdm\u011bnu. Abyste m\u011bli n\u00e1rok na vr\u00e1cen\u00ed, mus\u00ed b\u00fdt va\u0161e polo\u017eka nepou\u017eit\u00e1 a ve stejn\u00e9m stavu, v jak\u00e9m jste ji obdr\u017eeli. Mus\u00ed b\u00fdt tak\u00e9 v origin\u00e1ln\u00edm balen\u00ed. N\u011bkter\u00e9 druhy zbo\u017e\u00ed jsou osvobozeny od vracen\u00ed. Zbo\u017e\u00ed [&hellip;]<\/p>\n","protected":false},"author":1,"featured_media":0,"parent":0,"menu_order":0,"comment_status":"closed","ping_status":"closed","template":"","meta":{"footnotes":""},"acf":[],"_links":{"self":[{"href":"https:\/\/www.cheapy-shop.eu\/cz\/wp-json\/wp\/v2\/pages\/24"}],"collection":[{"href":"https:\/\/www.cheapy-shop.eu\/cz\/wp-json\/wp\/v2\/pages"}],"about":[{"href":"https:\/\/www.cheapy-shop.eu\/cz\/wp-json\/wp\/v2\/types\/page"}],"author":[{"embeddable":true,"href":"https:\/\/www.cheapy-shop.eu\/cz\/wp-json\/wp\/v2\/users\/1"}],"replies":[{"embeddable":true,"href":"https:\/\/www.cheapy-shop.eu\/cz\/wp-json\/wp\/v2\/comments?post=24"}],"version-history":[{"count":3,"href":"https:\/\/www.cheapy-shop.eu\/cz\/wp-json\/wp\/v2\/pages\/24\/revisions"}],"predecessor-version":[{"id":3112,"href":"https:\/\/www.cheapy-shop.eu\/cz\/wp-json\/wp\/v2\/pages\/24\/revisions\/3112"}],"wp:attachment":[{"href":"https:\/\/www.cheapy-shop.eu\/cz\/wp-json\/wp\/v2\/media?parent=24"}],"curies":[{"name":"wp","href":"https:\/\/api.w.org\/{rel}","templated":true}]}}