{"id":24,"date":"2021-09-06T18:03:25","date_gmt":"2021-09-06T18:03:25","guid":{"rendered":"https:\/\/cheapy-shop.eu\/at\/?page_id=24"},"modified":"2022-07-01T15:18:20","modified_gmt":"2022-07-01T13:18:20","slug":"ruecknahmegarantie","status":"publish","type":"page","link":"https:\/\/www.cheapy-shop.eu\/at\/ruecknahmegarantie\/","title":{"rendered":"R\u00fccknahmegarantie"},"content":{"rendered":"\t\t<div data-elementor-type=\"wp-page\" data-elementor-id=\"24\" class=\"elementor elementor-24\">\n\t\t\t\t\t\t\t\t\t<section class=\"elementor-section elementor-top-section elementor-element elementor-element-faa88a7 elementor-section-boxed elementor-section-height-default elementor-section-height-default\" data-id=\"faa88a7\" data-element_type=\"section\" data-settings=\"{&quot;background_background&quot;:&quot;classic&quot;}\">\n\t\t\t\t\t\t\t<div class=\"elementor-background-overlay\"><\/div>\n\t\t\t\t\t\t\t<div class=\"elementor-container elementor-column-gap-default\">\n\t\t\t\t\t<div class=\"elementor-column elementor-col-100 elementor-top-column elementor-element elementor-element-cd7eec8\" data-id=\"cd7eec8\" data-element_type=\"column\">\n\t\t\t<div class=\"elementor-widget-wrap elementor-element-populated\">\n\t\t\t\t\t\t\t\t<div class=\"elementor-element elementor-element-feaaaf9 elementor-widget elementor-widget-heading\" data-id=\"feaaaf9\" data-element_type=\"widget\" data-widget_type=\"heading.default\">\n\t\t\t\t<div class=\"elementor-widget-container\">\n\t\t\t<style>\/*! elementor - v3.7.1 - 14-08-2022 *\/\n.elementor-heading-title{padding:0;margin:0;line-height:1}.elementor-widget-heading .elementor-heading-title[class*=elementor-size-]>a{color:inherit;font-size:inherit;line-height:inherit}.elementor-widget-heading .elementor-heading-title.elementor-size-small{font-size:15px}.elementor-widget-heading .elementor-heading-title.elementor-size-medium{font-size:19px}.elementor-widget-heading .elementor-heading-title.elementor-size-large{font-size:29px}.elementor-widget-heading .elementor-heading-title.elementor-size-xl{font-size:39px}.elementor-widget-heading .elementor-heading-title.elementor-size-xxl{font-size:59px}<\/style><h2 class=\"elementor-heading-title elementor-size-default\">R\u00fccknahmegarantie<\/h2>\t\t<\/div>\n\t\t\t\t<\/div>\n\t\t\t\t\t<\/div>\n\t\t<\/div>\n\t\t\t\t\t\t\t<\/div>\n\t\t<\/section>\n\t\t\t\t<section class=\"elementor-section elementor-top-section elementor-element elementor-element-5acd156 elementor-section-boxed elementor-section-height-default elementor-section-height-default\" data-id=\"5acd156\" data-element_type=\"section\">\n\t\t\t\t\t\t<div class=\"elementor-container elementor-column-gap-default\">\n\t\t\t\t\t<div class=\"elementor-column elementor-col-100 elementor-top-column elementor-element elementor-element-4a44ba0\" data-id=\"4a44ba0\" data-element_type=\"column\">\n\t\t\t<div class=\"elementor-widget-wrap elementor-element-populated\">\n\t\t\t\t\t\t\t\t<div class=\"elementor-element elementor-element-04a4f82 elementor-widget elementor-widget-text-editor\" data-id=\"04a4f82\" data-element_type=\"widget\" data-widget_type=\"text-editor.default\">\n\t\t\t\t<div class=\"elementor-widget-container\">\n\t\t\t<style>\/*! elementor - v3.7.1 - 14-08-2022 *\/\n.elementor-widget-text-editor.elementor-drop-cap-view-stacked .elementor-drop-cap{background-color:#818a91;color:#fff}.elementor-widget-text-editor.elementor-drop-cap-view-framed .elementor-drop-cap{color:#818a91;border:3px solid;background-color:transparent}.elementor-widget-text-editor:not(.elementor-drop-cap-view-default) .elementor-drop-cap{margin-top:8px}.elementor-widget-text-editor:not(.elementor-drop-cap-view-default) .elementor-drop-cap-letter{width:1em;height:1em}.elementor-widget-text-editor .elementor-drop-cap{float:left;text-align:center;line-height:1;font-size:50px}.elementor-widget-text-editor .elementor-drop-cap-letter{display:inline-block}<\/style>\t\t\t\t<div id=\"Content\"><div id=\"Translation\"><h3><span style=\"font-weight: 400;\">\u00dcBERSICHT<\/span><\/h3><p><span style=\"font-weight: 400;\">Unsere Police dauert 14 Tage. Wenn seit Ihrem Kauf 14 Tage vergangen sind, k\u00f6nnen wir Ihnen leider keine R\u00fcckerstattung oder Umtausch anbieten.<\/span><\/p><p><span style=\"font-weight: 400;\">Um f\u00fcr eine R\u00fccksendung in Frage zu kommen, muss Ihr Artikel unbenutzt und in demselben Zustand sein, in dem Sie ihn erhalten haben. Es muss sich auch in der Originalverpackung befinden.<\/span><\/p><p><span style=\"font-weight: 400;\">Einige Warenarten sind von der R\u00fccknahme ausgenommen. Verderbliche Waren wie Lebensmittel, Blumen, Zeitungen oder Zeitschriften k\u00f6nnen nicht zur\u00fcckgegeben werden. Wir akzeptieren auch keine Produkte, bei denen es sich um Intim- oder Hygieneartikel, gef\u00e4hrliche Materialien oder brennbare Fl\u00fcssigkeiten oder Gase handelt.<\/span><\/p><p><span style=\"font-weight: 400;\">Zus\u00e4tzliche Artikel, die nicht zur\u00fcckgegeben werden k\u00f6nnen:<\/span><\/p><p><span style=\"font-weight: 400;\">* Geschenkkarten<\/span><\/p><p><span style=\"font-weight: 400;\">* Herunterladbare Softwareprodukte<\/span><\/p><p><span style=\"font-weight: 400;\">* Einige Gesundheits- und K\u00f6rperpflegeartikel<\/span><\/p><p><span style=\"font-weight: 400;\">Um Ihre R\u00fccksendung abzuschlie\u00dfen, ben\u00f6tigen wir eine Quittung oder einen Kaufbeleg.<\/span><\/p><p><span style=\"font-weight: 400;\">Bitte senden Sie Ihren Kauf nicht an den Hersteller zur\u00fcck.<\/span><\/p><p><span style=\"font-weight: 400;\">Es gibt bestimmte Situationen, in denen nur teilweise R\u00fcckerstattungen gew\u00e4hrt werden: (falls zutreffend)<\/span><\/p><p><span style=\"font-weight: 400;\">* Buch mit offensichtlichen Gebrauchsspuren<\/span><\/p><p><span style=\"font-weight: 400;\">* CD, DVD, VHS-Kassette, Software, Videospiel, Kassette oder Schallplatte, die ge\u00f6ffnet wurde.<\/span><\/p><p><span style=\"font-weight: 400;\">* Jeder Artikel, der sich nicht im Originalzustand befindet, besch\u00e4digt ist oder Teile fehlen, aus Gr\u00fcnden, die nicht auf unseren Fehler zur\u00fcckzuf\u00fchren sind.<\/span><\/p><p><span style=\"font-weight: 400;\">* Jeder Artikel, der mehr als 14 Tage nach der Lieferung<\/span><\/p><h3><span style=\"font-weight: 400;\">R\u00dcCKERSTATTUNGEN<\/span><\/h3><p><span style=\"font-weight: 400;\">Sobald Ihre R\u00fccksendung eingegangen ist und gepr\u00fcft wurde, senden wir Ihnen eine E-Mail, um Sie dar\u00fcber zu informieren, dass wir Ihren zur\u00fcckgegebenen Artikel erhalten haben. Wir werden Sie auch \u00fcber die Genehmigung oder Ablehnung Ihrer R\u00fcckerstattung informieren.<\/span><\/p><p><span style=\"font-weight: 400;\">Wenn Sie genehmigt werden, wird Ihre R\u00fcckerstattung bearbeitet und innerhalb einer bestimmten Anzahl von Tagen wird automatisch eine Gutschrift auf Ihre Kreditkarte oder Ihre urspr\u00fcngliche Zahlungsmethode angewendet.<\/span><\/p><h3><span style=\"font-weight: 400;\">VERSP\u00c4TETE ODER FEHLENDE R\u00dcCKERSTATTUNGEN<\/span><\/h3><p><span style=\"font-weight: 400;\">Wenn Sie noch keine R\u00fcckerstattung erhalten haben, \u00fcberpr\u00fcfen Sie zun\u00e4chst erneut Ihr Bankkonto.<\/span><\/p><p><span style=\"font-weight: 400;\">Wenden Sie sich dann an Ihr Kreditkartenunternehmen. Es kann einige Zeit dauern, bis Ihre R\u00fcckerstattung offiziell gebucht wird.<\/span><\/p><p><span style=\"font-weight: 400;\">Wenden Sie sich als n\u00e4chstes an Ihre Bank. Es gibt oft eine gewisse Bearbeitungszeit, bevor eine R\u00fcckerstattung gebucht wird.<\/span><\/p><p><span style=\"font-weight: 400;\">Wenn Sie all dies getan haben und Ihre R\u00fcckerstattung noch nicht erhalten haben, kontaktieren Sie uns bitte unter admin@cheapy-shop.eu.<\/span><\/p><h3><span style=\"font-weight: 400;\">SALE-ARTIKEL<\/span><\/h3><p><span style=\"font-weight: 400;\">Nur Artikel zum regul\u00e4ren Preis k\u00f6nnen erstattet werden, leider k\u00f6nnen Sale-Artikel nicht erstattet werden.<\/span><\/p><h3><span style=\"font-weight: 400;\">AUSTAUSCH<\/span><\/h3><p><span style=\"font-weight: 400;\">Wir ersetzen Artikel nur, wenn sie defekt oder besch\u00e4digt sind. Wenn Sie es gegen denselben Artikel umtauschen m\u00f6chten, senden Sie uns eine E-Mail an admin@cheapy-shop.eu.<\/span><\/p><h3><span style=\"font-weight: 400;\">GESCHENKE<\/span><\/h3><p><span style=\"font-weight: 400;\">Wenn der Artikel beim Kauf als Geschenk gekennzeichnet und direkt an Sie versendet wurde, erhalten Sie eine Geschenkgutschrift f\u00fcr den Wert Ihrer R\u00fccksendung. Sobald der zur\u00fcckgegebene Artikel eingegangen ist, wird Ihnen ein Geschenkgutschein zugesandt.<\/span><\/p><p><span style=\"font-weight: 400;\">Wenn der Artikel beim Kauf nicht als Geschenk gekennzeichnet war oder der Geschenkgeber die Bestellung an sich selbst versenden lie\u00df, um sie Ihnen sp\u00e4ter zu geben, senden wir eine R\u00fcckerstattung an den Geschenkgeber und er wird sich \u00fcber Ihre R\u00fccksendung informieren.<\/span><\/p><h3><span style=\"font-weight: 400;\">VERSAND<\/span><\/h3><p><span style=\"font-weight: 400;\">Um Ihr Produkt zur\u00fcckzusenden, senden Sie uns eine E-Mail an admin@cheapy-shop.eu f\u00fcr die Postanschrift.<\/span><\/p><p><span style=\"font-weight: 400;\">Sie sind f\u00fcr die Zahlung Ihrer eigenen Versandkosten f\u00fcr die R\u00fccksendung Ihres Artikels verantwortlich. Versandkosten sind nicht erstattungsf\u00e4hig. Wenn Sie eine R\u00fcckerstattung erhalten, werden die Kosten f\u00fcr die R\u00fccksendung von Ihrer R\u00fcckerstattung abgezogen.<\/span><\/p><p><span style=\"font-weight: 400;\">Abh\u00e4ngig von Ihrem Wohnort kann es unterschiedlich lange dauern, bis Ihr umgetauschtes Produkt Sie erreicht.<\/span><\/p><p><span style=\"font-weight: 400;\">Sie sollten in Betracht ziehen, einen nachverfolgbaren Versandservice zu nutzen oder eine Versandversicherung abzuschlie\u00dfen. Wir garantieren nicht, dass wir Ihren zur\u00fcckgegebenen Artikel erhalten.<\/span><\/p><\/div><\/div>\t\t\t\t\t\t<\/div>\n\t\t\t\t<\/div>\n\t\t\t\t\t<\/div>\n\t\t<\/div>\n\t\t\t\t\t\t\t<\/div>\n\t\t<\/section>\n\t\t\t\t<section class=\"elementor-section elementor-top-section elementor-element elementor-element-ee19843 elementor-section-boxed elementor-section-height-default elementor-section-height-default\" data-id=\"ee19843\" data-element_type=\"section\" data-settings=\"{&quot;background_background&quot;:&quot;classic&quot;}\">\n\t\t\t\t\t\t<div class=\"elementor-container elementor-column-gap-default\">\n\t\t\t\t\t<div class=\"elementor-column elementor-col-25 elementor-top-column elementor-element elementor-element-2108cd1\" data-id=\"2108cd1\" data-element_type=\"column\">\n\t\t\t<div class=\"elementor-widget-wrap elementor-element-populated\">\n\t\t\t\t\t\t\t\t<div class=\"elementor-element elementor-element-a6e5f0d elementor-view-framed elementor-position-left elementor-shape-circle elementor-mobile-position-top elementor-vertical-align-top elementor-widget elementor-widget-icon-box\" data-id=\"a6e5f0d\" data-element_type=\"widget\" data-widget_type=\"icon-box.default\">\n\t\t\t\t<div class=\"elementor-widget-container\">\n\t\t\t<link rel=\"stylesheet\" href=\"https:\/\/www.cheapy-shop.eu\/at\/wp-content\/plugins\/elementor\/assets\/css\/widget-icon-box.min.css\">\t\t<div class=\"elementor-icon-box-wrapper\">\n\t\t\t\t\t\t<div class=\"elementor-icon-box-icon\">\n\t\t\t\t<span class=\"elementor-icon elementor-animation-\" >\n\t\t\t\t<i aria-hidden=\"true\" class=\"fas fa-user-check\"><\/i>\t\t\t\t<\/span>\n\t\t\t<\/div>\n\t\t\t\t\t\t<div class=\"elementor-icon-box-content\">\n\t\t\t\t<h3 class=\"elementor-icon-box-title\">\n\t\t\t\t\t<span  >\n\t\t\t\t\t\t100 % sicher\t\t\t\t\t<\/span>\n\t\t\t\t<\/h3>\n\t\t\t\t\t\t\t<\/div>\n\t\t<\/div>\n\t\t\t\t<\/div>\n\t\t\t\t<\/div>\n\t\t\t\t\t<\/div>\n\t\t<\/div>\n\t\t\t\t<div class=\"elementor-column elementor-col-25 elementor-top-column elementor-element elementor-element-b0caf06\" data-id=\"b0caf06\" data-element_type=\"column\">\n\t\t\t<div class=\"elementor-widget-wrap elementor-element-populated\">\n\t\t\t\t\t\t\t\t<div class=\"elementor-element elementor-element-10b4e40 elementor-view-framed elementor-position-left elementor-shape-circle elementor-mobile-position-top elementor-vertical-align-top elementor-widget elementor-widget-icon-box\" data-id=\"10b4e40\" data-element_type=\"widget\" data-widget_type=\"icon-box.default\">\n\t\t\t\t<div class=\"elementor-widget-container\">\n\t\t\t\t\t<div class=\"elementor-icon-box-wrapper\">\n\t\t\t\t\t\t<div class=\"elementor-icon-box-icon\">\n\t\t\t\t<span class=\"elementor-icon elementor-animation-\" >\n\t\t\t\t<i aria-hidden=\"true\" class=\"fas fa-truck\"><\/i>\t\t\t\t<\/span>\n\t\t\t<\/div>\n\t\t\t\t\t\t<div class=\"elementor-icon-box-content\">\n\t\t\t\t<h3 class=\"elementor-icon-box-title\">\n\t\t\t\t\t<span  >\n\t\t\t\t\t\tSchnelle Lieferung\t\t\t\t\t<\/span>\n\t\t\t\t<\/h3>\n\t\t\t\t\t\t\t<\/div>\n\t\t<\/div>\n\t\t\t\t<\/div>\n\t\t\t\t<\/div>\n\t\t\t\t\t<\/div>\n\t\t<\/div>\n\t\t\t\t<div class=\"elementor-column elementor-col-25 elementor-top-column elementor-element elementor-element-3acf6f3\" data-id=\"3acf6f3\" data-element_type=\"column\">\n\t\t\t<div class=\"elementor-widget-wrap elementor-element-populated\">\n\t\t\t\t\t\t\t\t<div class=\"elementor-element elementor-element-ca8a35c elementor-view-framed elementor-position-left elementor-shape-circle elementor-mobile-position-top elementor-vertical-align-top elementor-widget elementor-widget-icon-box\" data-id=\"ca8a35c\" data-element_type=\"widget\" data-widget_type=\"icon-box.default\">\n\t\t\t\t<div class=\"elementor-widget-container\">\n\t\t\t\t\t<div class=\"elementor-icon-box-wrapper\">\n\t\t\t\t\t\t<div class=\"elementor-icon-box-icon\">\n\t\t\t\t<span class=\"elementor-icon elementor-animation-\" >\n\t\t\t\t<i aria-hidden=\"true\" class=\"fas fa-star\"><\/i>\t\t\t\t<\/span>\n\t\t\t<\/div>\n\t\t\t\t\t\t<div class=\"elementor-icon-box-content\">\n\t\t\t\t<h3 class=\"elementor-icon-box-title\">\n\t\t\t\t\t<span  >\n\t\t\t\t\t\tBeste Qualit\u00e4t\t\t\t\t\t<\/span>\n\t\t\t\t<\/h3>\n\t\t\t\t\t\t\t<\/div>\n\t\t<\/div>\n\t\t\t\t<\/div>\n\t\t\t\t<\/div>\n\t\t\t\t\t<\/div>\n\t\t<\/div>\n\t\t\t\t<div class=\"elementor-column elementor-col-25 elementor-top-column elementor-element elementor-element-1bb25dd\" data-id=\"1bb25dd\" data-element_type=\"column\">\n\t\t\t<div class=\"elementor-widget-wrap elementor-element-populated\">\n\t\t\t\t\t\t\t\t<div class=\"elementor-element elementor-element-aad27cf elementor-view-framed elementor-position-left elementor-shape-circle elementor-mobile-position-top elementor-vertical-align-top elementor-widget elementor-widget-icon-box\" data-id=\"aad27cf\" data-element_type=\"widget\" data-widget_type=\"icon-box.default\">\n\t\t\t\t<div class=\"elementor-widget-container\">\n\t\t\t\t\t<div class=\"elementor-icon-box-wrapper\">\n\t\t\t\t\t\t<div class=\"elementor-icon-box-icon\">\n\t\t\t\t<span class=\"elementor-icon elementor-animation-\" >\n\t\t\t\t<i aria-hidden=\"true\" class=\"fas fa-thumbs-up\"><\/i>\t\t\t\t<\/span>\n\t\t\t<\/div>\n\t\t\t\t\t\t<div class=\"elementor-icon-box-content\">\n\t\t\t\t<h3 class=\"elementor-icon-box-title\">\n\t\t\t\t\t<span  >\n\t\t\t\t\t\t100% Zufriedenheit\t\t\t\t\t<\/span>\n\t\t\t\t<\/h3>\n\t\t\t\t\t\t\t<\/div>\n\t\t<\/div>\n\t\t\t\t<\/div>\n\t\t\t\t<\/div>\n\t\t\t\t\t<\/div>\n\t\t<\/div>\n\t\t\t\t\t\t\t<\/div>\n\t\t<\/section>\n\t\t\t\t\t\t\t<\/div>\n\t\t","protected":false},"excerpt":{"rendered":"<p>R\u00fccknahmegarantie \u00dcBERSICHT Unsere Police dauert 14 Tage. Wenn seit Ihrem Kauf 14 Tage vergangen sind, k\u00f6nnen wir Ihnen leider keine R\u00fcckerstattung oder Umtausch anbieten. Um f\u00fcr eine R\u00fccksendung in Frage zu kommen, muss Ihr Artikel unbenutzt und in demselben Zustand sein, in dem Sie ihn erhalten haben. Es muss sich auch in der Originalverpackung befinden. [&hellip;]<\/p>\n","protected":false},"author":1,"featured_media":0,"parent":0,"menu_order":0,"comment_status":"closed","ping_status":"closed","template":"","meta":{"footnotes":""},"acf":[],"_links":{"self":[{"href":"https:\/\/www.cheapy-shop.eu\/at\/wp-json\/wp\/v2\/pages\/24"}],"collection":[{"href":"https:\/\/www.cheapy-shop.eu\/at\/wp-json\/wp\/v2\/pages"}],"about":[{"href":"https:\/\/www.cheapy-shop.eu\/at\/wp-json\/wp\/v2\/types\/page"}],"author":[{"embeddable":true,"href":"https:\/\/www.cheapy-shop.eu\/at\/wp-json\/wp\/v2\/users\/1"}],"replies":[{"embeddable":true,"href":"https:\/\/www.cheapy-shop.eu\/at\/wp-json\/wp\/v2\/comments?post=24"}],"version-history":[{"count":3,"href":"https:\/\/www.cheapy-shop.eu\/at\/wp-json\/wp\/v2\/pages\/24\/revisions"}],"predecessor-version":[{"id":2942,"href":"https:\/\/www.cheapy-shop.eu\/at\/wp-json\/wp\/v2\/pages\/24\/revisions\/2942"}],"wp:attachment":[{"href":"https:\/\/www.cheapy-shop.eu\/at\/wp-json\/wp\/v2\/media?parent=24"}],"curies":[{"name":"wp","href":"https:\/\/api.w.org\/{rel}","templated":true}]}}